{"id":7118,"date":"2026-03-18T22:03:17","date_gmt":"2026-03-19T05:03:17","guid":{"rendered":"https:\/\/www.galaxy-i.com\/?post_type=product&#038;p=7118"},"modified":"2026-03-19T19:39:23","modified_gmt":"2026-03-20T02:39:23","slug":"schwarzkopf-got2b-glued-styling-spiking-hair-gel","status":"publish","type":"product","link":"https:\/\/www.galaxy-i.com\/fr\/product\/schwarzkopf-got2b-glued-styling-spiking-hair-gel\/","title":{"rendered":"Schwarzkopf g\u00f6t2b glued Styling Spiking Hair Gel (6 oz\/170g)"},"content":{"rendered":"<div data-elementor-type=\"product-post\" data-elementor-id=\"7118\" class=\"elementor elementor-7118\" data-elementor-post-type=\"product\">\n\t\t\t\t<div class=\"wd-negative-gap elementor-element elementor-element-659e775d e-flex e-con-boxed e-con e-parent\" data-id=\"659e775d\" data-element_type=\"container\">\n\t\t\t\t\t<div class=\"e-con-inner\">\n\t\t\t\t<div class=\"elementor-element elementor-element-59d44479 color-scheme-inherit text-left elementor-widget elementor-widget-text-editor\" data-id=\"59d44479\" data-element_type=\"widget\" data-widget_type=\"text-editor.default\">\n\t\t\t\t\t\t\t\t\t<p>Le gel coiffant Schwarzkopf g\u00f6t2b glued Styling Spiking Hair Gel permet de cr\u00e9er des coiffures en \u00e9pi. C'est pour les cheveux qui ne vont nulle part.<\/p>\t\t\t\t\t\t\t\t<\/div>\n\t\t\t\t<div class=\"elementor-element elementor-element-cbfb934 elementor-widget elementor-widget-heading\" data-id=\"cbfb934\" data-element_type=\"widget\" data-widget_type=\"heading.default\">\n\t\t\t\t\t<h5 class=\"elementor-heading-title elementor-size-default\">Montant<\/h5>\t\t\t\t<\/div>\n\t\t\t\t<div class=\"elementor-element elementor-element-98ec54a elementor-widget elementor-widget-wd_text_block\" data-id=\"98ec54a\" data-element_type=\"widget\" data-widget_type=\"wd_text_block.default\">\n\t\t\t\t<div class=\"elementor-widget-container\">\n\t\t\t\t\t\t\t<div class=\"wd-text-block reset-last-child text-left\">\n\t\t\t\n\t\t\t<p>6 oz\/170g<\/p>\n\t\t\t\t\t<\/div>\n\t\t\t\t\t\t<\/div>\n\t\t\t\t<\/div>\n\t\t\t\t<div class=\"elementor-element elementor-element-85e0014 elementor-widget elementor-widget-heading\" data-id=\"85e0014\" data-element_type=\"widget\" data-widget_type=\"heading.default\">\n\t\t\t\t\t<h5 class=\"elementor-heading-title elementor-size-default\">Pays d'origine<\/h5>\t\t\t\t<\/div>\n\t\t\t\t<div class=\"elementor-element elementor-element-65824f4 elementor-widget elementor-widget-wd_text_block\" data-id=\"65824f4\" data-element_type=\"widget\" data-widget_type=\"wd_text_block.default\">\n\t\t\t\t<div class=\"elementor-widget-container\">\n\t\t\t\t\t\t\t<div class=\"wd-text-block reset-last-child text-left\">\n\t\t\t\n\t\t\t<p>\u00c9tats-Unis<\/p>\n\t\t\t\t\t<\/div>\n\t\t\t\t\t\t<\/div>\n\t\t\t\t<\/div>\n\t\t\t\t<div class=\"elementor-element elementor-element-1ff6ede elementor-widget elementor-widget-heading\" data-id=\"1ff6ede\" data-element_type=\"widget\" data-widget_type=\"heading.default\">\n\t\t\t\t\t<h5 class=\"elementor-heading-title elementor-size-default\">Comment utiliser<\/h5>\t\t\t\t<\/div>\n\t\t\t\t<div class=\"elementor-element elementor-element-43b2b72 elementor-widget elementor-widget-wd_text_block\" data-id=\"43b2b72\" data-element_type=\"widget\" data-widget_type=\"wd_text_block.default\">\n\t\t\t\t<div class=\"elementor-widget-container\">\n\t\t\t\t\t\t\t<div class=\"wd-text-block reset-last-child text-left\">\n\t\t\t\n\t\t\t<p>Utiliser sur cheveux secs. Frotter une petite quantit\u00e9 de cire dans les paumes, l'appliquer sur les cheveux et les coiffer comme vous le souhaitez. Faites tourner un peu d'xtra dans les pointes pour devenir un vrai spiker.<\/p><ol><li>Commencez par des cheveux s\u00e9ch\u00e9s au s\u00e8che-cheveux<\/li><li>Tamponner la cire coiffante dans les mains et les frotter l'une contre l'autre.<\/li><li>Coiffer en passant les mains dans les cheveux pour r\u00e9partir le produit<\/li><li>Disposer les m\u00e8ches de cheveux pour cr\u00e9er un look textur\u00e9 d\u00e9fini<\/li><\/ol>\n\t\t\t\t\t<\/div>\n\t\t\t\t\t\t<\/div>\n\t\t\t\t<\/div>\n\t\t\t\t<div class=\"elementor-element elementor-element-f926d04 elementor-widget elementor-widget-heading\" data-id=\"f926d04\" data-element_type=\"widget\" data-widget_type=\"heading.default\">\n\t\t\t\t\t<h5 class=\"elementor-heading-title elementor-size-default\">INGREDIENTS<\/h5>\t\t\t\t<\/div>\n\t\t\t\t<div class=\"elementor-element elementor-element-6007fa2 elementor-widget elementor-widget-wd_text_block\" data-id=\"6007fa2\" data-element_type=\"widget\" data-widget_type=\"wd_text_block.default\">\n\t\t\t\t<div class=\"elementor-widget-container\">\n\t\t\t\t\t\t\t<div class=\"wd-text-block reset-last-child text-left\">\n\t\t\t\n\t\t\t<p>Aqua (Water, Eau) - Sorbitol - PVP - Copolym\u00e8re Vinyl Caprolactam\/VP\/Dimethylaminoethyl Methacrylate - Petrolatum - Phenoxyethanol - VP\/DMAPA Acrylates Copolymer - Cetearyl Alcohol - Steareth-21 - Stearyl Alcohol - Sodium Benzoate - Cetyl Alcohol - Corn Starch Modified - Dicetyl Phosphate - Ceteth-10 Phosphate - Cera Alba (Cire d'abeille) - Parfum (Fragrance) - Ethylhexylglyc\u00e9rine - Hydroxy\u00e9thylcellulose - Propyl\u00e8ne Glycol - Diazolidinyl Urea - Myristyl Alcohol - Arachidyl Alcohol - Benzalkonium Chloride - Benzyl Benzoate<\/p>\n\t\t\t\t\t<\/div>\n\t\t\t\t\t\t<\/div>\n\t\t\t\t<\/div>\n\t\t\t\t\t<\/div>\n\t\t\t\t<\/div>\n\t\t\t\t<\/div>","protected":false},"excerpt":{"rendered":"<p>Le gel coiffant Schwarzkopf g\u00f6t2b glued Styling Spiking Hair Gel permet de cr\u00e9er des coiffures en \u00e9pi. C'est pour les cheveux qui ne vont nulle part.<\/p>","protected":false},"featured_media":7313,"template":"","meta":[],"product_brand":[1100],"product_cat":[651,460,486],"product_tag":[1102,1101],"class_list":{"0":"post-7118","1":"product","2":"type-product","3":"status-publish","4":"has-post-thumbnail","6":"product_brand-schwarzkopf","7":"product_cat-all","8":"product_cat-hair","9":"product_cat-styling","10":"product_tag-hair-gel","11":"product_tag-schwarzkopf-got2b-glued-styling-spiking-hair-gel","13":"first","14":"instock","15":"taxable","16":"shipping-taxable","17":"purchasable","18":"product-type-simple"},"aioseo_notices":[],"_links":{"self":[{"href":"https:\/\/www.galaxy-i.com\/fr\/wp-json\/wp\/v2\/product\/7118","targetHints":{"allow":["GET"]}}],"collection":[{"href":"https:\/\/www.galaxy-i.com\/fr\/wp-json\/wp\/v2\/product"}],"about":[{"href":"https:\/\/www.galaxy-i.com\/fr\/wp-json\/wp\/v2\/types\/product"}],"version-history":[{"count":1,"href":"https:\/\/www.galaxy-i.com\/fr\/wp-json\/wp\/v2\/product\/7118\/revisions"}],"predecessor-version":[{"id":7321,"href":"https:\/\/www.galaxy-i.com\/fr\/wp-json\/wp\/v2\/product\/7118\/revisions\/7321"}],"wp:featuredmedia":[{"embeddable":true,"href":"https:\/\/www.galaxy-i.com\/fr\/wp-json\/wp\/v2\/media\/7313"}],"wp:attachment":[{"href":"https:\/\/www.galaxy-i.com\/fr\/wp-json\/wp\/v2\/media?parent=7118"}],"wp:term":[{"taxonomy":"product_brand","embeddable":true,"href":"https:\/\/www.galaxy-i.com\/fr\/wp-json\/wp\/v2\/product_brand?post=7118"},{"taxonomy":"product_cat","embeddable":true,"href":"https:\/\/www.galaxy-i.com\/fr\/wp-json\/wp\/v2\/product_cat?post=7118"},{"taxonomy":"product_tag","embeddable":true,"href":"https:\/\/www.galaxy-i.com\/fr\/wp-json\/wp\/v2\/product_tag?post=7118"}],"curies":[{"name":"wp","href":"https:\/\/api.w.org\/{rel}","templated":true}]}}