{"id":5789,"date":"2025-11-28T02:10:18","date_gmt":"2025-11-28T10:10:18","guid":{"rendered":"https:\/\/www.galaxy-i.com\/?post_type=product&#038;p=5789"},"modified":"2026-03-20T01:34:44","modified_gmt":"2026-03-20T08:34:44","slug":"some-by-mi-real-care-mask","status":"publish","type":"product","link":"https:\/\/www.galaxy-i.com\/fr\/product\/some-by-mi-real-care-mask\/","title":{"rendered":"Masque Real Care de Some By MI"},"content":{"rendered":"<div data-elementor-type=\"product-post\" data-elementor-id=\"5789\" class=\"elementor elementor-5789\" data-elementor-post-type=\"product\">\n\t\t\t\t<div class=\"wd-negative-gap elementor-element elementor-element-16945b6 e-flex e-con-boxed e-con e-parent\" data-id=\"16945b6\" data-element_type=\"container\">\n\t\t\t\t\t<div class=\"e-con-inner\">\n\t\t\t\t<div class=\"elementor-element elementor-element-966ddba elementor-widget elementor-widget-wd_text_block\" data-id=\"966ddba\" data-element_type=\"widget\" data-widget_type=\"wd_text_block.default\">\n\t\t\t\t<div class=\"elementor-widget-container\">\n\t\t\t\t\t\t\t<div class=\"wd-text-block reset-last-child text-left\">\n\t\t\t\n\t\t\t<p>SOME BY MI Real Care Mask est un masque en feuille biod\u00e9gradable 100% \u00e0 base de plantes, formul\u00e9...<\/p>\n\t\t\t\t\t<\/div>\n\t\t\t\t\t\t<\/div>\n\t\t\t\t<\/div>\n\t\t\t\t<div class=\"elementor-element elementor-element-dc6b812 elementor-widget elementor-widget-wd_accordion\" data-id=\"dc6b812\" data-element_type=\"widget\" data-widget_type=\"wd_accordion.default\">\n\t\t\t\t<div class=\"elementor-widget-container\">\n\t\t\t\t\t\n\t\t<div class=\"wd-accordion wd-style-default wd-titles-left wd-opener-pos-left wd-opener-style-arrow\" data-state=\"first\">\n\t\t\t\t\t\t\t\n\t\t\t\t<div class=\"wd-accordion-item\">\n\t\t\t\t\t<div class=\"wd-accordion-title wd-active\" data-accordion-index=\"0\">\n\t\t\t\t\t\t<div class=\"wd-accordion-title-text\">\n\t\t\t\t\t\t\t\t\t\t\t\t\t\t<span>\n\t\t\t\t\t\t\t\tMasque apaisant SOME PAR MI Real AHA. BHA. PHA\t\t\t\t\t\t\t<\/span>\n\t\t\t\t\t\t<\/div>\n\t\t\t\t\t\t<span class=\"wd-accordion-opener\"><\/span>\n\t\t\t\t\t<\/div>\n\n\t\t\t\t\t<div class=\"wd-accordion-content wd-entry-content wd-active\" data-accordion-index=\"0\">\n\t\t\t\t\t\t\t\t\t\t\t\t\t\n\t\t\t\t\t\t\t<p>Un masque en tissu biod\u00e9gradable 100 % v\u00e9g\u00e9tal, formul\u00e9 avec de v\u00e9ritables AHA, BHA et PHA pour r\u00e9guler l'exc\u00e8s de s\u00e9bum, r\u00e9duire les cellules mortes pour une peau plus lisse et hydrater la peau pour l'apaiser.<\/p>\n\t\t\t\t\t\t\t\t\t\t\t\t\t\t\t\t\t\t<\/div>\n\t\t\t\t<\/div>\n\t\t\t\t\t\t\t\n\t\t\t\t<div class=\"wd-accordion-item\">\n\t\t\t\t\t<div class=\"wd-accordion-title\" data-accordion-index=\"1\">\n\t\t\t\t\t\t<div class=\"wd-accordion-title-text\">\n\t\t\t\t\t\t\t\t\t\t\t\t\t\t<span>\n\t\t\t\t\t\t\t\tMasque apaisant \u00e0 l'alo\u00e8s vera authentique de SOME BY MI\t\t\t\t\t\t\t<\/span>\n\t\t\t\t\t\t<\/div>\n\t\t\t\t\t\t<span class=\"wd-accordion-opener\"><\/span>\n\t\t\t\t\t<\/div>\n\n\t\t\t\t\t<div class=\"wd-accordion-content wd-entry-content\" data-accordion-index=\"1\">\n\t\t\t\t\t\t\t\t\t\t\t\t\t\n\t\t\t\t\t\t\t<p>Un masque en tissu biod\u00e9gradable 100 % v\u00e9g\u00e9tal, formul\u00e9 avec du v\u00e9ritable aloe vera, qui aide \u00e0 apaiser les peaux irrit\u00e9es et \u00e0 procurer une hydratation rafra\u00eechissante.<\/p>\n\t\t\t\t\t\t\t\t\t\t\t\t\t\t\t\t\t\t<\/div>\n\t\t\t\t<\/div>\n\t\t\t\t\t\t\t\n\t\t\t\t<div class=\"wd-accordion-item\">\n\t\t\t\t\t<div class=\"wd-accordion-title\" data-accordion-index=\"2\">\n\t\t\t\t\t\t<div class=\"wd-accordion-title-text\">\n\t\t\t\t\t\t\t\t\t\t\t\t\t\t<span>\n\t\t\t\t\t\t\t\tMasque apaisant Real Cica de SOME PAR MI\t\t\t\t\t\t\t<\/span>\n\t\t\t\t\t\t<\/div>\n\t\t\t\t\t\t<span class=\"wd-accordion-opener\"><\/span>\n\t\t\t\t\t<\/div>\n\n\t\t\t\t\t<div class=\"wd-accordion-content wd-entry-content\" data-accordion-index=\"2\">\n\t\t\t\t\t\t\t\t\t\t\t\t\t\n\t\t\t\t\t\t\t<p>Un masque en tissu apaisant 100 % v\u00e9g\u00e9tal et biod\u00e9gradable, formul\u00e9 avec du v\u00e9ritable extrait de CICA pour apaiser et hydrater rapidement les peaux sensibles.<\/p>\n\t\t\t\t\t\t\t\t\t\t\t\t\t\t\t\t\t\t<\/div>\n\t\t\t\t<\/div>\n\t\t\t\t\t\t\t\n\t\t\t\t<div class=\"wd-accordion-item\">\n\t\t\t\t\t<div class=\"wd-accordion-title\" data-accordion-index=\"3\">\n\t\t\t\t\t\t<div class=\"wd-accordion-title-text\">\n\t\t\t\t\t\t\t\t\t\t\t\t\t\t<span>\n\t\t\t\t\t\t\t\tMasque \u00e9claircissant au glutathion v\u00e9ritable SOME PAR MI\t\t\t\t\t\t\t<\/span>\n\t\t\t\t\t\t<\/div>\n\t\t\t\t\t\t<span class=\"wd-accordion-opener\"><\/span>\n\t\t\t\t\t<\/div>\n\n\t\t\t\t\t<div class=\"wd-accordion-content wd-entry-content\" data-accordion-index=\"3\">\n\t\t\t\t\t\t\t\t\t\t\t\t\t\n\t\t\t\t\t\t\t<p>Un masque en tissu biod\u00e9gradable 100 % v\u00e9g\u00e9tal, formul\u00e9 avec du vrai glutathion, qui revitalise les peaux ternes et favorise un teint plus lumineux et uniforme.<\/p>\n\t\t\t\t\t\t\t\t\t\t\t\t\t\t\t\t\t\t<\/div>\n\t\t\t\t<\/div>\n\t\t\t\t\t\t\t\n\t\t\t\t<div class=\"wd-accordion-item\">\n\t\t\t\t\t<div class=\"wd-accordion-title\" data-accordion-index=\"4\">\n\t\t\t\t\t\t<div class=\"wd-accordion-title-text\">\n\t\t\t\t\t\t\t\t\t\t\t\t\t\t<span>\n\t\t\t\t\t\t\t\tMasque de soin lumineux au miel v\u00e9ritable SOME PAR MI\t\t\t\t\t\t\t<\/span>\n\t\t\t\t\t\t<\/div>\n\t\t\t\t\t\t<span class=\"wd-accordion-opener\"><\/span>\n\t\t\t\t\t<\/div>\n\n\t\t\t\t\t<div class=\"wd-accordion-content wd-entry-content\" data-accordion-index=\"4\">\n\t\t\t\t\t\t\t\t\t\t\t\t\t\n\t\t\t\t\t\t\t<p>Un masque en tissu biod\u00e9gradable 100 % v\u00e9g\u00e9tal, formul\u00e9 avec du vrai miel pour rendre votre peau \u00e9clatante et repulp\u00e9e tout en la nourrissant.<\/p>\n\t\t\t\t\t\t\t\t\t\t\t\t\t\t\t\t\t\t<\/div>\n\t\t\t\t<\/div>\n\t\t\t\t\t\t\t\n\t\t\t\t<div class=\"wd-accordion-item\">\n\t\t\t\t\t<div class=\"wd-accordion-title\" data-accordion-index=\"5\">\n\t\t\t\t\t\t<div class=\"wd-accordion-title-text\">\n\t\t\t\t\t\t\t\t\t\t\t\t\t\t<span>\n\t\t\t\t\t\t\t\tMasque Hydra Care \u00e0 l'acide hyaluronique v\u00e9ritable de SOME BY MI\t\t\t\t\t\t\t<\/span>\n\t\t\t\t\t\t<\/div>\n\t\t\t\t\t\t<span class=\"wd-accordion-opener\"><\/span>\n\t\t\t\t\t<\/div>\n\n\t\t\t\t\t<div class=\"wd-accordion-content wd-entry-content\" data-accordion-index=\"5\">\n\t\t\t\t\t\t\t\t\t\t\t\t\t\n\t\t\t\t\t\t\t<p>Un masque en tissu biod\u00e9gradable 100 % v\u00e9g\u00e9tal, formul\u00e9 avec de l'acide hyaluronique v\u00e9ritable pour revitaliser les peaux s\u00e8ches et d\u00e9shydrat\u00e9es.<\/p>\n\t\t\t\t\t\t\t\t\t\t\t\t\t\t\t\t\t\t<\/div>\n\t\t\t\t<\/div>\n\t\t\t\t\t\t\t\n\t\t\t\t<div class=\"wd-accordion-item\">\n\t\t\t\t\t<div class=\"wd-accordion-title\" data-accordion-index=\"6\">\n\t\t\t\t\t\t<div class=\"wd-accordion-title-text\">\n\t\t\t\t\t\t\t\t\t\t\t\t\t\t<span>\n\t\t\t\t\t\t\t\tMasque de soin barri\u00e8re cutan\u00e9e \u00e0 la v\u00e9ritable bave d'escargot SOME BY MI\t\t\t\t\t\t\t<\/span>\n\t\t\t\t\t\t<\/div>\n\t\t\t\t\t\t<span class=\"wd-accordion-opener\"><\/span>\n\t\t\t\t\t<\/div>\n\n\t\t\t\t\t<div class=\"wd-accordion-content wd-entry-content\" data-accordion-index=\"6\">\n\t\t\t\t\t\t\t\t\t\t\t\t\t\n\t\t\t\t\t\t\t<p>Un masque en tissu biod\u00e9gradable 100 % v\u00e9g\u00e9tal, formul\u00e9 \u00e0 base de v\u00e9ritable bave d'escargot, qui favorise une barri\u00e8re cutan\u00e9e plus saine et apaise la peau des irritants externes.<\/p>\n\t\t\t\t\t\t\t\t\t\t\t\t\t\t\t\t\t\t<\/div>\n\t\t\t\t<\/div>\n\t\t\t\t\t\t\t\n\t\t\t\t<div class=\"wd-accordion-item\">\n\t\t\t\t\t<div class=\"wd-accordion-title\" data-accordion-index=\"7\">\n\t\t\t\t\t\t<div class=\"wd-accordion-title-text\">\n\t\t\t\t\t\t\t\t\t\t\t\t\t\t<span>\n\t\t\t\t\t\t\t\tMasque de soin des pores Real Super Matcha de SOME PAR MI\t\t\t\t\t\t\t<\/span>\n\t\t\t\t\t\t<\/div>\n\t\t\t\t\t\t<span class=\"wd-accordion-opener\"><\/span>\n\t\t\t\t\t<\/div>\n\n\t\t\t\t\t<div class=\"wd-accordion-content wd-entry-content\" data-accordion-index=\"7\">\n\t\t\t\t\t\t\t\t\t\t\t\t\t\n\t\t\t\t\t\t\t<p>Un masque en tissu biod\u00e9gradable 100 % v\u00e9g\u00e9tal, formul\u00e9 avec du vrai matcha, naturellement riche en tanins, pour r\u00e9duire l'apparence des pores dilat\u00e9s et aider \u00e0 maintenir l'\u00e9quilibre hydrolipidique de la peau.<\/p>\n\t\t\t\t\t\t\t\t\t\t\t\t\t\t\t\t\t\t<\/div>\n\t\t\t\t<\/div>\n\t\t\t\t\t\t\t\n\t\t\t\t<div class=\"wd-accordion-item\">\n\t\t\t\t\t<div class=\"wd-accordion-title\" data-accordion-index=\"8\">\n\t\t\t\t\t\t<div class=\"wd-accordion-title-text\">\n\t\t\t\t\t\t\t\t\t\t\t\t\t\t<span>\n\t\t\t\t\t\t\t\tMasque apaisant \u00e0 l'arbre \u00e0 th\u00e9 v\u00e9ritable SOME PAR MI\t\t\t\t\t\t\t<\/span>\n\t\t\t\t\t\t<\/div>\n\t\t\t\t\t\t<span class=\"wd-accordion-opener\"><\/span>\n\t\t\t\t\t<\/div>\n\n\t\t\t\t\t<div class=\"wd-accordion-content wd-entry-content\" data-accordion-index=\"8\">\n\t\t\t\t\t\t\t\t\t\t\t\t\t\n\t\t\t\t\t\t\t<p>Un masque en tissu biod\u00e9gradable 100 % v\u00e9g\u00e9tal, formul\u00e9 avec du v\u00e9ritable arbre \u00e0 th\u00e9 pour apaiser rapidement les rougeurs et cr\u00e9er un grain de peau net, sans irritations.<\/p>\n\t\t\t\t\t\t\t\t\t\t\t\t\t\t\t\t\t\t<\/div>\n\t\t\t\t<\/div>\n\t\t\t\t\t\t\t\n\t\t\t\t<div class=\"wd-accordion-item\">\n\t\t\t\t\t<div class=\"wd-accordion-title\" data-accordion-index=\"9\">\n\t\t\t\t\t\t<div class=\"wd-accordion-title-text\">\n\t\t\t\t\t\t\t\t\t\t\t\t\t\t<span>\n\t\t\t\t\t\t\t\tMasque \u00e9claircissant aux vraies vitamines SOME PAR MI \t\t\t\t\t\t\t<\/span>\n\t\t\t\t\t\t<\/div>\n\t\t\t\t\t\t<span class=\"wd-accordion-opener\"><\/span>\n\t\t\t\t\t<\/div>\n\n\t\t\t\t\t<div class=\"wd-accordion-content wd-entry-content\" data-accordion-index=\"9\">\n\t\t\t\t\t\t\t\t\t\t\t\t\t\n\t\t\t\t\t\t\t<p>Un masque en tissu biod\u00e9gradable 100 % v\u00e9g\u00e9tal, formul\u00e9 avec de l'extrait de vraie vitamine pour illuminer et revitaliser les peaux ternes.<\/p>\n\t\t\t\t\t\t\t\t\t\t\t\t\t\t\t\t\t\t<\/div>\n\t\t\t\t<\/div>\n\t\t\t\t\t<\/div>\n\t\t\t\t\t\t<\/div>\n\t\t\t\t<\/div>\n\t\t\t\t<div class=\"elementor-element elementor-element-4895b2d elementor-widget elementor-widget-heading\" data-id=\"4895b2d\" data-element_type=\"widget\" data-widget_type=\"heading.default\">\n\t\t\t\t\t<h5 class=\"elementor-heading-title elementor-size-default\">Pays d'origine<\/h5>\t\t\t\t<\/div>\n\t\t\t\t<div class=\"elementor-element elementor-element-5cea622 elementor-widget elementor-widget-wd_text_block\" data-id=\"5cea622\" data-element_type=\"widget\" data-widget_type=\"wd_text_block.default\">\n\t\t\t\t<div class=\"elementor-widget-container\">\n\t\t\t\t\t\t\t<div class=\"wd-text-block reset-last-child text-left\">\n\t\t\t\n\t\t\t<p>Cor\u00e9e<\/p>\n\t\t\t\t\t<\/div>\n\t\t\t\t\t\t<\/div>\n\t\t\t\t<\/div>\n\t\t\t\t<div class=\"elementor-element elementor-element-5fbf3db elementor-widget elementor-widget-heading\" data-id=\"5fbf3db\" data-element_type=\"widget\" data-widget_type=\"heading.default\">\n\t\t\t\t\t<h5 class=\"elementor-heading-title elementor-size-default\">Comment utiliser<\/h5>\t\t\t\t<\/div>\n\t\t\t\t<div class=\"elementor-element elementor-element-2f1a335 elementor-widget elementor-widget-wd_text_block\" data-id=\"2f1a335\" data-element_type=\"widget\" data-widget_type=\"wd_text_block.default\">\n\t\t\t\t<div class=\"elementor-widget-container\">\n\t\t\t\t\t\t\t<div class=\"wd-text-block reset-last-child text-left\">\n\t\t\t\n\t\t\t<p>Apr\u00e8s avoir nettoy\u00e9 votre visage, appliquez une lotion tonique, puis posez le masque en l'adaptant \u00e0 votre visage. Retirez le masque apr\u00e8s 10 \u00e0 20 minutes et faites p\u00e9n\u00e9trer l'exc\u00e8s de s\u00e9rum en tapotant l\u00e9g\u00e8rement.<\/p>\n\t\t\t\t\t<\/div>\n\t\t\t\t\t\t<\/div>\n\t\t\t\t<\/div>\n\t\t\t\t<div class=\"elementor-element elementor-element-6978559 elementor-widget elementor-widget-heading\" data-id=\"6978559\" data-element_type=\"widget\" data-widget_type=\"heading.default\">\n\t\t\t\t\t<h5 class=\"elementor-heading-title elementor-size-default\">Ingr\u00e9dients<\/h5>\t\t\t\t<\/div>\n\t\t\t\t<div class=\"elementor-element elementor-element-35dc505 elementor-widget elementor-widget-wd_accordion\" data-id=\"35dc505\" data-element_type=\"widget\" data-widget_type=\"wd_accordion.default\">\n\t\t\t\t<div class=\"elementor-widget-container\">\n\t\t\t\t\t\n\t\t<div class=\"wd-accordion wd-style-default wd-titles-left wd-opener-pos-left wd-opener-style-arrow\" data-state=\"first\">\n\t\t\t\t\t\t\t\n\t\t\t\t<div class=\"wd-accordion-item\">\n\t\t\t\t\t<div class=\"wd-accordion-title wd-active\" data-accordion-index=\"0\">\n\t\t\t\t\t\t<div class=\"wd-accordion-title-text\">\n\t\t\t\t\t\t\t\t\t\t\t\t\t\t<span>\n\t\t\t\t\t\t\t\tMasque apaisant SOME PAR MI Real AHA. BHA. PHA\t\t\t\t\t\t\t<\/span>\n\t\t\t\t\t\t<\/div>\n\t\t\t\t\t\t<span class=\"wd-accordion-opener\"><\/span>\n\t\t\t\t\t<\/div>\n\n\t\t\t\t\t<div class=\"wd-accordion-content wd-entry-content wd-active\" data-accordion-index=\"0\">\n\t\t\t\t\t\t\t\t\t\t\t\t\t\n\t\t\t\t\t\t\t<p>Eau, glyc\u00e9rine, propanediol, dipropyl\u00e8ne glycol, hydroxyac\u00e9toph\u00e9none, laurate de polyglyc\u00e9ryl-10, caprylyl glycol, polym\u00e8re crois\u00e9 d'acrylates\/acrylate d'alkyle en C10-30, trom\u00e9thamine, allanto\u00efne, \u00e9thylhexylglyc\u00e9rine, polyacrylate de sodium, extrait de feuille de Melia azadirachta, EDTA disodique, parfum, extrait de graine de Theobroma cacao (cacao), extrait de fleur de Mella azadirachta, butyl\u00e8ne glycol, glycyrrhizate dipotassique, 1,2-hexanediol, extrait de feuille de Camellia sinensis, tocoph\u00e9rol<\/p>\n\t\t\t\t\t\t\t\t\t\t\t\t\t\t\t\t\t\t<\/div>\n\t\t\t\t<\/div>\n\t\t\t\t\t\t\t\n\t\t\t\t<div class=\"wd-accordion-item\">\n\t\t\t\t\t<div class=\"wd-accordion-title\" data-accordion-index=\"1\">\n\t\t\t\t\t\t<div class=\"wd-accordion-title-text\">\n\t\t\t\t\t\t\t\t\t\t\t\t\t\t<span>\n\t\t\t\t\t\t\t\tMasque apaisant \u00e0 l'alo\u00e8s vera authentique de SOME BY MI\t\t\t\t\t\t\t<\/span>\n\t\t\t\t\t\t<\/div>\n\t\t\t\t\t\t<span class=\"wd-accordion-opener\"><\/span>\n\t\t\t\t\t<\/div>\n\n\t\t\t\t\t<div class=\"wd-accordion-content wd-entry-content\" data-accordion-index=\"1\">\n\t\t\t\t\t\t\t\t\t\t\t\t\t\n\t\t\t\t\t\t\t<p>Eau, glyc\u00e9rine, propanediol, polyacryloyldim\u00e9thyltaurate d'ammonium, b\u00e9ta\u00efne, dipropyl\u00e8ne glycol, hydroxyac\u00e9toph\u00e9none, panth\u00e9nol, laurate de polyglyc\u00e9ryl-10, caprylyl glycol, butyl\u00e8ne glycol, EDTA disodique, alcool tert-butylique, huile essentielle de lavande (Lavandula angustifolia), 1,2-hexanediol, hyaluronate de sodium, extrait de feuille d'alo\u00e8s vera (Aloe barbadensis), glycyrrhizate dipotassique, \u00e9thylhexylglyc\u00e9rine, tocoph\u00e9rol, linalol<\/p>\n\t\t\t\t\t\t\t\t\t\t\t\t\t\t\t\t\t\t<\/div>\n\t\t\t\t<\/div>\n\t\t\t\t\t\t\t\n\t\t\t\t<div class=\"wd-accordion-item\">\n\t\t\t\t\t<div class=\"wd-accordion-title\" data-accordion-index=\"2\">\n\t\t\t\t\t\t<div class=\"wd-accordion-title-text\">\n\t\t\t\t\t\t\t\t\t\t\t\t\t\t<span>\n\t\t\t\t\t\t\t\tMasque apaisant Real Cica de SOME PAR MI\t\t\t\t\t\t\t<\/span>\n\t\t\t\t\t\t<\/div>\n\t\t\t\t\t\t<span class=\"wd-accordion-opener\"><\/span>\n\t\t\t\t\t<\/div>\n\n\t\t\t\t\t<div class=\"wd-accordion-content wd-entry-content\" data-accordion-index=\"2\">\n\t\t\t\t\t\t\t\t\t\t\t\t\t\n\t\t\t\t\t\t\t<p>Eau, glyc\u00e9rine, propanediol, dipropyl\u00e8ne glycol, hydroxyac\u00e9toph\u00e9none, laurate de polyglyc\u00e9ryl-10, caprylyl glycol, allanto\u00efne, polym\u00e8re crois\u00e9 d'acrylates\/acrylate d'alkyle en C10-30, trom\u00e9thamine, \u00e9thylhexylglyc\u00e9rine, extrait de feuille de Mella Azadirachta, polyacrylate de sodium, EDTA disodique, huile de feuille d'Eucalyptus globulus, extrait de fleur de Mella Azadirachta, butyl\u00e8ne glycol, huile de Salvia officinalis (sauge), huile de Juniperus mexicana, glycyrrhizate dipotassique, 1,2-hexanediol, extrait de Centella asiatica, tocoph\u00e9rol, extrait de Portulaca oleracea, mad\u00e9cassoside, acide asiatique, asiaticoside, acide mad\u00e9cassique<\/p>\n\t\t\t\t\t\t\t\t\t\t\t\t\t\t\t\t\t\t<\/div>\n\t\t\t\t<\/div>\n\t\t\t\t\t\t\t\n\t\t\t\t<div class=\"wd-accordion-item\">\n\t\t\t\t\t<div class=\"wd-accordion-title\" data-accordion-index=\"3\">\n\t\t\t\t\t\t<div class=\"wd-accordion-title-text\">\n\t\t\t\t\t\t\t\t\t\t\t\t\t\t<span>\n\t\t\t\t\t\t\t\tMasque \u00e9claircissant au glutathion v\u00e9ritable SOME PAR MI\t\t\t\t\t\t\t<\/span>\n\t\t\t\t\t\t<\/div>\n\t\t\t\t\t\t<span class=\"wd-accordion-opener\"><\/span>\n\t\t\t\t\t<\/div>\n\n\t\t\t\t\t<div class=\"wd-accordion-content wd-entry-content\" data-accordion-index=\"3\">\n\t\t\t\t\t\t\t\t\t\t\t\t\t\n\t\t\t\t\t\t\t<p>Eau, glyc\u00e9rine, propanediol, dipropyl\u00e8ne glycol, hydroxyac\u00e9toph\u00e9none, polym\u00e8re crois\u00e9 d'acrylates\/acrylate d'alkyle en C10-30, laurate de polyglyc\u00e9ryl-10, trom\u00e9thamine, caprylyl glycol, allanto\u00efne, \u00e9thylhexylglyc\u00e9rine, polyacrylate de sodium, EDTA disodique, extrait d'Eclipta prostrata, extrait de fruit de Coccinia indica, huile de feuille de Rosmarinus officinalis (romarin), glycyrrhizate dipotassique, 1,2-hexanediol, tocoph\u00e9rol, glutathion<\/p>\n\t\t\t\t\t\t\t\t\t\t\t\t\t\t\t\t\t\t<\/div>\n\t\t\t\t<\/div>\n\t\t\t\t\t\t\t\n\t\t\t\t<div class=\"wd-accordion-item\">\n\t\t\t\t\t<div class=\"wd-accordion-title\" data-accordion-index=\"4\">\n\t\t\t\t\t\t<div class=\"wd-accordion-title-text\">\n\t\t\t\t\t\t\t\t\t\t\t\t\t\t<span>\n\t\t\t\t\t\t\t\tMasque de soin lumineux au miel v\u00e9ritable SOME PAR MI\t\t\t\t\t\t\t<\/span>\n\t\t\t\t\t\t<\/div>\n\t\t\t\t\t\t<span class=\"wd-accordion-opener\"><\/span>\n\t\t\t\t\t<\/div>\n\n\t\t\t\t\t<div class=\"wd-accordion-content wd-entry-content\" data-accordion-index=\"4\">\n\t\t\t\t\t\t\t\t\t\t\t\t\t\n\t\t\t\t\t\t\t<p>Eau, glyc\u00e9rine, propanediol, b\u00e9ta\u00efne, dipropyl\u00e8ne glycol, hydroxyac\u00e9toph\u00e9none, panth\u00e9nol, polyacryloyldim\u00e9thyltaurate d'ammonium, caprylyl glycol, laurate de polyglyc\u00e9ryl-10, butyl\u00e8ne glycol, EDTA disodique, alcool tert-butylique, 1,2-hexanediol, parfum, hyaluronate de sodium, amidon de ma\u00efs hydrolys\u00e9, extrait de racine de Coptis japonica, extrait de miel, glycyrrhizate dipotassique, saccharose<\/p>\n\t\t\t\t\t\t\t\t\t\t\t\t\t\t\t\t\t\t<\/div>\n\t\t\t\t<\/div>\n\t\t\t\t\t\t\t\n\t\t\t\t<div class=\"wd-accordion-item\">\n\t\t\t\t\t<div class=\"wd-accordion-title\" data-accordion-index=\"5\">\n\t\t\t\t\t\t<div class=\"wd-accordion-title-text\">\n\t\t\t\t\t\t\t\t\t\t\t\t\t\t<span>\n\t\t\t\t\t\t\t\tMasque Hydra Care \u00e0 l'acide hyaluronique v\u00e9ritable de SOME BY MI\t\t\t\t\t\t\t<\/span>\n\t\t\t\t\t\t<\/div>\n\t\t\t\t\t\t<span class=\"wd-accordion-opener\"><\/span>\n\t\t\t\t\t<\/div>\n\n\t\t\t\t\t<div class=\"wd-accordion-content wd-entry-content\" data-accordion-index=\"5\">\n\t\t\t\t\t\t\t\t\t\t\t\t\t\n\t\t\t\t\t\t\t<p>Eau, glyc\u00e9rine, propanediol, polyacryloyldim\u00e9thyltaurate d'ammonium, b\u00e9ta\u00efne, dipropyl\u00e8ne glycol, hydroxyac\u00e9toph\u00e9none, laurate de polyglyc\u00e9ryl-10, caprylyl glycol, EDTA disodique, alcool tert-butylique, extrait de feuille de Melia azadirachta, extrait de fleur de Melia azadirachta, panth\u00e9nol, 1,2-hexanediol, extrait de fruit de Coccinia indica, huile essentielle de zeste de Citrus limon (citron), hyaluronate de sodium, extrait de fruit de Solanum melongena (aubergine), extrait de fleur d'Aloe barbadensis, huile essentielle de zeste de Citrus aurantium dulcis (orange douce), huile essentielle de fleur de Pelargonium graveolens, acide hyaluronique, extrait de feuille d'Ocimum sanctum, extrait de feuille de Rosmarinus officinalis (romarin), glycyrrhizate dipotassique, \u00e9thylhexylglyc\u00e9rine, extrait de racine de Curcuma longa (curcuma). Extrait de Corallina officinalis, tocoph\u00e9rol<\/p>\n\t\t\t\t\t\t\t\t\t\t\t\t\t\t\t\t\t\t<\/div>\n\t\t\t\t<\/div>\n\t\t\t\t\t\t\t\n\t\t\t\t<div class=\"wd-accordion-item\">\n\t\t\t\t\t<div class=\"wd-accordion-title\" data-accordion-index=\"6\">\n\t\t\t\t\t\t<div class=\"wd-accordion-title-text\">\n\t\t\t\t\t\t\t\t\t\t\t\t\t\t<span>\n\t\t\t\t\t\t\t\tMasque de soin barri\u00e8re cutan\u00e9e \u00e0 la v\u00e9ritable bave d'escargot SOME BY MI\t\t\t\t\t\t\t<\/span>\n\t\t\t\t\t\t<\/div>\n\t\t\t\t\t\t<span class=\"wd-accordion-opener\"><\/span>\n\t\t\t\t\t<\/div>\n\n\t\t\t\t\t<div class=\"wd-accordion-content wd-entry-content\" data-accordion-index=\"6\">\n\t\t\t\t\t\t\t\t\t\t\t\t\t\n\t\t\t\t\t\t\t<p>Eau, glyc\u00e9rine, propanediol, b\u00e9ta\u00efne, dipropyl\u00e8ne glycol, hydroxyac\u00e9toph\u00e9none, panth\u00e9nol, polyacryloyldim\u00e9thyltaurate d'ammonium, caprylyl glycol, laurate de polyglyc\u00e9ryl-10, EDTA disodique, alcool tert-butylique, 1,2-hexanediol, butyl\u00e8ne glycol, huile de lavande hybride, hyaluronate de sodium, amidon de ma\u00efs hydrolys\u00e9, glycyrrhizate dipotassique, saccharose, filtrat de s\u00e9cr\u00e9tion d'escargot, linalol<\/p>\n\t\t\t\t\t\t\t\t\t\t\t\t\t\t\t\t\t\t<\/div>\n\t\t\t\t<\/div>\n\t\t\t\t\t\t\t\n\t\t\t\t<div class=\"wd-accordion-item\">\n\t\t\t\t\t<div class=\"wd-accordion-title\" data-accordion-index=\"7\">\n\t\t\t\t\t\t<div class=\"wd-accordion-title-text\">\n\t\t\t\t\t\t\t\t\t\t\t\t\t\t<span>\n\t\t\t\t\t\t\t\tMasque de soin des pores Real Super Matcha de SOME PAR MI\t\t\t\t\t\t\t<\/span>\n\t\t\t\t\t\t<\/div>\n\t\t\t\t\t\t<span class=\"wd-accordion-opener\"><\/span>\n\t\t\t\t\t<\/div>\n\n\t\t\t\t\t<div class=\"wd-accordion-content wd-entry-content\" data-accordion-index=\"7\">\n\t\t\t\t\t\t\t\t\t\t\t\t\t\n\t\t\t\t\t\t\t<p>Eau, glyc\u00e9rine, propanediol, dipropyl\u00e8ne glycol, hydroxyac\u00e9toph\u00e9none, laurate de polyglyc\u00e9ryl-10, caprylyl glycol, polym\u00e8re crois\u00e9 d'acrylates\/acrylate d'alkyle en C10-30, trom\u00e9thamine, allanto\u00efne, \u00e9thylhexylglyc\u00e9rine, polyacrylate de sodium, extrait de feuille de Melia azadirachta, EDTA disodique, parfum, extrait de graine de Theobroma cacao (cacao), extrait de fleur de Mella azadirachta, butyl\u00e8ne glycol, glycyrrhizate dipotassique, 1,2-hexanediol, extrait de feuille de Camellia sinensis, tocoph\u00e9rol<\/p>\n\t\t\t\t\t\t\t\t\t\t\t\t\t\t\t\t\t\t<\/div>\n\t\t\t\t<\/div>\n\t\t\t\t\t\t\t\n\t\t\t\t<div class=\"wd-accordion-item\">\n\t\t\t\t\t<div class=\"wd-accordion-title\" data-accordion-index=\"8\">\n\t\t\t\t\t\t<div class=\"wd-accordion-title-text\">\n\t\t\t\t\t\t\t\t\t\t\t\t\t\t<span>\n\t\t\t\t\t\t\t\tMasque apaisant \u00e0 l'arbre \u00e0 th\u00e9 v\u00e9ritable SOME PAR MI\t\t\t\t\t\t\t<\/span>\n\t\t\t\t\t\t<\/div>\n\t\t\t\t\t\t<span class=\"wd-accordion-opener\"><\/span>\n\t\t\t\t\t<\/div>\n\n\t\t\t\t\t<div class=\"wd-accordion-content wd-entry-content\" data-accordion-index=\"8\">\n\t\t\t\t\t\t\t\t\t\t\t\t\t\n\t\t\t\t\t\t\t<p>Eau, glyc\u00e9rine, propanediol, dipropyl\u00e8ne glycol, hydroxyac\u00e9toph\u00e9none, laurate de polyglyc\u00e9ryl-10, caprylyl glycol, polym\u00e8re crois\u00e9 d'acrylates\/acrylate d'alkyle en C10-30, trom\u00e9thamine, allanto\u00efne, \u00e9thylhexylglyc\u00e9rine, polyacrylate de sodium, extrait de feuille de Melia azadirachta, EDTA disodique, huile de feuille de Melaleuca alternifolia (arbre \u00e0 th\u00e9), extrait de fleur de Melia azadirachta, butyl\u00e8ne glycol, glycyrrhizate dipotassique, 1,2-hexanediol, extrait de Melaleuca alternifolia (arbre \u00e0 th\u00e9), tocoph\u00e9rol<\/p>\n\t\t\t\t\t\t\t\t\t\t\t\t\t\t\t\t\t\t<\/div>\n\t\t\t\t<\/div>\n\t\t\t\t\t\t\t\n\t\t\t\t<div class=\"wd-accordion-item\">\n\t\t\t\t\t<div class=\"wd-accordion-title\" data-accordion-index=\"9\">\n\t\t\t\t\t\t<div class=\"wd-accordion-title-text\">\n\t\t\t\t\t\t\t\t\t\t\t\t\t\t<span>\n\t\t\t\t\t\t\t\tMasque \u00e9claircissant aux vraies vitamines SOME PAR MI \t\t\t\t\t\t\t<\/span>\n\t\t\t\t\t\t<\/div>\n\t\t\t\t\t\t<span class=\"wd-accordion-opener\"><\/span>\n\t\t\t\t\t<\/div>\n\n\t\t\t\t\t<div class=\"wd-accordion-content wd-entry-content\" data-accordion-index=\"9\">\n\t\t\t\t\t\t\t\t\t\t\t\t\t\n\t\t\t\t\t\t\t<p>Eau, glyc\u00e9rine, propanediol, dipropyl\u00e8ne glycol, hydroxyac\u00e9toph\u00e9none, polym\u00e8re crois\u00e9 d'acrylates\/acrylate d'alkyle en C10-30, laurate de polyglyc\u00e9ryl-10, trom\u00e9thamine, caprylyl glycol, allanto\u00efne, \u00e9thylhexylglyc\u00e9rine, butyl\u00e8ne glycol, polyacrylate de sodium, EDTA disodique, parfum, extrait de racine de Coptis japonica, glycyrrhizate dipotassique, tocoph\u00e9rol, acide ascorbique<\/p>\n\t\t\t\t\t\t\t\t\t\t\t\t\t\t\t\t\t\t<\/div>\n\t\t\t\t<\/div>\n\t\t\t\t\t<\/div>\n\t\t\t\t\t\t<\/div>\n\t\t\t\t<\/div>\n\t\t\t\t\t<\/div>\n\t\t\t\t<\/div>\n\t\t\t\t<\/div>","protected":false},"excerpt":{"rendered":"<p>SOME BY MI Real Care Mask est un masque en feuille biod\u00e9gradable 100% \u00e0 base de plantes, formul\u00e9 avec de l'extrait de Real CICA pour apaiser et hydrater rapidement les peaux sensibles.<\/p>","protected":false},"featured_media":5802,"template":"","meta":[],"product_brand":[732],"product_cat":[651,206,462,737,476,531],"product_tag":[991,1091,802],"class_list":{"0":"post-5789","1":"product","2":"type-product","3":"status-publish","4":"has-post-thumbnail","6":"product_brand-somebymi","7":"product_cat-all","8":"product_cat-asian_cosmetics","9":"product_cat-kbeauty","10":"product_cat-masks","11":"product_cat-skin","12":"product_cat-skin-care","13":"product_tag-mask","14":"product_tag-some-by-mi-mask","15":"product_tag-some-by-mi-real-care-mask","17":"first","18":"instock","19":"taxable","20":"shipping-taxable","21":"purchasable","22":"product-type-variable"},"aioseo_notices":[],"_links":{"self":[{"href":"https:\/\/www.galaxy-i.com\/fr\/wp-json\/wp\/v2\/product\/5789","targetHints":{"allow":["GET"]}}],"collection":[{"href":"https:\/\/www.galaxy-i.com\/fr\/wp-json\/wp\/v2\/product"}],"about":[{"href":"https:\/\/www.galaxy-i.com\/fr\/wp-json\/wp\/v2\/types\/product"}],"version-history":[{"count":1,"href":"https:\/\/www.galaxy-i.com\/fr\/wp-json\/wp\/v2\/product\/5789\/revisions"}],"predecessor-version":[{"id":7407,"href":"https:\/\/www.galaxy-i.com\/fr\/wp-json\/wp\/v2\/product\/5789\/revisions\/7407"}],"wp:featuredmedia":[{"embeddable":true,"href":"https:\/\/www.galaxy-i.com\/fr\/wp-json\/wp\/v2\/media\/5802"}],"wp:attachment":[{"href":"https:\/\/www.galaxy-i.com\/fr\/wp-json\/wp\/v2\/media?parent=5789"}],"wp:term":[{"taxonomy":"product_brand","embeddable":true,"href":"https:\/\/www.galaxy-i.com\/fr\/wp-json\/wp\/v2\/product_brand?post=5789"},{"taxonomy":"product_cat","embeddable":true,"href":"https:\/\/www.galaxy-i.com\/fr\/wp-json\/wp\/v2\/product_cat?post=5789"},{"taxonomy":"product_tag","embeddable":true,"href":"https:\/\/www.galaxy-i.com\/fr\/wp-json\/wp\/v2\/product_tag?post=5789"}],"curies":[{"name":"wp","href":"https:\/\/api.w.org\/{rel}","templated":true}]}}