{"id":5752,"date":"2025-11-27T22:34:25","date_gmt":"2025-11-28T06:34:25","guid":{"rendered":"https:\/\/www.galaxy-i.com\/?post_type=product&#038;p=5752"},"modified":"2026-04-01T20:32:51","modified_gmt":"2026-04-02T03:32:51","slug":"lindsay-modeling-mask","status":"publish","type":"product","link":"https:\/\/www.galaxy-i.com\/fr\/product\/lindsay-modeling-mask\/","title":{"rendered":"Masque de modelage LINDSAY"},"content":{"rendered":"<div data-elementor-type=\"product-post\" data-elementor-id=\"5752\" class=\"elementor elementor-5752\" data-elementor-post-type=\"product\">\n\t\t\t\t<div class=\"wd-negative-gap elementor-element elementor-element-659e775d e-flex e-con-boxed e-con e-parent\" data-id=\"659e775d\" data-element_type=\"container\">\n\t\t\t\t\t<div class=\"e-con-inner\">\n\t\t\t\t<div class=\"elementor-element elementor-element-59d44479 color-scheme-inherit text-left elementor-widget elementor-widget-text-editor\" data-id=\"59d44479\" data-element_type=\"widget\" data-widget_type=\"text-editor.default\">\n\t\t\t\t\t\t\t\t\t<p>LINDSAY Modeling Mask est un pack de modelage jetable dans un gobelet qui vous permet d'utiliser le pack de masque de modelage, qui \u00e9tait auparavant limit\u00e9 \u00e0 de grandes quantit\u00e9s, facilement et commod\u00e9ment tous les jours. Ce gobelet jetable super pratique comprend une spatule de r\u00e9gulation de l'eau, ce qui \u00e9limine le besoin d'un outil de conditionnement s\u00e9par\u00e9 et facilite les ajustements de l'eau. Avec le Lindsay Modeling Cup Pack, vous pouvez utiliser le Modeling Pack \u00e0 tout moment et en tout lieu.<\/p>\t\t\t\t\t\t\t\t<\/div>\n\t\t\t\t<div class=\"elementor-element elementor-element-fdd1197 elementor-widget elementor-widget-heading\" data-id=\"fdd1197\" data-element_type=\"widget\" data-widget_type=\"heading.default\">\n\t\t\t\t\t<h5 class=\"elementor-heading-title elementor-size-default\">Pays d'origine<\/h5>\t\t\t\t<\/div>\n\t\t\t\t<div class=\"elementor-element elementor-element-bbbea9e elementor-widget elementor-widget-wd_text_block\" data-id=\"bbbea9e\" data-element_type=\"widget\" data-widget_type=\"wd_text_block.default\">\n\t\t\t\t<div class=\"elementor-widget-container\">\n\t\t\t\t\t\t\t<div class=\"wd-text-block reset-last-child text-left\">\n\t\t\t\n\t\t\t<p>Cor\u00e9e<\/p>\n\t\t\t\t\t<\/div>\n\t\t\t\t\t\t<\/div>\n\t\t\t\t<\/div>\n\t\t\t\t<div class=\"elementor-element elementor-element-22b2f6c elementor-widget elementor-widget-heading\" data-id=\"22b2f6c\" data-element_type=\"widget\" data-widget_type=\"heading.default\">\n\t\t\t\t\t<h5 class=\"elementor-heading-title elementor-size-default\">Comment utiliser<\/h5>\t\t\t\t<\/div>\n\t\t\t\t<div class=\"elementor-element elementor-element-4364840 elementor-widget elementor-widget-wd_text_block\" data-id=\"4364840\" data-element_type=\"widget\" data-widget_type=\"wd_text_block.default\">\n\t\t\t\t<div class=\"elementor-widget-container\">\n\t\t\t\t\t\t\t<div class=\"wd-text-block reset-last-child text-left\">\n\t\t\t\n\t\t\t<p>Versez de 7 \u00e0 8 cuill\u00e8res \u00e0 soupe d'eau \u00e0 l'aide de la spatule fournie afin d'obtenir un ratio poudre\/eau de 1:0:8. M\u00e9langez rapidement et appliquez sur le visage en commen\u00e7ant par les joues, puis le menton, le front et le nez, en \u00e9paississant les bords. Retirez d\u00e9licatement le masque en partant du bas apr\u00e8s 15 \u00e0 20 minutes. Appliquez ensuite une lotion tonique et terminez avec vos soins habituels.<\/p>\n\t\t\t\t\t<\/div>\n\t\t\t\t\t\t<\/div>\n\t\t\t\t<\/div>\n\t\t\t\t<div class=\"elementor-element elementor-element-6b7cb40 elementor-widget elementor-widget-heading\" data-id=\"6b7cb40\" data-element_type=\"widget\" data-widget_type=\"heading.default\">\n\t\t\t\t\t<h5 class=\"elementor-heading-title elementor-size-default\">Ingr\u00e9dients<\/h5>\t\t\t\t<\/div>\n\t\t\t\t<div class=\"elementor-element elementor-element-3ff1721 elementor-widget elementor-widget-wd_text_block\" data-id=\"3ff1721\" data-element_type=\"widget\" data-widget_type=\"wd_text_block.default\">\n\t\t\t\t<div class=\"elementor-widget-container\">\n\t\t\t\t\t\t\t<div class=\"wd-text-block reset-last-child text-left\">\n\t\t\t\n\t\t\t<p>Terre de diatom\u00e9es, glucose, sulfate de calcium, alginate, pyrophosphate de t\u00e9trasodium, oxyde de magn\u00e9sium, gomme de cellulose, fleur de Calendula officinalis (500 ppm), acide d\u00e9hydroac\u00e9tique, huile de Citrus aurantium bergamia (bergamote), allanto\u00efne, poudre de pourpier, poudre d'or, b\u00e9ta\u00efne, ad\u00e9nosine, alginate de potassium, huile de fruit, allanto\u00efne, poudre de feuille\/tige de Centella asiatica, poudre de Portulaca oleracea, poudre de racine de Scutellaria baicalensis, b\u00e9ta\u00efne, ad\u00e9nosine, alginate de potassium<\/p>\n\t\t\t\t\t<\/div>\n\t\t\t\t\t\t<\/div>\n\t\t\t\t<\/div>\n\t\t\t\t\t<\/div>\n\t\t\t\t<\/div>\n\t\t\t\t<\/div>","protected":false},"excerpt":{"rendered":"<p>LINDSAY Modeling Mask est un pack de modelage jetable dans un gobelet qui vous permet d'utiliser le pack de masque de modelage, qui \u00e9tait auparavant limit\u00e9 \u00e0 de grandes quantit\u00e9s.<\/p>","protected":false},"featured_media":5763,"template":"","meta":[],"product_brand":[728],"product_cat":[651,206,462,737,476,531],"product_tag":[814,991],"class_list":{"0":"post-5752","1":"product","2":"type-product","3":"status-publish","4":"has-post-thumbnail","6":"product_brand-lindsay","7":"product_cat-all","8":"product_cat-asian_cosmetics","9":"product_cat-kbeauty","10":"product_cat-masks","11":"product_cat-skin","12":"product_cat-skin-care","13":"product_tag-lindsay-modeling-mask","14":"product_tag-mask","15":"pa_color_model-calendula","16":"pa_color_model-lavender","17":"pa_color_model-vitamin","19":"first","20":"instock","21":"taxable","22":"shipping-taxable","23":"purchasable","24":"product-type-variable"},"aioseo_notices":[],"_links":{"self":[{"href":"https:\/\/www.galaxy-i.com\/fr\/wp-json\/wp\/v2\/product\/5752","targetHints":{"allow":["GET"]}}],"collection":[{"href":"https:\/\/www.galaxy-i.com\/fr\/wp-json\/wp\/v2\/product"}],"about":[{"href":"https:\/\/www.galaxy-i.com\/fr\/wp-json\/wp\/v2\/types\/product"}],"version-history":[{"count":1,"href":"https:\/\/www.galaxy-i.com\/fr\/wp-json\/wp\/v2\/product\/5752\/revisions"}],"predecessor-version":[{"id":7405,"href":"https:\/\/www.galaxy-i.com\/fr\/wp-json\/wp\/v2\/product\/5752\/revisions\/7405"}],"wp:featuredmedia":[{"embeddable":true,"href":"https:\/\/www.galaxy-i.com\/fr\/wp-json\/wp\/v2\/media\/5763"}],"wp:attachment":[{"href":"https:\/\/www.galaxy-i.com\/fr\/wp-json\/wp\/v2\/media?parent=5752"}],"wp:term":[{"taxonomy":"product_brand","embeddable":true,"href":"https:\/\/www.galaxy-i.com\/fr\/wp-json\/wp\/v2\/product_brand?post=5752"},{"taxonomy":"product_cat","embeddable":true,"href":"https:\/\/www.galaxy-i.com\/fr\/wp-json\/wp\/v2\/product_cat?post=5752"},{"taxonomy":"product_tag","embeddable":true,"href":"https:\/\/www.galaxy-i.com\/fr\/wp-json\/wp\/v2\/product_tag?post=5752"}],"curies":[{"name":"wp","href":"https:\/\/api.w.org\/{rel}","templated":true}]}}