{"id":5735,"date":"2025-11-27T21:36:34","date_gmt":"2025-11-28T05:36:34","guid":{"rendered":"https:\/\/www.galaxy-i.com\/?post_type=product&#038;p=5735"},"modified":"2026-04-01T20:32:51","modified_gmt":"2026-04-02T03:32:51","slug":"laneige-skin-veil-base_ex","status":"publish","type":"product","link":"https:\/\/www.galaxy-i.com\/fr\/product\/laneige-skin-veil-base_ex\/","title":{"rendered":"LANEIGE Skin Veil Base_EX (30ml)"},"content":{"rendered":"<div data-elementor-type=\"product-post\" data-elementor-id=\"5735\" class=\"elementor elementor-5735\" data-elementor-post-type=\"product\">\n\t\t\t\t<div class=\"wd-negative-gap elementor-element elementor-element-659e775d e-flex e-con-boxed e-con e-parent\" data-id=\"659e775d\" data-element_type=\"container\">\n\t\t\t\t\t<div class=\"e-con-inner\">\n\t\t\t\t<div class=\"elementor-element elementor-element-59d44479 color-scheme-inherit text-left elementor-widget elementor-widget-text-editor\" data-id=\"59d44479\" data-element_type=\"widget\" data-widget_type=\"text-editor.default\">\n\t\t\t\t\t\t\t\t\t<p>LANEIGE Skin Veil Base_EX - Base de maquillage corrigeant les tons pour une peau naturelle et lumineuse.<\/p><ul><li>Corrigez votre peau naturellement :\u00a0<span class=\"ap-section__desc\"> Une base de maquillage rafra\u00eechissante\u00a0<\/span><span class=\"ap-section__desc\">qui tonifie uniform\u00e9ment et parfaitement tout type de peau<\/span><\/li><li class=\"ap-section__title\">Le ton le plus id\u00e9al pour votre peau : Avec 19 ans de r\u00e9sultats prouv\u00e9s, nous sommes les experts de la peau asiatique.<\/li><\/ul>\t\t\t\t\t\t\t\t<\/div>\n\t\t\t\t<div class=\"elementor-element elementor-element-fd338bc elementor-widget elementor-widget-heading\" data-id=\"fd338bc\" data-element_type=\"widget\" data-widget_type=\"heading.default\">\n\t\t\t\t\t<h5 class=\"elementor-heading-title elementor-size-default\">Montant<\/h5>\t\t\t\t<\/div>\n\t\t\t\t<div class=\"elementor-element elementor-element-59ac44d elementor-widget elementor-widget-wd_text_block\" data-id=\"59ac44d\" data-element_type=\"widget\" data-widget_type=\"wd_text_block.default\">\n\t\t\t\t<div class=\"elementor-widget-container\">\n\t\t\t\t\t\t\t<div class=\"wd-text-block reset-last-child text-left\">\n\t\t\t\n\t\t\t<p>30ml<\/p>\n\t\t\t\t\t<\/div>\n\t\t\t\t\t\t<\/div>\n\t\t\t\t<\/div>\n\t\t\t\t<div class=\"elementor-element elementor-element-96f7b64 elementor-widget elementor-widget-heading\" data-id=\"96f7b64\" data-element_type=\"widget\" data-widget_type=\"heading.default\">\n\t\t\t\t\t<h5 class=\"elementor-heading-title elementor-size-default\">Pays d'origine<\/h5>\t\t\t\t<\/div>\n\t\t\t\t<div class=\"elementor-element elementor-element-3ddec37 elementor-widget elementor-widget-wd_text_block\" data-id=\"3ddec37\" data-element_type=\"widget\" data-widget_type=\"wd_text_block.default\">\n\t\t\t\t<div class=\"elementor-widget-container\">\n\t\t\t\t\t\t\t<div class=\"wd-text-block reset-last-child text-left\">\n\t\t\t\n\t\t\t<p>Cor\u00e9e<\/p>\n\t\t\t\t\t<\/div>\n\t\t\t\t\t\t<\/div>\n\t\t\t\t<\/div>\n\t\t\t\t<div class=\"elementor-element elementor-element-149d2ba elementor-widget elementor-widget-heading\" data-id=\"149d2ba\" data-element_type=\"widget\" data-widget_type=\"heading.default\">\n\t\t\t\t\t<h5 class=\"elementor-heading-title elementor-size-default\">Comment utiliser<\/h5>\t\t\t\t<\/div>\n\t\t\t\t<div class=\"elementor-element elementor-element-ed61755 elementor-widget elementor-widget-wd_text_block\" data-id=\"ed61755\" data-element_type=\"widget\" data-widget_type=\"wd_text_block.default\">\n\t\t\t\t<div class=\"elementor-widget-container\">\n\t\t\t\t\t\t\t<div class=\"wd-text-block reset-last-child text-left\">\n\t\t\t\n\t\t\t<p>Apr\u00e8s votre soin du visage, appliquez avant le fond de teint\/la poudre compacte. Prenez une dose et r\u00e9partissez uniform\u00e9ment sur le front, le contour des yeux, les joues et le menton, comme une lotion.<\/p>\n\t\t\t\t\t<\/div>\n\t\t\t\t\t\t<\/div>\n\t\t\t\t<\/div>\n\t\t\t\t<div class=\"elementor-element elementor-element-70eac21 elementor-widget elementor-widget-heading\" data-id=\"70eac21\" data-element_type=\"widget\" data-widget_type=\"heading.default\">\n\t\t\t\t\t<h5 class=\"elementor-heading-title elementor-size-default\">Ingr\u00e9dients<\/h5>\t\t\t\t<\/div>\n\t\t\t\t<div class=\"elementor-element elementor-element-affe159 elementor-widget elementor-widget-wd_text_block\" data-id=\"affe159\" data-element_type=\"widget\" data-widget_type=\"wd_text_block.default\">\n\t\t\t\t<div class=\"elementor-widget-container\">\n\t\t\t\t\t\t\t<div class=\"wd-text-block reset-last-child text-left\">\n\t\t\t\n\t\t\t<p>Eau, Cyclopentasiloxane, Cyclohexasiloxane, M\u00e9thoxycinnamate d'\u00e9thylhexyle, Salicylate d'\u00e9thylhexyle, Dioxyde de titane (nano), Dioxyde de titane (CI 77891), Dim\u00e9thicone, Butyl\u00e8ne glycol, Glyc\u00e9rine, Benzoate d'alkyle en C12-15, Homosalate, Lauryl PEG-10 Tris(trim\u00e9thylsiloxy)silyl\u00e9thyl dim\u00e9thicone, polym\u00e8re crois\u00e9 dim\u00e9thicone\/vinyl dim\u00e9thicone, Silice, 1,2-Hexanediol, PEG-10 dim\u00e9thicone, PEG\/PPG-19\/19 dim\u00e9thicone, Nitrure de bore, Hectorite de dist\u00e9ardimonium, Chlorure de sodium, Alumine, Trim\u00e9thylsiloxysilicate, Copolym\u00e8re VP\/hexad\u00e9c\u00e8ne, Lauryl polyglyc\u00e9ryl-3 polydim\u00e9thylsiloxy\u00e9thyl dim\u00e9thicone Vert d'oxyde de chrome (CI 77288), copolym\u00e8re d'acrylates\/dim\u00e9thicone, parfum, caprylyl glycol, poudre de n\u00e9phrite, mica, hydroxyde d'aluminium, sim\u00e9thicone, \u00e9thylhexylglyc\u00e9rine, oxyde de zinc, alcools en C12-15, tri\u00e9thoxycaprylylsilane, alkyldim\u00e9thylsilyl polypropylsilsesquioxane en C30-45, EDTA disodique, copolym\u00e8re d'acide lactique\/acide glycolique, acide hyaluronique hydrolys\u00e9, limon\u00e8ne, ecto\u00efne, linalol, oxydes de fer (CI 77492), ultramarines (CI 77007), extrait de fruit de Malpighia emarginata (ac\u00e9rola), propanediol, BHT, citronellol, hexyl cinnamal, amidon de ma\u00efs hydrolys\u00e9, oxyde d'\u00e9tain, extrait de feuille de Pinus densiflora. Polyquaternium-10, extrait de fruit d'Euterpe oleracea, tocoph\u00e9rol, lauroyl glutamate de sodium, kaolin, lysine, chlorure de magn\u00e9sium, silicate de sodium et de magn\u00e9sium, glutathion<\/p>\n\t\t\t\t\t<\/div>\n\t\t\t\t\t\t<\/div>\n\t\t\t\t<\/div>\n\t\t\t\t\t<\/div>\n\t\t\t\t<\/div>\n\t\t\t\t<\/div>","protected":false},"excerpt":{"rendered":"<p>LANEIGE Skin Veil Base_EX - Base de maquillage corrigeant les tons pour une peau naturelle et lumineuse. Avec 19 ans de r\u00e9sultats prouv\u00e9s, nous sommes les experts de la peau asiatique.<\/p>","protected":false},"featured_media":5738,"template":"","meta":[],"product_brand":[707],"product_cat":[651,206,462,467,711],"product_tag":[1088,1037,1036],"class_list":{"0":"post-5735","1":"product","2":"type-product","3":"status-publish","4":"has-post-thumbnail","6":"product_brand-laneige","7":"product_cat-all","8":"product_cat-asian_cosmetics","9":"product_cat-kbeauty","10":"product_cat-k_makeup","11":"product_cat-primer","12":"product_tag-laneige-skin-veil","13":"product_tag-makeup-base","14":"product_tag-primer","15":"pa_color_model-no-60-mint-green","17":"first","18":"instock","19":"taxable","20":"shipping-taxable","21":"purchasable","22":"product-type-variable"},"aioseo_notices":[],"_links":{"self":[{"href":"https:\/\/www.galaxy-i.com\/fr\/wp-json\/wp\/v2\/product\/5735","targetHints":{"allow":["GET"]}}],"collection":[{"href":"https:\/\/www.galaxy-i.com\/fr\/wp-json\/wp\/v2\/product"}],"about":[{"href":"https:\/\/www.galaxy-i.com\/fr\/wp-json\/wp\/v2\/types\/product"}],"version-history":[{"count":1,"href":"https:\/\/www.galaxy-i.com\/fr\/wp-json\/wp\/v2\/product\/5735\/revisions"}],"predecessor-version":[{"id":7402,"href":"https:\/\/www.galaxy-i.com\/fr\/wp-json\/wp\/v2\/product\/5735\/revisions\/7402"}],"wp:featuredmedia":[{"embeddable":true,"href":"https:\/\/www.galaxy-i.com\/fr\/wp-json\/wp\/v2\/media\/5738"}],"wp:attachment":[{"href":"https:\/\/www.galaxy-i.com\/fr\/wp-json\/wp\/v2\/media?parent=5735"}],"wp:term":[{"taxonomy":"product_brand","embeddable":true,"href":"https:\/\/www.galaxy-i.com\/fr\/wp-json\/wp\/v2\/product_brand?post=5735"},{"taxonomy":"product_cat","embeddable":true,"href":"https:\/\/www.galaxy-i.com\/fr\/wp-json\/wp\/v2\/product_cat?post=5735"},{"taxonomy":"product_tag","embeddable":true,"href":"https:\/\/www.galaxy-i.com\/fr\/wp-json\/wp\/v2\/product_tag?post=5735"}],"curies":[{"name":"wp","href":"https:\/\/api.w.org\/{rel}","templated":true}]}}