{"id":5728,"date":"2025-11-27T21:11:21","date_gmt":"2025-11-28T05:11:21","guid":{"rendered":"https:\/\/www.galaxy-i.com\/?post_type=product&#038;p=5728"},"modified":"2026-03-20T01:32:03","modified_gmt":"2026-03-20T08:32:03","slug":"purito-cica-wonder-releaf-centella-bb-cream","status":"publish","type":"product","link":"https:\/\/www.galaxy-i.com\/fr\/product\/purito-cica-wonder-releaf-centella-bb-cream\/","title":{"rendered":"PURITO Cica Wonder Releaf Centella BB Cr\u00e8me (30 ml)"},"content":{"rendered":"<div data-elementor-type=\"product-post\" data-elementor-id=\"5728\" class=\"elementor elementor-5728\" data-elementor-post-type=\"product\">\n\t\t\t\t<div class=\"wd-negative-gap elementor-element elementor-element-659e775d e-flex e-con-boxed e-con e-parent\" data-id=\"659e775d\" data-element_type=\"container\">\n\t\t\t\t\t<div class=\"e-con-inner\">\n\t\t\t\t<div class=\"elementor-element elementor-element-59d44479 color-scheme-inherit text-left elementor-widget elementor-widget-text-editor\" data-id=\"59d44479\" data-element_type=\"widget\" data-widget_type=\"text-editor.default\">\n\t\t\t\t\t\t\t\t\t<p>PURITO Cica Wonder Releaf Centella BB Cr\u00e8me - <span class=\"jt-typo--14\">Cr\u00e8me BB One Layer Wonder<\/span><\/p><ul class=\"product-single__effect\"><li class=\"jt-typo--14\">Couverture compl\u00e8te en une seule couche<\/li><li class=\"jt-typo--14\">Soins apaisants pour la peau \u00e0 base de centella<\/li><li class=\"jt-typo--14\">L'\u00e9clat naturel se r\u00e9v\u00e8le<\/li><li class=\"jt-typo--14\">Hypoallerg\u00e9nique<\/li><li class=\"jt-typo--14\">Test\u00e9 sous contr\u00f4le dermatologique<\/li><\/ul>\t\t\t\t\t\t\t\t<\/div>\n\t\t\t\t<div class=\"elementor-element elementor-element-ee0ca8c elementor-widget elementor-widget-heading\" data-id=\"ee0ca8c\" data-element_type=\"widget\" data-widget_type=\"heading.default\">\n\t\t\t\t\t<h5 class=\"elementor-heading-title elementor-size-default\">Montant<\/h5>\t\t\t\t<\/div>\n\t\t\t\t<div class=\"elementor-element elementor-element-189fb4a elementor-widget elementor-widget-wd_text_block\" data-id=\"189fb4a\" data-element_type=\"widget\" data-widget_type=\"wd_text_block.default\">\n\t\t\t\t<div class=\"elementor-widget-container\">\n\t\t\t\t\t\t\t<div class=\"wd-text-block reset-last-child text-left\">\n\t\t\t\n\t\t\t<p>30ml<\/p>\n\t\t\t\t\t<\/div>\n\t\t\t\t\t\t<\/div>\n\t\t\t\t<\/div>\n\t\t\t\t<div class=\"elementor-element elementor-element-ce3d570 elementor-widget elementor-widget-heading\" data-id=\"ce3d570\" data-element_type=\"widget\" data-widget_type=\"heading.default\">\n\t\t\t\t\t<h5 class=\"elementor-heading-title elementor-size-default\">Pays d'origine<\/h5>\t\t\t\t<\/div>\n\t\t\t\t<div class=\"elementor-element elementor-element-a0b5d0c elementor-widget elementor-widget-wd_text_block\" data-id=\"a0b5d0c\" data-element_type=\"widget\" data-widget_type=\"wd_text_block.default\">\n\t\t\t\t<div class=\"elementor-widget-container\">\n\t\t\t\t\t\t\t<div class=\"wd-text-block reset-last-child text-left\">\n\t\t\t\n\t\t\t<p>Cor\u00e9e<\/p>\n\t\t\t\t\t<\/div>\n\t\t\t\t\t\t<\/div>\n\t\t\t\t<\/div>\n\t\t\t\t<div class=\"elementor-element elementor-element-6382f73 elementor-widget elementor-widget-heading\" data-id=\"6382f73\" data-element_type=\"widget\" data-widget_type=\"heading.default\">\n\t\t\t\t\t<h5 class=\"elementor-heading-title elementor-size-default\">Comment utiliser<\/h5>\t\t\t\t<\/div>\n\t\t\t\t<div class=\"elementor-element elementor-element-ef929dd elementor-widget elementor-widget-wd_text_block\" data-id=\"ef929dd\" data-element_type=\"widget\" data-widget_type=\"wd_text_block.default\">\n\t\t\t\t<div class=\"elementor-widget-container\">\n\t\t\t\t\t\t\t<div class=\"wd-text-block reset-last-child text-left\">\n\t\t\t\n\t\t\t<p>Pour compl\u00e9ter votre routine de soins, appliquez une quantit\u00e9 appropri\u00e9e de produit en tapotant uniform\u00e9ment sur votre visage.<\/p>\n\t\t\t\t\t<\/div>\n\t\t\t\t\t\t<\/div>\n\t\t\t\t<\/div>\n\t\t\t\t\t<\/div>\n\t\t\t\t<\/div>\n\t\t\t\t<\/div>","protected":false},"excerpt":{"rendered":"<p>PURITO Cica Wonder Releaf Centella BB Cream - Cr\u00e8me BB merveilleuse en une seule couche. Couvrance compl\u00e8te en une seule couche ; soin apaisant infus\u00e9 de Centella.<\/p>","protected":false},"featured_media":5734,"template":"","meta":[],"product_brand":[720],"product_cat":[651,206,544,462,467],"product_tag":[1035,1036,1087],"class_list":{"0":"post-5728","1":"product","2":"type-product","3":"status-publish","4":"has-post-thumbnail","6":"product_brand-purito","7":"product_cat-all","8":"product_cat-asian_cosmetics","9":"product_cat-foundation","10":"product_cat-kbeauty","11":"product_cat-k_makeup","12":"product_tag-bb-cream","13":"product_tag-primer","14":"product_tag-purito-bb-cream","15":"pa_color_model-21-light-beige","17":"first","18":"instock","19":"taxable","20":"shipping-taxable","21":"purchasable","22":"product-type-variable"},"aioseo_notices":[],"_links":{"self":[{"href":"https:\/\/www.galaxy-i.com\/fr\/wp-json\/wp\/v2\/product\/5728","targetHints":{"allow":["GET"]}}],"collection":[{"href":"https:\/\/www.galaxy-i.com\/fr\/wp-json\/wp\/v2\/product"}],"about":[{"href":"https:\/\/www.galaxy-i.com\/fr\/wp-json\/wp\/v2\/types\/product"}],"version-history":[{"count":1,"href":"https:\/\/www.galaxy-i.com\/fr\/wp-json\/wp\/v2\/product\/5728\/revisions"}],"predecessor-version":[{"id":7401,"href":"https:\/\/www.galaxy-i.com\/fr\/wp-json\/wp\/v2\/product\/5728\/revisions\/7401"}],"wp:featuredmedia":[{"embeddable":true,"href":"https:\/\/www.galaxy-i.com\/fr\/wp-json\/wp\/v2\/media\/5734"}],"wp:attachment":[{"href":"https:\/\/www.galaxy-i.com\/fr\/wp-json\/wp\/v2\/media?parent=5728"}],"wp:term":[{"taxonomy":"product_brand","embeddable":true,"href":"https:\/\/www.galaxy-i.com\/fr\/wp-json\/wp\/v2\/product_brand?post=5728"},{"taxonomy":"product_cat","embeddable":true,"href":"https:\/\/www.galaxy-i.com\/fr\/wp-json\/wp\/v2\/product_cat?post=5728"},{"taxonomy":"product_tag","embeddable":true,"href":"https:\/\/www.galaxy-i.com\/fr\/wp-json\/wp\/v2\/product_tag?post=5728"}],"curies":[{"name":"wp","href":"https:\/\/api.w.org\/{rel}","templated":true}]}}