{"id":5706,"date":"2025-11-27T16:09:43","date_gmt":"2025-11-28T00:09:43","guid":{"rendered":"https:\/\/www.galaxy-i.com\/?post_type=product&#038;p=5706"},"modified":"2026-04-01T20:32:51","modified_gmt":"2026-04-02T03:32:51","slug":"colorgram-pin-point-eyeshadow-palette","status":"publish","type":"product","link":"https:\/\/www.galaxy-i.com\/fr\/product\/colorgram-pin-point-eyeshadow-palette\/","title":{"rendered":"Palette de fards \u00e0 paupi\u00e8res Colorgram Pin Point"},"content":{"rendered":"<div data-elementor-type=\"product-post\" data-elementor-id=\"5706\" class=\"elementor elementor-5706\" data-elementor-post-type=\"product\">\n\t\t\t\t<div class=\"wd-negative-gap elementor-element elementor-element-659e775d e-flex e-con-boxed e-con e-parent\" data-id=\"659e775d\" data-element_type=\"container\">\n\t\t\t\t\t<div class=\"e-con-inner\">\n\t\t\t\t<div class=\"elementor-element elementor-element-59d44479 color-scheme-inherit text-left elementor-widget elementor-widget-text-editor\" data-id=\"59d44479\" data-element_type=\"widget\" data-widget_type=\"text-editor.default\">\n\t\t\t\t\t\t\t\t\t<p>La palette d'ombres \u00e0 paupi\u00e8res colorgram Pin Point est compos\u00e9e de teintes de base, de contour et de paillettes qui permettent un maquillage quotidien ou ponctuel.<br \/>La superposition des teintes sans effet \u00e9touffant donne une texture douce.<\/p>\t\t\t\t\t\t\t\t<\/div>\n\t\t\t\t<div class=\"elementor-element elementor-element-91807bd elementor-widget elementor-widget-heading\" data-id=\"91807bd\" data-element_type=\"widget\" data-widget_type=\"heading.default\">\n\t\t\t\t\t<h5 class=\"elementor-heading-title elementor-size-default\">Pays d'origine<\/h5>\t\t\t\t<\/div>\n\t\t\t\t<div class=\"elementor-element elementor-element-1e50a9f elementor-widget elementor-widget-wd_text_block\" data-id=\"1e50a9f\" data-element_type=\"widget\" data-widget_type=\"wd_text_block.default\">\n\t\t\t\t<div class=\"elementor-widget-container\">\n\t\t\t\t\t\t\t<div class=\"wd-text-block reset-last-child text-left\">\n\t\t\t\n\t\t\t<p>Cor\u00e9e<\/p>\n\t\t\t\t\t<\/div>\n\t\t\t\t\t\t<\/div>\n\t\t\t\t<\/div>\n\t\t\t\t<div class=\"elementor-element elementor-element-f505215 elementor-widget elementor-widget-heading\" data-id=\"f505215\" data-element_type=\"widget\" data-widget_type=\"heading.default\">\n\t\t\t\t\t<h5 class=\"elementor-heading-title elementor-size-default\">Comment utiliser<\/h5>\t\t\t\t<\/div>\n\t\t\t\t<div class=\"elementor-element elementor-element-e389938 elementor-widget elementor-widget-wd_text_block\" data-id=\"e389938\" data-element_type=\"widget\" data-widget_type=\"wd_text_block.default\">\n\t\t\t\t<div class=\"elementor-widget-container\">\n\t\t\t\t\t\t\t<div class=\"wd-text-block reset-last-child text-left\">\n\t\t\t\n\t\t\t<p data-pm-slice=\"1 1 []\">Appliquez le produit au pinceau ou du bout des doigts. Estompez d\u00e9licatement les ombres pour un r\u00e9sultat homog\u00e8ne.<\/p>\n\t\t\t\t\t<\/div>\n\t\t\t\t\t\t<\/div>\n\t\t\t\t<\/div>\n\t\t\t\t\t<\/div>\n\t\t\t\t<\/div>\n\t\t\t\t<\/div>","protected":false},"excerpt":{"rendered":"<p>La palette d'ombres \u00e0 paupi\u00e8res Pin Point de colorgram se compose de teintes de base, de teintes de contour et de teintes paillet\u00e9es qui permettent un maquillage quotidien ou ponctuel. La superposition des teintes<\/p>","protected":false},"featured_media":5712,"template":"","meta":[],"product_brand":[513],"product_cat":[651,206,474,462,467],"product_tag":[1086,1033,1034],"class_list":{"0":"post-5706","1":"product","2":"type-product","3":"status-publish","4":"has-post-thumbnail","6":"product_brand-colorgram","7":"product_cat-all","8":"product_cat-asian_cosmetics","9":"product_cat-eyes_brows","10":"product_cat-kbeauty","11":"product_cat-k_makeup","12":"product_tag-colorgram-eyeshadow-palette","13":"product_tag-eyeshadow","14":"product_tag-eyeshadow-palette","15":"pa_color_model-01-peach-coral","16":"pa_color_model-02-pink-mauve","17":"pa_color_model-07-nude-geek","19":"first","20":"instock","21":"taxable","22":"shipping-taxable","23":"purchasable","24":"product-type-variable"},"aioseo_notices":[],"_links":{"self":[{"href":"https:\/\/www.galaxy-i.com\/fr\/wp-json\/wp\/v2\/product\/5706","targetHints":{"allow":["GET"]}}],"collection":[{"href":"https:\/\/www.galaxy-i.com\/fr\/wp-json\/wp\/v2\/product"}],"about":[{"href":"https:\/\/www.galaxy-i.com\/fr\/wp-json\/wp\/v2\/types\/product"}],"version-history":[{"count":1,"href":"https:\/\/www.galaxy-i.com\/fr\/wp-json\/wp\/v2\/product\/5706\/revisions"}],"predecessor-version":[{"id":7399,"href":"https:\/\/www.galaxy-i.com\/fr\/wp-json\/wp\/v2\/product\/5706\/revisions\/7399"}],"wp:featuredmedia":[{"embeddable":true,"href":"https:\/\/www.galaxy-i.com\/fr\/wp-json\/wp\/v2\/media\/5712"}],"wp:attachment":[{"href":"https:\/\/www.galaxy-i.com\/fr\/wp-json\/wp\/v2\/media?parent=5706"}],"wp:term":[{"taxonomy":"product_brand","embeddable":true,"href":"https:\/\/www.galaxy-i.com\/fr\/wp-json\/wp\/v2\/product_brand?post=5706"},{"taxonomy":"product_cat","embeddable":true,"href":"https:\/\/www.galaxy-i.com\/fr\/wp-json\/wp\/v2\/product_cat?post=5706"},{"taxonomy":"product_tag","embeddable":true,"href":"https:\/\/www.galaxy-i.com\/fr\/wp-json\/wp\/v2\/product_tag?post=5706"}],"curies":[{"name":"wp","href":"https:\/\/api.w.org\/{rel}","templated":true}]}}