{"id":5661,"date":"2025-11-27T12:00:43","date_gmt":"2025-11-27T20:00:43","guid":{"rendered":"https:\/\/www.galaxy-i.com\/?post_type=product&#038;p=5661"},"modified":"2026-03-20T00:58:32","modified_gmt":"2026-03-20T07:58:32","slug":"bn-mimits-moist-nail-oil","status":"publish","type":"product","link":"https:\/\/www.galaxy-i.com\/fr\/product\/bn-mimits-moist-nail-oil\/","title":{"rendered":"Huile \u00e0 ongles hydratante BN MiMits"},"content":{"rendered":"<div data-elementor-type=\"product-post\" data-elementor-id=\"5661\" class=\"elementor elementor-5661\" data-elementor-post-type=\"product\">\n\t\t\t\t<div class=\"wd-negative-gap elementor-element elementor-element-659e775d e-flex e-con-boxed e-con e-parent\" data-id=\"659e775d\" data-element_type=\"container\">\n\t\t\t\t\t<div class=\"e-con-inner\">\n\t\t\t\t<div class=\"elementor-element elementor-element-59d44479 color-scheme-inherit text-left elementor-widget elementor-widget-text-editor\" data-id=\"59d44479\" data-element_type=\"widget\" data-widget_type=\"text-editor.default\">\n\t\t\t\t\t\t\t\t\t<p>BN MiMits Moist Nail Oil - Aromath\u00e9rapie pour un soin hydratant des ongles facile \u00e0 appliquer \u00e0 tout moment. Parfait pour les zones autour des ongles qui ont tendance \u00e0 se dess\u00e9cher. Type de stylo pour un transport facile.<\/p>\t\t\t\t\t\t\t\t<\/div>\n\t\t\t\t<div class=\"elementor-element elementor-element-b6c23db elementor-widget elementor-widget-heading\" data-id=\"b6c23db\" data-element_type=\"widget\" data-widget_type=\"heading.default\">\n\t\t\t\t\t<h5 class=\"elementor-heading-title elementor-size-default\">Pays d'origine<\/h5>\t\t\t\t<\/div>\n\t\t\t\t<div class=\"elementor-element elementor-element-e515e13 elementor-widget elementor-widget-wd_text_block\" data-id=\"e515e13\" data-element_type=\"widget\" data-widget_type=\"wd_text_block.default\">\n\t\t\t\t<div class=\"elementor-widget-container\">\n\t\t\t\t\t\t\t<div class=\"wd-text-block reset-last-child text-left\">\n\t\t\t\n\t\t\t<p>Japon<\/p>\n\t\t\t\t\t<\/div>\n\t\t\t\t\t\t<\/div>\n\t\t\t\t<\/div>\n\t\t\t\t<div class=\"elementor-element elementor-element-913c075 elementor-widget elementor-widget-heading\" data-id=\"913c075\" data-element_type=\"widget\" data-widget_type=\"heading.default\">\n\t\t\t\t\t<h5 class=\"elementor-heading-title elementor-size-default\">Comment utiliser<\/h5>\t\t\t\t<\/div>\n\t\t\t\t<div class=\"elementor-element elementor-element-0e29677 elementor-widget elementor-widget-wd_text_block\" data-id=\"0e29677\" data-element_type=\"widget\" data-widget_type=\"wd_text_block.default\">\n\t\t\t\t<div class=\"elementor-widget-container\">\n\t\t\t\t\t\t\t<div class=\"wd-text-block reset-last-child text-left\">\n\t\t\t\n\t\t\t<p>Retirez le capuchon de l'embout du stylo et tournez la molette sur le manche dans le sens des aiguilles d'une montre pour que l'huile impr\u00e8gne le pinceau. Lors de la premi\u00e8re utilisation, tournez la molette plusieurs fois jusqu'\u00e0 ce que l'huile soit bien impr\u00e9gn\u00e9e. Appliquez l'huile sur vos ongles et vos cuticules, puis faites-la p\u00e9n\u00e9trer en massant le bout de vos doigts.<\/p>\n\t\t\t\t\t<\/div>\n\t\t\t\t\t\t<\/div>\n\t\t\t\t<\/div>\n\t\t\t\t<div class=\"elementor-element elementor-element-c94d189 elementor-widget elementor-widget-heading\" data-id=\"c94d189\" data-element_type=\"widget\" data-widget_type=\"heading.default\">\n\t\t\t\t\t<h5 class=\"elementor-heading-title elementor-size-default\">Ingr\u00e9dients<\/h5>\t\t\t\t<\/div>\n\t\t\t\t<div class=\"elementor-element elementor-element-fde458b elementor-widget elementor-widget-wd_text_block\" data-id=\"fde458b\" data-element_type=\"widget\" data-widget_type=\"wd_text_block.default\">\n\t\t\t\t<div class=\"elementor-widget-container\">\n\t\t\t\t\t\t\t<div class=\"wd-text-block reset-last-child text-left\">\n\t\t\t\n\t\t\t<p>Huile min\u00e9rale, huile de tournesol, huile de germe de bl\u00e9, huile d'amande douce, parfum, CI 15850, CI 19140, CI 42090<\/p>\n\t\t\t\t\t<\/div>\n\t\t\t\t\t\t<\/div>\n\t\t\t\t<\/div>\n\t\t\t\t\t<\/div>\n\t\t\t\t<\/div>\n\t\t\t\t<\/div>","protected":false},"excerpt":{"rendered":"<p>BN MiMits Moist Nail Oil - Aromath\u00e9rapie pour un soin hydratant des ongles facile \u00e0 appliquer \u00e0 tout moment. Parfait pour les zones autour des ongles qui ont tendance \u00e0 se dess\u00e9cher. Type de stylo.<\/p>","protected":false},"featured_media":5664,"template":"","meta":[],"product_brand":[704],"product_cat":[651,206,461,741],"product_tag":[1010,1084,1011],"class_list":{"0":"post-5661","1":"product","2":"type-product","3":"status-publish","4":"has-post-thumbnail","6":"product_brand-bn","7":"product_cat-all","8":"product_cat-asian_cosmetics","9":"product_cat-jbeauty","10":"product_cat-nail-oil","11":"product_tag-cuticle-oil","12":"product_tag-moist-oil","13":"product_tag-nail-oil","15":"first","16":"instock","17":"taxable","18":"shipping-taxable","19":"purchasable","20":"product-type-variable"},"aioseo_notices":[],"_links":{"self":[{"href":"https:\/\/www.galaxy-i.com\/fr\/wp-json\/wp\/v2\/product\/5661","targetHints":{"allow":["GET"]}}],"collection":[{"href":"https:\/\/www.galaxy-i.com\/fr\/wp-json\/wp\/v2\/product"}],"about":[{"href":"https:\/\/www.galaxy-i.com\/fr\/wp-json\/wp\/v2\/types\/product"}],"version-history":[{"count":1,"href":"https:\/\/www.galaxy-i.com\/fr\/wp-json\/wp\/v2\/product\/5661\/revisions"}],"predecessor-version":[{"id":7394,"href":"https:\/\/www.galaxy-i.com\/fr\/wp-json\/wp\/v2\/product\/5661\/revisions\/7394"}],"wp:featuredmedia":[{"embeddable":true,"href":"https:\/\/www.galaxy-i.com\/fr\/wp-json\/wp\/v2\/media\/5664"}],"wp:attachment":[{"href":"https:\/\/www.galaxy-i.com\/fr\/wp-json\/wp\/v2\/media?parent=5661"}],"wp:term":[{"taxonomy":"product_brand","embeddable":true,"href":"https:\/\/www.galaxy-i.com\/fr\/wp-json\/wp\/v2\/product_brand?post=5661"},{"taxonomy":"product_cat","embeddable":true,"href":"https:\/\/www.galaxy-i.com\/fr\/wp-json\/wp\/v2\/product_cat?post=5661"},{"taxonomy":"product_tag","embeddable":true,"href":"https:\/\/www.galaxy-i.com\/fr\/wp-json\/wp\/v2\/product_tag?post=5661"}],"curies":[{"name":"wp","href":"https:\/\/api.w.org\/{rel}","templated":true}]}}