{"id":5657,"date":"2025-11-27T11:33:55","date_gmt":"2025-11-27T19:33:55","guid":{"rendered":"https:\/\/www.galaxy-i.com\/?post_type=product&#038;p=5657"},"modified":"2026-04-01T20:32:46","modified_gmt":"2026-04-02T03:32:46","slug":"shiseido-senka-perfect-whip-foam-cleanser","status":"publish","type":"product","link":"https:\/\/www.galaxy-i.com\/fr\/product\/shiseido-senka-perfect-whip-foam-cleanser\/","title":{"rendered":"Nettoyant Mousse Fouett\u00e9e Parfaite SHISEIDO SENKA (120 g)"},"content":{"rendered":"<div data-elementor-type=\"product-post\" data-elementor-id=\"5657\" class=\"elementor elementor-5657\" data-elementor-post-type=\"product\">\n\t\t\t\t<div class=\"wd-negative-gap elementor-element elementor-element-659e775d e-flex e-con-boxed e-con e-parent\" data-id=\"659e775d\" data-element_type=\"container\">\n\t\t\t\t\t<div class=\"e-con-inner\">\n\t\t\t\t<div class=\"elementor-element elementor-element-59d44479 color-scheme-inherit text-left elementor-widget elementor-widget-text-editor\" data-id=\"59d44479\" data-element_type=\"widget\" data-widget_type=\"text-editor.default\">\n\t\t\t\t\t\t\t\t\t<p>SHISEIDO SENKA Perfect Whip Foam Cleanser est un nettoyant visage \u00e0 la micro-mousse ultra-dense qui \u00e9limine les impuret\u00e9s oxyd\u00e9es pi\u00e9g\u00e9es dans les pores et aide \u00e0 affiner le grain de la peau \u00e0 chaque nettoyage.<\/p><p>Mousse microscopique qui nettoie les pores en profondeur et affine le grain de peau \u00e0 chaque lavage.<\/p>\t\t\t\t\t\t\t\t<\/div>\n\t\t\t\t<div class=\"elementor-element elementor-element-270283f elementor-widget elementor-widget-heading\" data-id=\"270283f\" data-element_type=\"widget\" data-widget_type=\"heading.default\">\n\t\t\t\t\t<h5 class=\"elementor-heading-title elementor-size-default\">Montant<\/h5>\t\t\t\t<\/div>\n\t\t\t\t<div class=\"elementor-element elementor-element-a04c28a elementor-widget elementor-widget-wd_text_block\" data-id=\"a04c28a\" data-element_type=\"widget\" data-widget_type=\"wd_text_block.default\">\n\t\t\t\t<div class=\"elementor-widget-container\">\n\t\t\t\t\t\t\t<div class=\"wd-text-block reset-last-child text-left\">\n\t\t\t\n\t\t\t<p>120g<\/p>\n\t\t\t\t\t<\/div>\n\t\t\t\t\t\t<\/div>\n\t\t\t\t<\/div>\n\t\t\t\t<div class=\"elementor-element elementor-element-5051b5f elementor-widget elementor-widget-heading\" data-id=\"5051b5f\" data-element_type=\"widget\" data-widget_type=\"heading.default\">\n\t\t\t\t\t<h5 class=\"elementor-heading-title elementor-size-default\">Pays d'origine<\/h5>\t\t\t\t<\/div>\n\t\t\t\t<div class=\"elementor-element elementor-element-f540112 elementor-widget elementor-widget-wd_text_block\" data-id=\"f540112\" data-element_type=\"widget\" data-widget_type=\"wd_text_block.default\">\n\t\t\t\t<div class=\"elementor-widget-container\">\n\t\t\t\t\t\t\t<div class=\"wd-text-block reset-last-child text-left\">\n\t\t\t\n\t\t\t<p>Japon<\/p>\n\t\t\t\t\t<\/div>\n\t\t\t\t\t\t<\/div>\n\t\t\t\t<\/div>\n\t\t\t\t<div class=\"elementor-element elementor-element-abf617b elementor-widget elementor-widget-heading\" data-id=\"abf617b\" data-element_type=\"widget\" data-widget_type=\"heading.default\">\n\t\t\t\t\t<h5 class=\"elementor-heading-title elementor-size-default\">Comment utiliser<\/h5>\t\t\t\t<\/div>\n\t\t\t\t<div class=\"elementor-element elementor-element-2b19e03 elementor-widget elementor-widget-wd_text_block\" data-id=\"2b19e03\" data-element_type=\"widget\" data-widget_type=\"wd_text_block.default\">\n\t\t\t\t<div class=\"elementor-widget-container\">\n\t\t\t\t\t\t\t<div class=\"wd-text-block reset-last-child text-left\">\n\t\t\t\n\t\t\t<p>Utilisez ce nettoyant matin et soir. Mettez une petite quantit\u00e9 de produit dans le creux de votre main. Faites mousser avec de l'eau. Massez la mousse sur le visage en faisant des mouvements circulaires. Rincez \u00e0 l'eau ti\u00e8de apr\u00e8s avoir nettoy\u00e9 votre peau.<\/p>\n\t\t\t\t\t<\/div>\n\t\t\t\t\t\t<\/div>\n\t\t\t\t<\/div>\n\t\t\t\t<div class=\"elementor-element elementor-element-00f6c06 elementor-widget elementor-widget-heading\" data-id=\"00f6c06\" data-element_type=\"widget\" data-widget_type=\"heading.default\">\n\t\t\t\t\t<h5 class=\"elementor-heading-title elementor-size-default\">Ingr\u00e9dients<\/h5>\t\t\t\t<\/div>\n\t\t\t\t<div class=\"elementor-element elementor-element-570365a elementor-widget elementor-widget-wd_text_block\" data-id=\"570365a\" data-element_type=\"widget\" data-widget_type=\"wd_text_block.default\">\n\t\t\t\t<div class=\"elementor-widget-container\">\n\t\t\t\t\t\t\t<div class=\"wd-text-block reset-last-child text-left\">\n\t\t\t\n\t\t\t<p>Eau, acide st\u00e9arique, PEG-8, acide myristique, hydroxyde de potassium, glyc\u00e9rine, acide laurique, \u00e9thanol, butyl\u00e8ne glycol, st\u00e9arate de glyc\u00e9ryle (SE), polyquaternium-7, hyaluronate de sodium, s\u00e9ricine, ac\u00e9tyle hyaluronate de sodium, soie hydrolys\u00e9e, EDTA-2Na, pyrosulfate de sodium, acide citrique, acide sorbique de potassium, benzoate de sodium, parfum<\/p>\n\t\t\t\t\t<\/div>\n\t\t\t\t\t\t<\/div>\n\t\t\t\t<\/div>\n\t\t\t\t\t<\/div>\n\t\t\t\t<\/div>\n\t\t\t\t<\/div>","protected":false},"excerpt":{"rendered":"<p>SHISEIDO SENKA Perfect Whip Foam Cleanser est un nettoyant visage \u00e0 la micro-mousse ultra-dense qui \u00e9limine les impuret\u00e9s oxyd\u00e9es pi\u00e9g\u00e9es dans les pores.<\/p>","protected":false},"featured_media":5658,"template":"","meta":[],"product_brand":[699],"product_cat":[651,206,461,476,532,934],"product_tag":[1027,997,1083,1082],"class_list":{"0":"post-5657","1":"product","2":"type-product","3":"status-publish","4":"has-post-thumbnail","6":"product_brand-shiseido","7":"product_cat-all","8":"product_cat-asian_cosmetics","9":"product_cat-jbeauty","10":"product_cat-skin","11":"product_cat-skin-care-jbeauty","12":"product_cat-soap-cleanser","13":"product_tag-cleanser","14":"product_tag-cleansing-foam","15":"product_tag-senka","16":"product_tag-shiseido-cleanser","18":"first","19":"instock","20":"taxable","21":"shipping-taxable","22":"purchasable","23":"product-type-simple"},"aioseo_notices":[],"_links":{"self":[{"href":"https:\/\/www.galaxy-i.com\/fr\/wp-json\/wp\/v2\/product\/5657","targetHints":{"allow":["GET"]}}],"collection":[{"href":"https:\/\/www.galaxy-i.com\/fr\/wp-json\/wp\/v2\/product"}],"about":[{"href":"https:\/\/www.galaxy-i.com\/fr\/wp-json\/wp\/v2\/types\/product"}],"version-history":[{"count":1,"href":"https:\/\/www.galaxy-i.com\/fr\/wp-json\/wp\/v2\/product\/5657\/revisions"}],"predecessor-version":[{"id":7393,"href":"https:\/\/www.galaxy-i.com\/fr\/wp-json\/wp\/v2\/product\/5657\/revisions\/7393"}],"wp:featuredmedia":[{"embeddable":true,"href":"https:\/\/www.galaxy-i.com\/fr\/wp-json\/wp\/v2\/media\/5658"}],"wp:attachment":[{"href":"https:\/\/www.galaxy-i.com\/fr\/wp-json\/wp\/v2\/media?parent=5657"}],"wp:term":[{"taxonomy":"product_brand","embeddable":true,"href":"https:\/\/www.galaxy-i.com\/fr\/wp-json\/wp\/v2\/product_brand?post=5657"},{"taxonomy":"product_cat","embeddable":true,"href":"https:\/\/www.galaxy-i.com\/fr\/wp-json\/wp\/v2\/product_cat?post=5657"},{"taxonomy":"product_tag","embeddable":true,"href":"https:\/\/www.galaxy-i.com\/fr\/wp-json\/wp\/v2\/product_tag?post=5657"}],"curies":[{"name":"wp","href":"https:\/\/api.w.org\/{rel}","templated":true}]}}