{"id":5609,"date":"2025-11-27T02:19:08","date_gmt":"2025-11-27T10:19:08","guid":{"rendered":"https:\/\/www.galaxy-i.com\/?post_type=product&#038;p=5609"},"modified":"2026-04-01T20:32:46","modified_gmt":"2026-04-02T03:32:46","slug":"rohto-hada-labo-hyaluronic-acid-cream","status":"publish","type":"product","link":"https:\/\/www.galaxy-i.com\/fr\/product\/rohto-hada-labo-hyaluronic-acid-cream\/","title":{"rendered":"ROHTO Hada Labo Cr\u00e8me \u00e0 l'acide hyaluronique (50 g)"},"content":{"rendered":"<div data-elementor-type=\"product-post\" data-elementor-id=\"5609\" class=\"elementor elementor-5609\" data-elementor-post-type=\"product\">\n\t\t\t\t<div class=\"wd-negative-gap elementor-element elementor-element-659e775d e-flex e-con-boxed e-con e-parent\" data-id=\"659e775d\" data-element_type=\"container\">\n\t\t\t\t\t<div class=\"e-con-inner\">\n\t\t\t\t<div class=\"elementor-element elementor-element-59d44479 color-scheme-inherit text-left elementor-widget elementor-widget-text-editor\" data-id=\"59d44479\" data-element_type=\"widget\" data-widget_type=\"text-editor.default\">\n\t\t\t\t\t\t\t\t\t<p>La cr\u00e8me \u00e0 l'acide hyaluronique ROHTO Hada Labo est formul\u00e9e \u00e0 partir d'ingr\u00e9dients hydratants issus de la technologie de fermentation, notamment le ferment Lactobacillus\/acide hyaluronique. Cette cr\u00e8me rebondissante et g\u00e9latineuse hydrate en profondeur et laisse la peau douce, souple et coussin\u00e9e.<\/p>\t\t\t\t\t\t\t\t<\/div>\n\t\t\t\t<div class=\"elementor-element elementor-element-33b9dcd elementor-widget elementor-widget-heading\" data-id=\"33b9dcd\" data-element_type=\"widget\" data-widget_type=\"heading.default\">\n\t\t\t\t\t<h5 class=\"elementor-heading-title elementor-size-default\">Montant<\/h5>\t\t\t\t<\/div>\n\t\t\t\t<div class=\"elementor-element elementor-element-1a429a7 elementor-widget elementor-widget-wd_text_block\" data-id=\"1a429a7\" data-element_type=\"widget\" data-widget_type=\"wd_text_block.default\">\n\t\t\t\t<div class=\"elementor-widget-container\">\n\t\t\t\t\t\t\t<div class=\"wd-text-block reset-last-child text-left\">\n\t\t\t\n\t\t\t<p>50g<\/p>\n\t\t\t\t\t<\/div>\n\t\t\t\t\t\t<\/div>\n\t\t\t\t<\/div>\n\t\t\t\t<div class=\"elementor-element elementor-element-d431c3b elementor-widget elementor-widget-heading\" data-id=\"d431c3b\" data-element_type=\"widget\" data-widget_type=\"heading.default\">\n\t\t\t\t\t<h5 class=\"elementor-heading-title elementor-size-default\">Pays d'origine<\/h5>\t\t\t\t<\/div>\n\t\t\t\t<div class=\"elementor-element elementor-element-477feb0 elementor-widget elementor-widget-wd_text_block\" data-id=\"477feb0\" data-element_type=\"widget\" data-widget_type=\"wd_text_block.default\">\n\t\t\t\t<div class=\"elementor-widget-container\">\n\t\t\t\t\t\t\t<div class=\"wd-text-block reset-last-child text-left\">\n\t\t\t\n\t\t\t<p>Japon<\/p>\n\t\t\t\t\t<\/div>\n\t\t\t\t\t\t<\/div>\n\t\t\t\t<\/div>\n\t\t\t\t<div class=\"elementor-element elementor-element-488dfc1 elementor-widget elementor-widget-heading\" data-id=\"488dfc1\" data-element_type=\"widget\" data-widget_type=\"heading.default\">\n\t\t\t\t\t<h5 class=\"elementor-heading-title elementor-size-default\">Comment utiliser<\/h5>\t\t\t\t<\/div>\n\t\t\t\t<div class=\"elementor-element elementor-element-21522e7 elementor-widget elementor-widget-wd_text_block\" data-id=\"21522e7\" data-element_type=\"widget\" data-widget_type=\"wd_text_block.default\">\n\t\t\t\t<div class=\"elementor-widget-container\">\n\t\t\t\t\t\t\t<div class=\"wd-text-block reset-last-child text-left\">\n\t\t\t\n\t\t\t<p>Apr\u00e8s avoir nettoy\u00e9 votre visage, pr\u00e9levez une quantit\u00e9 appropri\u00e9e de cr\u00e8me et appliquez-la d\u00e9licatement sur votre visage.<\/p>\n\t\t\t\t\t<\/div>\n\t\t\t\t\t\t<\/div>\n\t\t\t\t<\/div>\n\t\t\t\t<div class=\"elementor-element elementor-element-2e24280 elementor-widget elementor-widget-heading\" data-id=\"2e24280\" data-element_type=\"widget\" data-widget_type=\"heading.default\">\n\t\t\t\t\t<h5 class=\"elementor-heading-title elementor-size-default\">Ingr\u00e9dients<\/h5>\t\t\t\t<\/div>\n\t\t\t\t<div class=\"elementor-element elementor-element-ff3e0f3 elementor-widget elementor-widget-wd_text_block\" data-id=\"ff3e0f3\" data-element_type=\"widget\" data-widget_type=\"wd_text_block.default\">\n\t\t\t\t<div class=\"elementor-widget-container\">\n\t\t\t\t\t\t\t<div class=\"wd-text-block reset-last-child text-left\">\n\t\t\t\n\t\t\t<p>Eau, glyc\u00e9rine, dipropyl\u00e8ne glycol, diglyc\u00e9rine, pentyl\u00e8ne glycol, hyaluronate de sodium, acide hyaluronique hydrolys\u00e9, ac\u00e9tylabryl hyaluronate de sodium, acide hyaluronique ac\u00e9tyl\u00e9nique, butyl\u00e8ne glycol, triglyc\u00e9ride caprylique\/caurique, polyd\u00e9c\u00e8ne hydrog\u00e9n\u00e9, carbom\u00e8re, tri\u00e9thanolamine, isoct\u00e9arate de PEG-20 sirbitan, st\u00e9arate de glyc\u00e9ryle, pentylst\u00e9arate de sodium, m\u00e9thicone, EDTA disodique, lauroyl glyc\u00e9rol de ph\u00e9nylbutyrate, alcool st\u00e9arylique, chlorhydrate de b\u00e9h\u00e9nyle, ph\u00e9noxy\u00e9thanol.<\/p>\n\t\t\t\t\t<\/div>\n\t\t\t\t\t\t<\/div>\n\t\t\t\t<\/div>\n\t\t\t\t\t<\/div>\n\t\t\t\t<\/div>\n\t\t\t\t<\/div>","protected":false},"excerpt":{"rendered":"<p>La cr\u00e8me \u00e0 l'acide hyaluronique ROHTO Hada Labo est formul\u00e9e \u00e0 partir d'ingr\u00e9dients hydratants issus de la technologie de la fermentation.<\/p>","protected":false},"featured_media":5610,"template":"","meta":[],"product_brand":[700],"product_cat":[651,206,461,738,476,532],"product_tag":[1079,1025,839],"class_list":{"0":"post-5609","1":"product","2":"type-product","3":"status-publish","4":"has-post-thumbnail","6":"product_brand-rohto","7":"product_cat-all","8":"product_cat-asian_cosmetics","9":"product_cat-jbeauty","10":"product_cat-moisturizer","11":"product_cat-skin","12":"product_cat-skin-care-jbeauty","13":"product_tag-acid-cream","14":"product_tag-cream","15":"product_tag-rohto-hada-labo-hyaluronic-acid-cream","17":"first","18":"instock","19":"taxable","20":"shipping-taxable","21":"purchasable","22":"product-type-simple"},"aioseo_notices":[],"_links":{"self":[{"href":"https:\/\/www.galaxy-i.com\/fr\/wp-json\/wp\/v2\/product\/5609","targetHints":{"allow":["GET"]}}],"collection":[{"href":"https:\/\/www.galaxy-i.com\/fr\/wp-json\/wp\/v2\/product"}],"about":[{"href":"https:\/\/www.galaxy-i.com\/fr\/wp-json\/wp\/v2\/types\/product"}],"version-history":[{"count":1,"href":"https:\/\/www.galaxy-i.com\/fr\/wp-json\/wp\/v2\/product\/5609\/revisions"}],"predecessor-version":[{"id":7389,"href":"https:\/\/www.galaxy-i.com\/fr\/wp-json\/wp\/v2\/product\/5609\/revisions\/7389"}],"wp:featuredmedia":[{"embeddable":true,"href":"https:\/\/www.galaxy-i.com\/fr\/wp-json\/wp\/v2\/media\/5610"}],"wp:attachment":[{"href":"https:\/\/www.galaxy-i.com\/fr\/wp-json\/wp\/v2\/media?parent=5609"}],"wp:term":[{"taxonomy":"product_brand","embeddable":true,"href":"https:\/\/www.galaxy-i.com\/fr\/wp-json\/wp\/v2\/product_brand?post=5609"},{"taxonomy":"product_cat","embeddable":true,"href":"https:\/\/www.galaxy-i.com\/fr\/wp-json\/wp\/v2\/product_cat?post=5609"},{"taxonomy":"product_tag","embeddable":true,"href":"https:\/\/www.galaxy-i.com\/fr\/wp-json\/wp\/v2\/product_tag?post=5609"}],"curies":[{"name":"wp","href":"https:\/\/api.w.org\/{rel}","templated":true}]}}