{"id":5576,"date":"2025-11-27T00:52:12","date_gmt":"2025-11-27T08:52:12","guid":{"rendered":"https:\/\/www.galaxy-i.com\/?post_type=product&#038;p=5576"},"modified":"2026-04-01T20:32:46","modified_gmt":"2026-04-02T03:32:46","slug":"honeyque-deep-repair-honey-protein-hair-oil","status":"publish","type":"product","link":"https:\/\/www.galaxy-i.com\/fr\/product\/honeyque-deep-repair-honey-protein-hair-oil\/","title":{"rendered":"Huile capillaire r\u00e9paratrice intense au miel et aux prot\u00e9ines BOTTLE WORKS HONEYQUE (100 ml)"},"content":{"rendered":"<div data-elementor-type=\"product-post\" data-elementor-id=\"5576\" class=\"elementor elementor-5576\" data-elementor-post-type=\"product\">\n\t\t\t\t<div class=\"wd-negative-gap elementor-element elementor-element-659e775d e-flex e-con-boxed e-con e-parent\" data-id=\"659e775d\" data-element_type=\"container\">\n\t\t\t\t\t<div class=\"e-con-inner\">\n\t\t\t\t<div class=\"elementor-element elementor-element-59d44479 color-scheme-inherit text-left elementor-widget elementor-widget-text-editor\" data-id=\"59d44479\" data-element_type=\"widget\" data-widget_type=\"text-editor.default\">\n\t\t\t\t\t\t\t\t\t<p>BOTTLE WORKS HONEYQUE Deep Repair Honey + Protein Hair Oil - Senteur Aqua Blossom Honey.<\/p><ul><li>Peut \u00eatre m\u00e9lang\u00e9 \u00e0 un traitement capillaire<\/li><li>Une huile capillaire r\u00e9volutionnaire personnalisable \u00e0 double sens<\/li><li>Un type de cheveux riche et hydratant qui soigne m\u00eame les cheveux tr\u00e8s ab\u00eem\u00e9s.<\/li><\/ul>\t\t\t\t\t\t\t\t<\/div>\n\t\t\t\t<div class=\"elementor-element elementor-element-d057a77 elementor-widget elementor-widget-heading\" data-id=\"d057a77\" data-element_type=\"widget\" data-widget_type=\"heading.default\">\n\t\t\t\t\t<h5 class=\"elementor-heading-title elementor-size-default\">Montant<\/h5>\t\t\t\t<\/div>\n\t\t\t\t<div class=\"elementor-element elementor-element-d619969 elementor-widget elementor-widget-wd_text_block\" data-id=\"d619969\" data-element_type=\"widget\" data-widget_type=\"wd_text_block.default\">\n\t\t\t\t<div class=\"elementor-widget-container\">\n\t\t\t\t\t\t\t<div class=\"wd-text-block reset-last-child text-left\">\n\t\t\t\n\t\t\t<p>100ml<\/p>\n\t\t\t\t\t<\/div>\n\t\t\t\t\t\t<\/div>\n\t\t\t\t<\/div>\n\t\t\t\t<div class=\"elementor-element elementor-element-a9c3f3a elementor-widget elementor-widget-heading\" data-id=\"a9c3f3a\" data-element_type=\"widget\" data-widget_type=\"heading.default\">\n\t\t\t\t\t<h5 class=\"elementor-heading-title elementor-size-default\">Pays d'origine<\/h5>\t\t\t\t<\/div>\n\t\t\t\t<div class=\"elementor-element elementor-element-e2950cb elementor-widget elementor-widget-wd_text_block\" data-id=\"e2950cb\" data-element_type=\"widget\" data-widget_type=\"wd_text_block.default\">\n\t\t\t\t<div class=\"elementor-widget-container\">\n\t\t\t\t\t\t\t<div class=\"wd-text-block reset-last-child text-left\">\n\t\t\t\n\t\t\t<p>Japon<\/p>\n\t\t\t\t\t<\/div>\n\t\t\t\t\t\t<\/div>\n\t\t\t\t<\/div>\n\t\t\t\t<div class=\"elementor-element elementor-element-2d4c735 elementor-widget elementor-widget-heading\" data-id=\"2d4c735\" data-element_type=\"widget\" data-widget_type=\"heading.default\">\n\t\t\t\t\t<h5 class=\"elementor-heading-title elementor-size-default\">Comment utiliser<\/h5>\t\t\t\t<\/div>\n\t\t\t\t<div class=\"elementor-element elementor-element-873bd4a elementor-widget elementor-widget-wd_text_block\" data-id=\"873bd4a\" data-element_type=\"widget\" data-widget_type=\"wd_text_block.default\">\n\t\t\t\t<div class=\"elementor-widget-container\">\n\t\t\t\t\t\t\t<div class=\"wd-text-block reset-last-child text-left\">\n\t\t\t\n\t\t\t<p>Versez de l'huile capillaire dans la paume de votre main et massez le cuir chevelu du bout des doigts en effectuant de petits mouvements circulaires au-dessus des oreilles.<\/p>\n\t\t\t\t\t<\/div>\n\t\t\t\t\t\t<\/div>\n\t\t\t\t<\/div>\n\t\t\t\t<div class=\"elementor-element elementor-element-9492e76 elementor-widget elementor-widget-heading\" data-id=\"9492e76\" data-element_type=\"widget\" data-widget_type=\"heading.default\">\n\t\t\t\t\t<h5 class=\"elementor-heading-title elementor-size-default\">Ingr\u00e9dients<\/h5>\t\t\t\t<\/div>\n\t\t\t\t<div class=\"elementor-element elementor-element-53775fb elementor-widget elementor-widget-wd_text_block\" data-id=\"53775fb\" data-element_type=\"widget\" data-widget_type=\"wd_text_block.default\">\n\t\t\t\t<div class=\"elementor-widget-container\">\n\t\t\t\t\t\t\t<div class=\"wd-text-block reset-last-child text-left\">\n\t\t\t\n\t\t\t<p>Cyclopentasiloxane, dim\u00e9thicone, triglyc\u00e9ride caprylique\/caprique, dim\u00e9thiconol, amodim\u00e9thicone, isononanoate d'isononyle, lauroyl glutamate de phytost\u00e9ryl\/octyldod\u00e9cyle, \u00e9thylhexylglyc\u00e9rine, parfum, eau, huile de graines de Sclerocarya birrea, s\u00e9bacate de di\u00e9thyle, estolide de limnanthe, huile de noyau de Persea gratissima niaca (abricot), huile d'avocat, bis-\u00e9thoxydiglycol cyclohexane 1,4-dicarboxylate de Prunus armeniaca, delta-lactone de limnanthe, acide isost\u00e9arique, alcool isost\u00e9arylique, polym\u00e8re crois\u00e9 de soie hydrolys\u00e9e PG-propyl m\u00e9thylsilanediol, k\u00e9ratine hydrolys\u00e9e isost\u00e9aroyl\u00e9e, soie hydrolys\u00e9e isost\u00e9aroyl\u00e9e, prot\u00e9ine de gel\u00e9e royale hydrolys\u00e9e, cholest\u00e9rol, lanoline Acide, ph\u00e9noxy\u00e9thanol, tocoph\u00e9rol, aminopropyl dim\u00e9thicone, miel, isost\u00e9aroyle hydrolys\u00e9<\/p>\n\t\t\t\t\t<\/div>\n\t\t\t\t\t\t<\/div>\n\t\t\t\t<\/div>\n\t\t\t\t\t<\/div>\n\t\t\t\t<\/div>\n\t\t\t\t<\/div>","protected":false},"excerpt":{"rendered":"<p>BOTTLE WORKS HONEYQUE Deep Repair Honey + Protein Hair Oil - Senteur Aqua Blossom Honey. Un type d'huile riche et hydratante qui soigne m\u00eame les cheveux tr\u00e8s ab\u00eem\u00e9s.<\/p>","protected":false},"featured_media":5577,"template":"","meta":[],"product_brand":[698],"product_cat":[651,206,465,697,461],"product_tag":[1023,844],"class_list":{"0":"post-5576","1":"product","2":"type-product","3":"status-publish","4":"has-post-thumbnail","6":"product_brand-honeyque","7":"product_cat-all","8":"product_cat-asian_cosmetics","9":"product_cat-j_hair","10":"product_cat-hair-care","11":"product_cat-jbeauty","12":"product_tag-hair-oil","13":"product_tag-honeyque-deep-repair-hair-oil","15":"first","16":"instock","17":"taxable","18":"shipping-taxable","19":"purchasable","20":"product-type-simple"},"aioseo_notices":[],"_links":{"self":[{"href":"https:\/\/www.galaxy-i.com\/fr\/wp-json\/wp\/v2\/product\/5576","targetHints":{"allow":["GET"]}}],"collection":[{"href":"https:\/\/www.galaxy-i.com\/fr\/wp-json\/wp\/v2\/product"}],"about":[{"href":"https:\/\/www.galaxy-i.com\/fr\/wp-json\/wp\/v2\/types\/product"}],"version-history":[{"count":1,"href":"https:\/\/www.galaxy-i.com\/fr\/wp-json\/wp\/v2\/product\/5576\/revisions"}],"predecessor-version":[{"id":7386,"href":"https:\/\/www.galaxy-i.com\/fr\/wp-json\/wp\/v2\/product\/5576\/revisions\/7386"}],"wp:featuredmedia":[{"embeddable":true,"href":"https:\/\/www.galaxy-i.com\/fr\/wp-json\/wp\/v2\/media\/5577"}],"wp:attachment":[{"href":"https:\/\/www.galaxy-i.com\/fr\/wp-json\/wp\/v2\/media?parent=5576"}],"wp:term":[{"taxonomy":"product_brand","embeddable":true,"href":"https:\/\/www.galaxy-i.com\/fr\/wp-json\/wp\/v2\/product_brand?post=5576"},{"taxonomy":"product_cat","embeddable":true,"href":"https:\/\/www.galaxy-i.com\/fr\/wp-json\/wp\/v2\/product_cat?post=5576"},{"taxonomy":"product_tag","embeddable":true,"href":"https:\/\/www.galaxy-i.com\/fr\/wp-json\/wp\/v2\/product_tag?post=5576"}],"curies":[{"name":"wp","href":"https:\/\/api.w.org\/{rel}","templated":true}]}}