{"id":5413,"date":"2025-11-20T01:10:45","date_gmt":"2025-11-20T09:10:45","guid":{"rendered":"https:\/\/www.galaxy-i.com\/?post_type=product&#038;p=5413"},"modified":"2026-03-20T00:25:16","modified_gmt":"2026-03-20T07:25:16","slug":"kryolan-eye-blood","status":"publish","type":"product","link":"https:\/\/www.galaxy-i.com\/fr\/product\/kryolan-eye-blood\/","title":{"rendered":"Blood eye Kryolan (20 ml)"},"content":{"rendered":"<div data-elementor-type=\"product-post\" data-elementor-id=\"5413\" class=\"elementor elementor-5413\" data-elementor-post-type=\"product\">\n\t\t\t\t<div class=\"wd-negative-gap elementor-element elementor-element-659e775d e-flex e-con-boxed e-con e-parent\" data-id=\"659e775d\" data-element_type=\"container\">\n\t\t\t\t\t<div class=\"e-con-inner\">\n\t\t\t\t<div class=\"elementor-element elementor-element-59d44479 color-scheme-inherit text-left elementor-widget elementor-widget-text-editor\" data-id=\"59d44479\" data-element_type=\"widget\" data-widget_type=\"text-editor.default\">\n\t\t\t\t\t\t\t\t\t<p>Kryolan Eye Blood \u00e0 utiliser dans le contour des yeux pour les effets sp\u00e9ciaux au cin\u00e9ma, au th\u00e9\u00e2tre ou pour Halloween.<br data-start=\"184\" data-end=\"187\" \/>* Ne pas utiliser en cas d'irritation oculaire ou avec des verres de contact.<br data-start=\"238\" data-end=\"241\" \/>* Ne pas utiliser plus d'un mois apr\u00e8s la premi\u00e8re ouverture.<\/p><p><em><strong>En raison des sp\u00e9cifications du produit, seule la livraison terrestre au Canada est offerte. Les commandes internationales ne seront pas trait\u00e9es et seront annul\u00e9es.<\/strong><\/em><\/p>\t\t\t\t\t\t\t\t<\/div>\n\t\t\t\t<div class=\"elementor-element elementor-element-5c112c9 elementor-widget elementor-widget-heading\" data-id=\"5c112c9\" data-element_type=\"widget\" data-widget_type=\"heading.default\">\n\t\t\t\t\t<h5 class=\"elementor-heading-title elementor-size-default\">Montant<\/h5>\t\t\t\t<\/div>\n\t\t\t\t<div class=\"elementor-element elementor-element-493eeac elementor-widget elementor-widget-wd_text_block\" data-id=\"493eeac\" data-element_type=\"widget\" data-widget_type=\"wd_text_block.default\">\n\t\t\t\t<div class=\"elementor-widget-container\">\n\t\t\t\t\t\t\t<div class=\"wd-text-block reset-last-child text-left\">\n\t\t\t\n\t\t\t<p>20ml<\/p>\n\t\t\t\t\t<\/div>\n\t\t\t\t\t\t<\/div>\n\t\t\t\t<\/div>\n\t\t\t\t<div class=\"elementor-element elementor-element-f27a69c elementor-widget elementor-widget-heading\" data-id=\"f27a69c\" data-element_type=\"widget\" data-widget_type=\"heading.default\">\n\t\t\t\t\t<h5 class=\"elementor-heading-title elementor-size-default\">Pays d'origine<\/h5>\t\t\t\t<\/div>\n\t\t\t\t<div class=\"elementor-element elementor-element-ffb99d4 elementor-widget elementor-widget-wd_text_block\" data-id=\"ffb99d4\" data-element_type=\"widget\" data-widget_type=\"wd_text_block.default\">\n\t\t\t\t<div class=\"elementor-widget-container\">\n\t\t\t\t\t\t\t<div class=\"wd-text-block reset-last-child text-left\">\n\t\t\t\n\t\t\t<p>Allemagne<\/p>\n\t\t\t\t\t<\/div>\n\t\t\t\t\t\t<\/div>\n\t\t\t\t<\/div>\n\t\t\t\t<div class=\"elementor-element elementor-element-5e0db85 elementor-widget elementor-widget-heading\" data-id=\"5e0db85\" data-element_type=\"widget\" data-widget_type=\"heading.default\">\n\t\t\t\t\t<h5 class=\"elementor-heading-title elementor-size-default\">Ingr\u00e9dients<\/h5>\t\t\t\t<\/div>\n\t\t\t\t<div class=\"elementor-element elementor-element-3cdaa70 elementor-widget elementor-widget-wd_text_block\" data-id=\"3cdaa70\" data-element_type=\"widget\" data-widget_type=\"wd_text_block.default\">\n\t\t\t\t<div class=\"elementor-widget-container\">\n\t\t\t\t\t\t\t<div class=\"wd-text-block reset-last-child text-left\">\n\t\t\t\n\t\t\t<p>Aqua (eau), gomme de cellulose, PVP, thiomersal, chlorure de sodium, sulfate de sodium et peut contenir : [+\/- Rouge 40 CI 16035, Jaune 5 CI 19140, Bleu 1 CI 42090 (UE seulement\/only : CI 14720, CI 16255)]<\/p>\n\t\t\t\t\t<\/div>\n\t\t\t\t\t\t<\/div>\n\t\t\t\t<\/div>\n\t\t\t\t\t<\/div>\n\t\t\t\t<\/div>\n\t\t\t\t<\/div>","protected":false},"excerpt":{"rendered":"<p>Kryolan Eye Blood s'utilise dans le contour des yeux pour les effets sp\u00e9ciaux au cin\u00e9ma, au th\u00e9\u00e2tre ou pour Halloween. Ne pas utiliser dans des yeux irrit\u00e9s ou avec des lentilles de contact.<\/p>","protected":false},"featured_media":5416,"template":"","meta":[],"product_brand":[664],"product_cat":[651,480,342],"product_tag":[1012,1015,860],"class_list":{"0":"post-5413","1":"product","2":"type-product","3":"status-publish","4":"has-post-thumbnail","6":"product_brand-kryolan","7":"product_cat-all","8":"product_cat-blood","9":"product_cat-sfx","10":"product_tag-blood","11":"product_tag-eyeblood","12":"product_tag-kryolan-eye-blood","13":"pa_color_model-black","14":"pa_color_model-red","16":"first","17":"instock","18":"sale","19":"taxable","20":"shipping-taxable","21":"purchasable","22":"product-type-variable"},"aioseo_notices":[],"_links":{"self":[{"href":"https:\/\/www.galaxy-i.com\/fr\/wp-json\/wp\/v2\/product\/5413","targetHints":{"allow":["GET"]}}],"collection":[{"href":"https:\/\/www.galaxy-i.com\/fr\/wp-json\/wp\/v2\/product"}],"about":[{"href":"https:\/\/www.galaxy-i.com\/fr\/wp-json\/wp\/v2\/types\/product"}],"version-history":[{"count":1,"href":"https:\/\/www.galaxy-i.com\/fr\/wp-json\/wp\/v2\/product\/5413\/revisions"}],"predecessor-version":[{"id":7377,"href":"https:\/\/www.galaxy-i.com\/fr\/wp-json\/wp\/v2\/product\/5413\/revisions\/7377"}],"wp:featuredmedia":[{"embeddable":true,"href":"https:\/\/www.galaxy-i.com\/fr\/wp-json\/wp\/v2\/media\/5416"}],"wp:attachment":[{"href":"https:\/\/www.galaxy-i.com\/fr\/wp-json\/wp\/v2\/media?parent=5413"}],"wp:term":[{"taxonomy":"product_brand","embeddable":true,"href":"https:\/\/www.galaxy-i.com\/fr\/wp-json\/wp\/v2\/product_brand?post=5413"},{"taxonomy":"product_cat","embeddable":true,"href":"https:\/\/www.galaxy-i.com\/fr\/wp-json\/wp\/v2\/product_cat?post=5413"},{"taxonomy":"product_tag","embeddable":true,"href":"https:\/\/www.galaxy-i.com\/fr\/wp-json\/wp\/v2\/product_tag?post=5413"}],"curies":[{"name":"wp","href":"https:\/\/api.w.org\/{rel}","templated":true}]}}