{"id":5373,"date":"2025-11-19T21:17:52","date_gmt":"2025-11-20T05:17:52","guid":{"rendered":"https:\/\/www.galaxy-i.com\/?post_type=product&#038;p=5373"},"modified":"2026-03-20T00:00:04","modified_gmt":"2026-03-20T07:00:04","slug":"blossom-scented-cuticle-oil","status":"publish","type":"product","link":"https:\/\/www.galaxy-i.com\/fr\/product\/blossom-scented-cuticle-oil\/","title":{"rendered":"Huile pour cuticules parfum\u00e9e aux fleurs (27,3 ml)"},"content":{"rendered":"<div data-elementor-type=\"product-post\" data-elementor-id=\"5373\" class=\"elementor elementor-5373\" data-elementor-post-type=\"product\">\n\t\t\t\t<div class=\"wd-negative-gap elementor-element elementor-element-659e775d e-flex e-con-boxed e-con e-parent\" data-id=\"659e775d\" data-element_type=\"container\">\n\t\t\t\t\t<div class=\"e-con-inner\">\n\t\t\t\t<div class=\"elementor-element elementor-element-59d44479 color-scheme-inherit text-left elementor-widget elementor-widget-text-editor\" data-id=\"59d44479\" data-element_type=\"widget\" data-widget_type=\"text-editor.default\">\n\t\t\t\t\t\t\t\t\t<p dir=\"ltr\">Huile pour cuticules parfum\u00e9e \u00e0 la fleur i<span class=\"metafield-multi_line_text_field\">nfus\u00e9 avec des fleurs naturelles s\u00e9ch\u00e9es, ce m\u00e9lange d'huiles nourrissantes adoucit et soigne vos cuticules et restaure vos ongles.<\/span><\/p>\t\t\t\t\t\t\t\t<\/div>\n\t\t\t\t<div class=\"elementor-element elementor-element-8e89bfd elementor-widget elementor-widget-heading\" data-id=\"8e89bfd\" data-element_type=\"widget\" data-widget_type=\"heading.default\">\n\t\t\t\t\t<h5 class=\"elementor-heading-title elementor-size-default\">Montant<\/h5>\t\t\t\t<\/div>\n\t\t\t\t<div class=\"elementor-element elementor-element-7e0de0d elementor-widget elementor-widget-wd_text_block\" data-id=\"7e0de0d\" data-element_type=\"widget\" data-widget_type=\"wd_text_block.default\">\n\t\t\t\t<div class=\"elementor-widget-container\">\n\t\t\t\t\t\t\t<div class=\"wd-text-block reset-last-child text-left\">\n\t\t\t\n\t\t\t<p>27.3ml<\/p>\n\t\t\t\t\t<\/div>\n\t\t\t\t\t\t<\/div>\n\t\t\t\t<\/div>\n\t\t\t\t<div class=\"elementor-element elementor-element-4e233e0 elementor-widget elementor-widget-heading\" data-id=\"4e233e0\" data-element_type=\"widget\" data-widget_type=\"heading.default\">\n\t\t\t\t\t<h5 class=\"elementor-heading-title elementor-size-default\">Pays d'origine<\/h5>\t\t\t\t<\/div>\n\t\t\t\t<div class=\"elementor-element elementor-element-938cf73 elementor-widget elementor-widget-wd_text_block\" data-id=\"938cf73\" data-element_type=\"widget\" data-widget_type=\"wd_text_block.default\">\n\t\t\t\t<div class=\"elementor-widget-container\">\n\t\t\t\t\t\t\t<div class=\"wd-text-block reset-last-child text-left\">\n\t\t\t\n\t\t\t<p>\u00c9tats-Unis<\/p>\n\t\t\t\t\t<\/div>\n\t\t\t\t\t\t<\/div>\n\t\t\t\t<\/div>\n\t\t\t\t<div class=\"elementor-element elementor-element-e3d4f21 elementor-widget elementor-widget-heading\" data-id=\"e3d4f21\" data-element_type=\"widget\" data-widget_type=\"heading.default\">\n\t\t\t\t\t<h5 class=\"elementor-heading-title elementor-size-default\">Comment utiliser<\/h5>\t\t\t\t<\/div>\n\t\t\t\t<div class=\"elementor-element elementor-element-eb081e4 elementor-widget elementor-widget-wd_text_block\" data-id=\"eb081e4\" data-element_type=\"widget\" data-widget_type=\"wd_text_block.default\">\n\t\t\t\t<div class=\"elementor-widget-container\">\n\t\t\t\t\t\t\t<div class=\"wd-text-block reset-last-child text-left\">\n\t\t\t\n\t\t\t<p><span class=\"metafield-multi_line_text_field\">Appliquez le produit sur vos cuticules en massant d\u00e9licatement pour fortifier vos ongles et hydrater vos cuticules. Pour de meilleurs r\u00e9sultats, utilisez-le quotidiennement.<\/span><\/p>\n\t\t\t\t\t<\/div>\n\t\t\t\t\t\t<\/div>\n\t\t\t\t<\/div>\n\t\t\t\t<div class=\"elementor-element elementor-element-6cddfcf elementor-widget elementor-widget-heading\" data-id=\"6cddfcf\" data-element_type=\"widget\" data-widget_type=\"heading.default\">\n\t\t\t\t\t<h5 class=\"elementor-heading-title elementor-size-default\">Ingr\u00e9dients<\/h5>\t\t\t\t<\/div>\n\t\t\t\t<div class=\"elementor-element elementor-element-1b6c743 elementor-widget elementor-widget-wd_text_block\" data-id=\"1b6c743\" data-element_type=\"widget\" data-widget_type=\"wd_text_block.default\">\n\t\t\t\t<div class=\"elementor-widget-container\">\n\t\t\t\t\t\t\t<div class=\"wd-text-block reset-last-child text-left\">\n\t\t\t\n\t\t\t<p>Huile min\u00e9rale, parfum, ac\u00e9tate de tocoph\u00e9ryle, alcool ol\u00e9ique<\/p>\n\t\t\t\t\t<\/div>\n\t\t\t\t\t\t<\/div>\n\t\t\t\t<\/div>\n\t\t\t\t\t<\/div>\n\t\t\t\t<\/div>\n\t\t\t\t<\/div>","protected":false},"excerpt":{"rendered":"<p>L'huile pour cuticules Blossom Scented Cuticle Oil infus\u00e9e de fleurs naturelles s\u00e9ch\u00e9es, ce m\u00e9lange d'huiles nourrissantes adoucit et soigne vos cuticules et restaure vos ongles.<\/p>","protected":false},"featured_media":5391,"template":"","meta":[],"product_brand":[660],"product_cat":[651,653,741,652],"product_tag":[864,1010,1011],"class_list":{"0":"post-5373","1":"product","2":"type-product","3":"status-publish","4":"has-post-thumbnail","6":"product_brand-blossom","7":"product_cat-all","8":"product_cat-nailcare","9":"product_cat-nail-oil","10":"product_cat-others","11":"product_tag-blossom-scented-cuticle-oil","12":"product_tag-cuticle-oil","13":"product_tag-nail-oil","15":"first","16":"instock","17":"taxable","18":"shipping-taxable","19":"purchasable","20":"product-type-variable"},"aioseo_notices":[],"_links":{"self":[{"href":"https:\/\/www.galaxy-i.com\/fr\/wp-json\/wp\/v2\/product\/5373","targetHints":{"allow":["GET"]}}],"collection":[{"href":"https:\/\/www.galaxy-i.com\/fr\/wp-json\/wp\/v2\/product"}],"about":[{"href":"https:\/\/www.galaxy-i.com\/fr\/wp-json\/wp\/v2\/types\/product"}],"version-history":[{"count":1,"href":"https:\/\/www.galaxy-i.com\/fr\/wp-json\/wp\/v2\/product\/5373\/revisions"}],"predecessor-version":[{"id":7375,"href":"https:\/\/www.galaxy-i.com\/fr\/wp-json\/wp\/v2\/product\/5373\/revisions\/7375"}],"wp:featuredmedia":[{"embeddable":true,"href":"https:\/\/www.galaxy-i.com\/fr\/wp-json\/wp\/v2\/media\/5391"}],"wp:attachment":[{"href":"https:\/\/www.galaxy-i.com\/fr\/wp-json\/wp\/v2\/media?parent=5373"}],"wp:term":[{"taxonomy":"product_brand","embeddable":true,"href":"https:\/\/www.galaxy-i.com\/fr\/wp-json\/wp\/v2\/product_brand?post=5373"},{"taxonomy":"product_cat","embeddable":true,"href":"https:\/\/www.galaxy-i.com\/fr\/wp-json\/wp\/v2\/product_cat?post=5373"},{"taxonomy":"product_tag","embeddable":true,"href":"https:\/\/www.galaxy-i.com\/fr\/wp-json\/wp\/v2\/product_tag?post=5373"}],"curies":[{"name":"wp","href":"https:\/\/api.w.org\/{rel}","templated":true}]}}