{"id":5275,"date":"2025-11-13T22:02:48","date_gmt":"2025-11-14T06:02:48","guid":{"rendered":"https:\/\/www.galaxy-i.com\/?post_type=product&#038;p=5275"},"modified":"2026-03-19T23:56:44","modified_gmt":"2026-03-20T06:56:44","slug":"mua-approved-precut-soft-latex-makeup-sponges","status":"publish","type":"product","link":"https:\/\/www.galaxy-i.com\/fr\/product\/mua-approved-precut-soft-latex-makeup-sponges\/","title":{"rendered":"\u00c9ponges \u00e0 maquillage en latex souple pr\u00e9d\u00e9coup\u00e9es, approuv\u00e9es par les maquilleurs professionnels (8 triangles)"},"content":{"rendered":"<div data-elementor-type=\"product-post\" data-elementor-id=\"5275\" class=\"elementor elementor-5275\" data-elementor-post-type=\"product\">\n\t\t\t\t<div class=\"wd-negative-gap elementor-element elementor-element-659e775d e-flex e-con-boxed e-con e-parent\" data-id=\"659e775d\" data-element_type=\"container\">\n\t\t\t\t\t<div class=\"e-con-inner\">\n\t\t\t\t<div class=\"elementor-element elementor-element-59d44479 color-scheme-inherit text-left elementor-widget elementor-widget-text-editor\" data-id=\"59d44479\" data-element_type=\"widget\" data-widget_type=\"text-editor.default\">\n\t\t\t\t\t\t\t\t\t<p>Les \u00e9ponges de maquillage pr\u00e9d\u00e9coup\u00e9es en latex souple approuv\u00e9es par MUA sont fabriqu\u00e9es en latex souple, doux pour la peau, parfaites pour une retouche rapide ou une application de maquillage.<\/p><p><span style=\"color: #ffa500;\"><b>Montant <\/b><\/span>8 coins<\/p><p><span style=\"color: #ffa500;\"><b>Taille <\/b><\/span>4,3cm x 3,3cm x 2,3cm<\/p><p><span style=\"color: #ffa500;\"><b>Pays de <span style=\"color: #ffa500;\">Origine<\/span><\/b><\/span> Cor\u00e9e<\/p>\t\t\t\t\t\t\t\t<\/div>\n\t\t\t\t\t<\/div>\n\t\t\t\t<\/div>\n\t\t\t\t<\/div>","protected":false},"excerpt":{"rendered":"<p>Les \u00e9ponges de maquillage pr\u00e9d\u00e9coup\u00e9es en latex souple approuv\u00e9es par MUA sont fabriqu\u00e9es en latex souple, doux pour la peau, parfaites pour une retouche rapide ou une application de maquillage.<\/p>","protected":false},"featured_media":6325,"template":"","meta":[],"product_brand":[648],"product_cat":[357,469,651,483,462,551],"product_tag":[1005,1062],"class_list":{"0":"post-5275","1":"product","2":"type-product","3":"status-publish","4":"has-post-thumbnail","6":"product_brand-mua-approved","7":"product_cat-accessories","8":"product_cat-k_accessories","9":"product_cat-all","10":"product_cat-disposables","11":"product_cat-kbeauty","12":"product_cat-sponges-puffs","13":"product_tag-makeup-sponge","14":"product_tag-sponge","16":"first","17":"instock","18":"taxable","19":"shipping-taxable","20":"purchasable","21":"product-type-simple"},"aioseo_notices":[],"_links":{"self":[{"href":"https:\/\/www.galaxy-i.com\/fr\/wp-json\/wp\/v2\/product\/5275","targetHints":{"allow":["GET"]}}],"collection":[{"href":"https:\/\/www.galaxy-i.com\/fr\/wp-json\/wp\/v2\/product"}],"about":[{"href":"https:\/\/www.galaxy-i.com\/fr\/wp-json\/wp\/v2\/types\/product"}],"version-history":[{"count":1,"href":"https:\/\/www.galaxy-i.com\/fr\/wp-json\/wp\/v2\/product\/5275\/revisions"}],"predecessor-version":[{"id":7372,"href":"https:\/\/www.galaxy-i.com\/fr\/wp-json\/wp\/v2\/product\/5275\/revisions\/7372"}],"wp:featuredmedia":[{"embeddable":true,"href":"https:\/\/www.galaxy-i.com\/fr\/wp-json\/wp\/v2\/media\/6325"}],"wp:attachment":[{"href":"https:\/\/www.galaxy-i.com\/fr\/wp-json\/wp\/v2\/media?parent=5275"}],"wp:term":[{"taxonomy":"product_brand","embeddable":true,"href":"https:\/\/www.galaxy-i.com\/fr\/wp-json\/wp\/v2\/product_brand?post=5275"},{"taxonomy":"product_cat","embeddable":true,"href":"https:\/\/www.galaxy-i.com\/fr\/wp-json\/wp\/v2\/product_cat?post=5275"},{"taxonomy":"product_tag","embeddable":true,"href":"https:\/\/www.galaxy-i.com\/fr\/wp-json\/wp\/v2\/product_tag?post=5275"}],"curies":[{"name":"wp","href":"https:\/\/api.w.org\/{rel}","templated":true}]}}