{"id":5258,"date":"2025-11-13T17:59:34","date_gmt":"2025-11-14T01:59:34","guid":{"rendered":"https:\/\/www.galaxy-i.com\/?post_type=product&#038;p=5258"},"modified":"2026-03-19T23:56:25","modified_gmt":"2026-03-20T06:56:25","slug":"mitusyoshi-diamond-shaped-latex-makeup-sponge","status":"publish","type":"product","link":"https:\/\/www.galaxy-i.com\/fr\/product\/mitusyoshi-diamond-shaped-latex-makeup-sponge\/","title":{"rendered":"\u00c9ponge \u00e0 maquillage en latex en forme de diamant Mitusyoshi (1 pi\u00e8ce)"},"content":{"rendered":"<div data-elementor-type=\"product-post\" data-elementor-id=\"5258\" class=\"elementor elementor-5258\" data-elementor-post-type=\"product\">\n\t\t\t\t<div class=\"wd-negative-gap elementor-element elementor-element-659e775d e-flex e-con-boxed e-con e-parent\" data-id=\"659e775d\" data-element_type=\"container\">\n\t\t\t\t\t<div class=\"e-con-inner\">\n\t\t\t\t<div class=\"elementor-element elementor-element-59d44479 color-scheme-inherit text-left elementor-widget elementor-widget-text-editor\" data-id=\"59d44479\" data-element_type=\"widget\" data-widget_type=\"text-editor.default\">\n\t\t\t\t\t\t\t\t\t<p>L'\u00e9ponge de maquillage en latex en forme de diamant Mitusyoshi est fabriqu\u00e9e en latex doux pour la peau.<\/p><p><span style=\"color: #ffa500;\"><b>Montant <\/b><\/span>1pc<\/p><p><span style=\"color: #ffa500;\"><b>Taille <\/b><\/span>4,3cm x 7cm x 2,3cm<\/p><p><span style=\"color: #ffa500;\"><strong>MODE D'EMPLOI<\/strong><\/span><\/p><ul><li><span class=\"HwtZe\" lang=\"en\"><span class=\"jCAhz ChMk0b\"><span class=\"ryNqvb\">Avant l'utilisation, rincer \u00e0 l'eau et essorer fermement. <\/span><\/span><\/span><\/li><li><span class=\"HwtZe\" lang=\"en\"><span class=\"jCAhz ChMk0b\"><span class=\"ryNqvb\">Utilisez des ciseaux pointus, comme des ciseaux de couturi\u00e8re, pour couper.<\/span><\/span> <\/span><\/li><li><span class=\"HwtZe\" lang=\"en\"><span class=\"jCAhz ChMk0b\"><span class=\"ryNqvb\">Apr\u00e8s utilisation, coupez la partie qui a impr\u00e9gn\u00e9 le fond de teint.<\/span><\/span><\/span><\/li><\/ul><p><span style=\"color: #ffa500;\"><b>Pays de <span style=\"color: #ffa500;\">Origine<\/span><\/b><\/span> Japon<\/p>\t\t\t\t\t\t\t\t<\/div>\n\t\t\t\t\t<\/div>\n\t\t\t\t<\/div>\n\t\t\t\t<\/div>","protected":false},"excerpt":{"rendered":"<p>L'\u00e9ponge de maquillage en latex en forme de diamant Mitusyoshi est fabriqu\u00e9e en latex doux pour la peau.<\/p>","protected":false},"featured_media":5273,"template":"","meta":[],"product_brand":[646],"product_cat":[357,466,651,483,461,551],"product_tag":[1005,1062],"class_list":{"0":"post-5258","1":"product","2":"type-product","3":"status-publish","4":"has-post-thumbnail","6":"product_brand-mitusyoshi","7":"product_cat-accessories","8":"product_cat-j_accessories","9":"product_cat-all","10":"product_cat-disposables","11":"product_cat-jbeauty","12":"product_cat-sponges-puffs","13":"product_tag-makeup-sponge","14":"product_tag-sponge","16":"first","17":"instock","18":"taxable","19":"shipping-taxable","20":"purchasable","21":"product-type-simple"},"aioseo_notices":[],"_links":{"self":[{"href":"https:\/\/www.galaxy-i.com\/fr\/wp-json\/wp\/v2\/product\/5258","targetHints":{"allow":["GET"]}}],"collection":[{"href":"https:\/\/www.galaxy-i.com\/fr\/wp-json\/wp\/v2\/product"}],"about":[{"href":"https:\/\/www.galaxy-i.com\/fr\/wp-json\/wp\/v2\/types\/product"}],"version-history":[{"count":1,"href":"https:\/\/www.galaxy-i.com\/fr\/wp-json\/wp\/v2\/product\/5258\/revisions"}],"predecessor-version":[{"id":7371,"href":"https:\/\/www.galaxy-i.com\/fr\/wp-json\/wp\/v2\/product\/5258\/revisions\/7371"}],"wp:featuredmedia":[{"embeddable":true,"href":"https:\/\/www.galaxy-i.com\/fr\/wp-json\/wp\/v2\/media\/5273"}],"wp:attachment":[{"href":"https:\/\/www.galaxy-i.com\/fr\/wp-json\/wp\/v2\/media?parent=5258"}],"wp:term":[{"taxonomy":"product_brand","embeddable":true,"href":"https:\/\/www.galaxy-i.com\/fr\/wp-json\/wp\/v2\/product_brand?post=5258"},{"taxonomy":"product_cat","embeddable":true,"href":"https:\/\/www.galaxy-i.com\/fr\/wp-json\/wp\/v2\/product_cat?post=5258"},{"taxonomy":"product_tag","embeddable":true,"href":"https:\/\/www.galaxy-i.com\/fr\/wp-json\/wp\/v2\/product_tag?post=5258"}],"curies":[{"name":"wp","href":"https:\/\/api.w.org\/{rel}","templated":true}]}}