{"id":5159,"date":"2025-11-10T20:44:39","date_gmt":"2025-11-11T04:44:39","guid":{"rendered":"https:\/\/www.galaxy-i.com\/?post_type=product&#038;p=5159"},"modified":"2026-03-19T23:47:25","modified_gmt":"2026-03-20T06:47:25","slug":"unicharm-silcot-premium-cotton-puff","status":"publish","type":"product","link":"https:\/\/www.galaxy-i.com\/fr\/product\/unicharm-silcot-premium-cotton-puff\/","title":{"rendered":"unicharm Silcot Coton Premium Puff (66 pi\u00e8ces)"},"content":{"rendered":"<div data-elementor-type=\"product-post\" data-elementor-id=\"5159\" class=\"elementor elementor-5159\" data-elementor-post-type=\"product\">\n\t\t\t\t<div class=\"wd-negative-gap elementor-element elementor-element-659e775d e-flex e-con-boxed e-con e-parent\" data-id=\"659e775d\" data-element_type=\"container\">\n\t\t\t\t\t<div class=\"e-con-inner\">\n\t\t\t\t<div class=\"elementor-element elementor-element-59d44479 color-scheme-inherit text-left elementor-widget elementor-widget-text-editor\" data-id=\"59d44479\" data-element_type=\"widget\" data-widget_type=\"text-editor.default\">\n\t\t\t\t\t\t\t\t\t<p><strong>unicharm Silcot Premium Cotton Puff - Coton doux et riche au toucher<\/strong><\/p><p>Utilise du coton naturel, moelleux, l\u00e9ger et humide, qui procure un confort de haute qualit\u00e9 \u00e0 la peau.<\/p><ul><li><p>Pour appliquer une lotion ou une lotion laiteuse en tapotant ou en pressant.<\/p><\/li><li><p>For wiping or removing makeup with wipe-off lotion or cleansing lotion<\/p><\/li><li><p>\u00c0 utiliser avec un appareil pour le visage ou un dissolvant \u00e0 vernis \u00e0 ongles<\/p><\/li><\/ul>\t\t\t\t\t\t\t\t<\/div>\n\t\t\t\t<div class=\"elementor-element elementor-element-6b43035 elementor-widget elementor-widget-heading\" data-id=\"6b43035\" data-element_type=\"widget\" data-widget_type=\"heading.default\">\n\t\t\t\t\t<h5 class=\"elementor-heading-title elementor-size-default\">Montant<\/h5>\t\t\t\t<\/div>\n\t\t\t\t<div class=\"elementor-element elementor-element-994dd61 elementor-widget elementor-widget-wd_text_block\" data-id=\"994dd61\" data-element_type=\"widget\" data-widget_type=\"wd_text_block.default\">\n\t\t\t\t<div class=\"elementor-widget-container\">\n\t\t\t\t\t\t\t<div class=\"wd-text-block reset-last-child text-left\">\n\t\t\t\n\t\t\t<p><b><\/b>66pcs<\/p>\n\t\t\t\t\t<\/div>\n\t\t\t\t\t\t<\/div>\n\t\t\t\t<\/div>\n\t\t\t\t<div class=\"elementor-element elementor-element-af5a2cb elementor-widget elementor-widget-heading\" data-id=\"af5a2cb\" data-element_type=\"widget\" data-widget_type=\"heading.default\">\n\t\t\t\t\t<h5 class=\"elementor-heading-title elementor-size-default\">Pays d'origine<\/h5>\t\t\t\t<\/div>\n\t\t\t\t<div class=\"elementor-element elementor-element-575810d elementor-widget elementor-widget-wd_text_block\" data-id=\"575810d\" data-element_type=\"widget\" data-widget_type=\"wd_text_block.default\">\n\t\t\t\t<div class=\"elementor-widget-container\">\n\t\t\t\t\t\t\t<div class=\"wd-text-block reset-last-child text-left\">\n\t\t\t\n\t\t\t<p>Japon<\/p>\n\t\t\t\t\t<\/div>\n\t\t\t\t\t\t<\/div>\n\t\t\t\t<\/div>\n\t\t\t\t\t<\/div>\n\t\t\t\t<\/div>\n\t\t\t\t<\/div>","protected":false},"excerpt":{"rendered":"<p>unicharm Silcot Premium Cotton Puff - utilise du coton naturel qui est duveteux, l\u00e9ger et humide, ce qui apporte un confort de haute qualit\u00e9 \u00e0 la peau.<\/p>","protected":false},"featured_media":5161,"template":"","meta":[],"product_brand":[627],"product_cat":[466,651,206,483,461],"product_tag":[999,1072,880],"class_list":{"0":"post-5159","1":"product","2":"type-product","3":"status-publish","4":"has-post-thumbnail","6":"product_brand-unicharm_silcot","7":"product_cat-j_accessories","8":"product_cat-all","9":"product_cat-asian_cosmetics","10":"product_cat-disposables","11":"product_cat-jbeauty","12":"product_tag-cotton-puff","13":"product_tag-silcot-cotton-puff","14":"product_tag-unicharm-silcot-premium-cotton-puff","16":"first","17":"instock","18":"taxable","19":"shipping-taxable","20":"purchasable","21":"product-type-simple"},"aioseo_notices":[],"_links":{"self":[{"href":"https:\/\/www.galaxy-i.com\/fr\/wp-json\/wp\/v2\/product\/5159","targetHints":{"allow":["GET"]}}],"collection":[{"href":"https:\/\/www.galaxy-i.com\/fr\/wp-json\/wp\/v2\/product"}],"about":[{"href":"https:\/\/www.galaxy-i.com\/fr\/wp-json\/wp\/v2\/types\/product"}],"version-history":[{"count":1,"href":"https:\/\/www.galaxy-i.com\/fr\/wp-json\/wp\/v2\/product\/5159\/revisions"}],"predecessor-version":[{"id":7363,"href":"https:\/\/www.galaxy-i.com\/fr\/wp-json\/wp\/v2\/product\/5159\/revisions\/7363"}],"wp:featuredmedia":[{"embeddable":true,"href":"https:\/\/www.galaxy-i.com\/fr\/wp-json\/wp\/v2\/media\/5161"}],"wp:attachment":[{"href":"https:\/\/www.galaxy-i.com\/fr\/wp-json\/wp\/v2\/media?parent=5159"}],"wp:term":[{"taxonomy":"product_brand","embeddable":true,"href":"https:\/\/www.galaxy-i.com\/fr\/wp-json\/wp\/v2\/product_brand?post=5159"},{"taxonomy":"product_cat","embeddable":true,"href":"https:\/\/www.galaxy-i.com\/fr\/wp-json\/wp\/v2\/product_cat?post=5159"},{"taxonomy":"product_tag","embeddable":true,"href":"https:\/\/www.galaxy-i.com\/fr\/wp-json\/wp\/v2\/product_tag?post=5159"}],"curies":[{"name":"wp","href":"https:\/\/api.w.org\/{rel}","templated":true}]}}