{"id":5119,"date":"2025-11-10T19:31:02","date_gmt":"2025-11-11T03:31:02","guid":{"rendered":"https:\/\/www.galaxy-i.com\/?post_type=product&#038;p=5119"},"modified":"2026-04-01T20:32:51","modified_gmt":"2026-04-02T03:32:51","slug":"romand-glasting-water-gloss","status":"publish","type":"product","link":"https:\/\/www.galaxy-i.com\/fr\/product\/romand-glasting-water-gloss\/","title":{"rendered":"rom&amp;nd Glasting Water Gloss"},"content":{"rendered":"<div data-elementor-type=\"product-post\" data-elementor-id=\"5119\" class=\"elementor elementor-5119\" data-elementor-post-type=\"product\">\n\t\t\t\t<div class=\"wd-negative-gap elementor-element elementor-element-659e775d e-flex e-con-boxed e-con e-parent\" data-id=\"659e775d\" data-element_type=\"container\">\n\t\t\t\t\t<div class=\"e-con-inner\">\n\t\t\t\t<div class=\"elementor-element elementor-element-59d44479 color-scheme-inherit text-left elementor-widget elementor-widget-text-editor\" data-id=\"59d44479\" data-element_type=\"widget\" data-widget_type=\"text-editor.default\">\n\t\t\t\t\t\t\t\t\t<p>rom&amp;nd Glasting Water Gloss est un gloss transparent et brillant qui couvre les l\u00e8vres. Il a un \u00e9clat synergique qui est plus beau en combinaison avec n'importe quelle l\u00e8vre. Les paillettes brillent comme au soleil.<\/p>\t\t\t\t\t\t\t\t<\/div>\n\t\t\t\t<div class=\"elementor-element elementor-element-d15d85e elementor-widget elementor-widget-heading\" data-id=\"d15d85e\" data-element_type=\"widget\" data-widget_type=\"heading.default\">\n\t\t\t\t\t<h5 class=\"elementor-heading-title elementor-size-default\">Pays d'origine<\/h5>\t\t\t\t<\/div>\n\t\t\t\t<div class=\"elementor-element elementor-element-c7268e4 elementor-widget elementor-widget-wd_text_block\" data-id=\"c7268e4\" data-element_type=\"widget\" data-widget_type=\"wd_text_block.default\">\n\t\t\t\t<div class=\"elementor-widget-container\">\n\t\t\t\t\t\t\t<div class=\"wd-text-block reset-last-child text-left\">\n\t\t\t\n\t\t\t<p>Cor\u00e9e<\/p>\n\t\t\t\t\t<\/div>\n\t\t\t\t\t\t<\/div>\n\t\t\t\t<\/div>\n\t\t\t\t<div class=\"elementor-element elementor-element-d95e86d elementor-widget elementor-widget-heading\" data-id=\"d95e86d\" data-element_type=\"widget\" data-widget_type=\"heading.default\">\n\t\t\t\t\t<h5 class=\"elementor-heading-title elementor-size-default\">Comment utiliser<\/h5>\t\t\t\t<\/div>\n\t\t\t\t<div class=\"elementor-element elementor-element-4805e77 elementor-widget elementor-widget-wd_text_block\" data-id=\"4805e77\" data-element_type=\"widget\" data-widget_type=\"wd_text_block.default\">\n\t\t\t\t<div class=\"elementor-widget-container\">\n\t\t\t\t\t\t\t<div class=\"wd-text-block reset-last-child text-left\">\n\t\t\t\n\t\t\t<ol><li data-start=\"0\" data-end=\"130\"><span class=\"metafield-multi_line_text_field\">Utilisez l'embout pour appliquer d\u00e9licatement le produit \u00e0 partir de l'int\u00e9rieur des l\u00e8vres.<\/span><\/li><li data-start=\"0\" data-end=\"130\"><span class=\"metafield-multi_line_text_field\">Appliquez une quantit\u00e9 suffisante puis pressez vos l\u00e8vres l'une contre l'autre 2 \u00e0 3 fois.<\/span><\/li><\/ol>\n\t\t\t\t\t<\/div>\n\t\t\t\t\t\t<\/div>\n\t\t\t\t<\/div>\n\t\t\t\t<div class=\"elementor-element elementor-element-ab1f75a elementor-widget elementor-widget-heading\" data-id=\"ab1f75a\" data-element_type=\"widget\" data-widget_type=\"heading.default\">\n\t\t\t\t\t<h5 class=\"elementor-heading-title elementor-size-default\">Ingr\u00e9dients<\/h5>\t\t\t\t<\/div>\n\t\t\t\t<div class=\"elementor-element elementor-element-1f07e73 elementor-widget elementor-widget-wd_text_block\" data-id=\"1f07e73\" data-element_type=\"widget\" data-widget_type=\"wd_text_block.default\">\n\t\t\t\t<div class=\"elementor-widget-container\">\n\t\t\t\t\t\t\t<div class=\"wd-text-block reset-last-child text-left\">\n\t\t\t\n\t\t\t<p><span class=\"metafield-multi_line_text_field\">Polyisobut\u00e8ne hydrog\u00e9n\u00e9, malate de diisost\u00e9aryle, octyldod\u00e9canol, triglyc\u00e9ride caprylique\/caprique, hydroxyst\u00e9arate d'\u00e9thylhexyle, lactate de menthyle, dim\u00e9thylsilylate de silice, 1,2-hexanediol, palmitate de dextrine, lauroyl glutamide de dibutyle, \u00e9thylhexanoyl glutamide de dibutyle, parfum, borosilicate de calcium et de sodium, dioxyde de titane (CI 77891), oxyde d'\u00e9tain, extrait de racine d'Anemarrhena asphodeloides, huile de Prunus amygdalus dulcis (amande douce).<\/span><\/p>\n\t\t\t\t\t<\/div>\n\t\t\t\t\t\t<\/div>\n\t\t\t\t<\/div>\n\t\t\t\t\t<\/div>\n\t\t\t\t<\/div>\n\t\t\t\t<\/div>","protected":false},"excerpt":{"rendered":"<p>rom&amp;nd Glasting Water Gloss est un gloss transparent et brillant qui couvre les l\u00e8vres. Il a un \u00e9clat synergique qui est plus beau en combinaison avec n'importe quelle l\u00e8vre.<\/p>","protected":false},"featured_media":5123,"template":"","meta":[],"product_brand":[526],"product_cat":[651,206,462,475,467],"product_tag":[1099,987,1070],"class_list":{"0":"post-5119","1":"product","2":"type-product","3":"status-publish","4":"has-post-thumbnail","6":"product_brand-romand","7":"product_cat-all","8":"product_cat-asian_cosmetics","9":"product_cat-kbeauty","10":"product_cat-lips","11":"product_cat-k_makeup","12":"product_tag-glasting-water-gloss","13":"product_tag-lip-gloss","14":"product_tag-water-gloss","15":"pa_color_model-00-meteor-track","17":"first","18":"instock","19":"taxable","20":"shipping-taxable","21":"purchasable","22":"product-type-variable"},"aioseo_notices":[],"_links":{"self":[{"href":"https:\/\/www.galaxy-i.com\/fr\/wp-json\/wp\/v2\/product\/5119","targetHints":{"allow":["GET"]}}],"collection":[{"href":"https:\/\/www.galaxy-i.com\/fr\/wp-json\/wp\/v2\/product"}],"about":[{"href":"https:\/\/www.galaxy-i.com\/fr\/wp-json\/wp\/v2\/types\/product"}],"version-history":[{"count":1,"href":"https:\/\/www.galaxy-i.com\/fr\/wp-json\/wp\/v2\/product\/5119\/revisions"}],"predecessor-version":[{"id":7360,"href":"https:\/\/www.galaxy-i.com\/fr\/wp-json\/wp\/v2\/product\/5119\/revisions\/7360"}],"wp:featuredmedia":[{"embeddable":true,"href":"https:\/\/www.galaxy-i.com\/fr\/wp-json\/wp\/v2\/media\/5123"}],"wp:attachment":[{"href":"https:\/\/www.galaxy-i.com\/fr\/wp-json\/wp\/v2\/media?parent=5119"}],"wp:term":[{"taxonomy":"product_brand","embeddable":true,"href":"https:\/\/www.galaxy-i.com\/fr\/wp-json\/wp\/v2\/product_brand?post=5119"},{"taxonomy":"product_cat","embeddable":true,"href":"https:\/\/www.galaxy-i.com\/fr\/wp-json\/wp\/v2\/product_cat?post=5119"},{"taxonomy":"product_tag","embeddable":true,"href":"https:\/\/www.galaxy-i.com\/fr\/wp-json\/wp\/v2\/product_tag?post=5119"}],"curies":[{"name":"wp","href":"https:\/\/api.w.org\/{rel}","templated":true}]}}