{"id":5103,"date":"2025-11-10T19:06:59","date_gmt":"2025-11-11T03:06:59","guid":{"rendered":"https:\/\/www.galaxy-i.com\/?post_type=product&#038;p=5103"},"modified":"2026-04-01T20:32:51","modified_gmt":"2026-04-02T03:32:51","slug":"romand-glasting-melting-balm","status":"publish","type":"product","link":"https:\/\/www.galaxy-i.com\/fr\/product\/romand-glasting-melting-balm\/","title":{"rendered":"baume fondant Glasting de rom&amp;nd (3,5 g \/ 0,12 oz)"},"content":{"rendered":"<div data-elementor-type=\"product-post\" data-elementor-id=\"5103\" class=\"elementor elementor-5103\" data-elementor-post-type=\"product\">\n\t\t\t\t<div class=\"wd-negative-gap elementor-element elementor-element-659e775d e-flex e-con-boxed e-con e-parent\" data-id=\"659e775d\" data-element_type=\"container\">\n\t\t\t\t\t<div class=\"e-con-inner\">\n\t\t\t\t<div class=\"elementor-element elementor-element-59d44479 color-scheme-inherit text-left elementor-widget elementor-widget-text-editor\" data-id=\"59d44479\" data-element_type=\"widget\" data-widget_type=\"text-editor.default\">\n\t\t\t\t\t\t\t\t\t<p>rom&amp;nd Baume fondant \u00e9clatant<\/p><p><strong>Baume \u00e0 l\u00e8vres brillant et lumineux \u00e0 effet\u00a0: <\/strong>Ce baume fondant glisse doucement sur les l\u00e8vres et leur laisse un fini transparent et lumineux.<\/p><p><strong>Une formule aqueuse non grasse\u00a0: <\/strong>Notre huile hydratante \u00e0 base de plantes laisse les l\u00e8vres pulpeuses et saines, particuli\u00e8rement b\u00e9n\u00e9fique pour les l\u00e8vres gerc\u00e9es pendant les saisons s\u00e8ches.<\/p><p><strong>Baume teint\u00e9 VEGAN :<\/strong>\u00a0Notre formule v\u00e9g\u00e9talienne avec syst\u00e8me de r\u00e9tention d'eau pour une hydratation longue dur\u00e9e.<\/p><p><strong>Des couleurs \u00e9clatantes rien que pour vous\u00a0:<\/strong> Trouvez votre couleur signature parmi notre gamme de couleurs \u00e9clatantes.<\/p>\t\t\t\t\t\t\t\t<\/div>\n\t\t\t\t<div class=\"elementor-element elementor-element-5533385 elementor-widget elementor-widget-heading\" data-id=\"5533385\" data-element_type=\"widget\" data-widget_type=\"heading.default\">\n\t\t\t\t\t<h5 class=\"elementor-heading-title elementor-size-default\">Montant<\/h5>\t\t\t\t<\/div>\n\t\t\t\t<div class=\"elementor-element elementor-element-fc1b90d elementor-widget elementor-widget-wd_text_block\" data-id=\"fc1b90d\" data-element_type=\"widget\" data-widget_type=\"wd_text_block.default\">\n\t\t\t\t<div class=\"elementor-widget-container\">\n\t\t\t\t\t\t\t<div class=\"wd-text-block reset-last-child text-left\">\n\t\t\t\n\t\t\t<p>3,5 g \/ 0,12 oz<\/p>\n\t\t\t\t\t<\/div>\n\t\t\t\t\t\t<\/div>\n\t\t\t\t<\/div>\n\t\t\t\t<div class=\"elementor-element elementor-element-48898e0 elementor-widget elementor-widget-heading\" data-id=\"48898e0\" data-element_type=\"widget\" data-widget_type=\"heading.default\">\n\t\t\t\t\t<h5 class=\"elementor-heading-title elementor-size-default\">Pays d'origine<\/h5>\t\t\t\t<\/div>\n\t\t\t\t<div class=\"elementor-element elementor-element-fee6f63 elementor-widget elementor-widget-wd_text_block\" data-id=\"fee6f63\" data-element_type=\"widget\" data-widget_type=\"wd_text_block.default\">\n\t\t\t\t<div class=\"elementor-widget-container\">\n\t\t\t\t\t\t\t<div class=\"wd-text-block reset-last-child text-left\">\n\t\t\t\n\t\t\t<p>Cor\u00e9e<\/p>\n\t\t\t\t\t<\/div>\n\t\t\t\t\t\t<\/div>\n\t\t\t\t<\/div>\n\t\t\t\t<div class=\"elementor-element elementor-element-b5fc00c elementor-widget elementor-widget-heading\" data-id=\"b5fc00c\" data-element_type=\"widget\" data-widget_type=\"heading.default\">\n\t\t\t\t\t<h5 class=\"elementor-heading-title elementor-size-default\">Comment utiliser<\/h5>\t\t\t\t<\/div>\n\t\t\t\t<div class=\"elementor-element elementor-element-60f7e37 elementor-widget elementor-widget-wd_text_block\" data-id=\"60f7e37\" data-element_type=\"widget\" data-widget_type=\"wd_text_block.default\">\n\t\t\t\t<div class=\"elementor-widget-container\">\n\t\t\t\t\t\t\t<div class=\"wd-text-block reset-last-child text-left\">\n\t\t\t\n\t\t\t<ul><li><span class=\"metafield-multi_line_text_field\">Appliquez d\u00e9licatement sur le contour des l\u00e8vres. N'utilisez qu'une petite quantit\u00e9, car le produit risque de se briser si vous en appliquez une trop grande quantit\u00e9.<\/span><\/li><li><span class=\"metafield-multi_line_text_field\">\u00c0 conserver dans un endroit peu expos\u00e9 \u00e0 la lumi\u00e8re, car la couleur peut changer en cas d'exposition prolong\u00e9e \u00e0 une forte lumi\u00e8re (lumi\u00e8re du soleil, lumi\u00e8re fluorescente, \u00e9clairage de magasin, etc.)\u00a0; \u00e9viter d'entreposer le produit \u00e0 des temp\u00e9ratures \u00e9lev\u00e9es et inf\u00e9rieures \u00e0 z\u00e9ro.<\/span><\/li><li><span class=\"metafield-multi_line_text_field\">Une bande de pigment blanc peut \u00eatre visible, ce qui est un ph\u00e9nom\u00e8ne qui se produit lors du processus de chauffage pendant le remplissage, mais cela n'indique pas un d\u00e9faut du produit ou de sa qualit\u00e9.<\/span><\/li><\/ul>\n\t\t\t\t\t<\/div>\n\t\t\t\t\t\t<\/div>\n\t\t\t\t<\/div>\n\t\t\t\t<div class=\"elementor-element elementor-element-b93f6d9 elementor-widget elementor-widget-heading\" data-id=\"b93f6d9\" data-element_type=\"widget\" data-widget_type=\"heading.default\">\n\t\t\t\t\t<h5 class=\"elementor-heading-title elementor-size-default\">Ingr\u00e9dients<\/h5>\t\t\t\t<\/div>\n\t\t\t\t<div class=\"elementor-element elementor-element-a92f3db elementor-widget elementor-widget-wd_text_block\" data-id=\"a92f3db\" data-element_type=\"widget\" data-widget_type=\"wd_text_block.default\">\n\t\t\t\t<div class=\"elementor-widget-container\">\n\t\t\t\t\t\t\t<div class=\"wd-text-block reset-last-child text-left\">\n\t\t\t\n\t\t\t<p><span class=\"metafield-multi_line_text_field\">Malate de diisost\u00e9aryle, dilinol\u00e9ate de dim\u00e8re de dim\u00e8re de bis-b\u00e9h\u00e9nyle\/isost\u00e9aryle\/phytost\u00e9ryle, triisost\u00e9arate de polyglyc\u00e9ryl-2, bis-diglyc\u00e9ryl polyacyladipate-2, paraffine, trimellitate de trid\u00e9cyle, t\u00e9traisost\u00e9arate de penta\u00e9rythrityle, cire microcristalline, isost\u00e9arate de sorbitane, 1,2-hexanediol, hectorite de dist\u00e9ardimonium, cire synth\u00e9tique, copolym\u00e8re d'\u00e9thyl\u00e8ne\/propyl\u00e8ne, carbonate de propyl\u00e8ne, dioxyde de titane (CI 77891), parfum, limon\u00e8ne, linalol, huile de graines de Simmondsia Chinensis (jojoba), huile de Prunus Amygdalus Dulcis (amande douce), huile de noyau de Prunus Armeniaca (abricot), huile d'Oenothera Biennis (onagre), huile de noyau d'Argania Spinosa. Beurre de Butyrospermum Parkii (karit\u00e9), huile de graines de Camellia Japonica, triglyc\u00e9ride caprylique\/caprique, extrait de fruit de Rosa Canina, extrait de fruit de Mangifera Indica (mangue), oxyde de fer rouge (CI 77491), huile de fruit d'Olea Europaea (olive), laque jaune 5 (CI 19140), laque rouge 7 (CI 15850), huile de fruit d'Olea Europaea (olive), laque rouge 28 (CI 45410), oxyde de fer noir (CI 77499), laque jaune 6 (CI 15985), laque bleue 1 (CI 42090)<\/span><\/p>\n\t\t\t\t\t<\/div>\n\t\t\t\t\t\t<\/div>\n\t\t\t\t<\/div>\n\t\t\t\t\t<\/div>\n\t\t\t\t<\/div>\n\t\t\t\t<\/div>","protected":false},"excerpt":{"rendered":"<p>rom&amp;nd Glasting Melting Balm - Baume \u00e0 l\u00e8vres ros\u00e9 et brillant : Ce baume fondant s'applique en douceur sur les l\u00e8vres et leur conf\u00e8re un \u00e9clat transparent et aqueux.<\/p>","protected":false},"featured_media":5110,"template":"","meta":[],"product_brand":[526],"product_cat":[651,206,462,475,467],"product_tag":[981,995,1069],"class_list":{"0":"post-5103","1":"product","2":"type-product","3":"status-publish","4":"has-post-thumbnail","6":"product_brand-romand","7":"product_cat-all","8":"product_cat-asian_cosmetics","9":"product_cat-kbeauty","10":"product_cat-lips","11":"product_cat-k_makeup","12":"product_tag-lip-balm","13":"product_tag-lip-color","14":"product_tag-melting-balm","15":"pa_color_model-02-lovey-pink","16":"pa_color_model-03-sorbet-balm","17":"pa_color_model-06-kaya-fig","18":"pa_color_model-12-veiled-rose","20":"first","21":"instock","22":"taxable","23":"shipping-taxable","24":"purchasable","25":"product-type-variable"},"aioseo_notices":[],"_links":{"self":[{"href":"https:\/\/www.galaxy-i.com\/fr\/wp-json\/wp\/v2\/product\/5103","targetHints":{"allow":["GET"]}}],"collection":[{"href":"https:\/\/www.galaxy-i.com\/fr\/wp-json\/wp\/v2\/product"}],"about":[{"href":"https:\/\/www.galaxy-i.com\/fr\/wp-json\/wp\/v2\/types\/product"}],"version-history":[{"count":1,"href":"https:\/\/www.galaxy-i.com\/fr\/wp-json\/wp\/v2\/product\/5103\/revisions"}],"predecessor-version":[{"id":7328,"href":"https:\/\/www.galaxy-i.com\/fr\/wp-json\/wp\/v2\/product\/5103\/revisions\/7328"}],"wp:featuredmedia":[{"embeddable":true,"href":"https:\/\/www.galaxy-i.com\/fr\/wp-json\/wp\/v2\/media\/5110"}],"wp:attachment":[{"href":"https:\/\/www.galaxy-i.com\/fr\/wp-json\/wp\/v2\/media?parent=5103"}],"wp:term":[{"taxonomy":"product_brand","embeddable":true,"href":"https:\/\/www.galaxy-i.com\/fr\/wp-json\/wp\/v2\/product_brand?post=5103"},{"taxonomy":"product_cat","embeddable":true,"href":"https:\/\/www.galaxy-i.com\/fr\/wp-json\/wp\/v2\/product_cat?post=5103"},{"taxonomy":"product_tag","embeddable":true,"href":"https:\/\/www.galaxy-i.com\/fr\/wp-json\/wp\/v2\/product_tag?post=5103"}],"curies":[{"name":"wp","href":"https:\/\/api.w.org\/{rel}","templated":true}]}}