{"id":5069,"date":"2025-11-10T02:13:06","date_gmt":"2025-11-10T10:13:06","guid":{"rendered":"https:\/\/www.galaxy-i.com\/?post_type=product&#038;p=5069"},"modified":"2026-04-01T20:32:46","modified_gmt":"2026-04-02T03:32:46","slug":"skinfood-peach-cotton-multi-finish-powder","status":"publish","type":"product","link":"https:\/\/www.galaxy-i.com\/fr\/product\/skinfood-peach-cotton-multi-finish-powder\/","title":{"rendered":"SKINFOOD Poudre Multifinition Coton P\u00eache (5 g)"},"content":{"rendered":"<div data-elementor-type=\"product-post\" data-elementor-id=\"5069\" class=\"elementor elementor-5069\" data-elementor-post-type=\"product\">\n\t\t\t\t<div class=\"wd-negative-gap elementor-element elementor-element-659e775d e-flex e-con-boxed e-con e-parent\" data-id=\"659e775d\" data-element_type=\"container\">\n\t\t\t\t\t<div class=\"e-con-inner\">\n\t\t\t\t<div class=\"elementor-element elementor-element-59d44479 color-scheme-inherit text-left elementor-widget elementor-widget-text-editor\" data-id=\"59d44479\" data-element_type=\"widget\" data-widget_type=\"text-editor.default\">\n\t\t\t\t\t\t\t\t\t<p>SKINFOOD Peach Cotton Multi Finish Powder est une poudre de finition qui contr\u00f4le l'exc\u00e8s de s\u00e9bum gr\u00e2ce \u00e0 la poudre s\u00e9bor\u00e9gulatrice, tout en calmant les troubles gr\u00e2ce \u00e0 l'extrait de p\u00eache et \u00e0 la poudre de calamine, pour une peau saine.<\/p>\t\t\t\t\t\t\t\t<\/div>\n\t\t\t\t<div class=\"elementor-element elementor-element-0c29ff6 elementor-widget elementor-widget-heading\" data-id=\"0c29ff6\" data-element_type=\"widget\" data-widget_type=\"heading.default\">\n\t\t\t\t\t<h5 class=\"elementor-heading-title elementor-size-default\">Montant<\/h5>\t\t\t\t<\/div>\n\t\t\t\t<div class=\"elementor-element elementor-element-4b83560 elementor-widget elementor-widget-wd_text_block\" data-id=\"4b83560\" data-element_type=\"widget\" data-widget_type=\"wd_text_block.default\">\n\t\t\t\t<div class=\"elementor-widget-container\">\n\t\t\t\t\t\t\t<div class=\"wd-text-block reset-last-child text-left\">\n\t\t\t\n\t\t\t<p>5g<\/p>\n\t\t\t\t\t<\/div>\n\t\t\t\t\t\t<\/div>\n\t\t\t\t<\/div>\n\t\t\t\t<div class=\"elementor-element elementor-element-7e65def elementor-widget elementor-widget-heading\" data-id=\"7e65def\" data-element_type=\"widget\" data-widget_type=\"heading.default\">\n\t\t\t\t\t<h5 class=\"elementor-heading-title elementor-size-default\">Pays d'origine<\/h5>\t\t\t\t<\/div>\n\t\t\t\t<div class=\"elementor-element elementor-element-3056a76 elementor-widget elementor-widget-wd_text_block\" data-id=\"3056a76\" data-element_type=\"widget\" data-widget_type=\"wd_text_block.default\">\n\t\t\t\t<div class=\"elementor-widget-container\">\n\t\t\t\t\t\t\t<div class=\"wd-text-block reset-last-child text-left\">\n\t\t\t\n\t\t\t<p>Cor\u00e9e<\/p>\n\t\t\t\t\t<\/div>\n\t\t\t\t\t\t<\/div>\n\t\t\t\t<\/div>\n\t\t\t\t<div class=\"elementor-element elementor-element-aacce14 elementor-widget elementor-widget-heading\" data-id=\"aacce14\" data-element_type=\"widget\" data-widget_type=\"heading.default\">\n\t\t\t\t\t<h5 class=\"elementor-heading-title elementor-size-default\">Comment utiliser<\/h5>\t\t\t\t<\/div>\n\t\t\t\t<div class=\"elementor-element elementor-element-77715cd elementor-widget elementor-widget-wd_text_block\" data-id=\"77715cd\" data-element_type=\"widget\" data-widget_type=\"wd_text_block.default\">\n\t\t\t\t<div class=\"elementor-widget-container\">\n\t\t\t\t\t\t\t<div class=\"wd-text-block reset-last-child text-left\">\n\t\t\t\n\t\t\t<p><span class=\"metafield-multi_line_text_field\">Utilisez une houppette pour appliquer uniform\u00e9ment sur l'ensemble du visage pour terminer.<\/span><\/p>\n\t\t\t\t\t<\/div>\n\t\t\t\t\t\t<\/div>\n\t\t\t\t<\/div>\n\t\t\t\t<div class=\"elementor-element elementor-element-ebd3a70 elementor-widget elementor-widget-heading\" data-id=\"ebd3a70\" data-element_type=\"widget\" data-widget_type=\"heading.default\">\n\t\t\t\t\t<h5 class=\"elementor-heading-title elementor-size-default\">Ingr\u00e9dients<\/h5>\t\t\t\t<\/div>\n\t\t\t\t<div class=\"elementor-element elementor-element-173ec52 elementor-widget elementor-widget-wd_text_block\" data-id=\"173ec52\" data-element_type=\"widget\" data-widget_type=\"wd_text_block.default\">\n\t\t\t\t<div class=\"elementor-widget-container\">\n\t\t\t\t\t\t\t<div class=\"wd-text-block reset-last-child text-left\">\n\t\t\t\n\t\t\t<p><span class=\"metafield-multi_line_text_field\">Silice, nitrure de bore, dim\u00e9thicone, ph\u00e9noxy\u00e9thanol, d\u00e9hydroac\u00e9tate de sodium, m\u00e9thicone, alcool, parfum, extrait de fruit de Prunus persica (p\u00eache), poudre de soie, calamine, butyl\u00e8ne glycol, huile de noyau d'Argania spinosa, huile de graines de Sesamum indicum (s\u00e9same), extrait d'\u00e9corce d'Enantia chlorantha, b\u00eata-sitost\u00e9rol, extrait de fruit de Serenoa serrulata, tocoph\u00e9rol, acide ol\u00e9anolique<\/span><\/p>\n\t\t\t\t\t<\/div>\n\t\t\t\t\t\t<\/div>\n\t\t\t\t<\/div>\n\t\t\t\t\t<\/div>\n\t\t\t\t<\/div>\n\t\t\t\t<\/div>","protected":false},"excerpt":{"rendered":"<p>SKINFOOD Peach Cotton Multi Finish Powder est une poudre de finition qui contr\u00f4le l'exc\u00e8s de s\u00e9bum gr\u00e2ce \u00e0 la poudre de contr\u00f4le du s\u00e9bum.<\/p>","protected":false},"featured_media":5072,"template":"","meta":[],"product_brand":[612],"product_cat":[651,206,462,467,550],"product_tag":[983,1054,1067],"class_list":{"0":"post-5069","1":"product","2":"type-product","3":"status-publish","4":"has-post-thumbnail","6":"product_brand-skinfood","7":"product_cat-all","8":"product_cat-asian_cosmetics","9":"product_cat-kbeauty","10":"product_cat-k_makeup","11":"product_cat-powder","12":"product_tag-powder","13":"product_tag-setting-powder","14":"product_tag-skinfood-finish-powder","16":"first","17":"instock","18":"taxable","19":"shipping-taxable","20":"purchasable","21":"product-type-simple"},"aioseo_notices":[],"_links":{"self":[{"href":"https:\/\/www.galaxy-i.com\/fr\/wp-json\/wp\/v2\/product\/5069","targetHints":{"allow":["GET"]}}],"collection":[{"href":"https:\/\/www.galaxy-i.com\/fr\/wp-json\/wp\/v2\/product"}],"about":[{"href":"https:\/\/www.galaxy-i.com\/fr\/wp-json\/wp\/v2\/types\/product"}],"version-history":[{"count":1,"href":"https:\/\/www.galaxy-i.com\/fr\/wp-json\/wp\/v2\/product\/5069\/revisions"}],"predecessor-version":[{"id":7356,"href":"https:\/\/www.galaxy-i.com\/fr\/wp-json\/wp\/v2\/product\/5069\/revisions\/7356"}],"wp:featuredmedia":[{"embeddable":true,"href":"https:\/\/www.galaxy-i.com\/fr\/wp-json\/wp\/v2\/media\/5072"}],"wp:attachment":[{"href":"https:\/\/www.galaxy-i.com\/fr\/wp-json\/wp\/v2\/media?parent=5069"}],"wp:term":[{"taxonomy":"product_brand","embeddable":true,"href":"https:\/\/www.galaxy-i.com\/fr\/wp-json\/wp\/v2\/product_brand?post=5069"},{"taxonomy":"product_cat","embeddable":true,"href":"https:\/\/www.galaxy-i.com\/fr\/wp-json\/wp\/v2\/product_cat?post=5069"},{"taxonomy":"product_tag","embeddable":true,"href":"https:\/\/www.galaxy-i.com\/fr\/wp-json\/wp\/v2\/product_tag?post=5069"}],"curies":[{"name":"wp","href":"https:\/\/api.w.org\/{rel}","templated":true}]}}