{"id":5020,"date":"2025-11-09T22:21:15","date_gmt":"2025-11-10T06:21:15","guid":{"rendered":"https:\/\/www.galaxy-i.com\/?post_type=product&#038;p=5020"},"modified":"2026-03-19T23:10:59","modified_gmt":"2026-03-20T06:10:59","slug":"mediheal-pantenolips-serum-honey","status":"publish","type":"product","link":"https:\/\/www.galaxy-i.com\/fr\/product\/mediheal-pantenolips-serum-honey\/","title":{"rendered":"S\u00e9rum MEDIHEAL Pantenolips Miel (10 ml)"},"content":{"rendered":"<div data-elementor-type=\"product-post\" data-elementor-id=\"5020\" class=\"elementor elementor-5020\" data-elementor-post-type=\"product\">\n\t\t\t\t<div class=\"wd-negative-gap elementor-element elementor-element-659e775d e-flex e-con-boxed e-con e-parent\" data-id=\"659e775d\" data-element_type=\"container\">\n\t\t\t\t\t<div class=\"e-con-inner\">\n\t\t\t\t<div class=\"elementor-element elementor-element-59d44479 color-scheme-inherit text-left elementor-widget elementor-widget-text-editor\" data-id=\"59d44479\" data-element_type=\"widget\" data-widget_type=\"text-editor.default\">\n\t\t\t\t\t\t\t\t\t<p>MEDIHEAL Pantenolips Serum Honey - Glowing &amp; Moisturizing ; Non-sticky gel type lip serum<\/p>\t\t\t\t\t\t\t\t<\/div>\n\t\t\t\t<div class=\"elementor-element elementor-element-c017d74 elementor-widget elementor-widget-heading\" data-id=\"c017d74\" data-element_type=\"widget\" data-widget_type=\"heading.default\">\n\t\t\t\t\t<h5 class=\"elementor-heading-title elementor-size-default\">Montant<\/h5>\t\t\t\t<\/div>\n\t\t\t\t<div class=\"elementor-element elementor-element-b079eb2 elementor-widget elementor-widget-wd_text_block\" data-id=\"b079eb2\" data-element_type=\"widget\" data-widget_type=\"wd_text_block.default\">\n\t\t\t\t<div class=\"elementor-widget-container\">\n\t\t\t\t\t\t\t<div class=\"wd-text-block reset-last-child text-left\">\n\t\t\t\n\t\t\t<p>10ml<\/p>\n\t\t\t\t\t<\/div>\n\t\t\t\t\t\t<\/div>\n\t\t\t\t<\/div>\n\t\t\t\t<div class=\"elementor-element elementor-element-5215c97 elementor-widget elementor-widget-heading\" data-id=\"5215c97\" data-element_type=\"widget\" data-widget_type=\"heading.default\">\n\t\t\t\t\t<h5 class=\"elementor-heading-title elementor-size-default\">Pays d'origine<\/h5>\t\t\t\t<\/div>\n\t\t\t\t<div class=\"elementor-element elementor-element-3cb12d2 elementor-widget elementor-widget-wd_text_block\" data-id=\"3cb12d2\" data-element_type=\"widget\" data-widget_type=\"wd_text_block.default\">\n\t\t\t\t<div class=\"elementor-widget-container\">\n\t\t\t\t\t\t\t<div class=\"wd-text-block reset-last-child text-left\">\n\t\t\t\n\t\t\t<p>Cor\u00e9e<\/p>\n\t\t\t\t\t<\/div>\n\t\t\t\t\t\t<\/div>\n\t\t\t\t<\/div>\n\t\t\t\t<div class=\"elementor-element elementor-element-443a979 elementor-widget elementor-widget-heading\" data-id=\"443a979\" data-element_type=\"widget\" data-widget_type=\"heading.default\">\n\t\t\t\t\t<h5 class=\"elementor-heading-title elementor-size-default\">Comment utiliser<\/h5>\t\t\t\t<\/div>\n\t\t\t\t<div class=\"elementor-element elementor-element-d9ba801 elementor-widget elementor-widget-wd_text_block\" data-id=\"d9ba801\" data-element_type=\"widget\" data-widget_type=\"wd_text_block.default\">\n\t\t\t\t<div class=\"elementor-widget-container\">\n\t\t\t\t\t\t\t<div class=\"wd-text-block reset-last-child text-left\">\n\t\t\t\n\t\t\t<p>Apporte brillance et hydratation. Un s\u00e9rum pour les l\u00e8vres non collant, \u00e0 la texture gel.<\/p>\n\t\t\t\t\t<\/div>\n\t\t\t\t\t\t<\/div>\n\t\t\t\t<\/div>\n\t\t\t\t<div class=\"elementor-element elementor-element-cac74ce elementor-widget elementor-widget-heading\" data-id=\"cac74ce\" data-element_type=\"widget\" data-widget_type=\"heading.default\">\n\t\t\t\t\t<h5 class=\"elementor-heading-title elementor-size-default\">Ingr\u00e9dients<\/h5>\t\t\t\t<\/div>\n\t\t\t\t<div class=\"elementor-element elementor-element-71b0d3b elementor-widget elementor-widget-wd_text_block\" data-id=\"71b0d3b\" data-element_type=\"widget\" data-widget_type=\"wd_text_block.default\">\n\t\t\t\t<div class=\"elementor-widget-container\">\n\t\t\t\t\t\t\t<div class=\"wd-text-block reset-last-child text-left\">\n\t\t\t\n\t\t\t<p>Huile min\u00e9rale, polyisobut\u00e8ne, copolym\u00e8re d'\u00e9thyl\u00e8ne\/propyl\u00e8ne\/styr\u00e8ne, huile de graines d'Helianthus annuus (tournesol), parfum, copolym\u00e8re de styr\u00e8ne\/butyl\u00e8ne\/\u00e9thyl\u00e8ne\/styr\u00e8ne, olivate de c\u00e9t\u00e9aryle, huile de graines de Macadamia ternifolia, huile de fruit d'Olea europaea (olive), huile de Persea gratissima (avocat), extrait d'Eclipta prostrata, olivate de sorbitan, eau, huile de glycine soja (soja), tocoph\u00e9rol, ac\u00e9tate de tocoph\u00e9ryle, extrait de feuilles de Melia azadirachta, extrait de propolis, panth\u00e9nol, salicylate de benzyle, linalol, BHT, hexyl cinnamal, hydroxycitronellal, citronellol, alcool cinnamique, huile de graines de Moringa oleifera, huile de graines de Bixa orellana, extrait de gel\u00e9e royale, extrait de miel, collag\u00e8ne. 1,2-Hexanediol, filtrat de ferment de racine de radis\/Leuconostoc<\/p>\n\t\t\t\t\t<\/div>\n\t\t\t\t\t\t<\/div>\n\t\t\t\t<\/div>\n\t\t\t\t\t<\/div>\n\t\t\t\t<\/div>\n\t\t\t\t<\/div>","protected":false},"excerpt":{"rendered":"<p>MEDIHEAL Pantenolips Serum Honey - Glowing &amp; Moisturizing ; Non-sticky gel type lip serum<\/p>","protected":false},"featured_media":5021,"template":"","meta":[],"product_brand":[524],"product_cat":[651,206,462,475,531],"product_tag":[981,1096,1064],"class_list":{"0":"post-5020","1":"product","2":"type-product","3":"status-publish","4":"has-post-thumbnail","6":"product_brand-mediheal","7":"product_cat-all","8":"product_cat-asian_cosmetics","9":"product_cat-kbeauty","10":"product_cat-lips","11":"product_cat-skin-care","12":"product_tag-lip-balm","13":"product_tag-lip-serum","14":"product_tag-pantenolips","16":"first","17":"instock","18":"sale","19":"taxable","20":"shipping-taxable","21":"purchasable","22":"product-type-simple"},"aioseo_notices":[],"_links":{"self":[{"href":"https:\/\/www.galaxy-i.com\/fr\/wp-json\/wp\/v2\/product\/5020","targetHints":{"allow":["GET"]}}],"collection":[{"href":"https:\/\/www.galaxy-i.com\/fr\/wp-json\/wp\/v2\/product"}],"about":[{"href":"https:\/\/www.galaxy-i.com\/fr\/wp-json\/wp\/v2\/types\/product"}],"version-history":[{"count":1,"href":"https:\/\/www.galaxy-i.com\/fr\/wp-json\/wp\/v2\/product\/5020\/revisions"}],"predecessor-version":[{"id":7351,"href":"https:\/\/www.galaxy-i.com\/fr\/wp-json\/wp\/v2\/product\/5020\/revisions\/7351"}],"wp:featuredmedia":[{"embeddable":true,"href":"https:\/\/www.galaxy-i.com\/fr\/wp-json\/wp\/v2\/media\/5021"}],"wp:attachment":[{"href":"https:\/\/www.galaxy-i.com\/fr\/wp-json\/wp\/v2\/media?parent=5020"}],"wp:term":[{"taxonomy":"product_brand","embeddable":true,"href":"https:\/\/www.galaxy-i.com\/fr\/wp-json\/wp\/v2\/product_brand?post=5020"},{"taxonomy":"product_cat","embeddable":true,"href":"https:\/\/www.galaxy-i.com\/fr\/wp-json\/wp\/v2\/product_cat?post=5020"},{"taxonomy":"product_tag","embeddable":true,"href":"https:\/\/www.galaxy-i.com\/fr\/wp-json\/wp\/v2\/product_tag?post=5020"}],"curies":[{"name":"wp","href":"https:\/\/api.w.org\/{rel}","templated":true}]}}