{"id":5010,"date":"2025-11-09T21:56:43","date_gmt":"2025-11-10T05:56:43","guid":{"rendered":"https:\/\/www.galaxy-i.com\/?post_type=product&#038;p=5010"},"modified":"2026-03-19T23:10:43","modified_gmt":"2026-03-20T06:10:43","slug":"mediheal-labocare-pantenolips-healssence","status":"publish","type":"product","link":"https:\/\/www.galaxy-i.com\/fr\/product\/mediheal-labocare-pantenolips-healssence\/","title":{"rendered":"MEDIHEAL Labocare Pantenolips Healssence (10 ml)"},"content":{"rendered":"<div data-elementor-type=\"product-post\" data-elementor-id=\"5010\" class=\"elementor elementor-5010\" data-elementor-post-type=\"product\">\n\t\t\t\t<div class=\"wd-negative-gap elementor-element elementor-element-659e775d e-flex e-con-boxed e-con e-parent\" data-id=\"659e775d\" data-element_type=\"container\">\n\t\t\t\t\t<div class=\"e-con-inner\">\n\t\t\t\t<div class=\"elementor-element elementor-element-59d44479 color-scheme-inherit text-left elementor-widget elementor-widget-text-editor\" data-id=\"59d44479\" data-element_type=\"widget\" data-widget_type=\"text-editor.default\">\n\t\t\t\t\t\t\t\t\t<p>MEDIHEAL Labocare Pantenolips Healssence est un traitement hydratant pour les l\u00e8vres s\u00e8ches et gerc\u00e9es avec un effet de teinte naturelle.<\/p>\t\t\t\t\t\t\t\t<\/div>\n\t\t\t\t<div class=\"elementor-element elementor-element-ed642e7 elementor-widget elementor-widget-heading\" data-id=\"ed642e7\" data-element_type=\"widget\" data-widget_type=\"heading.default\">\n\t\t\t\t\t<h5 class=\"elementor-heading-title elementor-size-default\">Montant<\/h5>\t\t\t\t<\/div>\n\t\t\t\t<div class=\"elementor-element elementor-element-144723c elementor-widget elementor-widget-wd_text_block\" data-id=\"144723c\" data-element_type=\"widget\" data-widget_type=\"wd_text_block.default\">\n\t\t\t\t<div class=\"elementor-widget-container\">\n\t\t\t\t\t\t\t<div class=\"wd-text-block reset-last-child text-left\">\n\t\t\t\n\t\t\t<p>10ml<\/p>\n\t\t\t\t\t<\/div>\n\t\t\t\t\t\t<\/div>\n\t\t\t\t<\/div>\n\t\t\t\t<div class=\"elementor-element elementor-element-ec2ca8a elementor-widget elementor-widget-heading\" data-id=\"ec2ca8a\" data-element_type=\"widget\" data-widget_type=\"heading.default\">\n\t\t\t\t\t<h5 class=\"elementor-heading-title elementor-size-default\">Pays d'origine<\/h5>\t\t\t\t<\/div>\n\t\t\t\t<div class=\"elementor-element elementor-element-79eb41f elementor-widget elementor-widget-wd_text_block\" data-id=\"79eb41f\" data-element_type=\"widget\" data-widget_type=\"wd_text_block.default\">\n\t\t\t\t<div class=\"elementor-widget-container\">\n\t\t\t\t\t\t\t<div class=\"wd-text-block reset-last-child text-left\">\n\t\t\t\n\t\t\t<p>Cor\u00e9e<\/p>\n\t\t\t\t\t<\/div>\n\t\t\t\t\t\t<\/div>\n\t\t\t\t<\/div>\n\t\t\t\t<div class=\"elementor-element elementor-element-190e30c elementor-widget elementor-widget-heading\" data-id=\"190e30c\" data-element_type=\"widget\" data-widget_type=\"heading.default\">\n\t\t\t\t\t<h5 class=\"elementor-heading-title elementor-size-default\">Comment utiliser<\/h5>\t\t\t\t<\/div>\n\t\t\t\t<div class=\"elementor-element elementor-element-56fd5ff elementor-widget elementor-widget-wd_text_block\" data-id=\"56fd5ff\" data-element_type=\"widget\" data-widget_type=\"wd_text_block.default\">\n\t\t\t\t<div class=\"elementor-widget-container\">\n\t\t\t\t\t\t\t<div class=\"wd-text-block reset-last-child text-left\">\n\t\t\t\n\t\t\t<p>Apporte brillance et hydratation. Un s\u00e9rum pour les l\u00e8vres non collant, \u00e0 la texture gel.<\/p>\n\t\t\t\t\t<\/div>\n\t\t\t\t\t\t<\/div>\n\t\t\t\t<\/div>\n\t\t\t\t<div class=\"elementor-element elementor-element-3dcf391 elementor-widget elementor-widget-heading\" data-id=\"3dcf391\" data-element_type=\"widget\" data-widget_type=\"heading.default\">\n\t\t\t\t\t<h5 class=\"elementor-heading-title elementor-size-default\">Ingr\u00e9dients<\/h5>\t\t\t\t<\/div>\n\t\t\t\t<div class=\"elementor-element elementor-element-61d0036 elementor-widget elementor-widget-wd_text_block\" data-id=\"61d0036\" data-element_type=\"widget\" data-widget_type=\"wd_text_block.default\">\n\t\t\t\t<div class=\"elementor-widget-container\">\n\t\t\t\t\t\t\t<div class=\"wd-text-block reset-last-child text-left\">\n\t\t\t\n\t\t\t<p>Huile min\u00e9rale, polyisobut\u00e8ne, cire microcristalline, laurate de polyglyc\u00e9ryle-4, copolym\u00e8re d'\u00e9thyl\u00e8ne\/propyl\u00e8ne\/styr\u00e8ne, laurate de polyglyc\u00e9ryle-6, copolym\u00e8re d'\u00e9thyl\u00e8ne\/propyl\u00e8ne, acide polyhydroxyst\u00e9arique, eau, copolym\u00e8re de butyl\u00e8ne\/\u00e9thyl\u00e8ne\/styr\u00e8ne, triisost\u00e9arate de polyglyc\u00e9ryle-2, panth\u00e9nol, huile de noyau d'Argania Spinosa, huile de fruit d'Olea Europaea (olive), ac\u00e9tate de tocoph\u00e9ryle, huile de graines d'Helianthus Annuus (tournesol), BHT, huile de graines de Macadamia Ternifolia, beurre de Butyrospermum Parkii (karit\u00e9), CI 45410, parfum.<\/p>\n\t\t\t\t\t<\/div>\n\t\t\t\t\t\t<\/div>\n\t\t\t\t<\/div>\n\t\t\t\t\t<\/div>\n\t\t\t\t<\/div>\n\t\t\t\t<\/div>","protected":false},"excerpt":{"rendered":"<p>MEDIHEAL Labocare Pantenolips Healssence est un baume hydratant pour les l\u00e8vres s\u00e8ches et gerc\u00e9es, avec un effet de teinte naturelle.<\/p>","protected":false},"featured_media":5011,"template":"","meta":[],"product_brand":[524],"product_cat":[651,206,462,475,467,531],"product_tag":[1066,981,1064],"class_list":{"0":"post-5010","1":"product","2":"type-product","3":"status-publish","4":"has-post-thumbnail","6":"product_brand-mediheal","7":"product_cat-all","8":"product_cat-asian_cosmetics","9":"product_cat-kbeauty","10":"product_cat-lips","11":"product_cat-k_makeup","12":"product_cat-skin-care","13":"product_tag-healssence","14":"product_tag-lip-balm","15":"product_tag-pantenolips","17":"first","18":"instock","19":"sale","20":"taxable","21":"shipping-taxable","22":"purchasable","23":"product-type-simple"},"aioseo_notices":[],"_links":{"self":[{"href":"https:\/\/www.galaxy-i.com\/fr\/wp-json\/wp\/v2\/product\/5010","targetHints":{"allow":["GET"]}}],"collection":[{"href":"https:\/\/www.galaxy-i.com\/fr\/wp-json\/wp\/v2\/product"}],"about":[{"href":"https:\/\/www.galaxy-i.com\/fr\/wp-json\/wp\/v2\/types\/product"}],"version-history":[{"count":1,"href":"https:\/\/www.galaxy-i.com\/fr\/wp-json\/wp\/v2\/product\/5010\/revisions"}],"predecessor-version":[{"id":7350,"href":"https:\/\/www.galaxy-i.com\/fr\/wp-json\/wp\/v2\/product\/5010\/revisions\/7350"}],"wp:featuredmedia":[{"embeddable":true,"href":"https:\/\/www.galaxy-i.com\/fr\/wp-json\/wp\/v2\/media\/5011"}],"wp:attachment":[{"href":"https:\/\/www.galaxy-i.com\/fr\/wp-json\/wp\/v2\/media?parent=5010"}],"wp:term":[{"taxonomy":"product_brand","embeddable":true,"href":"https:\/\/www.galaxy-i.com\/fr\/wp-json\/wp\/v2\/product_brand?post=5010"},{"taxonomy":"product_cat","embeddable":true,"href":"https:\/\/www.galaxy-i.com\/fr\/wp-json\/wp\/v2\/product_cat?post=5010"},{"taxonomy":"product_tag","embeddable":true,"href":"https:\/\/www.galaxy-i.com\/fr\/wp-json\/wp\/v2\/product_tag?post=5010"}],"curies":[{"name":"wp","href":"https:\/\/api.w.org\/{rel}","templated":true}]}}