{"id":4988,"date":"2025-11-09T21:10:26","date_gmt":"2025-11-10T05:10:26","guid":{"rendered":"https:\/\/www.galaxy-i.com\/?post_type=product&#038;p=4988"},"modified":"2026-04-01T20:32:46","modified_gmt":"2026-04-02T03:32:46","slug":"mediheal-aloe-vera-hydrogel","status":"publish","type":"product","link":"https:\/\/www.galaxy-i.com\/fr\/product\/mediheal-aloe-vera-hydrogel\/","title":{"rendered":"Hydrogel d'Aloe Vera MEDIHEAL (300 g)"},"content":{"rendered":"<div data-elementor-type=\"product-post\" data-elementor-id=\"4988\" class=\"elementor elementor-4988\" data-elementor-post-type=\"product\">\n\t\t\t\t<div class=\"wd-negative-gap elementor-element elementor-element-659e775d e-flex e-con-boxed e-con e-parent\" data-id=\"659e775d\" data-element_type=\"container\">\n\t\t\t\t\t<div class=\"e-con-inner\">\n\t\t\t\t<div class=\"elementor-element elementor-element-59d44479 color-scheme-inherit text-left elementor-widget elementor-widget-text-editor\" data-id=\"59d44479\" data-element_type=\"widget\" data-widget_type=\"text-editor.default\">\n\t\t\t\t\t\t\t\t\t<p>L'hydrogel d'aloe vera MEDIHEAL est C<span class=\"metafield-multi_line_text_field\">hydratation de la peau gr\u00e2ce \u00e0 l'extrait d'aloe vera.<\/span><\/p>\t\t\t\t\t\t\t\t<\/div>\n\t\t\t\t<div class=\"elementor-element elementor-element-1217f0e elementor-widget elementor-widget-heading\" data-id=\"1217f0e\" data-element_type=\"widget\" data-widget_type=\"heading.default\">\n\t\t\t\t\t<h5 class=\"elementor-heading-title elementor-size-default\">Montant<\/h5>\t\t\t\t<\/div>\n\t\t\t\t<div class=\"elementor-element elementor-element-2c2bc1a elementor-widget elementor-widget-wd_text_block\" data-id=\"2c2bc1a\" data-element_type=\"widget\" data-widget_type=\"wd_text_block.default\">\n\t\t\t\t<div class=\"elementor-widget-container\">\n\t\t\t\t\t\t\t<div class=\"wd-text-block reset-last-child text-left\">\n\t\t\t\n\t\t\t<p>300g<\/p>\n\t\t\t\t\t<\/div>\n\t\t\t\t\t\t<\/div>\n\t\t\t\t<\/div>\n\t\t\t\t<div class=\"elementor-element elementor-element-87a356d elementor-widget elementor-widget-heading\" data-id=\"87a356d\" data-element_type=\"widget\" data-widget_type=\"heading.default\">\n\t\t\t\t\t<h5 class=\"elementor-heading-title elementor-size-default\">Pays d'origine<\/h5>\t\t\t\t<\/div>\n\t\t\t\t<div class=\"elementor-element elementor-element-89520cb elementor-widget elementor-widget-wd_text_block\" data-id=\"89520cb\" data-element_type=\"widget\" data-widget_type=\"wd_text_block.default\">\n\t\t\t\t<div class=\"elementor-widget-container\">\n\t\t\t\t\t\t\t<div class=\"wd-text-block reset-last-child text-left\">\n\t\t\t\n\t\t\t<p>Cor\u00e9e<\/p>\n\t\t\t\t\t<\/div>\n\t\t\t\t\t\t<\/div>\n\t\t\t\t<\/div>\n\t\t\t\t<div class=\"elementor-element elementor-element-507dab2 elementor-widget elementor-widget-heading\" data-id=\"507dab2\" data-element_type=\"widget\" data-widget_type=\"heading.default\">\n\t\t\t\t\t<h5 class=\"elementor-heading-title elementor-size-default\">Comment utiliser<\/h5>\t\t\t\t<\/div>\n\t\t\t\t<div class=\"elementor-element elementor-element-3c3e45d elementor-widget elementor-widget-wd_text_block\" data-id=\"3c3e45d\" data-element_type=\"widget\" data-widget_type=\"wd_text_block.default\">\n\t\t\t\t<div class=\"elementor-widget-container\">\n\t\t\t\t\t\t\t<div class=\"wd-text-block reset-last-child text-left\">\n\t\t\t\n\t\t\t<p>Appliquez une quantit\u00e9 suffisante sur le visage et le corps secs et irrit\u00e9s, puis tapotez l\u00e9g\u00e8rement pour faire p\u00e9n\u00e9trer. Si vous l'utilisez apr\u00e8s l'avoir r\u00e9frig\u00e9r\u00e9e, la chaleur aide \u00e0 abaisser la temp\u00e9rature de la peau.<\/p>\n\t\t\t\t\t<\/div>\n\t\t\t\t\t\t<\/div>\n\t\t\t\t<\/div>\n\t\t\t\t<div class=\"elementor-element elementor-element-2cf57f8 elementor-widget elementor-widget-heading\" data-id=\"2cf57f8\" data-element_type=\"widget\" data-widget_type=\"heading.default\">\n\t\t\t\t\t<h5 class=\"elementor-heading-title elementor-size-default\">Ingr\u00e9dients<\/h5>\t\t\t\t<\/div>\n\t\t\t\t<div class=\"elementor-element elementor-element-b2e2f2d elementor-widget elementor-widget-wd_text_block\" data-id=\"b2e2f2d\" data-element_type=\"widget\" data-widget_type=\"wd_text_block.default\">\n\t\t\t\t<div class=\"elementor-widget-container\">\n\t\t\t\t\t\t\t<div class=\"wd-text-block reset-last-child text-left\">\n\t\t\t\n\t\t\t<p><span class=\"metafield-multi_line_text_field\">Extrait de feuille d'Aloe Barbadensis, glyc\u00e9rine, dipropyl\u00e8ne glycol, alcool, hyaluronate de sodium, extrait de fleur de Lavandula Angustifolia (lavande), extrait de feuille de Monarda Didyma, extrait de feuille de Mentha Piperita (menthe poivr\u00e9e), extrait de Freesia Refracta, extrait de fleur de Chamomilla Recutita (matricaire), extrait de feuille de Rosmarinus Officinalis (romarin), carbom\u00e8re, tri\u00e9thanolamine, huile de ricin hydrog\u00e9n\u00e9e PEG-60, eau, butyl\u00e8ne glycol, allanto\u00efne, b\u00e9ta\u00efne, EDTA disodique, ph\u00e9noxy\u00e9thanol, parfum<\/span><\/p>\n\t\t\t\t\t<\/div>\n\t\t\t\t\t\t<\/div>\n\t\t\t\t<\/div>\n\t\t\t\t\t<\/div>\n\t\t\t\t<\/div>\n\t\t\t\t<\/div>","protected":false},"excerpt":{"rendered":"<p>MEDIHEAL Aloe Vera Hydrogel calme et hydrate la peau gr\u00e2ce \u00e0 l'extrait d'Aloe Vera.<\/p>","protected":false},"featured_media":4989,"template":"","meta":[],"product_brand":[524],"product_cat":[651,206,740,462,738,476,531],"product_tag":[990,907],"class_list":{"0":"post-4988","1":"product","2":"type-product","3":"status-publish","4":"has-post-thumbnail","6":"product_brand-mediheal","7":"product_cat-all","8":"product_cat-asian_cosmetics","9":"product_cat-hand-cream","10":"product_cat-kbeauty","11":"product_cat-moisturizer","12":"product_cat-skin","13":"product_cat-skin-care","14":"product_tag-aloe-gel","15":"product_tag-mediheal-aloe-vera-hydrogel","17":"first","18":"instock","19":"taxable","20":"shipping-taxable","21":"purchasable","22":"product-type-simple"},"aioseo_notices":[],"_links":{"self":[{"href":"https:\/\/www.galaxy-i.com\/fr\/wp-json\/wp\/v2\/product\/4988","targetHints":{"allow":["GET"]}}],"collection":[{"href":"https:\/\/www.galaxy-i.com\/fr\/wp-json\/wp\/v2\/product"}],"about":[{"href":"https:\/\/www.galaxy-i.com\/fr\/wp-json\/wp\/v2\/types\/product"}],"version-history":[{"count":1,"href":"https:\/\/www.galaxy-i.com\/fr\/wp-json\/wp\/v2\/product\/4988\/revisions"}],"predecessor-version":[{"id":7348,"href":"https:\/\/www.galaxy-i.com\/fr\/wp-json\/wp\/v2\/product\/4988\/revisions\/7348"}],"wp:featuredmedia":[{"embeddable":true,"href":"https:\/\/www.galaxy-i.com\/fr\/wp-json\/wp\/v2\/media\/4989"}],"wp:attachment":[{"href":"https:\/\/www.galaxy-i.com\/fr\/wp-json\/wp\/v2\/media?parent=4988"}],"wp:term":[{"taxonomy":"product_brand","embeddable":true,"href":"https:\/\/www.galaxy-i.com\/fr\/wp-json\/wp\/v2\/product_brand?post=4988"},{"taxonomy":"product_cat","embeddable":true,"href":"https:\/\/www.galaxy-i.com\/fr\/wp-json\/wp\/v2\/product_cat?post=4988"},{"taxonomy":"product_tag","embeddable":true,"href":"https:\/\/www.galaxy-i.com\/fr\/wp-json\/wp\/v2\/product_tag?post=4988"}],"curies":[{"name":"wp","href":"https:\/\/api.w.org\/{rel}","templated":true}]}}