{"id":4965,"date":"2025-11-09T19:49:14","date_gmt":"2025-11-10T03:49:14","guid":{"rendered":"https:\/\/www.galaxy-i.com\/?post_type=product&#038;p=4965"},"modified":"2026-04-01T20:32:51","modified_gmt":"2026-04-02T03:32:51","slug":"mandom-bifesta-micellar-cleansing-sheet","status":"publish","type":"product","link":"https:\/\/www.galaxy-i.com\/fr\/product\/mandom-bifesta-micellar-cleansing-sheet\/","title":{"rendered":"mandom Bifesta Drap d\u00e9maquillant micellaire (46pc)"},"content":{"rendered":"<div data-elementor-type=\"product-post\" data-elementor-id=\"4965\" class=\"elementor elementor-4965\" data-elementor-post-type=\"product\">\n\t\t\t\t<div class=\"wd-negative-gap elementor-element elementor-element-659e775d e-flex e-con-boxed e-con e-parent\" data-id=\"659e775d\" data-element_type=\"container\">\n\t\t\t\t\t<div class=\"e-con-inner\">\n\t\t\t\t<div class=\"elementor-element elementor-element-59d44479 color-scheme-inherit text-left elementor-widget elementor-widget-text-editor\" data-id=\"59d44479\" data-element_type=\"widget\" data-widget_type=\"text-editor.default\">\n\t\t\t\t\t\t\t\t\t<p>mandom Bifesta Micellar Cleansing Sheet est une feuille unique \u00e0 structure de fibres \u00e0 deux couches qui, imbib\u00e9e de liquide nettoyant, fait fondre le maquillage en douceur.<\/p><ul><li>Lotion \u00e0 essuyer le matin<\/li><li>Quand vous voulez vous d\u00e9maquiller juste apr\u00e8s votre retour \u00e0 la maison<\/li><li>Retirer la cr\u00e8me solaire pour le corps<\/li><\/ul>\t\t\t\t\t\t\t\t<\/div>\n\t\t\t\t<div class=\"elementor-element elementor-element-148e693 elementor-widget elementor-widget-heading\" data-id=\"148e693\" data-element_type=\"widget\" data-widget_type=\"heading.default\">\n\t\t\t\t\t<h5 class=\"elementor-heading-title elementor-size-default\">Montant<\/h5>\t\t\t\t<\/div>\n\t\t\t\t<div class=\"elementor-element elementor-element-808dd07 elementor-widget elementor-widget-wd_text_block\" data-id=\"808dd07\" data-element_type=\"widget\" data-widget_type=\"wd_text_block.default\">\n\t\t\t\t<div class=\"elementor-widget-container\">\n\t\t\t\t\t\t\t<div class=\"wd-text-block reset-last-child text-left\">\n\t\t\t\n\t\t\t<p>46pcs<\/p>\n\t\t\t\t\t<\/div>\n\t\t\t\t\t\t<\/div>\n\t\t\t\t<\/div>\n\t\t\t\t<div class=\"elementor-element elementor-element-918792f elementor-widget elementor-widget-heading\" data-id=\"918792f\" data-element_type=\"widget\" data-widget_type=\"heading.default\">\n\t\t\t\t\t<h5 class=\"elementor-heading-title elementor-size-default\">Pays d'origine<\/h5>\t\t\t\t<\/div>\n\t\t\t\t<div class=\"elementor-element elementor-element-d131749 elementor-widget elementor-widget-wd_text_block\" data-id=\"d131749\" data-element_type=\"widget\" data-widget_type=\"wd_text_block.default\">\n\t\t\t\t<div class=\"elementor-widget-container\">\n\t\t\t\t\t\t\t<div class=\"wd-text-block reset-last-child text-left\">\n\t\t\t\n\t\t\t<p>Japon<\/p>\n\t\t\t\t\t<\/div>\n\t\t\t\t\t\t<\/div>\n\t\t\t\t<\/div>\n\t\t\t\t<div class=\"elementor-element elementor-element-eacb3a2 elementor-widget elementor-widget-heading\" data-id=\"eacb3a2\" data-element_type=\"widget\" data-widget_type=\"heading.default\">\n\t\t\t\t\t<h5 class=\"elementor-heading-title elementor-size-default\">Comment utiliser<\/h5>\t\t\t\t<\/div>\n\t\t\t\t<div class=\"elementor-element elementor-element-039bcef elementor-widget elementor-widget-wd_text_block\" data-id=\"039bcef\" data-element_type=\"widget\" data-widget_type=\"wd_text_block.default\">\n\t\t\t\t<div class=\"elementor-widget-container\">\n\t\t\t\t\t\t\t<div class=\"wd-text-block reset-last-child text-left\">\n\t\t\t\n\t\t\t<p><strong data-start=\"0\" data-end=\"10\">\u00c9tape 1\u00a0:<\/strong><br data-start=\"10\" data-end=\"13\" \/>Prenez une feuille et commencez par l'appliquer d\u00e9licatement pli\u00e9e sur les zones fortement maquill\u00e9es, comme le contour des yeux et de la bouche. Laissez agir quelques instants pour que la formule se m\u00e9lange au maquillage, puis essuyez d\u00e9licatement.<\/p><p><strong data-start=\"248\" data-end=\"258\">\u00c9tape 2\u00a0:<\/strong><br data-start=\"258\" data-end=\"261\" \/>Repliez la feuille pour utiliser une surface propre \u00e0 chaque fois et continuez \u00e0 vous d\u00e9maquiller jusqu'\u00e0 ce qu'il ne reste plus aucune trace de maquillage. Une fois la feuille propre, votre d\u00e9maquillage est termin\u00e9. Pas besoin de rincer\u00a0: passez simplement \u00e0 la prochaine \u00e9tape de votre routine de soin.<\/p>\n\t\t\t\t\t<\/div>\n\t\t\t\t\t\t<\/div>\n\t\t\t\t<\/div>\n\t\t\t\t<div class=\"elementor-element elementor-element-e344035 elementor-widget elementor-widget-heading\" data-id=\"e344035\" data-element_type=\"widget\" data-widget_type=\"heading.default\">\n\t\t\t\t\t<h5 class=\"elementor-heading-title elementor-size-default\">Ingr\u00e9dients<\/h5>\t\t\t\t<\/div>\n\t\t\t\t<div class=\"elementor-element elementor-element-eae5684 elementor-widget elementor-widget-wd_text_block\" data-id=\"eae5684\" data-element_type=\"widget\" data-widget_type=\"wd_text_block.default\">\n\t\t\t\t<div class=\"elementor-widget-container\">\n\t\t\t\t\t\t\t<div class=\"wd-text-block reset-last-child text-left\">\n\t\t\t\n\t\t\t<p>Eau, polyisobut\u00e8ne hydrog\u00e9n\u00e9, dim\u00e9thicone, isopentyldiol, \u00e9thanol, glyc\u00e9rine, isost\u00e9arate de glyc\u00e9ryle PEG-20, caprylate de polyglyc\u00e9ryl-3, glyc\u00e9rides PEG-6 (caprylique\/caprique), caprylylm\u00e9thicone, huile de germe de riz, extrait de feuille d'Arch Chalk, polym\u00e8re crois\u00e9 de pullulane (acrylates\/acrylate d'alkyle en C10-30), hydroxyde de potassium, butyl\u00e8ne glycol, \u00e9thoxyglycol, ph\u00e9noxy\u00e9thanol, m\u00e9thylparab\u00e8ne<\/p>\n\t\t\t\t\t<\/div>\n\t\t\t\t\t\t<\/div>\n\t\t\t\t<\/div>\n\t\t\t\t\t<\/div>\n\t\t\t\t<\/div>\n\t\t\t\t<\/div>","protected":false},"excerpt":{"rendered":"<p>mandom Bifesta Micellar Cleansing Sheet est une feuille unique \u00e0 structure de fibres \u00e0 deux couches qui, imbib\u00e9e de liquide nettoyant, fait fondre le maquillage en douceur.<\/p>","protected":false},"featured_media":4982,"template":"","meta":[],"product_brand":[523],"product_cat":[651,206,483,461,464,476,532,934],"product_tag":[1063,989],"class_list":{"0":"post-4965","1":"product","2":"type-product","3":"status-publish","4":"has-post-thumbnail","6":"product_brand-mandom_bifesta","7":"product_cat-all","8":"product_cat-asian_cosmetics","9":"product_cat-disposables","10":"product_cat-jbeauty","11":"product_cat-j_makeup","12":"product_cat-skin","13":"product_cat-skin-care-jbeauty","14":"product_cat-soap-cleanser","15":"product_tag-bifesta-cleansing-sheet","16":"product_tag-cleansing-sheet","18":"first","19":"instock","20":"taxable","21":"shipping-taxable","22":"purchasable","23":"product-type-variable"},"aioseo_notices":[],"_links":{"self":[{"href":"https:\/\/www.galaxy-i.com\/fr\/wp-json\/wp\/v2\/product\/4965","targetHints":{"allow":["GET"]}}],"collection":[{"href":"https:\/\/www.galaxy-i.com\/fr\/wp-json\/wp\/v2\/product"}],"about":[{"href":"https:\/\/www.galaxy-i.com\/fr\/wp-json\/wp\/v2\/types\/product"}],"version-history":[{"count":1,"href":"https:\/\/www.galaxy-i.com\/fr\/wp-json\/wp\/v2\/product\/4965\/revisions"}],"predecessor-version":[{"id":7347,"href":"https:\/\/www.galaxy-i.com\/fr\/wp-json\/wp\/v2\/product\/4965\/revisions\/7347"}],"wp:featuredmedia":[{"embeddable":true,"href":"https:\/\/www.galaxy-i.com\/fr\/wp-json\/wp\/v2\/media\/4982"}],"wp:attachment":[{"href":"https:\/\/www.galaxy-i.com\/fr\/wp-json\/wp\/v2\/media?parent=4965"}],"wp:term":[{"taxonomy":"product_brand","embeddable":true,"href":"https:\/\/www.galaxy-i.com\/fr\/wp-json\/wp\/v2\/product_brand?post=4965"},{"taxonomy":"product_cat","embeddable":true,"href":"https:\/\/www.galaxy-i.com\/fr\/wp-json\/wp\/v2\/product_cat?post=4965"},{"taxonomy":"product_tag","embeddable":true,"href":"https:\/\/www.galaxy-i.com\/fr\/wp-json\/wp\/v2\/product_tag?post=4965"}],"curies":[{"name":"wp","href":"https:\/\/api.w.org\/{rel}","templated":true}]}}