{"id":4897,"date":"2025-11-08T01:02:12","date_gmt":"2025-11-08T09:02:12","guid":{"rendered":"https:\/\/www.galaxy-i.com\/?post_type=product&#038;p=4897"},"modified":"2026-04-01T20:32:50","modified_gmt":"2026-04-02T03:32:50","slug":"colorgram-one-aegyo-sal-maker","status":"publish","type":"product","link":"https:\/\/www.galaxy-i.com\/fr\/product\/colorgram-one-aegyo-sal-maker\/","title":{"rendered":"Colorgramme Un fabricant d'Aegyo-Sal"},"content":{"rendered":"<div data-elementor-type=\"product-post\" data-elementor-id=\"4897\" class=\"elementor elementor-4897\" data-elementor-post-type=\"product\">\n\t\t\t\t<div class=\"wd-negative-gap elementor-element elementor-element-659e775d e-flex e-con-boxed e-con e-parent\" data-id=\"659e775d\" data-element_type=\"container\">\n\t\t\t\t\t<div class=\"e-con-inner\">\n\t\t\t\t<div class=\"elementor-element elementor-element-59d44479 color-scheme-inherit text-left elementor-widget elementor-widget-text-editor\" data-id=\"59d44479\" data-element_type=\"widget\" data-widget_type=\"text-editor.default\">\n\t\t\t\t\t\t\t\t\t<p>colorgram One Aegyo-Sal Maker est un crayon \u00e0 double extr\u00e9mit\u00e9 avec un highlighter scintillant et une teinte contour douce. Il ajoute instantan\u00e9ment du volume et de la d\u00e9finition pour un regard naturel et jeune sous l'\u0153il (aegyo-sal).<\/p>\t\t\t\t\t\t\t\t<\/div>\n\t\t\t\t<div class=\"elementor-element elementor-element-151925d elementor-widget elementor-widget-heading\" data-id=\"151925d\" data-element_type=\"widget\" data-widget_type=\"heading.default\">\n\t\t\t\t\t<h5 class=\"elementor-heading-title elementor-size-default\">Pays d'origine<\/h5>\t\t\t\t<\/div>\n\t\t\t\t<div class=\"elementor-element elementor-element-71b309c elementor-widget elementor-widget-wd_text_block\" data-id=\"71b309c\" data-element_type=\"widget\" data-widget_type=\"wd_text_block.default\">\n\t\t\t\t<div class=\"elementor-widget-container\">\n\t\t\t\t\t\t\t<div class=\"wd-text-block reset-last-child text-left\">\n\t\t\t\n\t\t\t<p>Cor\u00e9e<\/p>\n\t\t\t\t\t<\/div>\n\t\t\t\t\t\t<\/div>\n\t\t\t\t<\/div>\n\t\t\t\t<div class=\"elementor-element elementor-element-27fd898 elementor-widget elementor-widget-heading\" data-id=\"27fd898\" data-element_type=\"widget\" data-widget_type=\"heading.default\">\n\t\t\t\t\t<h5 class=\"elementor-heading-title elementor-size-default\">Comment utiliser<\/h5>\t\t\t\t<\/div>\n\t\t\t\t<div class=\"elementor-element elementor-element-46158ac elementor-widget elementor-widget-wd_text_block\" data-id=\"46158ac\" data-element_type=\"widget\" data-widget_type=\"wd_text_block.default\">\n\t\t\t\t<div class=\"elementor-widget-container\">\n\t\t\t\t\t\t\t<div class=\"wd-text-block reset-last-child text-left\">\n\t\t\t\n\t\t\t<p>Estompez l\u00e9g\u00e8rement les cernes sous les yeux avec l'anticernes. Appliquez la teinte iris\u00e9e sur la zone aegyo-sal pour donner du volume.<\/p>\n\t\t\t\t\t<\/div>\n\t\t\t\t\t\t<\/div>\n\t\t\t\t<\/div>\n\t\t\t\t<div class=\"elementor-element elementor-element-e4192af elementor-widget elementor-widget-heading\" data-id=\"e4192af\" data-element_type=\"widget\" data-widget_type=\"heading.default\">\n\t\t\t\t\t<h5 class=\"elementor-heading-title elementor-size-default\">Ingr\u00e9dients<\/h5>\t\t\t\t<\/div>\n\t\t\t\t<div class=\"elementor-element elementor-element-3ef6d9e elementor-widget elementor-widget-wd_text_block\" data-id=\"3ef6d9e\" data-element_type=\"widget\" data-widget_type=\"wd_text_block.default\">\n\t\t\t\t<div class=\"elementor-widget-container\">\n\t\t\t\t\t\t\t<div class=\"wd-text-block reset-last-child text-left\">\n\t\t\t\n\t\t\t<p>Benzoate d'alkyle en C12-15, dioxyde de titane (CI 77891), borosilicate de calcium et de titane, ph\u00e9nyl trim\u00e9thicone, mica (CI 77019), triisost\u00e9arate de polyacrylate-2, cire synth\u00e9tique, cire de candelilla, fluorphlogopite synth\u00e9tique, extrait de fruit de Scaenedesmus bleu\/eau\/propyl\u00e8ne glycol, polysorbate 20, huile de graines de Camellia japonica, oxyde de fer jaune (CI 77492), oxyde de fer rouge (CI 77491), acide polyhydroxyst\u00e9arique, carmin (CI 75470), palmitate d'\u00e9thylhexyle, alcool isost\u00e9arylique, myristate d'isopropyle, oxyde d'\u00e9tain (CI 77861), polyacrylate-13, triisost\u00e9arate de polyglyc\u00e9ryl-2, caprylate\/caprate de caprylyle, caprylyl glycol, ac\u00e9tate de tocoph\u00e9ryle, dim\u00e9thicone. \u00c9thylhexylglyc\u00e9rine, dipenta\u00e9rythrityl hexahydroxyst\u00e9arate\/hexast\u00e9arate\/hexarosinate, ph\u00e9nyl trim\u00e9thicone, polyglyc\u00e9ryl-2 triisost\u00e9arate, oxyde de fer jaune (CI 77492), cire synth\u00e9tique, mica (CI 77019), cire de candelilla, oxyde de fer noir (CI 77499), poly\u00e9thyl\u00e8ne, borosilicate de calcium et d'aluminium, acide polyhydroxyst\u00e9arique, borosilicate de calcium et de titane, alcool isost\u00e9arylique, palmitate d'\u00e9thylhexyle, myristate d'isopropyle, oxyde d'\u00e9tain (CI 77861), polyglyc\u00e9ryl-2 polyhydroxyst\u00e9arate, poly\u00e9thyl\u00e8ne, caprylate\/caprate de caprylyle, caprylyl glycol.<\/p>\n\t\t\t\t\t<\/div>\n\t\t\t\t\t\t<\/div>\n\t\t\t\t<\/div>\n\t\t\t\t\t<\/div>\n\t\t\t\t<\/div>\n\t\t\t\t<\/div>","protected":false},"excerpt":{"rendered":"<p>colorgram One Aegyo-Sal Maker est un crayon \u00e0 double extr\u00e9mit\u00e9 avec un highlighter brillant et une teinte douce pour le contour.<\/p>","protected":false},"featured_media":4924,"template":"","meta":[],"product_brand":[513],"product_cat":[651,206,474,462,467],"product_tag":[1060,1059,986],"class_list":{"0":"post-4897","1":"product","2":"type-product","3":"status-publish","4":"has-post-thumbnail","6":"product_brand-colorgram","7":"product_cat-all","8":"product_cat-asian_cosmetics","9":"product_cat-eyes_brows","10":"product_cat-kbeauty","11":"product_cat-k_makeup","12":"product_tag-aegyo-sal","13":"product_tag-colorgram","14":"product_tag-eyeliner","15":"pa_color_model-01-warm-tone","16":"pa_color_model-02-cool-tone","18":"first","19":"instock","20":"taxable","21":"shipping-taxable","22":"purchasable","23":"product-type-variable"},"aioseo_notices":[],"_links":{"self":[{"href":"https:\/\/www.galaxy-i.com\/fr\/wp-json\/wp\/v2\/product\/4897","targetHints":{"allow":["GET"]}}],"collection":[{"href":"https:\/\/www.galaxy-i.com\/fr\/wp-json\/wp\/v2\/product"}],"about":[{"href":"https:\/\/www.galaxy-i.com\/fr\/wp-json\/wp\/v2\/types\/product"}],"version-history":[{"count":1,"href":"https:\/\/www.galaxy-i.com\/fr\/wp-json\/wp\/v2\/product\/4897\/revisions"}],"predecessor-version":[{"id":7343,"href":"https:\/\/www.galaxy-i.com\/fr\/wp-json\/wp\/v2\/product\/4897\/revisions\/7343"}],"wp:featuredmedia":[{"embeddable":true,"href":"https:\/\/www.galaxy-i.com\/fr\/wp-json\/wp\/v2\/media\/4924"}],"wp:attachment":[{"href":"https:\/\/www.galaxy-i.com\/fr\/wp-json\/wp\/v2\/media?parent=4897"}],"wp:term":[{"taxonomy":"product_brand","embeddable":true,"href":"https:\/\/www.galaxy-i.com\/fr\/wp-json\/wp\/v2\/product_brand?post=4897"},{"taxonomy":"product_cat","embeddable":true,"href":"https:\/\/www.galaxy-i.com\/fr\/wp-json\/wp\/v2\/product_cat?post=4897"},{"taxonomy":"product_tag","embeddable":true,"href":"https:\/\/www.galaxy-i.com\/fr\/wp-json\/wp\/v2\/product_tag?post=4897"}],"curies":[{"name":"wp","href":"https:\/\/api.w.org\/{rel}","templated":true}]}}