{"id":4896,"date":"2025-11-08T01:01:36","date_gmt":"2025-11-08T09:01:36","guid":{"rendered":"https:\/\/www.galaxy-i.com\/?post_type=product&#038;p=4896"},"modified":"2026-03-19T23:07:55","modified_gmt":"2026-03-20T06:07:55","slug":"kao-laurier-botanical-cotton-pantyliner","status":"publish","type":"product","link":"https:\/\/www.galaxy-i.com\/fr\/product\/kao-laurier-botanical-cotton-pantyliner\/","title":{"rendered":"Prot\u00e8ge-slips hygi\u00e9niques KAO LAURIER Botanical coton 100 % 14 cm (54 pi\u00e8ces)"},"content":{"rendered":"<div data-elementor-type=\"product-post\" data-elementor-id=\"4896\" class=\"elementor elementor-4896\" data-elementor-post-type=\"product\">\n\t\t\t\t<div class=\"wd-negative-gap elementor-element elementor-element-659e775d e-flex e-con-boxed e-con e-parent\" data-id=\"659e775d\" data-element_type=\"container\">\n\t\t\t\t\t<div class=\"e-con-inner\">\n\t\t\t\t<div class=\"elementor-element elementor-element-59d44479 color-scheme-inherit text-left elementor-widget elementor-widget-text-editor\" data-id=\"59d44479\" data-element_type=\"widget\" data-widget_type=\"text-editor.default\">\n\t\t\t\t\t\t\t\t\t<p><strong>Le prot\u00e8ge-slip hygi\u00e9nique KAO LAURIER Botanical Cotton 100% est fabriqu\u00e9 \u00e0 partir de mati\u00e8res naturelles soigneusement s\u00e9lectionn\u00e9es pour une sensation de douceur sur la peau.<\/strong><\/p><p>Fabriqu\u00e9 \u00e0 partir de mat\u00e9riaux naturels soigneusement s\u00e9lectionn\u00e9s pour une sensation de douceur et de confort sur les peaux d\u00e9licates. Profitez d'une sensation de l\u00e9g\u00e8ret\u00e9 et de fra\u00eecheur au quotidien.<br data-start=\"143\" data-end=\"146\" \/>\u25cf Infus\u00e9 d'ar\u00f4mes naturels d'origine v\u00e9g\u00e9tale<br data-start=\"188\" data-end=\"191\" \/>\u25cf Surface en coton 100 % naturel \u2014 douce, moelleuse et agr\u00e9able pour la peau<br data-start=\"273\" data-end=\"276\" \/>\u25cf Reste en place et est confortable sur la peau<br data-start=\"326\" data-end=\"329\" \/>\u25cf Sensation de douceur et de fra\u00eecheur gr\u00e2ce \u00e0 une feuille absorbante ultramince de 1 mm<br data-start=\"392\" data-end=\"395\" \/>\u25cf Drap enti\u00e8rement respirant pour \u00e9viter la sensation d'\u00e9touffement<\/p>\t\t\t\t\t\t\t\t<\/div>\n\t\t\t\t<div class=\"elementor-element elementor-element-41cdbd2 elementor-widget elementor-widget-heading\" data-id=\"41cdbd2\" data-element_type=\"widget\" data-widget_type=\"heading.default\">\n\t\t\t\t\t<h5 class=\"elementor-heading-title elementor-size-default\">Longueur<\/h5>\t\t\t\t<\/div>\n\t\t\t\t<div class=\"elementor-element elementor-element-65d9e22 elementor-widget elementor-widget-wd_text_block\" data-id=\"65d9e22\" data-element_type=\"widget\" data-widget_type=\"wd_text_block.default\">\n\t\t\t\t<div class=\"elementor-widget-container\">\n\t\t\t\t\t\t\t<div class=\"wd-text-block reset-last-child text-left\">\n\t\t\t\n\t\t\t<p>14cm<\/p>\n\t\t\t\t\t<\/div>\n\t\t\t\t\t\t<\/div>\n\t\t\t\t<\/div>\n\t\t\t\t<div class=\"elementor-element elementor-element-9d4ecd8 elementor-widget elementor-widget-heading\" data-id=\"9d4ecd8\" data-element_type=\"widget\" data-widget_type=\"heading.default\">\n\t\t\t\t\t<h5 class=\"elementor-heading-title elementor-size-default\">Montant<\/h5>\t\t\t\t<\/div>\n\t\t\t\t<div class=\"elementor-element elementor-element-c4eec2f elementor-widget elementor-widget-wd_text_block\" data-id=\"c4eec2f\" data-element_type=\"widget\" data-widget_type=\"wd_text_block.default\">\n\t\t\t\t<div class=\"elementor-widget-container\">\n\t\t\t\t\t\t\t<div class=\"wd-text-block reset-last-child text-left\">\n\t\t\t\n\t\t\t<p>54pcs<\/p>\n\t\t\t\t\t<\/div>\n\t\t\t\t\t\t<\/div>\n\t\t\t\t<\/div>\n\t\t\t\t<div class=\"elementor-element elementor-element-a18f5f7 elementor-widget elementor-widget-heading\" data-id=\"a18f5f7\" data-element_type=\"widget\" data-widget_type=\"heading.default\">\n\t\t\t\t\t<h5 class=\"elementor-heading-title elementor-size-default\">Pays d'origine<\/h5>\t\t\t\t<\/div>\n\t\t\t\t<div class=\"elementor-element elementor-element-26414ac elementor-widget elementor-widget-wd_text_block\" data-id=\"26414ac\" data-element_type=\"widget\" data-widget_type=\"wd_text_block.default\">\n\t\t\t\t<div class=\"elementor-widget-container\">\n\t\t\t\t\t\t\t<div class=\"wd-text-block reset-last-child text-left\">\n\t\t\t\n\t\t\t<p>Japon<\/p>\n\t\t\t\t\t<\/div>\n\t\t\t\t\t\t<\/div>\n\t\t\t\t<\/div>\n\t\t\t\t\t<\/div>\n\t\t\t\t<\/div>\n\t\t\t\t<\/div>","protected":false},"excerpt":{"rendered":"<p>Le prot\u00e8ge-slip hygi\u00e9nique KAO LAURIER Botanical Cotton 100% est fabriqu\u00e9 \u00e0 partir de mati\u00e8res naturelles soigneusement s\u00e9lectionn\u00e9es pour une sensation de douceur sur la peau.<\/p>","protected":false},"featured_media":4927,"template":"","meta":[],"product_brand":[522],"product_cat":[651,461,652,645],"product_tag":[1057,1058,985],"class_list":{"0":"post-4896","1":"product","2":"type-product","3":"status-publish","4":"has-post-thumbnail","6":"product_brand-kao_laurier","7":"product_cat-all","8":"product_cat-jbeauty","9":"product_cat-others","10":"product_cat-personalcare","11":"product_tag-kao-pantyliner","12":"product_tag-laurier-pantyliner","13":"product_tag-pantyliner","15":"first","16":"instock","17":"taxable","18":"shipping-taxable","19":"purchasable","20":"product-type-variable"},"aioseo_notices":[],"_links":{"self":[{"href":"https:\/\/www.galaxy-i.com\/fr\/wp-json\/wp\/v2\/product\/4896","targetHints":{"allow":["GET"]}}],"collection":[{"href":"https:\/\/www.galaxy-i.com\/fr\/wp-json\/wp\/v2\/product"}],"about":[{"href":"https:\/\/www.galaxy-i.com\/fr\/wp-json\/wp\/v2\/types\/product"}],"version-history":[{"count":1,"href":"https:\/\/www.galaxy-i.com\/fr\/wp-json\/wp\/v2\/product\/4896\/revisions"}],"predecessor-version":[{"id":7342,"href":"https:\/\/www.galaxy-i.com\/fr\/wp-json\/wp\/v2\/product\/4896\/revisions\/7342"}],"wp:featuredmedia":[{"embeddable":true,"href":"https:\/\/www.galaxy-i.com\/fr\/wp-json\/wp\/v2\/media\/4927"}],"wp:attachment":[{"href":"https:\/\/www.galaxy-i.com\/fr\/wp-json\/wp\/v2\/media?parent=4896"}],"wp:term":[{"taxonomy":"product_brand","embeddable":true,"href":"https:\/\/www.galaxy-i.com\/fr\/wp-json\/wp\/v2\/product_brand?post=4896"},{"taxonomy":"product_cat","embeddable":true,"href":"https:\/\/www.galaxy-i.com\/fr\/wp-json\/wp\/v2\/product_cat?post=4896"},{"taxonomy":"product_tag","embeddable":true,"href":"https:\/\/www.galaxy-i.com\/fr\/wp-json\/wp\/v2\/product_tag?post=4896"}],"curies":[{"name":"wp","href":"https:\/\/api.w.org\/{rel}","templated":true}]}}