{"id":4878,"date":"2025-11-07T23:01:38","date_gmt":"2025-11-08T07:01:38","guid":{"rendered":"https:\/\/www.galaxy-i.com\/?post_type=product&#038;p=4878"},"modified":"2026-04-01T20:32:45","modified_gmt":"2026-04-02T03:32:45","slug":"haruharu-wonder-black-rice-moisture-cleansing-oil","status":"publish","type":"product","link":"https:\/\/www.galaxy-i.com\/fr\/product\/haruharu-wonder-black-rice-moisture-cleansing-oil\/","title":{"rendered":"Huile nettoyante hydratante au riz noir Haruharu Wonder (150 ml)"},"content":{"rendered":"<div data-elementor-type=\"product-post\" data-elementor-id=\"4878\" class=\"elementor elementor-4878\" data-elementor-post-type=\"product\">\n\t\t\t\t<div class=\"wd-negative-gap elementor-element elementor-element-659e775d e-flex e-con-boxed e-con e-parent\" data-id=\"659e775d\" data-element_type=\"container\">\n\t\t\t\t\t<div class=\"e-con-inner\">\n\t\t\t\t<div class=\"elementor-element elementor-element-59d44479 color-scheme-inherit text-left elementor-widget elementor-widget-text-editor\" data-id=\"59d44479\" data-element_type=\"widget\" data-widget_type=\"text-editor.default\">\n\t\t\t\t\t\t\t\t\t<div class=\"not-in-quickbuy\"><strong>haruharu wonder Black Rice Moisture Cleansing Oil, une huile nettoyante non parfum\u00e9e, hydratante et douce pour un usage quotidien.<\/strong><div class=\"product-description rte cf\"><p class=\"\">Une huile non irritante pour les yeux et la peau, compos\u00e9e d'huiles 100 % naturelles et de 9 ingr\u00e9dients essentiels. Elle hydrate la peau sans laisser de film gras.<\/p><p class=\"\">V\u00e9gan, sans cruaut\u00e9, 95 % d'ingr\u00e9dients naturels, ingr\u00e9dients verts EWG.<\/p><ul><li><span class=\"metafield-multi_line_text_field\">Dissout le maquillage, la protection solaire, les points noirs et les impuret\u00e9s en exc\u00e8s sans laisser de r\u00e9sidus.<\/span><\/li><li><span class=\"metafield-multi_line_text_field\">Nettoie sans obstruer les pores ni agresser la peau.<\/span><\/li><li><span class=\"metafield-multi_line_text_field\">R\u00e9duit l'exc\u00e8s de s\u00e9bum.<\/span><\/li><li><span class=\"metafield-multi_line_text_field\">Peut \u00eatre utilis\u00e9 quotidiennement. <\/span><\/li><\/ul><\/div><\/div>\t\t\t\t\t\t\t\t<\/div>\n\t\t\t\t<div class=\"elementor-element elementor-element-8236daf elementor-widget elementor-widget-heading\" data-id=\"8236daf\" data-element_type=\"widget\" data-widget_type=\"heading.default\">\n\t\t\t\t\t<h5 class=\"elementor-heading-title elementor-size-default\">Montant<\/h5>\t\t\t\t<\/div>\n\t\t\t\t<div class=\"elementor-element elementor-element-36cdc10 elementor-widget elementor-widget-wd_text_block\" data-id=\"36cdc10\" data-element_type=\"widget\" data-widget_type=\"wd_text_block.default\">\n\t\t\t\t<div class=\"elementor-widget-container\">\n\t\t\t\t\t\t\t<div class=\"wd-text-block reset-last-child text-left\">\n\t\t\t\n\t\t\t<p>150ml<\/p>\n\t\t\t\t\t<\/div>\n\t\t\t\t\t\t<\/div>\n\t\t\t\t<\/div>\n\t\t\t\t<div class=\"elementor-element elementor-element-de942c3 elementor-widget elementor-widget-heading\" data-id=\"de942c3\" data-element_type=\"widget\" data-widget_type=\"heading.default\">\n\t\t\t\t\t<h5 class=\"elementor-heading-title elementor-size-default\">Pays d'origine<\/h5>\t\t\t\t<\/div>\n\t\t\t\t<div class=\"elementor-element elementor-element-a3d9ba1 elementor-widget elementor-widget-wd_text_block\" data-id=\"a3d9ba1\" data-element_type=\"widget\" data-widget_type=\"wd_text_block.default\">\n\t\t\t\t<div class=\"elementor-widget-container\">\n\t\t\t\t\t\t\t<div class=\"wd-text-block reset-last-child text-left\">\n\t\t\t\n\t\t\t<p>Cor\u00e9e<\/p>\n\t\t\t\t\t<\/div>\n\t\t\t\t\t\t<\/div>\n\t\t\t\t<\/div>\n\t\t\t\t<div class=\"elementor-element elementor-element-4086df3 elementor-widget elementor-widget-heading\" data-id=\"4086df3\" data-element_type=\"widget\" data-widget_type=\"heading.default\">\n\t\t\t\t\t<h5 class=\"elementor-heading-title elementor-size-default\">Comment utiliser<\/h5>\t\t\t\t<\/div>\n\t\t\t\t<div class=\"elementor-element elementor-element-70c771c elementor-widget elementor-widget-wd_text_block\" data-id=\"70c771c\" data-element_type=\"widget\" data-widget_type=\"wd_text_block.default\">\n\t\t\t\t<div class=\"elementor-widget-container\">\n\t\t\t\t\t\t\t<div class=\"wd-text-block reset-last-child text-left\">\n\t\t\t\n\t\t\t<p><span class=\"metafield-multi_line_text_field\">Appliquez une quantit\u00e9 suffisante de produit sur les mains s\u00e8ches et massez d\u00e9licatement la peau pendant environ 30 secondes. Humidifiez l\u00e9g\u00e8rement vos mains pour \u00e9mulsionner l'huile et obtenir une texture blanc laiteux, \u00e9liminant ainsi toutes les impuret\u00e9s.<\/span><\/p>\n\t\t\t\t\t<\/div>\n\t\t\t\t\t\t<\/div>\n\t\t\t\t<\/div>\n\t\t\t\t<div class=\"elementor-element elementor-element-03d9bae elementor-widget elementor-widget-heading\" data-id=\"03d9bae\" data-element_type=\"widget\" data-widget_type=\"heading.default\">\n\t\t\t\t\t<h5 class=\"elementor-heading-title elementor-size-default\">Ingr\u00e9dients<\/h5>\t\t\t\t<\/div>\n\t\t\t\t<div class=\"elementor-element elementor-element-f12ff85 elementor-widget elementor-widget-wd_text_block\" data-id=\"f12ff85\" data-element_type=\"widget\" data-widget_type=\"wd_text_block.default\">\n\t\t\t\t<div class=\"elementor-widget-container\">\n\t\t\t\t\t\t\t<div class=\"wd-text-block reset-last-child text-left\">\n\t\t\t\n\t\t\t<p><span class=\"metafield-multi_line_text_field\">Huile de son de riz (Oryza sativa), triglyc\u00e9ride caprylique\/caprique, huile de graines de tournesol (Helianthus annuus), huile d'olive (Olea europaea), t\u00e9traol\u00e9ate de sorbeth-30, huile de graines de jojoba (Simmondsia chinensis), huile de graines de macadamia (Macadamia integrifolia), tocoph\u00e9rol, \u00e9thylhexylglyc\u00e9rine<\/span><\/p>\n\t\t\t\t\t<\/div>\n\t\t\t\t\t\t<\/div>\n\t\t\t\t<\/div>\n\t\t\t\t\t<\/div>\n\t\t\t\t<\/div>\n\t\t\t\t<\/div>","protected":false},"excerpt":{"rendered":"<p>haruharu wonder Black Rice Moisture Cleansing Oil, une huile nettoyante non parfum\u00e9e, hydratante et douce pour un usage quotidien.<\/p>","protected":false},"featured_media":4879,"template":"","meta":[],"product_brand":[518],"product_cat":[651,206,462,476,531,934],"product_tag":[971,923],"class_list":{"0":"post-4878","1":"product","2":"type-product","3":"status-publish","4":"has-post-thumbnail","6":"product_brand-haruharu_wonder","7":"product_cat-all","8":"product_cat-asian_cosmetics","9":"product_cat-kbeauty","10":"product_cat-skin","11":"product_cat-skin-care","12":"product_cat-soap-cleanser","13":"product_tag-cleansing-oil","14":"product_tag-haruharu-wonder-cleansing-oil","16":"first","17":"instock","18":"taxable","19":"shipping-taxable","20":"purchasable","21":"product-type-simple"},"aioseo_notices":[],"_links":{"self":[{"href":"https:\/\/www.galaxy-i.com\/fr\/wp-json\/wp\/v2\/product\/4878","targetHints":{"allow":["GET"]}}],"collection":[{"href":"https:\/\/www.galaxy-i.com\/fr\/wp-json\/wp\/v2\/product"}],"about":[{"href":"https:\/\/www.galaxy-i.com\/fr\/wp-json\/wp\/v2\/types\/product"}],"version-history":[{"count":1,"href":"https:\/\/www.galaxy-i.com\/fr\/wp-json\/wp\/v2\/product\/4878\/revisions"}],"predecessor-version":[{"id":7340,"href":"https:\/\/www.galaxy-i.com\/fr\/wp-json\/wp\/v2\/product\/4878\/revisions\/7340"}],"wp:featuredmedia":[{"embeddable":true,"href":"https:\/\/www.galaxy-i.com\/fr\/wp-json\/wp\/v2\/media\/4879"}],"wp:attachment":[{"href":"https:\/\/www.galaxy-i.com\/fr\/wp-json\/wp\/v2\/media?parent=4878"}],"wp:term":[{"taxonomy":"product_brand","embeddable":true,"href":"https:\/\/www.galaxy-i.com\/fr\/wp-json\/wp\/v2\/product_brand?post=4878"},{"taxonomy":"product_cat","embeddable":true,"href":"https:\/\/www.galaxy-i.com\/fr\/wp-json\/wp\/v2\/product_cat?post=4878"},{"taxonomy":"product_tag","embeddable":true,"href":"https:\/\/www.galaxy-i.com\/fr\/wp-json\/wp\/v2\/product_tag?post=4878"}],"curies":[{"name":"wp","href":"https:\/\/api.w.org\/{rel}","templated":true}]}}