{"id":4731,"date":"2025-11-06T01:39:07","date_gmt":"2025-11-06T09:39:07","guid":{"rendered":"https:\/\/www.galaxy-i.com\/?post_type=product&#038;p=4731"},"modified":"2026-04-01T20:32:45","modified_gmt":"2026-04-02T03:32:45","slug":"jmella-blooming-peony-body-lotion","status":"publish","type":"product","link":"https:\/\/www.galaxy-i.com\/fr\/product\/jmella-blooming-peony-body-lotion\/","title":{"rendered":"Lotion corporelle JMELLA Pivoine en fleurs (500 ml)"},"content":{"rendered":"<div data-elementor-type=\"product-post\" data-elementor-id=\"4731\" class=\"elementor elementor-4731\" data-elementor-post-type=\"product\">\n\t\t\t\t<div class=\"wd-negative-gap elementor-element elementor-element-659e775d e-flex e-con-boxed e-con e-parent\" data-id=\"659e775d\" data-element_type=\"container\">\n\t\t\t\t\t<div class=\"e-con-inner\">\n\t\t\t\t<div class=\"elementor-element elementor-element-59d44479 color-scheme-inherit text-left elementor-widget elementor-widget-text-editor\" data-id=\"59d44479\" data-element_type=\"widget\" data-widget_type=\"text-editor.default\">\n\t\t\t\t\t\t\t\t\t<p>Le lait corporel Blooming Peony de JMELLA est un c<span class=\"\">lotion corporelle parfum\u00e9e aux fleurs itrus<\/span>.<\/p>\t\t\t\t\t\t\t\t<\/div>\n\t\t\t\t<div class=\"elementor-element elementor-element-6d627b1 elementor-widget elementor-widget-heading\" data-id=\"6d627b1\" data-element_type=\"widget\" data-widget_type=\"heading.default\">\n\t\t\t\t\t<h5 class=\"elementor-heading-title elementor-size-default\">Montant<\/h5>\t\t\t\t<\/div>\n\t\t\t\t<div class=\"elementor-element elementor-element-2d0e2fc elementor-widget elementor-widget-wd_text_block\" data-id=\"2d0e2fc\" data-element_type=\"widget\" data-widget_type=\"wd_text_block.default\">\n\t\t\t\t<div class=\"elementor-widget-container\">\n\t\t\t\t\t\t\t<div class=\"wd-text-block reset-last-child text-left\">\n\t\t\t\n\t\t\t<p>500ml<\/p>\n\t\t\t\t\t<\/div>\n\t\t\t\t\t\t<\/div>\n\t\t\t\t<\/div>\n\t\t\t\t<div class=\"elementor-element elementor-element-36668aa elementor-widget elementor-widget-heading\" data-id=\"36668aa\" data-element_type=\"widget\" data-widget_type=\"heading.default\">\n\t\t\t\t\t<h5 class=\"elementor-heading-title elementor-size-default\">Pays d'origine<\/h5>\t\t\t\t<\/div>\n\t\t\t\t<div class=\"elementor-element elementor-element-a26e56d elementor-widget elementor-widget-wd_text_block\" data-id=\"a26e56d\" data-element_type=\"widget\" data-widget_type=\"wd_text_block.default\">\n\t\t\t\t<div class=\"elementor-widget-container\">\n\t\t\t\t\t\t\t<div class=\"wd-text-block reset-last-child text-left\">\n\t\t\t\n\t\t\t<p>Cor\u00e9e<\/p>\n\t\t\t\t\t<\/div>\n\t\t\t\t\t\t<\/div>\n\t\t\t\t<\/div>\n\t\t\t\t<div class=\"elementor-element elementor-element-704f099 elementor-widget elementor-widget-heading\" data-id=\"704f099\" data-element_type=\"widget\" data-widget_type=\"heading.default\">\n\t\t\t\t\t<h5 class=\"elementor-heading-title elementor-size-default\">Comment utiliser<\/h5>\t\t\t\t<\/div>\n\t\t\t\t<div class=\"elementor-element elementor-element-dc88b35 elementor-widget elementor-widget-wd_text_block\" data-id=\"dc88b35\" data-element_type=\"widget\" data-widget_type=\"wd_text_block.default\">\n\t\t\t\t<div class=\"elementor-widget-container\">\n\t\t\t\t\t\t\t<div class=\"wd-text-block reset-last-child text-left\">\n\t\t\t\n\t\t\t<p>Appliquez une quantit\u00e9 suffisante de produit sur la peau pr\u00e9alablement nettoy\u00e9e.<\/p>\n\t\t\t\t\t<\/div>\n\t\t\t\t\t\t<\/div>\n\t\t\t\t<\/div>\n\t\t\t\t<div class=\"elementor-element elementor-element-af2f2de elementor-widget elementor-widget-heading\" data-id=\"af2f2de\" data-element_type=\"widget\" data-widget_type=\"heading.default\">\n\t\t\t\t\t<h5 class=\"elementor-heading-title elementor-size-default\">Ingr\u00e9dients<\/h5>\t\t\t\t<\/div>\n\t\t\t\t<div class=\"elementor-element elementor-element-28b1554 elementor-widget elementor-widget-wd_text_block\" data-id=\"28b1554\" data-element_type=\"widget\" data-widget_type=\"wd_text_block.default\">\n\t\t\t\t<div class=\"elementor-widget-container\">\n\t\t\t\t\t\t\t<div class=\"wd-text-block reset-last-child text-left\">\n\t\t\t\n\t\t\t<p>Eau, glyc\u00e9rine, huile min\u00e9rale, alcool st\u00e9arylique, alcool c\u00e9tylique, dim\u00e9thicone, ph\u00e9nyl trim\u00e9thicone, st\u00e9arate de PEG-100, acide palmitique, st\u00e9arate de sorbitane, tri\u00e9thanolamine, triol\u00e8ne, allanto\u00efne, cyclohexasiloxane, tr\u00e9halose, m\u00e9thylparab\u00e8ne, propylparab\u00e8ne, gomme xanthane, EDTA disodique, acide myristique, \u00e9thylhexylglyc\u00e9rine, alcool myristylique, alcool laurylique, tocoph\u00e9rol, huile de tournesol, huile d'olive, palmitate d'isopropyle, huile d'avocat, huile de noyau d'arganier, huile de cam\u00e9lia du Japon, polym\u00e8re crois\u00e9 dim\u00e9thicone\/vinyl dim\u00e9thicone, alcool arachidylique, acide arachidique, 1,2-hexanediol, extrait cellulaire d'Adenium obesum, butyl\u00e8ne glycol, hyaluronate de sodium, acide laurique, extrait de Polygonum cuspidatum, noix Ext. de graines, Eclipta Prostrata ext., Cnidum Officinale ext., Acorus Calamus ext., Anemarrhena Asphodeloides ext., Jasmin ext., Grapext., Fleur de ch\u00e8vrefeuille ext., Ginkgo Biloba ext., Oncopleura Lacrymo-Jobi Ma-yuen Ext. de graines, Eucalyptus Globulus ext., Angelica Acutiloba ext., Graines de pois ext., Houttuynia Cordata ext., Aloe Barbadensis ext., Artemesia Princeps ext., Beurre de karit\u00e9, R\u00e9glisse ext., Luffa Cylindrica ext., Portulaca Oleracea ext., Perilla Frutescens ext., Cornus Officinalis ext., Morus Alba ext., Hippophae Rhamnoides ext., Centella Asiatica ext., Paeonia Extrait de Suffruticosa, extrait de Lavande, extrait de Cordyceps Sinensis, extrait de Camellia Sinensis, extrait de Fleur de Chrysanthemum Morifolium.<\/p>\n\t\t\t\t\t<\/div>\n\t\t\t\t\t\t<\/div>\n\t\t\t\t<\/div>\n\t\t\t\t\t<\/div>\n\t\t\t\t<\/div>\n\t\t\t\t<\/div>","protected":false},"excerpt":{"rendered":"<p>Le lait corporel Blooming Peony de JMELLA est un lait corporel au parfum d'agrumes et de fleurs.<\/p>","protected":false},"featured_media":4739,"template":"","meta":[],"product_brand":[521],"product_cat":[651,206,740,462,738,476,531],"product_tag":[984,1056],"class_list":{"0":"post-4731","1":"product","2":"type-product","3":"status-publish","4":"has-post-thumbnail","6":"product_brand-jmella","7":"product_cat-all","8":"product_cat-asian_cosmetics","9":"product_cat-hand-cream","10":"product_cat-kbeauty","11":"product_cat-moisturizer","12":"product_cat-skin","13":"product_cat-skin-care","14":"product_tag-body-lotion","15":"product_tag-jmella-body-lotion","17":"first","18":"instock","19":"taxable","20":"shipping-taxable","21":"purchasable","22":"product-type-simple"},"aioseo_notices":[],"_links":{"self":[{"href":"https:\/\/www.galaxy-i.com\/fr\/wp-json\/wp\/v2\/product\/4731","targetHints":{"allow":["GET"]}}],"collection":[{"href":"https:\/\/www.galaxy-i.com\/fr\/wp-json\/wp\/v2\/product"}],"about":[{"href":"https:\/\/www.galaxy-i.com\/fr\/wp-json\/wp\/v2\/types\/product"}],"version-history":[{"count":1,"href":"https:\/\/www.galaxy-i.com\/fr\/wp-json\/wp\/v2\/product\/4731\/revisions"}],"predecessor-version":[{"id":7339,"href":"https:\/\/www.galaxy-i.com\/fr\/wp-json\/wp\/v2\/product\/4731\/revisions\/7339"}],"wp:featuredmedia":[{"embeddable":true,"href":"https:\/\/www.galaxy-i.com\/fr\/wp-json\/wp\/v2\/media\/4739"}],"wp:attachment":[{"href":"https:\/\/www.galaxy-i.com\/fr\/wp-json\/wp\/v2\/media?parent=4731"}],"wp:term":[{"taxonomy":"product_brand","embeddable":true,"href":"https:\/\/www.galaxy-i.com\/fr\/wp-json\/wp\/v2\/product_brand?post=4731"},{"taxonomy":"product_cat","embeddable":true,"href":"https:\/\/www.galaxy-i.com\/fr\/wp-json\/wp\/v2\/product_cat?post=4731"},{"taxonomy":"product_tag","embeddable":true,"href":"https:\/\/www.galaxy-i.com\/fr\/wp-json\/wp\/v2\/product_tag?post=4731"}],"curies":[{"name":"wp","href":"https:\/\/api.w.org\/{rel}","templated":true}]}}