{"id":4706,"date":"2025-11-06T00:47:27","date_gmt":"2025-11-06T08:47:27","guid":{"rendered":"https:\/\/www.galaxy-i.com\/?post_type=product&#038;p=4706"},"modified":"2026-03-19T23:05:02","modified_gmt":"2026-03-20T06:05:02","slug":"jcat-beauty-luxe-pro-powder","status":"publish","type":"product","link":"https:\/\/www.galaxy-i.com\/fr\/product\/jcat-beauty-luxe-pro-powder\/","title":{"rendered":"J.Cat Beauty Luxe Pro Powder (1.5oz\/42g)"},"content":{"rendered":"<div data-elementor-type=\"product-post\" data-elementor-id=\"4706\" class=\"elementor elementor-4706\" data-elementor-post-type=\"product\">\n\t\t\t\t<div class=\"wd-negative-gap elementor-element elementor-element-659e775d e-flex e-con-boxed e-con e-parent\" data-id=\"659e775d\" data-element_type=\"container\">\n\t\t\t\t\t<div class=\"e-con-inner\">\n\t\t\t\t<div class=\"elementor-element elementor-element-59d44479 color-scheme-inherit text-left elementor-widget elementor-widget-text-editor\" data-id=\"59d44479\" data-element_type=\"widget\" data-widget_type=\"text-editor.default\">\n\t\t\t\t\t\t\t\t\t<p>La poudre Luxe Pro de J.Cat Beauty est une poudre de haute qualit\u00e9.<span data-sheets-root=\"1\">\u00a0Cette poudre fine et soyeuse au fini mat absorbe instantan\u00e9ment le s\u00e9bum tout en r\u00e9duisant l'apparence des pores et des ridules, donnant \u00e0 la peau un aspect lisse, impeccable et merveilleusement mat.<\/span><\/p><p><b>B\u00e9n\u00e9fices<\/b><\/p><p>Contr\u00f4le la brillance et fixe le maquillage pour une tenue longue dur\u00e9e, sans effet pl\u00e2tre.<br \/>Sa texture soyeuse adoucit l'apparence des pores et du grain de peau pour un teint impeccable.<br \/>L\u00e9ger et efficace, id\u00e9al pour les retouches ou pour une application compl\u00e8te sur le visage.<\/p><p><strong>Fonctionnalit\u00e9s<\/strong><\/p><p>Poudre mate ultrafine pour un fini lisse et l\u00e9ger.<br \/>Polyvalente pour un usage quotidien, la p\u00e2tisserie ou des retouches rapides en d\u00e9placement.<br \/>Comprend plusieurs teintes (Banane, Perle Illuminatrice, Porcelaine, Ch\u00e2taigne) pour s'adapter \u00e0 diff\u00e9rentes carnations.<br \/>Sans cruaut\u00e9 et con\u00e7u pour offrir des r\u00e9sultats de qualit\u00e9 professionnelle sans effort.<\/p><p><strong>Formul\u00e9 sans<\/strong><\/p><p>Sulfates<br \/>phtalates<br \/>Parfum synth\u00e9tique<\/p>\t\t\t\t\t\t\t\t<\/div>\n\t\t\t\t<div class=\"elementor-element elementor-element-e310271 elementor-widget elementor-widget-heading\" data-id=\"e310271\" data-element_type=\"widget\" data-widget_type=\"heading.default\">\n\t\t\t\t\t<h5 class=\"elementor-heading-title elementor-size-default\">Montant<\/h5>\t\t\t\t<\/div>\n\t\t\t\t<div class=\"elementor-element elementor-element-25df2a5 elementor-widget elementor-widget-wd_text_block\" data-id=\"25df2a5\" data-element_type=\"widget\" data-widget_type=\"wd_text_block.default\">\n\t\t\t\t<div class=\"elementor-widget-container\">\n\t\t\t\t\t\t\t<div class=\"wd-text-block reset-last-child text-left\">\n\t\t\t\n\t\t\t<p>1,5oz\/42g<\/p>\n\t\t\t\t\t<\/div>\n\t\t\t\t\t\t<\/div>\n\t\t\t\t<\/div>\n\t\t\t\t<div class=\"elementor-element elementor-element-74776b8 elementor-widget elementor-widget-heading\" data-id=\"74776b8\" data-element_type=\"widget\" data-widget_type=\"heading.default\">\n\t\t\t\t\t<h5 class=\"elementor-heading-title elementor-size-default\">Comment utiliser<\/h5>\t\t\t\t<\/div>\n\t\t\t\t<div class=\"elementor-element elementor-element-9b48ad3 elementor-widget elementor-widget-wd_text_block\" data-id=\"9b48ad3\" data-element_type=\"widget\" data-widget_type=\"wd_text_block.default\">\n\t\t\t\t<div class=\"elementor-widget-container\">\n\t\t\t\t\t\t\t<div class=\"wd-text-block reset-last-child text-left\">\n\t\t\t\n\t\t\t<ol><li>Appliquez une quantit\u00e9 g\u00e9n\u00e9reuse de poudre sur votre fond de teint et votre correcteur.<\/li><li>Attendez 5 minutes, puis \u00e9poussetez avec la brosse.<\/li><li>Pour fixer l'ensemble du visage, appliquer la poudre \u00e0 l'aide du pinceau.<\/li><\/ol>\n\t\t\t\t\t<\/div>\n\t\t\t\t\t\t<\/div>\n\t\t\t\t<\/div>\n\t\t\t\t<div class=\"elementor-element elementor-element-64f0dc7 elementor-widget elementor-widget-heading\" data-id=\"64f0dc7\" data-element_type=\"widget\" data-widget_type=\"heading.default\">\n\t\t\t\t\t<h5 class=\"elementor-heading-title elementor-size-default\">Ingr\u00e9dients<\/h5>\t\t\t\t<\/div>\n\t\t\t\t<div class=\"elementor-element elementor-element-5ce8fb9 elementor-widget elementor-widget-wd_text_block\" data-id=\"5ce8fb9\" data-element_type=\"widget\" data-widget_type=\"wd_text_block.default\">\n\t\t\t\t<div class=\"elementor-widget-container\">\n\t\t\t\t\t\t\t<div class=\"wd-text-block reset-last-child text-left\">\n\t\t\t\n\t\t\t<p>Talc, oct\u00e9nylsuccinate d'amidon d'aluminium, st\u00e9arate de magn\u00e9sium, m\u00e9thylparab\u00e8ne, propylparab\u00e8ne ; PEUT CONTENIR CI 77491, CI 77492, CI 77499, CI 19140<\/p>\n\t\t\t\t\t<\/div>\n\t\t\t\t\t\t<\/div>\n\t\t\t\t<\/div>\n\t\t\t\t\t<\/div>\n\t\t\t\t<\/div>\n\t\t\t\t<\/div>","protected":false},"excerpt":{"rendered":"<p>La poudre Luxe Pro de J.Cat Beauty est une poudre fine et soyeuse au fini mat qui absorbe instantan\u00e9ment le s\u00e9bum tout en r\u00e9duisant l'apparence des pores et des ridules.<\/p>","protected":false},"featured_media":4708,"template":"","meta":[],"product_brand":[520],"product_cat":[651,205,550,342],"product_tag":[1055,983,1054],"class_list":{"0":"post-4706","1":"product","2":"type-product","3":"status-publish","4":"has-post-thumbnail","6":"product_brand-jcat_beauty","7":"product_cat-all","8":"product_cat-beauty_makeup","9":"product_cat-powder","10":"product_cat-sfx","11":"product_tag-loose-powder","12":"product_tag-powder","13":"product_tag-setting-powder","14":"pa_color_model-lpp101-banana","16":"first","17":"instock","18":"taxable","19":"shipping-taxable","20":"purchasable","21":"product-type-variable"},"aioseo_notices":[],"_links":{"self":[{"href":"https:\/\/www.galaxy-i.com\/fr\/wp-json\/wp\/v2\/product\/4706","targetHints":{"allow":["GET"]}}],"collection":[{"href":"https:\/\/www.galaxy-i.com\/fr\/wp-json\/wp\/v2\/product"}],"about":[{"href":"https:\/\/www.galaxy-i.com\/fr\/wp-json\/wp\/v2\/types\/product"}],"version-history":[{"count":1,"href":"https:\/\/www.galaxy-i.com\/fr\/wp-json\/wp\/v2\/product\/4706\/revisions"}],"predecessor-version":[{"id":7338,"href":"https:\/\/www.galaxy-i.com\/fr\/wp-json\/wp\/v2\/product\/4706\/revisions\/7338"}],"wp:featuredmedia":[{"embeddable":true,"href":"https:\/\/www.galaxy-i.com\/fr\/wp-json\/wp\/v2\/media\/4708"}],"wp:attachment":[{"href":"https:\/\/www.galaxy-i.com\/fr\/wp-json\/wp\/v2\/media?parent=4706"}],"wp:term":[{"taxonomy":"product_brand","embeddable":true,"href":"https:\/\/www.galaxy-i.com\/fr\/wp-json\/wp\/v2\/product_brand?post=4706"},{"taxonomy":"product_cat","embeddable":true,"href":"https:\/\/www.galaxy-i.com\/fr\/wp-json\/wp\/v2\/product_cat?post=4706"},{"taxonomy":"product_tag","embeddable":true,"href":"https:\/\/www.galaxy-i.com\/fr\/wp-json\/wp\/v2\/product_tag?post=4706"}],"curies":[{"name":"wp","href":"https:\/\/api.w.org\/{rel}","templated":true}]}}