{"id":4689,"date":"2025-11-05T23:57:02","date_gmt":"2025-11-06T07:57:02","guid":{"rendered":"https:\/\/www.galaxy-i.com\/?post_type=product&#038;p=4689"},"modified":"2026-04-01T20:32:45","modified_gmt":"2026-04-02T03:32:45","slug":"innisfree-no-sebum-matte-mineral-setting-powder","status":"publish","type":"product","link":"https:\/\/www.galaxy-i.com\/fr\/product\/innisfree-no-sebum-matte-mineral-setting-powder\/","title":{"rendered":"Poudre fixante min\u00e9rale matifiante No Sebum d'innisfree (5 g)"},"content":{"rendered":"<div data-elementor-type=\"product-post\" data-elementor-id=\"4689\" class=\"elementor elementor-4689\" data-elementor-post-type=\"product\">\n\t\t\t\t<div class=\"wd-negative-gap elementor-element elementor-element-659e775d e-flex e-con-boxed e-con e-parent\" data-id=\"659e775d\" data-element_type=\"container\">\n\t\t\t\t\t<div class=\"e-con-inner\">\n\t\t\t\t<div class=\"elementor-element elementor-element-59d44479 color-scheme-inherit text-left elementor-widget elementor-widget-text-editor\" data-id=\"59d44479\" data-element_type=\"widget\" data-widget_type=\"text-editor.default\">\n\t\t\t\t\t\t\t\t\t<p>innisfree No Sebum Matte Mineral Setting Powder est une poudre translucide absorbant le s\u00e9bum, infus\u00e9e de min\u00e9raux de Jeju, qui donne \u00e0 la peau une apparence lisse et mate.<\/p><div id=\"accordion-panel-benefits\" class=\"accordion__content p4-responsive rte\" aria-hidden=\"false\"><p>Enrichie en min\u00e9raux de Jeju, cette poudre libre polyvalente absorbe l'exc\u00e8s de s\u00e9bum et fixe le maquillage pour un fini doux et mat. Son format nomade et sa houppette incluse facilitent l'application, m\u00eame en d\u00e9placement.\u00a0<\/p><p>L'huile ne vous pose pas de probl\u00e8me\u00a0? Utilisez notre poudre \u00e0 diverses fins.<br \/>1. <strong>Shampoing sec\u00a0:<\/strong> Appliquer l\u00e9g\u00e8rement sur le cuir chevelu, puis secouer pour \u00e9liminer l'exc\u00e8s d'huile.<br \/>2. <strong>Rouge \u00e0 l\u00e8vres mat :<\/strong> \u00c0 l'aide d'un petit pinceau, recouvrez votre rouge \u00e0 l\u00e8vres pour lui donner un aspect mat.<br \/>2. <strong>Poudre pour le corps :<\/strong> Appliquer sur toutes les parties du corps pour garder la peau douce et rafra\u00eechie.<\/p><p>Formul\u00e9 sans parfum ni talc. Vegan et non test\u00e9 sur les animaux.<\/p><\/div>\t\t\t\t\t\t\t\t<\/div>\n\t\t\t\t<div class=\"elementor-element elementor-element-8f805fd elementor-widget elementor-widget-heading\" data-id=\"8f805fd\" data-element_type=\"widget\" data-widget_type=\"heading.default\">\n\t\t\t\t\t<h5 class=\"elementor-heading-title elementor-size-default\">Montant<\/h5>\t\t\t\t<\/div>\n\t\t\t\t<div class=\"elementor-element elementor-element-35f086f elementor-widget elementor-widget-wd_text_block\" data-id=\"35f086f\" data-element_type=\"widget\" data-widget_type=\"wd_text_block.default\">\n\t\t\t\t<div class=\"elementor-widget-container\">\n\t\t\t\t\t\t\t<div class=\"wd-text-block reset-last-child text-left\">\n\t\t\t\n\t\t\t<p>5g<\/p>\n\t\t\t\t\t<\/div>\n\t\t\t\t\t\t<\/div>\n\t\t\t\t<\/div>\n\t\t\t\t<div class=\"elementor-element elementor-element-bddcb64 elementor-widget elementor-widget-heading\" data-id=\"bddcb64\" data-element_type=\"widget\" data-widget_type=\"heading.default\">\n\t\t\t\t\t<h5 class=\"elementor-heading-title elementor-size-default\">Pays d'origine<\/h5>\t\t\t\t<\/div>\n\t\t\t\t<div class=\"elementor-element elementor-element-f447620 elementor-widget elementor-widget-wd_text_block\" data-id=\"f447620\" data-element_type=\"widget\" data-widget_type=\"wd_text_block.default\">\n\t\t\t\t<div class=\"elementor-widget-container\">\n\t\t\t\t\t\t\t<div class=\"wd-text-block reset-last-child text-left\">\n\t\t\t\n\t\t\t<p>Cor\u00e9e<\/p>\n\t\t\t\t\t<\/div>\n\t\t\t\t\t\t<\/div>\n\t\t\t\t<\/div>\n\t\t\t\t<div class=\"elementor-element elementor-element-79d0c06 elementor-widget elementor-widget-heading\" data-id=\"79d0c06\" data-element_type=\"widget\" data-widget_type=\"heading.default\">\n\t\t\t\t\t<h5 class=\"elementor-heading-title elementor-size-default\">Comment utiliser<\/h5>\t\t\t\t<\/div>\n\t\t\t\t<div class=\"elementor-element elementor-element-d6a8ee6 elementor-widget elementor-widget-wd_text_block\" data-id=\"d6a8ee6\" data-element_type=\"widget\" data-widget_type=\"wd_text_block.default\">\n\t\t\t\t<div class=\"elementor-widget-container\">\n\t\t\t\t\t\t\t<div class=\"wd-text-block reset-last-child text-left\">\n\t\t\t\n\t\t\t<p>Pour la touche finale de votre maquillage ou soin, appliquez d\u00e9licatement le produit sur l'ensemble du visage \u00e0 l'aide de l'applicateur houppette ou de votre pinceau pr\u00e9f\u00e9r\u00e9. Utilisez-le pour fixer le maquillage ou pour des retouches au besoin, surtout lorsque la peau devient grasse.<span style=\"font-size: 15px;\"><\/span><\/p>\n\t\t\t\t\t<\/div>\n\t\t\t\t\t\t<\/div>\n\t\t\t\t<\/div>\n\t\t\t\t<div class=\"elementor-element elementor-element-57615e2 elementor-widget elementor-widget-heading\" data-id=\"57615e2\" data-element_type=\"widget\" data-widget_type=\"heading.default\">\n\t\t\t\t\t<h5 class=\"elementor-heading-title elementor-size-default\">Ingr\u00e9dients<\/h5>\t\t\t\t<\/div>\n\t\t\t\t<div class=\"elementor-element elementor-element-78d6d68 elementor-widget elementor-widget-wd_text_block\" data-id=\"78d6d68\" data-element_type=\"widget\" data-widget_type=\"wd_text_block.default\">\n\t\t\t\t<div class=\"elementor-widget-container\">\n\t\t\t\t\t\t\t<div class=\"wd-text-block reset-last-child text-left\">\n\t\t\t\n\t\t\t<p><small>Min\u00e9raux de Jeju, silice, oct\u00e9nylsuccinate d'amidon d'aluminium, polym\u00e8re crois\u00e9 de dim\u00e9thicone\/vinyl dim\u00e9thicone, triglyc\u00e9ride caprylique\/caprique, mica, m\u00e9thicone, \u00e9thylhexylglyc\u00e9rine, dim\u00e9thicone, caprylate de glyc\u00e9ryle, sels min\u00e9raux, tocoph\u00e9rol<\/small><\/p>\n\t\t\t\t\t<\/div>\n\t\t\t\t\t\t<\/div>\n\t\t\t\t<\/div>\n\t\t\t\t\t<\/div>\n\t\t\t\t<\/div>\n\t\t\t\t<\/div>","protected":false},"excerpt":{"rendered":"<p>innisfree No Sebum Matte Mineral Setting Powder est une poudre translucide absorbant le s\u00e9bum, infus\u00e9e de min\u00e9raux de Jeju, qui donne \u00e0 la peau une apparence lisse et mate.<\/p>","protected":false},"featured_media":4690,"template":"","meta":[],"product_brand":[519],"product_cat":[651,206,462,467,550],"product_tag":[1053,983,1054],"class_list":{"0":"post-4689","1":"product","2":"type-product","3":"status-publish","4":"has-post-thumbnail","6":"product_brand-innisfree","7":"product_cat-all","8":"product_cat-asian_cosmetics","9":"product_cat-kbeauty","10":"product_cat-k_makeup","11":"product_cat-powder","12":"product_tag-innisfree-setting-powder","13":"product_tag-powder","14":"product_tag-setting-powder","16":"first","17":"instock","18":"taxable","19":"shipping-taxable","20":"purchasable","21":"product-type-simple"},"aioseo_notices":[],"_links":{"self":[{"href":"https:\/\/www.galaxy-i.com\/fr\/wp-json\/wp\/v2\/product\/4689","targetHints":{"allow":["GET"]}}],"collection":[{"href":"https:\/\/www.galaxy-i.com\/fr\/wp-json\/wp\/v2\/product"}],"about":[{"href":"https:\/\/www.galaxy-i.com\/fr\/wp-json\/wp\/v2\/types\/product"}],"version-history":[{"count":1,"href":"https:\/\/www.galaxy-i.com\/fr\/wp-json\/wp\/v2\/product\/4689\/revisions"}],"predecessor-version":[{"id":7337,"href":"https:\/\/www.galaxy-i.com\/fr\/wp-json\/wp\/v2\/product\/4689\/revisions\/7337"}],"wp:featuredmedia":[{"embeddable":true,"href":"https:\/\/www.galaxy-i.com\/fr\/wp-json\/wp\/v2\/media\/4690"}],"wp:attachment":[{"href":"https:\/\/www.galaxy-i.com\/fr\/wp-json\/wp\/v2\/media?parent=4689"}],"wp:term":[{"taxonomy":"product_brand","embeddable":true,"href":"https:\/\/www.galaxy-i.com\/fr\/wp-json\/wp\/v2\/product_brand?post=4689"},{"taxonomy":"product_cat","embeddable":true,"href":"https:\/\/www.galaxy-i.com\/fr\/wp-json\/wp\/v2\/product_cat?post=4689"},{"taxonomy":"product_tag","embeddable":true,"href":"https:\/\/www.galaxy-i.com\/fr\/wp-json\/wp\/v2\/product_tag?post=4689"}],"curies":[{"name":"wp","href":"https:\/\/api.w.org\/{rel}","templated":true}]}}