{"id":4596,"date":"2025-11-05T20:45:15","date_gmt":"2025-11-06T04:45:15","guid":{"rendered":"https:\/\/www.galaxy-i.com\/?post_type=product&#038;p=4596"},"modified":"2026-04-01T20:32:50","modified_gmt":"2026-04-02T03:32:50","slug":"etude-house-drawing-eyebrow-pencil","status":"publish","type":"product","link":"https:\/\/www.galaxy-i.com\/fr\/product\/etude-house-drawing-eyebrow-pencil\/","title":{"rendered":"\u00c9TUDE HOUSE Crayon \u00e0 sourcils"},"content":{"rendered":"<div data-elementor-type=\"product-post\" data-elementor-id=\"4596\" class=\"elementor elementor-4596\" data-elementor-post-type=\"product\">\n\t\t\t\t<div class=\"wd-negative-gap elementor-element elementor-element-659e775d e-flex e-con-boxed e-con e-parent\" data-id=\"659e775d\" data-element_type=\"container\">\n\t\t\t\t\t<div class=\"e-con-inner\">\n\t\t\t\t<div class=\"elementor-element elementor-element-59d44479 color-scheme-inherit text-left elementor-widget elementor-widget-text-editor\" data-id=\"59d44479\" data-element_type=\"widget\" data-widget_type=\"text-editor.default\">\n\t\t\t\t\t\t\t\t\t<p>Le crayon \u00e0 sourcils Drawing Eye Brow d'ETUDE HOUSE est un crayon \u00e0 sourcils r\u00e9tractable qui conserve une couleur magnifique et durable.<\/p>\t\t\t\t\t\t\t\t<\/div>\n\t\t\t\t<div class=\"elementor-element elementor-element-5ebe9bb elementor-widget elementor-widget-heading\" data-id=\"5ebe9bb\" data-element_type=\"widget\" data-widget_type=\"heading.default\">\n\t\t\t\t\t<h5 class=\"elementor-heading-title elementor-size-default\">Pays d'origine<\/h5>\t\t\t\t<\/div>\n\t\t\t\t<div class=\"elementor-element elementor-element-a43e46a elementor-widget elementor-widget-wd_text_block\" data-id=\"a43e46a\" data-element_type=\"widget\" data-widget_type=\"wd_text_block.default\">\n\t\t\t\t<div class=\"elementor-widget-container\">\n\t\t\t\t\t\t\t<div class=\"wd-text-block reset-last-child text-left\">\n\t\t\t\n\t\t\t<p>Cor\u00e9e<\/p>\n\t\t\t\t\t<\/div>\n\t\t\t\t\t\t<\/div>\n\t\t\t\t<\/div>\n\t\t\t\t<div class=\"elementor-element elementor-element-dbec713 elementor-widget elementor-widget-heading\" data-id=\"dbec713\" data-element_type=\"widget\" data-widget_type=\"heading.default\">\n\t\t\t\t\t<h5 class=\"elementor-heading-title elementor-size-default\">Comment utiliser<\/h5>\t\t\t\t<\/div>\n\t\t\t\t<div class=\"elementor-element elementor-element-8f49b8b elementor-widget elementor-widget-wd_text_block\" data-id=\"8f49b8b\" data-element_type=\"widget\" data-widget_type=\"wd_text_block.default\">\n\t\t\t\t<div class=\"elementor-widget-container\">\n\t\t\t\t\t\t\t<div class=\"wd-text-block reset-last-child text-left\">\n\t\t\t\n\t\t\t<ol><li>Tenez le crayon l\u00e9g\u00e8rement inclin\u00e9 et utilisez le c\u00f4t\u00e9 le plus large pour remplir d\u00e9licatement la zone en partant du coin interne du sourcil vers l'arcade sourcili\u00e8re.<\/li><li>Utilisez le bord le plus mince pour dessiner des traits individuels ressemblant \u00e0 des cheveux, de l'arche jusqu'\u00e0 la queue.<\/li><li>Utilisez la brosse goupillon \u00e0 l'autre bout pour estomper et modeler les sourcils pour un fini naturel.<\/li><\/ol>\n\t\t\t\t\t<\/div>\n\t\t\t\t\t\t<\/div>\n\t\t\t\t<\/div>\n\t\t\t\t<div class=\"elementor-element elementor-element-24c5c17 elementor-widget elementor-widget-heading\" data-id=\"24c5c17\" data-element_type=\"widget\" data-widget_type=\"heading.default\">\n\t\t\t\t\t<h5 class=\"elementor-heading-title elementor-size-default\">Ingr\u00e9dients<\/h5>\t\t\t\t<\/div>\n\t\t\t\t<div class=\"elementor-element elementor-element-cff8229 elementor-widget elementor-widget-wd_text_block\" data-id=\"cff8229\" data-element_type=\"widget\" data-widget_type=\"wd_text_block.default\">\n\t\t\t\t<div class=\"elementor-widget-container\">\n\t\t\t\t\t\t\t<div class=\"wd-text-block reset-last-child text-left\">\n\t\t\t\n\t\t\t<p>Huile de soja hydrog\u00e9n\u00e9e, cocoglyc\u00e9rides hydrog\u00e9n\u00e9s, fluorphlogopite synth\u00e9tique, huile v\u00e9g\u00e9tale hydrog\u00e9n\u00e9e, st\u00e9arate de zinc, cire de carnauba, acide st\u00e9arique, triisost\u00e9arate de polyglyc\u00e9ryl-2, tocoph\u00e9rol, palmitate d'ascorbyle, ph\u00e9noxy\u00e9thanol, [+\/-] dioxyde de titane, oxydes de fer, engrais ferreux, rouge 202<\/p>\n\t\t\t\t\t<\/div>\n\t\t\t\t\t\t<\/div>\n\t\t\t\t<\/div>\n\t\t\t\t\t<\/div>\n\t\t\t\t<\/div>\n\t\t\t\t<\/div>","protected":false},"excerpt":{"rendered":"<p>Le crayon \u00e0 sourcils Drawing Eye Brow d'ETUDE HOUSE est un crayon \u00e0 sourcils r\u00e9tractable qui conserve une couleur magnifique et durable.<\/p>","protected":false},"featured_media":4670,"template":"","meta":[],"product_brand":[516],"product_cat":[651,206,474,462,467],"product_tag":[1049,979],"class_list":{"0":"post-4596","1":"product","2":"type-product","3":"status-publish","4":"has-post-thumbnail","6":"product_brand-etude","7":"product_cat-all","8":"product_cat-asian_cosmetics","9":"product_cat-eyes_brows","10":"product_cat-kbeauty","11":"product_cat-k_makeup","12":"product_tag-etude-eye-brow-pencil","13":"product_tag-eyebrow-pencil","14":"pa_color_model-02-gray-brown","15":"pa_color_model-04-dark-gray","16":"pa_color_model-05-gray","17":"pa_color_model-06-ash-brown","19":"first","20":"instock","21":"taxable","22":"shipping-taxable","23":"purchasable","24":"product-type-variable"},"aioseo_notices":[],"_links":{"self":[{"href":"https:\/\/www.galaxy-i.com\/fr\/wp-json\/wp\/v2\/product\/4596","targetHints":{"allow":["GET"]}}],"collection":[{"href":"https:\/\/www.galaxy-i.com\/fr\/wp-json\/wp\/v2\/product"}],"about":[{"href":"https:\/\/www.galaxy-i.com\/fr\/wp-json\/wp\/v2\/types\/product"}],"version-history":[{"count":1,"href":"https:\/\/www.galaxy-i.com\/fr\/wp-json\/wp\/v2\/product\/4596\/revisions"}],"predecessor-version":[{"id":7333,"href":"https:\/\/www.galaxy-i.com\/fr\/wp-json\/wp\/v2\/product\/4596\/revisions\/7333"}],"wp:featuredmedia":[{"embeddable":true,"href":"https:\/\/www.galaxy-i.com\/fr\/wp-json\/wp\/v2\/media\/4670"}],"wp:attachment":[{"href":"https:\/\/www.galaxy-i.com\/fr\/wp-json\/wp\/v2\/media?parent=4596"}],"wp:term":[{"taxonomy":"product_brand","embeddable":true,"href":"https:\/\/www.galaxy-i.com\/fr\/wp-json\/wp\/v2\/product_brand?post=4596"},{"taxonomy":"product_cat","embeddable":true,"href":"https:\/\/www.galaxy-i.com\/fr\/wp-json\/wp\/v2\/product_cat?post=4596"},{"taxonomy":"product_tag","embeddable":true,"href":"https:\/\/www.galaxy-i.com\/fr\/wp-json\/wp\/v2\/product_tag?post=4596"}],"curies":[{"name":"wp","href":"https:\/\/api.w.org\/{rel}","templated":true}]}}