{"id":4462,"date":"2025-11-05T01:41:38","date_gmt":"2025-11-05T09:41:38","guid":{"rendered":"https:\/\/galaxy-i.com\/?post_type=product&#038;p=4462"},"modified":"2026-03-19T22:52:39","modified_gmt":"2026-03-20T05:52:39","slug":"bouncia-body-soap-refill","status":"publish","type":"product","link":"https:\/\/www.galaxy-i.com\/fr\/product\/bouncia-body-soap-refill\/","title":{"rendered":"SAVON DE MARQUE COW KYOSHINSHA Recharge de savon pour le corps Bouncia (360 ml)"},"content":{"rendered":"<div data-elementor-type=\"product-post\" data-elementor-id=\"4462\" class=\"elementor elementor-4462\" data-elementor-post-type=\"product\">\n\t\t\t\t<div class=\"wd-negative-gap elementor-element elementor-element-659e775d e-flex e-con-boxed e-con e-parent\" data-id=\"659e775d\" data-element_type=\"container\">\n\t\t\t\t\t<div class=\"e-con-inner\">\n\t\t\t\t<div class=\"elementor-element elementor-element-59d44479 color-scheme-inherit text-left elementor-widget elementor-widget-text-editor\" data-id=\"59d44479\" data-element_type=\"widget\" data-widget_type=\"text-editor.default\">\n\t\t\t\t\t\t\t\t\t<p>COW BRAND SOAP KYOSHINSHA Bouncia Body Soap Refill est une mousse riche et cr\u00e9meuse qui enveloppe votre corps fatigu\u00e9, \u00e9vitant les frottements tout en pr\u00e9servant l'hydratation. Il laisse votre peau douce et lisse.<\/p>\t\t\t\t\t\t\t\t<\/div>\n\t\t\t\t<div class=\"elementor-element elementor-element-9009d47 elementor-widget elementor-widget-heading\" data-id=\"9009d47\" data-element_type=\"widget\" data-widget_type=\"heading.default\">\n\t\t\t\t\t<h5 class=\"elementor-heading-title elementor-size-default\">Montant<\/h5>\t\t\t\t<\/div>\n\t\t\t\t<div class=\"elementor-element elementor-element-055eee5 elementor-widget elementor-widget-wd_text_block\" data-id=\"055eee5\" data-element_type=\"widget\" data-widget_type=\"wd_text_block.default\">\n\t\t\t\t<div class=\"elementor-widget-container\">\n\t\t\t\t\t\t\t<div class=\"wd-text-block reset-last-child text-left\">\n\t\t\t\n\t\t\t<p>360ml<\/p>\n\t\t\t\t\t<\/div>\n\t\t\t\t\t\t<\/div>\n\t\t\t\t<\/div>\n\t\t\t\t<div class=\"elementor-element elementor-element-08fbcc1 elementor-widget elementor-widget-heading\" data-id=\"08fbcc1\" data-element_type=\"widget\" data-widget_type=\"heading.default\">\n\t\t\t\t\t<h5 class=\"elementor-heading-title elementor-size-default\">Pays d'origine<\/h5>\t\t\t\t<\/div>\n\t\t\t\t<div class=\"elementor-element elementor-element-dbf2295 elementor-widget elementor-widget-wd_text_block\" data-id=\"dbf2295\" data-element_type=\"widget\" data-widget_type=\"wd_text_block.default\">\n\t\t\t\t<div class=\"elementor-widget-container\">\n\t\t\t\t\t\t\t<div class=\"wd-text-block reset-last-child text-left\">\n\t\t\t\n\t\t\t<p>Japon<\/p>\n\t\t\t\t\t<\/div>\n\t\t\t\t\t\t<\/div>\n\t\t\t\t<\/div>\n\t\t\t\t<div class=\"elementor-element elementor-element-82551bd elementor-widget elementor-widget-heading\" data-id=\"82551bd\" data-element_type=\"widget\" data-widget_type=\"heading.default\">\n\t\t\t\t\t<h5 class=\"elementor-heading-title elementor-size-default\">Ingr\u00e9dients<\/h5>\t\t\t\t<\/div>\n\t\t\t\t<div class=\"elementor-element elementor-element-570cd4e elementor-widget elementor-widget-wd_text_block\" data-id=\"570cd4e\" data-element_type=\"widget\" data-widget_type=\"wd_text_block.default\">\n\t\t\t\t<div class=\"elementor-widget-container\">\n\t\t\t\t\t\t\t<div class=\"wd-text-block reset-last-child text-left\">\n\t\t\t\n\t\t\t<p>Eau, laurate de potassium, myristate de potassium, st\u00e9arate de potassium, glyc\u00e9rine, dist\u00e9arate de glycol, cocamide MEA, chlorure de sodium, parfum, EDTA t\u00e9trasodique, butyl\u00e8ne glycol, PEG-9M, PEG-90M, hyaluronate de sodium, collag\u00e8ne hydrolys\u00e9, beurre, EDTA disodique.<\/p>\n\t\t\t\t\t<\/div>\n\t\t\t\t\t\t<\/div>\n\t\t\t\t<\/div>\n\t\t\t\t\t<\/div>\n\t\t\t\t<\/div>\n\t\t\t\t<\/div>","protected":false},"excerpt":{"rendered":"<p>COW BRAND SOAP KYOSHINSHA Bouncia Body Soap Refill est une mousse riche et cr\u00e9meuse qui enveloppe votre corps fatigu\u00e9 et pr\u00e9vient les frottements.<\/p>","protected":false},"featured_media":4662,"template":"","meta":[],"product_brand":[514],"product_cat":[651,206,461,476,532,934],"product_tag":[976,1047],"class_list":{"0":"post-4462","1":"product","2":"type-product","3":"status-publish","4":"has-post-thumbnail","6":"product_brand-bouncia","7":"product_cat-all","8":"product_cat-asian_cosmetics","9":"product_cat-jbeauty","10":"product_cat-skin","11":"product_cat-skin-care-jbeauty","12":"product_cat-soap-cleanser","13":"product_tag-body-soap","14":"product_tag-bouncia-body-soap","16":"first","17":"instock","18":"taxable","19":"shipping-taxable","20":"purchasable","21":"product-type-variable"},"aioseo_notices":[],"_links":{"self":[{"href":"https:\/\/www.galaxy-i.com\/fr\/wp-json\/wp\/v2\/product\/4462","targetHints":{"allow":["GET"]}}],"collection":[{"href":"https:\/\/www.galaxy-i.com\/fr\/wp-json\/wp\/v2\/product"}],"about":[{"href":"https:\/\/www.galaxy-i.com\/fr\/wp-json\/wp\/v2\/types\/product"}],"version-history":[{"count":1,"href":"https:\/\/www.galaxy-i.com\/fr\/wp-json\/wp\/v2\/product\/4462\/revisions"}],"predecessor-version":[{"id":7331,"href":"https:\/\/www.galaxy-i.com\/fr\/wp-json\/wp\/v2\/product\/4462\/revisions\/7331"}],"wp:featuredmedia":[{"embeddable":true,"href":"https:\/\/www.galaxy-i.com\/fr\/wp-json\/wp\/v2\/media\/4662"}],"wp:attachment":[{"href":"https:\/\/www.galaxy-i.com\/fr\/wp-json\/wp\/v2\/media?parent=4462"}],"wp:term":[{"taxonomy":"product_brand","embeddable":true,"href":"https:\/\/www.galaxy-i.com\/fr\/wp-json\/wp\/v2\/product_brand?post=4462"},{"taxonomy":"product_cat","embeddable":true,"href":"https:\/\/www.galaxy-i.com\/fr\/wp-json\/wp\/v2\/product_cat?post=4462"},{"taxonomy":"product_tag","embeddable":true,"href":"https:\/\/www.galaxy-i.com\/fr\/wp-json\/wp\/v2\/product_tag?post=4462"}],"curies":[{"name":"wp","href":"https:\/\/api.w.org\/{rel}","templated":true}]}}