{"id":4456,"date":"2025-11-05T01:28:05","date_gmt":"2025-11-05T09:28:05","guid":{"rendered":"https:\/\/galaxy-i.com\/?post_type=product&#038;p=4456"},"modified":"2026-03-19T22:48:23","modified_gmt":"2026-03-20T05:48:23","slug":"cinema-secrets-powder-puff","status":"publish","type":"product","link":"https:\/\/www.galaxy-i.com\/fr\/product\/cinema-secrets-powder-puff\/","title":{"rendered":"Secrets du cin\u00e9ma Poudreuse"},"content":{"rendered":"<div data-elementor-type=\"product-post\" data-elementor-id=\"4456\" class=\"elementor elementor-4456\" data-elementor-post-type=\"product\">\n\t\t\t\t<div class=\"wd-negative-gap elementor-element elementor-element-659e775d e-flex e-con-boxed e-con e-parent\" data-id=\"659e775d\" data-element_type=\"container\">\n\t\t\t\t\t<div class=\"e-con-inner\">\n\t\t\t\t<div class=\"elementor-element elementor-element-59d44479 color-scheme-inherit text-left elementor-widget elementor-widget-text-editor\" data-id=\"59d44479\" data-element_type=\"widget\" data-widget_type=\"text-editor.default\">\n\t\t\t\t\t\t\t\t\t<p><span class=\"s1\">La houppette de Cinema Secrets est con\u00e7ue avec de la mousse \u00e0 m\u00e9moire de forme pour un maximum de douceur, de maintien de la forme et de durabilit\u00e9. Les bouff\u00e9es de velours cousues \u00e0 la main permettent de les laver et de les r\u00e9utiliser pendant un mois ou plus. <\/span><span class=\"s2\">selon\u00a0<\/span>sur l'utilisation.<\/p>\t\t\t\t\t\t\t\t<\/div>\n\t\t\t\t<div class=\"elementor-element elementor-element-ee2b749 elementor-widget elementor-widget-heading\" data-id=\"ee2b749\" data-element_type=\"widget\" data-widget_type=\"heading.default\">\n\t\t\t\t\t<h5 class=\"elementor-heading-title elementor-size-default\">Forme<\/h5>\t\t\t\t<\/div>\n\t\t\t\t<div class=\"elementor-element elementor-element-d6e5436 elementor-widget elementor-widget-wd_text_block\" data-id=\"d6e5436\" data-element_type=\"widget\" data-widget_type=\"wd_text_block.default\">\n\t\t\t\t<div class=\"elementor-widget-container\">\n\t\t\t\t\t\t\t<div class=\"wd-text-block reset-last-child text-left\">\n\t\t\t\n\t\t\t<p>Ronde<\/p>\n\t\t\t\t\t<\/div>\n\t\t\t\t\t\t<\/div>\n\t\t\t\t<\/div>\n\t\t\t\t<div class=\"elementor-element elementor-element-82ece95 elementor-widget elementor-widget-heading\" data-id=\"82ece95\" data-element_type=\"widget\" data-widget_type=\"heading.default\">\n\t\t\t\t\t<h5 class=\"elementor-heading-title elementor-size-default\">Taille<\/h5>\t\t\t\t<\/div>\n\t\t\t\t<div class=\"elementor-element elementor-element-7558962 elementor-widget elementor-widget-wd_text_block\" data-id=\"7558962\" data-element_type=\"widget\" data-widget_type=\"wd_text_block.default\">\n\t\t\t\t<div class=\"elementor-widget-container\">\n\t\t\t\t\t\t\t<div class=\"wd-text-block reset-last-child text-left\">\n\t\t\t\n\t\t\t<p>3,5 pouces<\/p>\n\t\t\t\t\t<\/div>\n\t\t\t\t\t\t<\/div>\n\t\t\t\t<\/div>\n\t\t\t\t<div class=\"elementor-element elementor-element-f8717ee elementor-widget elementor-widget-heading\" data-id=\"f8717ee\" data-element_type=\"widget\" data-widget_type=\"heading.default\">\n\t\t\t\t\t<h5 class=\"elementor-heading-title elementor-size-default\">Pays d'origine<\/h5>\t\t\t\t<\/div>\n\t\t\t\t<div class=\"elementor-element elementor-element-6bf958f elementor-widget elementor-widget-wd_text_block\" data-id=\"6bf958f\" data-element_type=\"widget\" data-widget_type=\"wd_text_block.default\">\n\t\t\t\t<div class=\"elementor-widget-container\">\n\t\t\t\t\t\t\t<div class=\"wd-text-block reset-last-child text-left\">\n\t\t\t\n\t\t\t<p>\u00c9tats-Unis<\/p>\n\t\t\t\t\t<\/div>\n\t\t\t\t\t\t<\/div>\n\t\t\t\t<\/div>\n\t\t\t\t\t<\/div>\n\t\t\t\t<\/div>\n\t\t\t\t<\/div>","protected":false},"excerpt":{"rendered":"<p>La houppette de Cinema Secrets est con\u00e7ue avec de la mousse \u00e0 m\u00e9moire de forme pour un maximum de douceur, de maintien de la forme et de durabilit\u00e9.<\/p>","protected":false},"featured_media":4651,"template":"","meta":[],"product_brand":[512],"product_cat":[357,651,550,342,551],"product_tag":[939,975],"class_list":{"0":"post-4456","1":"product","2":"type-product","3":"status-publish","4":"has-post-thumbnail","6":"product_brand-cinema_secrets","7":"product_cat-accessories","8":"product_cat-all","9":"product_cat-powder","10":"product_cat-sfx","11":"product_cat-sponges-puffs","12":"product_tag-cinema-secrets-powder-puff","13":"product_tag-powder-puff","15":"first","16":"instock","17":"taxable","18":"shipping-taxable","19":"purchasable","20":"product-type-simple"},"aioseo_notices":[],"_links":{"self":[{"href":"https:\/\/www.galaxy-i.com\/fr\/wp-json\/wp\/v2\/product\/4456","targetHints":{"allow":["GET"]}}],"collection":[{"href":"https:\/\/www.galaxy-i.com\/fr\/wp-json\/wp\/v2\/product"}],"about":[{"href":"https:\/\/www.galaxy-i.com\/fr\/wp-json\/wp\/v2\/types\/product"}],"version-history":[{"count":1,"href":"https:\/\/www.galaxy-i.com\/fr\/wp-json\/wp\/v2\/product\/4456\/revisions"}],"predecessor-version":[{"id":7330,"href":"https:\/\/www.galaxy-i.com\/fr\/wp-json\/wp\/v2\/product\/4456\/revisions\/7330"}],"wp:featuredmedia":[{"embeddable":true,"href":"https:\/\/www.galaxy-i.com\/fr\/wp-json\/wp\/v2\/media\/4651"}],"wp:attachment":[{"href":"https:\/\/www.galaxy-i.com\/fr\/wp-json\/wp\/v2\/media?parent=4456"}],"wp:term":[{"taxonomy":"product_brand","embeddable":true,"href":"https:\/\/www.galaxy-i.com\/fr\/wp-json\/wp\/v2\/product_brand?post=4456"},{"taxonomy":"product_cat","embeddable":true,"href":"https:\/\/www.galaxy-i.com\/fr\/wp-json\/wp\/v2\/product_cat?post=4456"},{"taxonomy":"product_tag","embeddable":true,"href":"https:\/\/www.galaxy-i.com\/fr\/wp-json\/wp\/v2\/product_tag?post=4456"}],"curies":[{"name":"wp","href":"https:\/\/api.w.org\/{rel}","templated":true}]}}