{"id":4415,"date":"2025-11-04T21:43:23","date_gmt":"2025-11-05T05:43:23","guid":{"rendered":"https:\/\/rose-akane.sub.jp\/galaxy-i\/?post_type=product&#038;p=4415"},"modified":"2026-03-19T21:51:35","modified_gmt":"2026-03-20T04:51:35","slug":"ben-nye-matte-hd-foundation","status":"publish","type":"product","link":"https:\/\/www.galaxy-i.com\/fr\/product\/ben-nye-matte-hd-foundation\/","title":{"rendered":"Fond de teint Ben Nye Matte HD (14 g\/0,5 oz)"},"content":{"rendered":"<div data-elementor-type=\"product-post\" data-elementor-id=\"4415\" class=\"elementor elementor-4415\" data-elementor-post-type=\"product\">\n\t\t\t\t<div class=\"wd-negative-gap elementor-element elementor-element-659e775d e-flex e-con-boxed e-con e-parent\" data-id=\"659e775d\" data-element_type=\"container\">\n\t\t\t\t\t<div class=\"e-con-inner\">\n\t\t\t\t<div class=\"elementor-element elementor-element-59d44479 color-scheme-inherit text-left elementor-widget elementor-widget-text-editor\" data-id=\"59d44479\" data-element_type=\"widget\" data-widget_type=\"text-editor.default\">\n\t\t\t\t\t\t\t\t\t<p>La texture soyeuse et la vaste gamme de couleurs du fond de teint Ben Nye Matte HD en font un produit appr\u00e9ci\u00e9 des professionnels. Formul\u00e9s avec le pigment 38-40%, ces fonds de teint de type cr\u00e8me permettent d'obtenir les r\u00e9sultats souhait\u00e9s avec une quantit\u00e9 minimale de produit. Le fini mat para\u00eet naturel \u00e0 l'image et ne n\u00e9cessite qu'une poudre minimale pour le fixer.<\/p>\t\t\t\t\t\t\t\t<\/div>\n\t\t\t\t<div class=\"elementor-element elementor-element-2cf2e7b elementor-widget elementor-widget-heading\" data-id=\"2cf2e7b\" data-element_type=\"widget\" data-widget_type=\"heading.default\">\n\t\t\t\t\t<h5 class=\"elementor-heading-title elementor-size-default\">Montant<\/h5>\t\t\t\t<\/div>\n\t\t\t\t<div class=\"elementor-element elementor-element-fe16505 elementor-widget elementor-widget-wd_text_block\" data-id=\"fe16505\" data-element_type=\"widget\" data-widget_type=\"wd_text_block.default\">\n\t\t\t\t<div class=\"elementor-widget-container\">\n\t\t\t\t\t\t\t<div class=\"wd-text-block reset-last-child text-left\">\n\t\t\t\n\t\t\t<p>14gm\/0.5oz<\/p>\n\t\t\t\t\t<\/div>\n\t\t\t\t\t\t<\/div>\n\t\t\t\t<\/div>\n\t\t\t\t<div class=\"elementor-element elementor-element-28050a6 elementor-widget elementor-widget-heading\" data-id=\"28050a6\" data-element_type=\"widget\" data-widget_type=\"heading.default\">\n\t\t\t\t\t<h5 class=\"elementor-heading-title elementor-size-default\">Pays d'origine<\/h5>\t\t\t\t<\/div>\n\t\t\t\t<div class=\"elementor-element elementor-element-6e8efb3 elementor-widget elementor-widget-wd_text_block\" data-id=\"6e8efb3\" data-element_type=\"widget\" data-widget_type=\"wd_text_block.default\">\n\t\t\t\t<div class=\"elementor-widget-container\">\n\t\t\t\t\t\t\t<div class=\"wd-text-block reset-last-child text-left\">\n\t\t\t\n\t\t\t<p>\u00c9tats-Unis<\/p>\n\t\t\t\t\t<\/div>\n\t\t\t\t\t\t<\/div>\n\t\t\t\t<\/div>\n\t\t\t\t<div class=\"elementor-element elementor-element-dc1785f elementor-widget elementor-widget-heading\" data-id=\"dc1785f\" data-element_type=\"widget\" data-widget_type=\"heading.default\">\n\t\t\t\t\t<h5 class=\"elementor-heading-title elementor-size-default\">Comment utiliser<\/h5>\t\t\t\t<\/div>\n\t\t\t\t<div class=\"elementor-element elementor-element-cae2406 elementor-widget elementor-widget-wd_text_block\" data-id=\"cae2406\" data-element_type=\"widget\" data-widget_type=\"wd_text_block.default\">\n\t\t\t\t<div class=\"elementor-widget-container\">\n\t\t\t\t\t\t\t<div class=\"wd-text-block reset-last-child text-left\">\n\t\t\t\n\t\t\t<p>Appliquez directement sur la peau \u00e0 l'aide de pinceaux ou d'une \u00e9ponge. Pour personnaliser les teintes, m\u00e9langez les couleurs avec une palette et une spatule jusqu'\u00e0 obtenir la nuance id\u00e9ale.<\/p>\n\t\t\t\t\t<\/div>\n\t\t\t\t\t\t<\/div>\n\t\t\t\t<\/div>\n\t\t\t\t<div class=\"elementor-element elementor-element-060dfc8 elementor-widget elementor-widget-heading\" data-id=\"060dfc8\" data-element_type=\"widget\" data-widget_type=\"heading.default\">\n\t\t\t\t\t<h5 class=\"elementor-heading-title elementor-size-default\">Ingr\u00e9dients<\/h5>\t\t\t\t<\/div>\n\t\t\t\t<div class=\"elementor-element elementor-element-2629b6e elementor-widget elementor-widget-wd_text_block\" data-id=\"2629b6e\" data-element_type=\"widget\" data-widget_type=\"wd_text_block.default\">\n\t\t\t\t<div class=\"elementor-widget-container\">\n\t\t\t\t\t\t\t<div class=\"wd-text-block reset-last-child text-left\">\n\t\t\t\n\t\t\t<p>Triglyc\u00e9ride caprylique\/caprique, laurate d'isoamyle, vaseline, talc, palmitate d'\u00e9thylhexyle, cire de carnauba (Copernicia cerifera), cire d'abeille (Cera alba), kaolin, ozok\u00e9rite, st\u00e9arate d'alkylhydroxyst\u00e9aroyle en C18-38, ph\u00e9noxy\u00e9thanol<br data-start=\"262\" data-end=\"265\">Peut contenir : +\/- : 77491, 77492, 77499, 77891, 77288, 77289, 73360, 77007, 19140, 15850 (oxydes de fer, dioxyde de titane, oxyde de chrome vert, hydroxyde de chrome vert, rouge 30, ultramarines, jaune 5, rouge 7)<span style=\"font-size: 15px;\"><\/span><\/p>\n\t\t\t\t\t<\/div>\n\t\t\t\t\t\t<\/div>\n\t\t\t\t<\/div>\n\t\t\t\t\t<\/div>\n\t\t\t\t<\/div>\n\t\t\t\t<\/div>","protected":false},"excerpt":{"rendered":"<p>La texture soyeuse et la vaste gamme de couleurs du fond de teint Ben Nye Matte HD font qu'il est appr\u00e9ci\u00e9 des professionnels.<\/p>","protected":false},"featured_media":4653,"template":"","meta":[],"product_brand":[511],"product_cat":[651,205,473,544,342],"product_tag":[1046,974],"class_list":{"0":"post-4415","1":"product","2":"type-product","3":"status-publish","4":"has-post-thumbnail","6":"product_brand-ben_nye","7":"product_cat-all","8":"product_cat-beauty_makeup","9":"product_cat-face","10":"product_cat-foundation","11":"product_cat-sfx","12":"product_tag-ben-nye-hd-foundation","13":"product_tag-foundation","14":"pa_color_model-sh-1-fairest","16":"first","17":"instock","18":"taxable","19":"shipping-taxable","20":"purchasable","21":"product-type-variable"},"aioseo_notices":[],"_links":{"self":[{"href":"https:\/\/www.galaxy-i.com\/fr\/wp-json\/wp\/v2\/product\/4415","targetHints":{"allow":["GET"]}}],"collection":[{"href":"https:\/\/www.galaxy-i.com\/fr\/wp-json\/wp\/v2\/product"}],"about":[{"href":"https:\/\/www.galaxy-i.com\/fr\/wp-json\/wp\/v2\/types\/product"}],"version-history":[{"count":1,"href":"https:\/\/www.galaxy-i.com\/fr\/wp-json\/wp\/v2\/product\/4415\/revisions"}],"predecessor-version":[{"id":7329,"href":"https:\/\/www.galaxy-i.com\/fr\/wp-json\/wp\/v2\/product\/4415\/revisions\/7329"}],"wp:featuredmedia":[{"embeddable":true,"href":"https:\/\/www.galaxy-i.com\/fr\/wp-json\/wp\/v2\/media\/4653"}],"wp:attachment":[{"href":"https:\/\/www.galaxy-i.com\/fr\/wp-json\/wp\/v2\/media?parent=4415"}],"wp:term":[{"taxonomy":"product_brand","embeddable":true,"href":"https:\/\/www.galaxy-i.com\/fr\/wp-json\/wp\/v2\/product_brand?post=4415"},{"taxonomy":"product_cat","embeddable":true,"href":"https:\/\/www.galaxy-i.com\/fr\/wp-json\/wp\/v2\/product_cat?post=4415"},{"taxonomy":"product_tag","embeddable":true,"href":"https:\/\/www.galaxy-i.com\/fr\/wp-json\/wp\/v2\/product_tag?post=4415"}],"curies":[{"name":"wp","href":"https:\/\/api.w.org\/{rel}","templated":true}]}}