{"id":4243,"date":"2025-11-04T16:21:48","date_gmt":"2025-11-05T00:21:48","guid":{"rendered":"https:\/\/rose-akane.sub.jp\/galaxy-i\/?post_type=product&#038;p=4243"},"modified":"2026-04-01T20:32:45","modified_gmt":"2026-04-02T03:32:45","slug":"beauty-of-joseon-dynasty-cream","status":"publish","type":"product","link":"https:\/\/www.galaxy-i.com\/fr\/product\/beauty-of-joseon-dynasty-cream\/","title":{"rendered":"Cr\u00e8me beaut\u00e9 de la dynastie Joseon (50 ml)"},"content":{"rendered":"<div data-elementor-type=\"product-post\" data-elementor-id=\"4243\" class=\"elementor elementor-4243\" data-elementor-post-type=\"product\">\n\t\t\t\t<div class=\"wd-negative-gap elementor-element elementor-element-659e775d e-flex e-con-boxed e-con e-parent\" data-id=\"659e775d\" data-element_type=\"container\">\n\t\t\t\t\t<div class=\"e-con-inner\">\n\t\t\t\t<div class=\"elementor-element elementor-element-59d44479 color-scheme-inherit text-left elementor-widget elementor-widget-text-editor\" data-id=\"59d44479\" data-element_type=\"widget\" data-widget_type=\"text-editor.default\">\n\t\t\t\t\t\t\t\t\t<p>La cr\u00e8me Beauty of Joseon Dynasty est un soin hydratant cr\u00e9meux qui p\u00e9n\u00e8tre pour une hydratation longue dur\u00e9e et laisse la peau fra\u00eeche, pulpeuse et rebondie.<\/p>\t\t\t\t\t\t\t\t<\/div>\n\t\t\t\t<div class=\"elementor-element elementor-element-2f8e34a elementor-widget elementor-widget-heading\" data-id=\"2f8e34a\" data-element_type=\"widget\" data-widget_type=\"heading.default\">\n\t\t\t\t\t<h5 class=\"elementor-heading-title elementor-size-default\">Montant<\/h5>\t\t\t\t<\/div>\n\t\t\t\t<div class=\"elementor-element elementor-element-9aae92e elementor-widget elementor-widget-wd_text_block\" data-id=\"9aae92e\" data-element_type=\"widget\" data-widget_type=\"wd_text_block.default\">\n\t\t\t\t<div class=\"elementor-widget-container\">\n\t\t\t\t\t\t\t<div class=\"wd-text-block reset-last-child text-left\">\n\t\t\t\n\t\t\t<p>50ml<\/p>\n\t\t\t\t\t<\/div>\n\t\t\t\t\t\t<\/div>\n\t\t\t\t<\/div>\n\t\t\t\t<div class=\"elementor-element elementor-element-297454d elementor-widget elementor-widget-heading\" data-id=\"297454d\" data-element_type=\"widget\" data-widget_type=\"heading.default\">\n\t\t\t\t\t<h5 class=\"elementor-heading-title elementor-size-default\">Pays d'origine<\/h5>\t\t\t\t<\/div>\n\t\t\t\t<div class=\"elementor-element elementor-element-52ac4db elementor-widget elementor-widget-wd_text_block\" data-id=\"52ac4db\" data-element_type=\"widget\" data-widget_type=\"wd_text_block.default\">\n\t\t\t\t<div class=\"elementor-widget-container\">\n\t\t\t\t\t\t\t<div class=\"wd-text-block reset-last-child text-left\">\n\t\t\t\n\t\t\t<p>Cor\u00e9e<\/p>\n\t\t\t\t\t<\/div>\n\t\t\t\t\t\t<\/div>\n\t\t\t\t<\/div>\n\t\t\t\t<div class=\"elementor-element elementor-element-f834870 elementor-widget elementor-widget-heading\" data-id=\"f834870\" data-element_type=\"widget\" data-widget_type=\"heading.default\">\n\t\t\t\t\t<h5 class=\"elementor-heading-title elementor-size-default\">Comment utiliser<\/h5>\t\t\t\t<\/div>\n\t\t\t\t<div class=\"elementor-element elementor-element-883a36f elementor-widget elementor-widget-wd_text_block\" data-id=\"883a36f\" data-element_type=\"widget\" data-widget_type=\"wd_text_block.default\">\n\t\t\t\t<div class=\"elementor-widget-container\">\n\t\t\t\t\t\t\t<div class=\"wd-text-block reset-last-child text-left\">\n\t\t\t\n\t\t\t<p>Apr\u00e8s le nettoyant, la lotion tonique et le s\u00e9rum, appliquez une petite quantit\u00e9 de cr\u00e8me Dynasty sur le visage et le cou, puis tapotez d\u00e9licatement pour faire p\u00e9n\u00e9trer. Utilisez matin et soir\u00a0; les peaux grasses ou \u00e0 tendance acn\u00e9ique peuvent utiliser une quantit\u00e9 \u00e9quivalente \u00e0 un demi-petit pois, tandis que les autres types de peau peuvent utiliser une quantit\u00e9 \u00e9quivalente \u00e0 une pi\u00e8ce de monnaie.<\/p>\n\t\t\t\t\t<\/div>\n\t\t\t\t\t\t<\/div>\n\t\t\t\t<\/div>\n\t\t\t\t<div class=\"elementor-element elementor-element-f3facfe elementor-widget elementor-widget-heading\" data-id=\"f3facfe\" data-element_type=\"widget\" data-widget_type=\"heading.default\">\n\t\t\t\t\t<h5 class=\"elementor-heading-title elementor-size-default\">Ingr\u00e9dients<\/h5>\t\t\t\t<\/div>\n\t\t\t\t<div class=\"elementor-element elementor-element-3451436 elementor-widget elementor-widget-wd_text_block\" data-id=\"3451436\" data-element_type=\"widget\" data-widget_type=\"wd_text_block.default\">\n\t\t\t\t<div class=\"elementor-widget-container\">\n\t\t\t\t\t\t\t<div class=\"wd-text-block reset-last-child text-left\">\n\t\t\t\n\t\t\t<p>Eau, glyc\u00e9rine, polyd\u00e9c\u00e8ne hydrog\u00e9n\u00e9, 1,2-hexanediol, niacinamide, squalane, butyl\u00e8ne glycol, propanediol, dicaprylate\/dicaprate de butyl\u00e8ne glycol, olivate de c\u00e9t\u00e9aryle, olivate de sorbitan, copolym\u00e8re d'acryloyldim\u00e9thyltaurate d'ammonium\/VP, gomme de xanthane, eau de racine de ginseng, polym\u00e8re crois\u00e9 d'acrylates\/acrylate d'alkyle en C10-30, trom\u00e9thamine, huile de graines de carthame, huile de coco hydrog\u00e9n\u00e9e, copolym\u00e8re d'acrylate de glyc\u00e9ryle\/acide acrylique, eau de son de riz, \u00e9thylhexylglyc\u00e9rine, ad\u00e9nosine, triglyc\u00e9ride caprylique\/caprique, EDTA disodique, acide hyaluronique, acide hyaluronique hydrolys\u00e9, hyaluronate de sodium, extrait de miel, c\u00e9ramide NP. L\u00e9cithine hydrog\u00e9n\u00e9e, extrait de racine de Coptis japonica, extrait de graines de Raphanus sativus (radis), extrait de graines de Theobroma cacao (cacao), extrait de fruit de Lycium chinense<\/p>\n\t\t\t\t\t<\/div>\n\t\t\t\t\t\t<\/div>\n\t\t\t\t<\/div>\n\t\t\t\t\t<\/div>\n\t\t\t\t<\/div>\n\t\t\t\t<\/div>","protected":false},"excerpt":{"rendered":"<p>La cr\u00e8me Beauty of Joseon Dynasty est un soin hydratant cr\u00e9meux qui p\u00e9n\u00e8tre pour une hydratation longue dur\u00e9e et laisse la peau fra\u00eeche, pulpeuse et rebondie.<\/p>","protected":false},"featured_media":4655,"template":"","meta":[],"product_brand":[510],"product_cat":[651,206,462,738,476,531],"product_tag":[946,970],"class_list":{"0":"post-4243","1":"product","2":"type-product","3":"status-publish","4":"has-post-thumbnail","6":"product_brand-beautyofjoseon","7":"product_cat-all","8":"product_cat-asian_cosmetics","9":"product_cat-kbeauty","10":"product_cat-moisturizer","11":"product_cat-skin","12":"product_cat-skin-care","13":"product_tag-beauty-of-joseon-dynasty-cream","14":"product_tag-dynasty-cream","16":"first","17":"instock","18":"taxable","19":"shipping-taxable","20":"purchasable","21":"product-type-simple"},"aioseo_notices":[],"_links":{"self":[{"href":"https:\/\/www.galaxy-i.com\/fr\/wp-json\/wp\/v2\/product\/4243","targetHints":{"allow":["GET"]}}],"collection":[{"href":"https:\/\/www.galaxy-i.com\/fr\/wp-json\/wp\/v2\/product"}],"about":[{"href":"https:\/\/www.galaxy-i.com\/fr\/wp-json\/wp\/v2\/types\/product"}],"version-history":[{"count":1,"href":"https:\/\/www.galaxy-i.com\/fr\/wp-json\/wp\/v2\/product\/4243\/revisions"}],"predecessor-version":[{"id":7324,"href":"https:\/\/www.galaxy-i.com\/fr\/wp-json\/wp\/v2\/product\/4243\/revisions\/7324"}],"wp:featuredmedia":[{"embeddable":true,"href":"https:\/\/www.galaxy-i.com\/fr\/wp-json\/wp\/v2\/media\/4655"}],"wp:attachment":[{"href":"https:\/\/www.galaxy-i.com\/fr\/wp-json\/wp\/v2\/media?parent=4243"}],"wp:term":[{"taxonomy":"product_brand","embeddable":true,"href":"https:\/\/www.galaxy-i.com\/fr\/wp-json\/wp\/v2\/product_brand?post=4243"},{"taxonomy":"product_cat","embeddable":true,"href":"https:\/\/www.galaxy-i.com\/fr\/wp-json\/wp\/v2\/product_cat?post=4243"},{"taxonomy":"product_tag","embeddable":true,"href":"https:\/\/www.galaxy-i.com\/fr\/wp-json\/wp\/v2\/product_tag?post=4243"}],"curies":[{"name":"wp","href":"https:\/\/api.w.org\/{rel}","templated":true}]}}