{"id":3949,"date":"2025-10-30T09:37:37","date_gmt":"2025-10-30T09:37:37","guid":{"rendered":"http:\/\/rose-akane.sub.jp\/galaxy-i\/?page_id=3949"},"modified":"2026-02-15T19:06:58","modified_gmt":"2026-02-16T03:06:58","slug":"pro-discount","status":"publish","type":"page","link":"https:\/\/www.galaxy-i.com\/fr\/pro-discount\/","title":{"rendered":"R\u00e9duction de Pro"},"content":{"rendered":"<div data-elementor-type=\"wp-page\" data-elementor-id=\"3949\" class=\"elementor elementor-3949\" data-elementor-post-type=\"page\">\n\t\t\t\t<div class=\"wd-negative-gap elementor-element elementor-element-0739439 e-flex e-con-boxed e-con e-parent\" data-id=\"0739439\" data-element_type=\"container\">\n\t\t\t\t\t<div class=\"e-con-inner\">\n\t\t\t\t<div class=\"elementor-element elementor-element-0407bb0 elementor-widget elementor-widget-heading\" data-id=\"0407bb0\" data-element_type=\"widget\" data-widget_type=\"heading.default\">\n\t\t\t\t\t<h2 class=\"elementor-heading-title elementor-size-default\">R\u00e9duction de Pro<\/h2>\t\t\t\t<\/div>\n\t\t\t\t\t<\/div>\n\t\t\t\t<\/div>\n\t\t<div class=\"elementor-element elementor-element-d5d7bcd e-flex e-con-boxed e-con e-parent\" data-id=\"d5d7bcd\" data-element_type=\"container\">\n\t\t\t\t\t<div class=\"e-con-inner\">\n\t\t\t\t<div class=\"elementor-element elementor-element-087d7d5 color-scheme-inherit text-left elementor-widget elementor-widget-text-editor\" data-id=\"087d7d5\" data-element_type=\"widget\" data-widget_type=\"text-editor.default\">\n\t\t\t\t\t\t\t\t\t<p><b>Nous offrons des rabais sur les produits \u00e0 usage professionnel aux soci\u00e9t\u00e9s de production, aux institutions li\u00e9es au cin\u00e9ma et \u00e0 la t\u00e9l\u00e9vision, aux maquilleurs et aux \u00e9tudiants des \u00e9coles de maquillage.<\/b><\/p><p>* Toutes les r\u00e9ductions sont valables 1 an et devront \u00eatre renouvel\u00e9es apr\u00e8s la date d'expiration.<\/p><p>* Les rabais ne s'appliquent pas aux produits d'usage courant, aux produits en promotion et aux produits import\u00e9s.<\/p><p>Plaisamment <a href=\"https:\/\/www.galaxy-i.com\/fr\/contact\/\"><span style=\"text-decoration: underline;\"><span style=\"color: #ffa500; text-decoration: underline;\">Contactez-nous<\/span><\/span><\/a> postuler en fournissant les renseignements ci-dessous.<\/p>\t\t\t\t\t\t\t\t<\/div>\n\t\t\t\t\t<\/div>\n\t\t\t\t<\/div>\n\t\t<div class=\"elementor-element elementor-element-00f1a18 e-flex e-con-boxed e-con e-parent\" data-id=\"00f1a18\" data-element_type=\"container\">\n\t\t\t\t\t<div class=\"e-con-inner\">\n\t\t\t\t<div class=\"elementor-element elementor-element-36e5134 wd-width-100 elementor-widget elementor-widget-wd_title\" data-id=\"36e5134\" data-element_type=\"widget\" data-widget_type=\"wd_title.default\">\n\t\t\t\t<div class=\"elementor-widget-container\">\n\t\t\t\t\t\t\t<div class=\"title-wrapper wd-set-mb reset-last-child wd-title-color-default wd-title-style-default wd-title-size-small text-left\">\n\n\t\t\t\n\t\t\t<div class=\"liner-continer\">\n\t\t\t\t<h4 class=\"woodmart-title-container title wd-fontsize-m\">MAQUILLEUR<\/h4> \n\t\t\t\t\t\t\t<\/div>\n\n\t\t\t\t\t<\/div>\n\t\t\t\t\t\t<\/div>\n\t\t\t\t<\/div>\n\t\t\t\t<div class=\"elementor-element elementor-element-f322d0e color-scheme-inherit text-left elementor-widget elementor-widget-text-editor\" data-id=\"f322d0e\" data-element_type=\"widget\" data-widget_type=\"text-editor.default\">\n\t\t\t\t\t\t\t\t\t<p>Veuillez envoyer deux \u00e9l\u00e9ments de la liste ci-dessous pour prouver votre comp\u00e9tence et votre implication dans l'industrie du cin\u00e9ma et de la t\u00e9l\u00e9vision.<\/p><ul><li>Dipl\u00f4me ou certificat d'un \u00e9tablissement canadien agr\u00e9\u00e9 en beaut\u00e9\/maquillage (datant de moins d'un an)<\/li><\/ul><ul><li>Cr\u00e9dits IMDB (derni\u00e8re mise \u00e0 jour de moins d'un an)<\/li><\/ul><ul><li>Carte de num\u00e9ro syndical ACFC\/IATSE<\/li><\/ul><ul><li>Feuilles de service de production des 3 derniers mois<\/li><\/ul><ul><li>Travaux publi\u00e9s dans le domaine de la beaut\u00e9<\/li><\/ul>\t\t\t\t\t\t\t\t<\/div>\n\t\t\t\t\t<\/div>\n\t\t\t\t<\/div>\n\t\t<div class=\"elementor-element elementor-element-72bbd0e e-flex e-con-boxed e-con e-parent\" data-id=\"72bbd0e\" data-element_type=\"container\">\n\t\t\t\t\t<div class=\"e-con-inner\">\n\t\t\t\t<div class=\"elementor-element elementor-element-44efbd3 wd-width-100 elementor-widget elementor-widget-wd_title\" data-id=\"44efbd3\" data-element_type=\"widget\" data-widget_type=\"wd_title.default\">\n\t\t\t\t<div class=\"elementor-widget-container\">\n\t\t\t\t\t\t\t<div class=\"title-wrapper wd-set-mb reset-last-child wd-title-color-default wd-title-style-default wd-title-size-small text-left\">\n\n\t\t\t\n\t\t\t<div class=\"liner-continer\">\n\t\t\t\t<h4 class=\"woodmart-title-container title wd-fontsize-m\">\u00c9TUDIANTES<\/h4> \n\t\t\t\t\t\t\t<\/div>\n\n\t\t\t\t\t<\/div>\n\t\t\t\t\t\t<\/div>\n\t\t\t\t<\/div>\n\t\t\t\t<div class=\"elementor-element elementor-element-644d7fb color-scheme-inherit text-left elementor-widget elementor-widget-text-editor\" data-id=\"644d7fb\" data-element_type=\"widget\" data-widget_type=\"text-editor.default\">\n\t\t\t\t\t\t\t\t\t<p>Veuillez nous envoyer une carte d'\u00e9tudiant valide d'un \u00e9tablissement de beaut\u00e9\/maquillage canadien accr\u00e9dit\u00e9.<\/p>\t\t\t\t\t\t\t\t<\/div>\n\t\t\t\t\t<\/div>\n\t\t\t\t<\/div>\n\t\t<div class=\"elementor-element elementor-element-f8e2e0c e-flex e-con-boxed e-con e-parent\" data-id=\"f8e2e0c\" data-element_type=\"container\">\n\t\t\t\t\t<div class=\"e-con-inner\">\n\t\t\t\t<div class=\"elementor-element elementor-element-0248d65 wd-width-100 elementor-widget elementor-widget-wd_title\" data-id=\"0248d65\" data-element_type=\"widget\" data-widget_type=\"wd_title.default\">\n\t\t\t\t<div class=\"elementor-widget-container\">\n\t\t\t\t\t\t\t<div class=\"title-wrapper wd-set-mb reset-last-child wd-title-color-default wd-title-style-default wd-title-size-small text-left\">\n\n\t\t\t\n\t\t\t<div class=\"liner-continer\">\n\t\t\t\t<h4 class=\"woodmart-title-container title wd-fontsize-m\">PARTENAIRES DE PRODUCTION CIN\u00c9MA ET T\u00c9L\u00c9VISION<\/h4> \n\t\t\t\t\t\t\t<\/div>\n\n\t\t\t\t\t<\/div>\n\t\t\t\t\t\t<\/div>\n\t\t\t\t<\/div>\n\t\t\t\t<div class=\"elementor-element elementor-element-4cbaa56 color-scheme-inherit text-left elementor-widget elementor-widget-text-editor\" data-id=\"4cbaa56\" data-element_type=\"widget\" data-widget_type=\"text-editor.default\">\n\t\t\t\t\t\t\t\t\t<p>Veuillez vous adresser \u00e0 votre interlocuteur chez Galaxy International Enterprises Inc. pour obtenir des offres sp\u00e9ciales.<\/p><p>Si vous n'avez jamais collabor\u00e9 avec nous auparavant, veuillez nous envoyer les d\u00e9tails et les besoins de votre production.<\/p>\t\t\t\t\t\t\t\t<\/div>\n\t\t\t\t\t<\/div>\n\t\t\t\t<\/div>\n\t\t\t\t<\/div>","protected":false},"excerpt":{"rendered":"<p>Nous offrons des remises sur les produits \u00e0 usage professionnel aux soci\u00e9t\u00e9s de production, aux institutions li\u00e9es au cin\u00e9ma et \u00e0 la t\u00e9l\u00e9vision, aux maquilleurs et aux \u00e9tudiants.<\/p>","protected":false},"author":13,"featured_media":0,"parent":0,"menu_order":0,"comment_status":"closed","ping_status":"closed","template":"","meta":{"footnotes":""},"class_list":["post-3949","page","type-page","status-publish","hentry"],"aioseo_notices":[],"_links":{"self":[{"href":"https:\/\/www.galaxy-i.com\/fr\/wp-json\/wp\/v2\/pages\/3949","targetHints":{"allow":["GET"]}}],"collection":[{"href":"https:\/\/www.galaxy-i.com\/fr\/wp-json\/wp\/v2\/pages"}],"about":[{"href":"https:\/\/www.galaxy-i.com\/fr\/wp-json\/wp\/v2\/types\/page"}],"author":[{"embeddable":true,"href":"https:\/\/www.galaxy-i.com\/fr\/wp-json\/wp\/v2\/users\/13"}],"replies":[{"embeddable":true,"href":"https:\/\/www.galaxy-i.com\/fr\/wp-json\/wp\/v2\/comments?post=3949"}],"version-history":[{"count":0,"href":"https:\/\/www.galaxy-i.com\/fr\/wp-json\/wp\/v2\/pages\/3949\/revisions"}],"wp:attachment":[{"href":"https:\/\/www.galaxy-i.com\/fr\/wp-json\/wp\/v2\/media?parent=3949"}],"curies":[{"name":"wp","href":"https:\/\/api.w.org\/{rel}","templated":true}]}}