{"id":3040,"date":"2025-08-26T03:18:52","date_gmt":"2025-08-26T03:18:52","guid":{"rendered":"http:\/\/rose-akane.sub.jp\/galaxy-i\/?page_id=3040"},"modified":"2026-03-19T19:47:27","modified_gmt":"2026-03-20T02:47:27","slug":"about","status":"publish","type":"page","link":"https:\/\/www.galaxy-i.com\/fr\/about\/","title":{"rendered":"\u00c0 propos de nous"},"content":{"rendered":"<div data-elementor-type=\"wp-page\" data-elementor-id=\"3040\" class=\"elementor elementor-3040\" data-elementor-post-type=\"page\">\n\t\t\t\t<div class=\"wd-negative-gap elementor-element elementor-element-aee30c9 e-flex e-con-boxed e-con e-parent\" data-id=\"aee30c9\" data-element_type=\"container\">\n\t\t\t\t\t<div class=\"e-con-inner\">\n\t\t\t\t<div class=\"elementor-element elementor-element-95c4300 elementor-widget elementor-widget-heading\" data-id=\"95c4300\" data-element_type=\"widget\" data-widget_type=\"heading.default\">\n\t\t\t\t\t<h2 class=\"elementor-heading-title elementor-size-default\">\u00c0 propos de nous<\/h2>\t\t\t\t<\/div>\n\t\t\t\t\t<\/div>\n\t\t\t\t<\/div>\n\t\t<div class=\"elementor-element elementor-element-47c39d4 e-flex e-con-boxed e-con e-parent\" data-id=\"47c39d4\" data-element_type=\"container\">\n\t\t\t\t\t<div class=\"e-con-inner\">\n\t\t\t\t<div class=\"elementor-element elementor-element-88a304d Tab_bodyBor elementor-widget elementor-widget-wd_table\" data-id=\"88a304d\" data-element_type=\"widget\" data-widget_type=\"wd_table.default\">\n\t\t\t\t<div class=\"elementor-widget-container\">\n\t\t\t\t\t\t\t<div class=\"wd-el-table-wrap wd-reset-all-last\">\n\t\t\t<table class=\"wd-el-table\">\n\t\t\t\t\n\t\t\t\t<tbody class=\"text-left\">\n\t\t\t\t\t\t\t\t\t\t\t\t\t\t\t\t\t\t\t\t\t\t\t\t\t\t<tr class=\"wd-table-row elementor-repeater-item-a115499\">\n\t\t\t\t\t\t\t\t\t\t\t\t\t\t\t\t\t\t\t\t\t\t\t\t\t\t\t\t\t\t\t<td class=\"wd-table-cell elementor-repeater-item-12f0d0c\" colspan=\"1\" rowspan=\"1\">\n\t\t\t\t\t\t\t<p><strong>Nom de l'entreprise<\/strong><\/p>\t\t\t\t\t\t\t<\/td>\n\t\t\t\t\t\t\t\t\t\t\t\t\t\t\t\t\t\t\t\t\t\t\t\t<td class=\"wd-table-cell elementor-repeater-item-7dc3dbc\" colspan=\"1\" rowspan=\"1\">\n\t\t\t\t\t\t\t<p>Galaxy International Enterprises Inc.<\/p>\t\t\t\t\t\t\t<\/td>\n\t\t\t\t\t\t\t\t\t\t\t\t\t\t\t\t\t\t\t\t\t\t\t\t\t\t\t\t\t\t\t\t<\/tr>\n\t\t\t\t\t\t\t\t<tr class=\"wd-table-row elementor-repeater-item-af6f065\">\n\t\t\t\t\t\t\t\t\t\t\t\t\t\t\t\t\t\t\t\t\t\t\t\t\t\t\t\t\t\t\t<td class=\"wd-table-cell elementor-repeater-item-3575808\" colspan=\"1\" rowspan=\"1\">\n\t\t\t\t\t\t\t<p><strong>\u00c9tabli<\/strong><\/p>\t\t\t\t\t\t\t<\/td>\n\t\t\t\t\t\t\t\t\t\t\t\t\t\t\t\t\t\t\t\t\t\t\t\t<td class=\"wd-table-cell elementor-repeater-item-7fd1459\" colspan=\"1\" rowspan=\"1\">\n\t\t\t\t\t\t\t<p>20 mars 2025<\/p>\t\t\t\t\t\t\t<\/td>\n\t\t\t\t\t\t\t\t\t\t\t\t\t\t\t\t\t\t\t\t\t\t\t\t\t\t\t\t\t\t\t\t<\/tr>\n\t\t\t\t\t\t\t\t<tr class=\"wd-table-row elementor-repeater-item-2a7ea59\">\n\t\t\t\t\t\t\t\t\t\t\t\t\t\t\t\t\t\t\t\t\t\t\t\t\t\t\t\t\t\t\t<td class=\"wd-table-cell elementor-repeater-item-93b022c\" colspan=\"1\" rowspan=\"1\">\n\t\t\t\t\t\t\t<p><strong>Emplacement<\/strong><\/p>\t\t\t\t\t\t\t<\/td>\n\t\t\t\t\t\t\t\t\t\t\t\t\t\t\t\t\t\t\t\t\t\t\t\t<td class=\"wd-table-cell elementor-repeater-item-72f29d9\" colspan=\"1\" rowspan=\"1\">\n\t\t\t\t\t\t\t<p>1030 West Georgia Street, Vancouver, Colombie-Britannique, Canada V6E 2Y3<\/p>\t\t\t\t\t\t\t<\/td>\n\t\t\t\t\t\t\t\t\t\t\t\t\t\t\t\t\t\t\t\t\t\t\t\t\t\t\t\t\t\t\t\t<\/tr>\n\t\t\t\t\t\t\t\t<tr class=\"wd-table-row elementor-repeater-item-815d81a\">\n\t\t\t\t\t\t\t\t\t\t\t\t\t\t\t\t\t\t\t\t\t\t\t\t\t\t\t\t\t\t\t<td class=\"wd-table-cell elementor-repeater-item-f1a63b3\" colspan=\"1\" rowspan=\"1\">\n\t\t\t\t\t\t\t<p><strong>Secteur d'activit\u00e9<\/strong><\/p>\t\t\t\t\t\t\t<\/td>\n\t\t\t\t\t\t\t\t\t\t\t\t\t\t\t\t\t\t\t\t\t\t\t\t<td class=\"wd-table-cell elementor-repeater-item-45d6b06\" colspan=\"1\" rowspan=\"1\">\n\t\t\t\t\t\t\t<p>G\u00e9rer et affecter des professionnels du cin\u00e9ma<br \/>Consultation en production cin\u00e9matographique internationale<br \/>Vendre des produits cosm\u00e9tiques et des produits li\u00e9s au cin\u00e9ma<\/p>\t\t\t\t\t\t\t<\/td>\n\t\t\t\t\t\t\t\t\t\t\t\t\t\t\t\t<\/tr>\n\t\t\t\t<\/tbody>\n\t\t\t<\/table>\n\t\t<\/div>\n\t\t\t\t\t\t<\/div>\n\t\t\t\t<\/div>\n\t\t\t\t\t<\/div>\n\t\t\t\t<\/div>\n\t\t<div class=\"elementor-element elementor-element-54b8834 e-con-full e-flex e-con e-parent\" data-id=\"54b8834\" data-element_type=\"container\">\n\t\t<div class=\"elementor-element elementor-element-89e0908 e-grid e-con-boxed e-con e-child\" data-id=\"89e0908\" data-element_type=\"container\">\n\t\t\t\t\t<div class=\"e-con-inner\">\n\t\t\t\t<div class=\"elementor-element elementor-element-e445e93 elementor-widget elementor-widget-image\" data-id=\"e445e93\" data-element_type=\"widget\" data-widget_type=\"image.default\">\n\t\t\t\t\t\t\t\t\t\t\t\t\t\t\t\t<a href=\"https:\/\/www.instagram.com\/galaxy.iei\/\" target=\"_blank\" rel=\"nofollow\">\n\t\t\t\t\t\t\t<img fetchpriority=\"high\" decoding=\"async\" width=\"500\" height=\"500\" src=\"https:\/\/www.galaxy-i.com\/wp-content\/uploads\/2025\/12\/instagram.jpg\" class=\"attachment-full size-full wp-image-6363\" alt=\"instagram logo\" srcset=\"https:\/\/www.galaxy-i.com\/wp-content\/uploads\/2025\/12\/instagram.jpg 500w, https:\/\/www.galaxy-i.com\/wp-content\/uploads\/2025\/12\/instagram-300x300.jpg 300w, https:\/\/www.galaxy-i.com\/wp-content\/uploads\/2025\/12\/instagram-12x12.jpg 12w, https:\/\/www.galaxy-i.com\/wp-content\/uploads\/2025\/12\/instagram-150x150.jpg 150w\" sizes=\"(max-width: 500px) 100vw, 500px\" \/>\t\t\t\t\t\t\t\t<\/a>\n\t\t\t\t\t\t\t\t\t\t\t\t\t\t\t<\/div>\n\t\t\t\t<div class=\"elementor-element elementor-element-ca3cf31 elementor-widget elementor-widget-image\" data-id=\"ca3cf31\" data-element_type=\"widget\" data-widget_type=\"image.default\">\n\t\t\t\t\t\t\t\t\t\t\t\t\t\t\t\t<a href=\"https:\/\/www.xiaohongshu.com\/user\/profile\/67ed446d000000000e02de31\" target=\"_blank\" rel=\"nofollow\">\n\t\t\t\t\t\t\t<img decoding=\"async\" width=\"500\" height=\"500\" src=\"https:\/\/www.galaxy-i.com\/wp-content\/uploads\/2025\/12\/redbook.jpeg\" class=\"attachment-full size-full wp-image-6364\" alt=\"redbook logo\" srcset=\"https:\/\/www.galaxy-i.com\/wp-content\/uploads\/2025\/12\/redbook.jpeg 500w, https:\/\/www.galaxy-i.com\/wp-content\/uploads\/2025\/12\/redbook-300x300.jpeg 300w, https:\/\/www.galaxy-i.com\/wp-content\/uploads\/2025\/12\/redbook-12x12.jpeg 12w, https:\/\/www.galaxy-i.com\/wp-content\/uploads\/2025\/12\/redbook-150x150.jpeg 150w\" sizes=\"(max-width: 500px) 100vw, 500px\" \/>\t\t\t\t\t\t\t\t<\/a>\n\t\t\t\t\t\t\t\t\t\t\t\t\t\t\t<\/div>\n\t\t\t\t<div class=\"elementor-element elementor-element-f60c8db elementor-widget elementor-widget-image\" data-id=\"f60c8db\" data-element_type=\"widget\" data-widget_type=\"image.default\">\n\t\t\t\t\t\t\t\t\t\t\t\t\t\t\t\t<a href=\"https:\/\/x.com\/galaxy_iei\" target=\"_blank\" rel=\"nofollow\">\n\t\t\t\t\t\t\t<img decoding=\"async\" width=\"500\" height=\"500\" src=\"https:\/\/www.galaxy-i.com\/wp-content\/uploads\/2025\/12\/x.jpeg\" class=\"attachment-full size-full wp-image-6365\" alt=\"X logo\" srcset=\"https:\/\/www.galaxy-i.com\/wp-content\/uploads\/2025\/12\/x.jpeg 500w, https:\/\/www.galaxy-i.com\/wp-content\/uploads\/2025\/12\/x-300x300.jpeg 300w, https:\/\/www.galaxy-i.com\/wp-content\/uploads\/2025\/12\/x-12x12.jpeg 12w, https:\/\/www.galaxy-i.com\/wp-content\/uploads\/2025\/12\/x-150x150.jpeg 150w\" sizes=\"(max-width: 500px) 100vw, 500px\" \/>\t\t\t\t\t\t\t\t<\/a>\n\t\t\t\t\t\t\t\t\t\t\t\t\t\t\t<\/div>\n\t\t\t\t<div class=\"elementor-element elementor-element-46abac7 elementor-widget elementor-widget-image\" data-id=\"46abac7\" data-element_type=\"widget\" data-widget_type=\"image.default\">\n\t\t\t\t\t\t\t\t\t\t\t\t\t\t\t\t<a href=\"https:\/\/www.facebook.com\/61573889168731\/\" target=\"_blank\" rel=\"nofollow\">\n\t\t\t\t\t\t\t<img loading=\"lazy\" decoding=\"async\" width=\"500\" height=\"500\" src=\"https:\/\/www.galaxy-i.com\/wp-content\/uploads\/2025\/12\/facebook.jpg\" class=\"attachment-full size-full wp-image-6366\" alt=\"facebook logo\" srcset=\"https:\/\/www.galaxy-i.com\/wp-content\/uploads\/2025\/12\/facebook.jpg 500w, https:\/\/www.galaxy-i.com\/wp-content\/uploads\/2025\/12\/facebook-300x300.jpg 300w, https:\/\/www.galaxy-i.com\/wp-content\/uploads\/2025\/12\/facebook-12x12.jpg 12w, https:\/\/www.galaxy-i.com\/wp-content\/uploads\/2025\/12\/facebook-150x150.jpg 150w\" sizes=\"(max-width: 500px) 100vw, 500px\" \/>\t\t\t\t\t\t\t\t<\/a>\n\t\t\t\t\t\t\t\t\t\t\t\t\t\t\t<\/div>\n\t\t\t\t<div class=\"elementor-element elementor-element-ea4b5f6 elementor-widget elementor-widget-image\" data-id=\"ea4b5f6\" data-element_type=\"widget\" data-widget_type=\"image.default\">\n\t\t\t\t\t\t\t\t\t\t\t\t\t\t\t\t<a href=\"https:\/\/weibo.com\/galaxyiei\" target=\"_blank\" rel=\"nofollow\">\n\t\t\t\t\t\t\t<img loading=\"lazy\" decoding=\"async\" width=\"500\" height=\"500\" src=\"https:\/\/www.galaxy-i.com\/wp-content\/uploads\/2025\/12\/weibo.png\" class=\"attachment-full size-full wp-image-6367\" alt=\"Weibo logo\" srcset=\"https:\/\/www.galaxy-i.com\/wp-content\/uploads\/2025\/12\/weibo.png 500w, https:\/\/www.galaxy-i.com\/wp-content\/uploads\/2025\/12\/weibo-300x300.png 300w, https:\/\/www.galaxy-i.com\/wp-content\/uploads\/2025\/12\/weibo-12x12.png 12w, https:\/\/www.galaxy-i.com\/wp-content\/uploads\/2025\/12\/weibo-150x150.png 150w\" sizes=\"(max-width: 500px) 100vw, 500px\" \/>\t\t\t\t\t\t\t\t<\/a>\n\t\t\t\t\t\t\t\t\t\t\t\t\t\t\t<\/div>\n\t\t\t\t<div class=\"elementor-element elementor-element-f6a9248 elementor-widget elementor-widget-image\" data-id=\"f6a9248\" data-element_type=\"widget\" data-widget_type=\"image.default\">\n\t\t\t\t\t\t\t\t\t\t\t\t\t\t\t\t<a href=\"http:\/\/www.tiktok.com\/@galaxy.iei\" target=\"_blank\" rel=\"nofollow\">\n\t\t\t\t\t\t\t<img loading=\"lazy\" decoding=\"async\" width=\"500\" height=\"500\" src=\"https:\/\/www.galaxy-i.com\/wp-content\/uploads\/2025\/12\/ticktok.png\" class=\"attachment-full size-full wp-image-6368\" alt=\"TickTok logo\" srcset=\"https:\/\/www.galaxy-i.com\/wp-content\/uploads\/2025\/12\/ticktok.png 500w, https:\/\/www.galaxy-i.com\/wp-content\/uploads\/2025\/12\/ticktok-300x300.png 300w, https:\/\/www.galaxy-i.com\/wp-content\/uploads\/2025\/12\/ticktok-12x12.png 12w, https:\/\/www.galaxy-i.com\/wp-content\/uploads\/2025\/12\/ticktok-150x150.png 150w\" sizes=\"(max-width: 500px) 100vw, 500px\" \/>\t\t\t\t\t\t\t\t<\/a>\n\t\t\t\t\t\t\t\t\t\t\t\t\t\t\t<\/div>\n\t\t\t\t\t<\/div>\n\t\t\t\t<\/div>\n\t\t\t\t<\/div>\n\t\t\t\t<\/div>","protected":false},"excerpt":{"rendered":"<p>\u00c0 propos de nous Nom de l'entreprise Galaxy International Enterprises Inc. Cr\u00e9\u00e9e le 20 mars 2025 Lieu 1030 West Georgia Street, Vancouver, Royaume-Uni<\/p>","protected":false},"author":13,"featured_media":0,"parent":0,"menu_order":0,"comment_status":"closed","ping_status":"closed","template":"","meta":{"footnotes":""},"class_list":["post-3040","page","type-page","status-publish","hentry"],"aioseo_notices":[],"_links":{"self":[{"href":"https:\/\/www.galaxy-i.com\/fr\/wp-json\/wp\/v2\/pages\/3040","targetHints":{"allow":["GET"]}}],"collection":[{"href":"https:\/\/www.galaxy-i.com\/fr\/wp-json\/wp\/v2\/pages"}],"about":[{"href":"https:\/\/www.galaxy-i.com\/fr\/wp-json\/wp\/v2\/types\/page"}],"author":[{"embeddable":true,"href":"https:\/\/www.galaxy-i.com\/fr\/wp-json\/wp\/v2\/users\/13"}],"replies":[{"embeddable":true,"href":"https:\/\/www.galaxy-i.com\/fr\/wp-json\/wp\/v2\/comments?post=3040"}],"version-history":[{"count":0,"href":"https:\/\/www.galaxy-i.com\/fr\/wp-json\/wp\/v2\/pages\/3040\/revisions"}],"wp:attachment":[{"href":"https:\/\/www.galaxy-i.com\/fr\/wp-json\/wp\/v2\/media?parent=3040"}],"curies":[{"name":"wp","href":"https:\/\/api.w.org\/{rel}","templated":true}]}}