{"id":17,"date":"2025-08-20T06:18:52","date_gmt":"2025-08-20T06:18:52","guid":{"rendered":"http:\/\/rose-akane.sub.jp\/galaxy-i\/?page_id=17"},"modified":"2026-02-15T19:01:57","modified_gmt":"2026-02-16T03:01:57","slug":"payment_policies","status":"publish","type":"page","link":"https:\/\/www.galaxy-i.com\/fr\/payment_policies\/","title":{"rendered":"Politiques de paiement et de retour"},"content":{"rendered":"<div data-elementor-type=\"wp-page\" data-elementor-id=\"17\" class=\"elementor elementor-17\" data-elementor-post-type=\"page\">\n\t\t\t\t<div class=\"wd-negative-gap elementor-element elementor-element-35183e2 e-flex e-con-boxed e-con e-parent\" data-id=\"35183e2\" data-element_type=\"container\">\n\t\t\t\t\t<div class=\"e-con-inner\">\n\t\t\t\t<div class=\"elementor-element elementor-element-57fd7c4 elementor-widget elementor-widget-heading\" data-id=\"57fd7c4\" data-element_type=\"widget\" data-widget_type=\"heading.default\">\n\t\t\t\t\t<h2 class=\"elementor-heading-title elementor-size-default\">Politiques de paiement et de retour<\/h2>\t\t\t\t<\/div>\n\t\t\t\t\t<\/div>\n\t\t\t\t<\/div>\n\t\t<div class=\"elementor-element elementor-element-027ceb3 e-flex e-con-boxed e-con e-parent\" data-id=\"027ceb3\" data-element_type=\"container\">\n\t\t\t\t\t<div class=\"e-con-inner\">\n\t\t\t\t<div class=\"elementor-element elementor-element-63de181 wd-width-100 elementor-widget elementor-widget-wd_title\" data-id=\"63de181\" data-element_type=\"widget\" data-widget_type=\"wd_title.default\">\n\t\t\t\t<div class=\"elementor-widget-container\">\n\t\t\t\t\t\t\t<div class=\"title-wrapper wd-set-mb reset-last-child wd-title-color-default wd-title-style-default wd-title-size-small text-left\">\n\n\t\t\t\n\t\t\t<div class=\"liner-continer\">\n\t\t\t\t<h4 class=\"woodmart-title-container title wd-fontsize-m\">IMP\u00d4TS<\/h4> \n\t\t\t\t\t\t\t<\/div>\n\n\t\t\t\t\t<\/div>\n\t\t\t\t\t\t<\/div>\n\t\t\t\t<\/div>\n\t\t\t\t<div class=\"elementor-element elementor-element-b212218 color-scheme-inherit text-left elementor-widget elementor-widget-text-editor\" data-id=\"b212218\" data-element_type=\"widget\" data-widget_type=\"text-editor.default\">\n\t\t\t\t\t\t\t\t\t<p>Les taxes sont calcul\u00e9es en fonction de l'adresse de livraison. Aucune taxe n'est appliqu\u00e9e pour les envois internationaux \u00e0 l'ext\u00e9rieur du Canada, mais des droits de douane et\/ou des taxes peuvent s'appliquer \u00e0 l'arriv\u00e9e des marchandises import\u00e9es. Veuillez vous renseigner aupr\u00e8s de votre bureau de douane local. <span style=\"text-decoration: underline;\"><span style=\"color: #ffa500; text-decoration: underline;\"><a style=\"color: #ffa500; text-decoration: underline;\" href=\"https:\/\/www.galaxy-i.com\/fr\/contact\/\">Contactez-nous<\/a><\/span><\/span> pour plus d'informations.<\/p>\t\t\t\t\t\t\t\t<\/div>\n\t\t\t\t<div class=\"elementor-element elementor-element-b3bb15a Tab_bodyBor color-scheme-inherit text-left elementor-widget elementor-widget-text-editor\" data-id=\"b3bb15a\" data-element_type=\"widget\" data-widget_type=\"text-editor.default\">\n\t\t\t\t\t\t\t\t\t<table><thead><tr><th style=\"background-color: #ffa500;\"><span style=\"font-size: 12pt;\">Province<\/span><\/th><th style=\"background-color: #ffa500; text-align: center;\"><span style=\"font-size: 12pt;\">TVP<\/span><\/th><th style=\"background-color: #ffa500; text-align: center;\"><span style=\"font-size: 12pt;\">TPS<\/span><\/th><th style=\"background-color: #ffa500; text-align: center;\"><span style=\"font-size: 12pt;\">HST<\/span><\/th><th style=\"background-color: #ffa500; text-align: center;\"><span style=\"font-size: 12pt;\">Taux d'imposition total<\/span><\/th><\/tr><\/thead><tbody><tr><td>Alberta<\/td><td style=\"text-align: center;\">\u00a0<\/td><td style=\"text-align: center;\">5%<\/td><td>\u00a0<\/td><td style=\"text-align: center;\">5%<\/td><\/tr><tr><td>Colombie-Britannique<\/td><td style=\"text-align: center;\">7%<\/td><td style=\"text-align: center;\">5%<\/td><td>\u00a0<\/td><td style=\"text-align: center;\">12%<\/td><\/tr><tr><td>Manitoba<\/td><td style=\"text-align: center;\">7%<\/td><td style=\"text-align: center;\">5%<\/td><td>\u00a0<\/td><td style=\"text-align: center;\">12%<\/td><\/tr><tr><td>Nouveau-Brunswick<\/td><td>\u00a0<\/td><td>\u00a0<\/td><td style=\"text-align: center;\">15%<\/td><td style=\"text-align: center;\">15%<\/td><\/tr><tr><td>Terre-Neuve et Labrador<\/td><td>\u00a0<\/td><td>\u00a0<\/td><td style=\"text-align: center;\">15%<\/td><td style=\"text-align: center;\">15%<\/td><\/tr><tr><td>Territoires du Nord-Ouest<\/td><td>\u00a0<\/td><td style=\"text-align: center;\">5%<\/td><td>\u00a0<\/td><td style=\"text-align: center;\">5%<\/td><\/tr><tr><td>Nouvelle-\u00c9cosse<\/td><td>\u00a0<\/td><td>\u00a0<\/td><td style=\"text-align: center;\">14%<\/td><td style=\"text-align: center;\">14%<\/td><\/tr><tr><td>Nunavut<\/td><td>\u00a0<\/td><td style=\"text-align: center;\">5%<\/td><td>\u00a0<\/td><td style=\"text-align: center;\">5%<\/td><\/tr><tr><td>Ontario<\/td><td>\u00a0<\/td><td>\u00a0<\/td><td style=\"text-align: center;\">13%<\/td><td style=\"text-align: center;\">13%<\/td><\/tr><tr><td>\u00cele-du-Prince-\u00c9douard<\/td><td>\u00a0<\/td><td>\u00a0<\/td><td style=\"text-align: center;\">15%<\/td><td style=\"text-align: center;\">15%<\/td><\/tr><tr><td>Qu\u00e9bec<\/td><td style=\"text-align: center;\">9.975%<\/td><td style=\"text-align: center;\">5%<\/td><td>\u00a0<\/td><td style=\"text-align: center;\">14.975%<\/td><\/tr><tr><td>Saskatchewan<\/td><td style=\"text-align: center;\">6%<\/td><td style=\"text-align: center;\">5%<\/td><td>\u00a0<\/td><td style=\"text-align: center;\">11%<\/td><\/tr><tr><td>Yukon<\/td><td>\u00a0<\/td><td style=\"text-align: center;\">5%<\/td><td>\u00a0<\/td><td style=\"text-align: center;\">5%<\/td><\/tr><\/tbody><\/table>\t\t\t\t\t\t\t\t<\/div>\n\t\t\t\t\t<\/div>\n\t\t\t\t<\/div>\n\t\t<div class=\"elementor-element elementor-element-76d69d1b e-flex e-con-boxed e-con e-parent\" data-id=\"76d69d1b\" data-element_type=\"container\">\n\t\t\t\t\t<div class=\"e-con-inner\">\n\t\t\t\t<div class=\"elementor-element elementor-element-df11da6 wd-width-100 elementor-widget elementor-widget-wd_title\" data-id=\"df11da6\" data-element_type=\"widget\" data-widget_type=\"wd_title.default\">\n\t\t\t\t<div class=\"elementor-widget-container\">\n\t\t\t\t\t\t\t<div class=\"title-wrapper wd-set-mb reset-last-child wd-title-color-default wd-title-style-default wd-title-size-small text-left\">\n\n\t\t\t\n\t\t\t<div class=\"liner-continer\">\n\t\t\t\t<h4 class=\"woodmart-title-container title wd-fontsize-m\">POLITIQUE DE PAIEMENT<br \/>\n<\/h4> \n\t\t\t\t\t\t\t<\/div>\n\n\t\t\t\t\t<\/div>\n\t\t\t\t\t\t<\/div>\n\t\t\t\t<\/div>\n\t\t\t\t<div class=\"elementor-element elementor-element-7e362daa color-scheme-inherit text-left elementor-widget elementor-widget-text-editor\" data-id=\"7e362daa\" data-element_type=\"widget\" data-widget_type=\"text-editor.default\">\n\t\t\t\t\t\t\t\t\t<p class=\"translation-block\">Nous acceptons les paiements par PayPal, carte de cr\u00e9dit, carte de d\u00e9bit et virement Interac. Veuillez suivre les instructions ci-dessous pour chaque mode de paiement. Toutes les transactions sont s\u00e9curis\u00e9es et crypt\u00e9es.<\/p><p>Tous les paiements sont factur\u00e9s en dollars canadiens. Nous ne sommes pas responsables des frais de change ni des autres frais pouvant s'appliquer lors de l'utilisation de services de paiement tiers.<\/p><ul><li><b>PayPal<\/b><\/li><\/ul><p>\u00a0 \u00a0Vous serez redirig\u00e9 vers le syst\u00e8me PayPal pour entrer vos informations d'identification et effectuer le paiement \u00e0 partir de votre compte PayPal.<\/p><ul><li><b>Cartes de cr\u00e9dit et cartes de d\u00e9bit<\/b><\/li><\/ul><p>\u00a0 \u00a0Vous serez redirig\u00e9 vers le syst\u00e8me PayPal pour entrer les informations de votre carte et payer par PayPal, m\u00eame si vous n'avez pas de compte PayPal.<\/p><ul><li><b><i>Interac<\/i><\/b><b><i>\u00a9<\/i><\/b><b> virement \u00e9lectronique<\/b><\/li><\/ul><p>\u00a0 L'option EMT est r\u00e9serv\u00e9e aux clients canadiens. Un courriel vous sera envoy\u00e9 avec <i>Interac<\/i><i>\u00a9<\/i> Veuillez noter que les frais de transaction, le cas \u00e9ch\u00e9ant, sont \u00e0 votre charge.<\/p><div class=\"notranslate\" style=\"all: initial;\">\u00a0<\/div>\t\t\t\t\t\t\t\t<\/div>\n\t\t\t\t\t<\/div>\n\t\t\t\t<\/div>\n\t\t<div class=\"elementor-element elementor-element-b83e8d3 e-flex e-con-boxed e-con e-parent\" data-id=\"b83e8d3\" data-element_type=\"container\">\n\t\t\t\t\t<div class=\"e-con-inner\">\n\t\t\t\t<div class=\"elementor-element elementor-element-43cba31 wd-width-100 elementor-widget elementor-widget-wd_title\" data-id=\"43cba31\" data-element_type=\"widget\" data-widget_type=\"wd_title.default\">\n\t\t\t\t<div class=\"elementor-widget-container\">\n\t\t\t\t\t\t\t<div class=\"title-wrapper wd-set-mb reset-last-child wd-title-color-default wd-title-style-default wd-title-size-small text-left\">\n\n\t\t\t\n\t\t\t<div class=\"liner-continer\">\n\t\t\t\t<h4 class=\"woodmart-title-container title wd-fontsize-m\">POLITIQUE DE RETOUR<\/h4> \n\t\t\t\t\t\t\t<\/div>\n\n\t\t\t\t\t<\/div>\n\t\t\t\t\t\t<\/div>\n\t\t\t\t<\/div>\n\t\t\t\t<div class=\"elementor-element elementor-element-b083649 color-scheme-inherit text-left elementor-widget elementor-widget-text-editor\" data-id=\"b083649\" data-element_type=\"widget\" data-widget_type=\"text-editor.default\">\n\t\t\t\t\t\t\t\t\t<p><strong>Toute vente est d\u00e9finitive. Aucun retour ni \u00e9change.<\/strong><\/p>\t\t\t\t\t\t\t\t<\/div>\n\t\t\t\t\t<\/div>\n\t\t\t\t<\/div>\n\t\t\t\t<\/div>","protected":false},"excerpt":{"rendered":"<p>Paiement et politique de retour TAXES Les taxes sont bas\u00e9es sur la destination de votre adresse de livraison. Aucune taxe n'est appliqu\u00e9e pour<\/p>","protected":false},"author":13,"featured_media":0,"parent":0,"menu_order":0,"comment_status":"closed","ping_status":"closed","template":"","meta":{"footnotes":""},"class_list":["post-17","page","type-page","status-publish","hentry"],"aioseo_notices":[],"_links":{"self":[{"href":"https:\/\/www.galaxy-i.com\/fr\/wp-json\/wp\/v2\/pages\/17","targetHints":{"allow":["GET"]}}],"collection":[{"href":"https:\/\/www.galaxy-i.com\/fr\/wp-json\/wp\/v2\/pages"}],"about":[{"href":"https:\/\/www.galaxy-i.com\/fr\/wp-json\/wp\/v2\/types\/page"}],"author":[{"embeddable":true,"href":"https:\/\/www.galaxy-i.com\/fr\/wp-json\/wp\/v2\/users\/13"}],"replies":[{"embeddable":true,"href":"https:\/\/www.galaxy-i.com\/fr\/wp-json\/wp\/v2\/comments?post=17"}],"version-history":[{"count":0,"href":"https:\/\/www.galaxy-i.com\/fr\/wp-json\/wp\/v2\/pages\/17\/revisions"}],"wp:attachment":[{"href":"https:\/\/www.galaxy-i.com\/fr\/wp-json\/wp\/v2\/media?parent=17"}],"curies":[{"name":"wp","href":"https:\/\/api.w.org\/{rel}","templated":true}]}}