{"id":6296,"date":"2025-11-30T23:38:15","date_gmt":"2025-12-01T07:38:15","guid":{"rendered":"https:\/\/www.galaxy-i.com\/?post_type=product&#038;p=6296"},"modified":"2026-03-20T01:35:32","modified_gmt":"2026-03-20T08:35:32","slug":"unicharm-sofy-hadaomoi-sanitary-pads","status":"publish","type":"product","link":"http:\/\/www.galaxy-i.com\/fr\/product\/unicharm-sofy-hadaomoi-sanitary-pads\/","title":{"rendered":"Serviettes hygi\u00e9niques Unicharm Sofy Hadaomoi"},"content":{"rendered":"<div data-elementor-type=\"product-post\" data-elementor-id=\"6296\" class=\"elementor elementor-6296\" data-elementor-post-type=\"product\">\n\t\t\t\t<div class=\"wd-negative-gap elementor-element elementor-element-659e775d e-flex e-con-boxed e-con e-parent\" data-id=\"659e775d\" data-element_type=\"container\">\n\t\t\t\t\t<div class=\"e-con-inner\">\n\t\t\t\t<div class=\"elementor-element elementor-element-59d44479 color-scheme-inherit text-left elementor-widget elementor-widget-text-editor\" data-id=\"59d44479\" data-element_type=\"widget\" data-widget_type=\"text-editor.default\">\n\t\t\t\t\t\t\t\t\t<p>Les serviettes hygi\u00e9niques unicharm sofy Hadaomoi absorbent encore plus longtemps. Il est doux pour la peau et permet \u00e0 la peau de rester confortablement s\u00e8che comme la peau nue avant le change.<\/p><ol><li>L'absorption permet de garder la peau confortablement s\u00e8che plus longtemps.<\/li><li>Un toucher doux et d\u00e9licat sur la peau.<\/li><li>Les coussinets 3D souples aident \u00e0 r\u00e9duire les irritations cutan\u00e9es.<\/li><li>Le coussinet pr\u00e9sente un motif floral naturel au dos.<\/li><\/ol>\t\t\t\t\t\t\t\t<\/div>\n\t\t\t\t<div class=\"elementor-element elementor-element-41cdbd2 elementor-widget elementor-widget-heading\" data-id=\"41cdbd2\" data-element_type=\"widget\" data-widget_type=\"heading.default\">\n\t\t\t\t\t<h5 class=\"elementor-heading-title elementor-size-default\">Options<\/h5>\t\t\t\t<\/div>\n\t\t\t\t<div class=\"elementor-element elementor-element-65d9e22 elementor-widget elementor-widget-wd_text_block\" data-id=\"65d9e22\" data-element_type=\"widget\" data-widget_type=\"wd_text_block.default\">\n\t\t\t\t<div class=\"elementor-widget-container\">\n\t\t\t\t\t\t\t<div class=\"wd-text-block reset-last-child text-left\">\n\t\t\t\n\t\t\t<ul><li>Utilisation diurne pour flux menstruel particuli\u00e8rement abondant Avec ailettes de 23 cm (20 pi\u00e8ces)<\/li><li>290 serviettes hygi\u00e9niques de nuit avec ailettes pour flux menstruel abondant, 29 cm (10 pi\u00e8ces)<\/li><\/ul>\n\t\t\t\t\t<\/div>\n\t\t\t\t\t\t<\/div>\n\t\t\t\t<\/div>\n\t\t\t\t<div class=\"elementor-element elementor-element-a18f5f7 elementor-widget elementor-widget-heading\" data-id=\"a18f5f7\" data-element_type=\"widget\" data-widget_type=\"heading.default\">\n\t\t\t\t\t<h5 class=\"elementor-heading-title elementor-size-default\">Pays d'origine<\/h5>\t\t\t\t<\/div>\n\t\t\t\t<div class=\"elementor-element elementor-element-26414ac elementor-widget elementor-widget-wd_text_block\" data-id=\"26414ac\" data-element_type=\"widget\" data-widget_type=\"wd_text_block.default\">\n\t\t\t\t<div class=\"elementor-widget-container\">\n\t\t\t\t\t\t\t<div class=\"wd-text-block reset-last-child text-left\">\n\t\t\t\n\t\t\t<p>Japon<\/p>\n\t\t\t\t\t<\/div>\n\t\t\t\t\t\t<\/div>\n\t\t\t\t<\/div>\n\t\t\t\t\t<\/div>\n\t\t\t\t<\/div>\n\t\t\t\t<\/div>","protected":false},"excerpt":{"rendered":"<p>Les serviettes hygi\u00e9niques unicharm sofy Hadaomoi absorbent encore plus longtemps. Il est doux pour la peau et permet \u00e0 la peau de rester confortablement s\u00e8che comme la peau nue avant le change.<\/p>","protected":false},"featured_media":6302,"template":"","meta":[],"product_brand":[772],"product_cat":[651,461,652,645],"product_tag":[1040,1038,1039],"class_list":{"0":"post-6296","1":"product","2":"type-product","3":"status-publish","4":"has-post-thumbnail","6":"product_brand-unicharm_sofy","7":"product_cat-all","8":"product_cat-jbeauty","9":"product_cat-others","10":"product_cat-personalcare","11":"product_tag-hadaomoi-sanitary-pads","12":"product_tag-pads","13":"product_tag-sanitary-pads","15":"first","16":"instock","17":"taxable","18":"shipping-taxable","19":"purchasable","20":"product-type-variable"},"aioseo_notices":[],"_links":{"self":[{"href":"http:\/\/www.galaxy-i.com\/fr\/wp-json\/wp\/v2\/product\/6296","targetHints":{"allow":["GET"]}}],"collection":[{"href":"http:\/\/www.galaxy-i.com\/fr\/wp-json\/wp\/v2\/product"}],"about":[{"href":"http:\/\/www.galaxy-i.com\/fr\/wp-json\/wp\/v2\/types\/product"}],"version-history":[{"count":1,"href":"http:\/\/www.galaxy-i.com\/fr\/wp-json\/wp\/v2\/product\/6296\/revisions"}],"predecessor-version":[{"id":7409,"href":"http:\/\/www.galaxy-i.com\/fr\/wp-json\/wp\/v2\/product\/6296\/revisions\/7409"}],"wp:featuredmedia":[{"embeddable":true,"href":"http:\/\/www.galaxy-i.com\/fr\/wp-json\/wp\/v2\/media\/6302"}],"wp:attachment":[{"href":"http:\/\/www.galaxy-i.com\/fr\/wp-json\/wp\/v2\/media?parent=6296"}],"wp:term":[{"taxonomy":"product_brand","embeddable":true,"href":"http:\/\/www.galaxy-i.com\/fr\/wp-json\/wp\/v2\/product_brand?post=6296"},{"taxonomy":"product_cat","embeddable":true,"href":"http:\/\/www.galaxy-i.com\/fr\/wp-json\/wp\/v2\/product_cat?post=6296"},{"taxonomy":"product_tag","embeddable":true,"href":"http:\/\/www.galaxy-i.com\/fr\/wp-json\/wp\/v2\/product_tag?post=6296"}],"curies":[{"name":"wp","href":"https:\/\/api.w.org\/{rel}","templated":true}]}}