{"id":6287,"date":"2025-11-30T23:24:18","date_gmt":"2025-12-01T07:24:18","guid":{"rendered":"https:\/\/www.galaxy-i.com\/?post_type=product&#038;p=6287"},"modified":"2026-04-01T20:32:52","modified_gmt":"2026-04-02T03:32:52","slug":"kao-laurier-kirei-style-100-natural-cotton-sanitary-pantyliner","status":"publish","type":"product","link":"http:\/\/www.galaxy-i.com\/fr\/product\/kao-laurier-kirei-style-100-natural-cotton-sanitary-pantyliner\/","title":{"rendered":"Prot\u00e8ge-slips hygi\u00e9niques KAO LAURIER Kirei Style 100 % coton naturel 14 cm (54 pi\u00e8ces)"},"content":{"rendered":"<div data-elementor-type=\"product-post\" data-elementor-id=\"6287\" class=\"elementor elementor-6287\" data-elementor-post-type=\"product\">\n\t\t\t\t<div class=\"wd-negative-gap elementor-element elementor-element-659e775d e-flex e-con-boxed e-con e-parent\" data-id=\"659e775d\" data-element_type=\"container\">\n\t\t\t\t\t<div class=\"e-con-inner\">\n\t\t\t\t<div class=\"elementor-element elementor-element-59d44479 color-scheme-inherit text-left elementor-widget elementor-widget-text-editor\" data-id=\"59d44479\" data-element_type=\"widget\" data-widget_type=\"text-editor.default\">\n\t\t\t\t\t\t\t\t\t<p>KAO LAURIER Prot\u00e8ge-slip en coton naturel Kirei Style 100% 14cm<\/p><p>La surface est compos\u00e9e \u00e0 100 % de coton naturel, ce qui la rend douce pour la peau et minimise les risques d'irritation. Ces prot\u00e8ge-slips respectent votre peau et aident \u00e0 garder vos sous-v\u00eatements et votre peau frais et propres pour un confort optimal tout au long de la journ\u00e9e.<\/p>\t\t\t\t\t\t\t\t<\/div>\n\t\t\t\t<div class=\"elementor-element elementor-element-612817b elementor-widget elementor-widget-heading\" data-id=\"612817b\" data-element_type=\"widget\" data-widget_type=\"heading.default\">\n\t\t\t\t\t<h5 class=\"elementor-heading-title elementor-size-default\">Longueur<\/h5>\t\t\t\t<\/div>\n\t\t\t\t<div class=\"elementor-element elementor-element-f9d1733 elementor-widget elementor-widget-wd_text_block\" data-id=\"f9d1733\" data-element_type=\"widget\" data-widget_type=\"wd_text_block.default\">\n\t\t\t\t<div class=\"elementor-widget-container\">\n\t\t\t\t\t\t\t<div class=\"wd-text-block reset-last-child text-left\">\n\t\t\t\n\t\t\t<p>14cm<\/p>\n\t\t\t\t\t<\/div>\n\t\t\t\t\t\t<\/div>\n\t\t\t\t<\/div>\n\t\t\t\t<div class=\"elementor-element elementor-element-2cad966 elementor-widget elementor-widget-heading\" data-id=\"2cad966\" data-element_type=\"widget\" data-widget_type=\"heading.default\">\n\t\t\t\t\t<h5 class=\"elementor-heading-title elementor-size-default\">Montant<\/h5>\t\t\t\t<\/div>\n\t\t\t\t<div class=\"elementor-element elementor-element-6533f0d elementor-widget elementor-widget-wd_text_block\" data-id=\"6533f0d\" data-element_type=\"widget\" data-widget_type=\"wd_text_block.default\">\n\t\t\t\t<div class=\"elementor-widget-container\">\n\t\t\t\t\t\t\t<div class=\"wd-text-block reset-last-child text-left\">\n\t\t\t\n\t\t\t<p>54pcs<\/p>\n\t\t\t\t\t<\/div>\n\t\t\t\t\t\t<\/div>\n\t\t\t\t<\/div>\n\t\t\t\t<div class=\"elementor-element elementor-element-35a1758 elementor-widget elementor-widget-heading\" data-id=\"35a1758\" data-element_type=\"widget\" data-widget_type=\"heading.default\">\n\t\t\t\t\t<h5 class=\"elementor-heading-title elementor-size-default\">Pays d'origine<\/h5>\t\t\t\t<\/div>\n\t\t\t\t<div class=\"elementor-element elementor-element-ff04a54 elementor-widget elementor-widget-wd_text_block\" data-id=\"ff04a54\" data-element_type=\"widget\" data-widget_type=\"wd_text_block.default\">\n\t\t\t\t<div class=\"elementor-widget-container\">\n\t\t\t\t\t\t\t<div class=\"wd-text-block reset-last-child text-left\">\n\t\t\t\n\t\t\t<p>Japon<\/p>\n\t\t\t\t\t<\/div>\n\t\t\t\t\t\t<\/div>\n\t\t\t\t<\/div>\n\t\t\t\t\t<\/div>\n\t\t\t\t<\/div>\n\t\t\t\t<\/div>","protected":false},"excerpt":{"rendered":"<p>KAO LAURIER Kirei Style 100% Prot\u00e8ge-slip en coton naturel 14cm. La surface du prot\u00e8ge-slip est en coton naturel 100%, ce qui le rend doux pour la peau.<\/p>","protected":false},"featured_media":6290,"template":"","meta":[],"product_brand":[522],"product_cat":[651,461,652,645],"product_tag":[1057,1058,985],"class_list":{"0":"post-6287","1":"product","2":"type-product","3":"status-publish","4":"has-post-thumbnail","6":"product_brand-kao_laurier","7":"product_cat-all","8":"product_cat-jbeauty","9":"product_cat-others","10":"product_cat-personalcare","11":"product_tag-kao-pantyliner","12":"product_tag-laurier-pantyliner","13":"product_tag-pantyliner","15":"first","16":"instock","17":"taxable","18":"shipping-taxable","19":"purchasable","20":"product-type-variable"},"aioseo_notices":[],"_links":{"self":[{"href":"http:\/\/www.galaxy-i.com\/fr\/wp-json\/wp\/v2\/product\/6287","targetHints":{"allow":["GET"]}}],"collection":[{"href":"http:\/\/www.galaxy-i.com\/fr\/wp-json\/wp\/v2\/product"}],"about":[{"href":"http:\/\/www.galaxy-i.com\/fr\/wp-json\/wp\/v2\/types\/product"}],"version-history":[{"count":1,"href":"http:\/\/www.galaxy-i.com\/fr\/wp-json\/wp\/v2\/product\/6287\/revisions"}],"predecessor-version":[{"id":7408,"href":"http:\/\/www.galaxy-i.com\/fr\/wp-json\/wp\/v2\/product\/6287\/revisions\/7408"}],"wp:featuredmedia":[{"embeddable":true,"href":"http:\/\/www.galaxy-i.com\/fr\/wp-json\/wp\/v2\/media\/6290"}],"wp:attachment":[{"href":"http:\/\/www.galaxy-i.com\/fr\/wp-json\/wp\/v2\/media?parent=6287"}],"wp:term":[{"taxonomy":"product_brand","embeddable":true,"href":"http:\/\/www.galaxy-i.com\/fr\/wp-json\/wp\/v2\/product_brand?post=6287"},{"taxonomy":"product_cat","embeddable":true,"href":"http:\/\/www.galaxy-i.com\/fr\/wp-json\/wp\/v2\/product_cat?post=6287"},{"taxonomy":"product_tag","embeddable":true,"href":"http:\/\/www.galaxy-i.com\/fr\/wp-json\/wp\/v2\/product_tag?post=6287"}],"curies":[{"name":"wp","href":"https:\/\/api.w.org\/{rel}","templated":true}]}}