{"id":5747,"date":"2025-11-27T22:14:43","date_gmt":"2025-11-28T06:14:43","guid":{"rendered":"https:\/\/www.galaxy-i.com\/?post_type=product&#038;p=5747"},"modified":"2026-04-01T20:32:47","modified_gmt":"2026-04-02T03:32:47","slug":"bouquet-garn-fragranced-hand-cream-set","status":"publish","type":"product","link":"http:\/\/www.galaxy-i.com\/fr\/product\/bouquet-garn-fragranced-hand-cream-set\/","title":{"rendered":"Coffret de cr\u00e8mes pour les mains parfum\u00e9es BOUQUET GARN (50 ml x 4 pi\u00e8ces)"},"content":{"rendered":"<div data-elementor-type=\"product-post\" data-elementor-id=\"5747\" class=\"elementor elementor-5747\" data-elementor-post-type=\"product\">\n\t\t\t\t<div class=\"wd-negative-gap elementor-element elementor-element-659e775d e-flex e-con-boxed e-con e-parent\" data-id=\"659e775d\" data-element_type=\"container\">\n\t\t\t\t\t<div class=\"e-con-inner\">\n\t\t\t\t<div class=\"elementor-element elementor-element-59d44479 color-scheme-inherit text-left elementor-widget elementor-widget-text-editor\" data-id=\"59d44479\" data-element_type=\"widget\" data-widget_type=\"text-editor.default\">\n\t\t\t\t\t\t\t\t\t<p class=\"vp_desc\">Coffret de cr\u00e8mes parfum\u00e9es pour les mains BOUQUET GARN - Un coffret de cr\u00e8mes parfum\u00e9es pour les mains avec 4 senteurs diff\u00e9rentes.<\/p>\t\t\t\t\t\t\t\t<\/div>\n\t\t\t\t<div class=\"elementor-element elementor-element-c3a45fe elementor-widget elementor-widget-heading\" data-id=\"c3a45fe\" data-element_type=\"widget\" data-widget_type=\"heading.default\">\n\t\t\t\t\t<h5 class=\"elementor-heading-title elementor-size-default\">Contient<\/h5>\t\t\t\t<\/div>\n\t\t\t\t<div class=\"elementor-element elementor-element-cef8de6 elementor-widget elementor-widget-wd_text_block\" data-id=\"cef8de6\" data-element_type=\"widget\" data-widget_type=\"wd_text_block.default\">\n\t\t\t\t<div class=\"elementor-widget-container\">\n\t\t\t\t\t\t\t<div class=\"wd-text-block reset-last-child text-left\">\n\t\t\t\n\t\t\t<ul><li>Cr\u00e8me pour les mains parfum\u00e9e \u2013 Musc blanc (50 ml)<\/li><li>Cr\u00e8me pour les mains parfum\u00e9e \u2013 Poudre pour b\u00e9b\u00e9 (50 ml)<\/li><li>Cr\u00e8me pour les mains parfum\u00e9e \u2013 Fleur de cerisier (50 ml)<\/li><li>Cr\u00e8me pour les mains parfum\u00e9e \u2013 Savon nettoyant (50 ml)<\/li><\/ul>\n\t\t\t\t\t<\/div>\n\t\t\t\t\t\t<\/div>\n\t\t\t\t<\/div>\n\t\t\t\t<div class=\"elementor-element elementor-element-c482fc0 elementor-widget elementor-widget-heading\" data-id=\"c482fc0\" data-element_type=\"widget\" data-widget_type=\"heading.default\">\n\t\t\t\t\t<h5 class=\"elementor-heading-title elementor-size-default\">Pays d'origine<\/h5>\t\t\t\t<\/div>\n\t\t\t\t<div class=\"elementor-element elementor-element-3e6de8b elementor-widget elementor-widget-wd_text_block\" data-id=\"3e6de8b\" data-element_type=\"widget\" data-widget_type=\"wd_text_block.default\">\n\t\t\t\t<div class=\"elementor-widget-container\">\n\t\t\t\t\t\t\t<div class=\"wd-text-block reset-last-child text-left\">\n\t\t\t\n\t\t\t<p>Cor\u00e9e<\/p>\n\t\t\t\t\t<\/div>\n\t\t\t\t\t\t<\/div>\n\t\t\t\t<\/div>\n\t\t\t\t<div class=\"elementor-element elementor-element-d45524a elementor-widget elementor-widget-heading\" data-id=\"d45524a\" data-element_type=\"widget\" data-widget_type=\"heading.default\">\n\t\t\t\t\t<h5 class=\"elementor-heading-title elementor-size-default\">Comment utiliser<\/h5>\t\t\t\t<\/div>\n\t\t\t\t<div class=\"elementor-element elementor-element-d7f32eb elementor-widget elementor-widget-wd_text_block\" data-id=\"d7f32eb\" data-element_type=\"widget\" data-widget_type=\"wd_text_block.default\">\n\t\t\t\t<div class=\"elementor-widget-container\">\n\t\t\t\t\t\t\t<div class=\"wd-text-block reset-last-child text-left\">\n\t\t\t\n\t\t\t<p data-pm-slice=\"1 1 []\">Appliquez une quantit\u00e9 appropri\u00e9e sur votre peau.<\/p>\n\t\t\t\t\t<\/div>\n\t\t\t\t\t\t<\/div>\n\t\t\t\t<\/div>\n\t\t\t\t\t<\/div>\n\t\t\t\t<\/div>\n\t\t\t\t<\/div>","protected":false},"excerpt":{"rendered":"<p>Coffret de cr\u00e8me parfum\u00e9e pour les mains BOUQUET GARN - Un coffret de cr\u00e8me parfum\u00e9e pour les mains avec 4 senteurs diff\u00e9rentes. Musc blanc ; Poudre de b\u00e9b\u00e9 ; Fleur de cerisier ; Savon propre.<\/p>","protected":false},"featured_media":5748,"template":"","meta":[],"product_brand":[727],"product_cat":[651,206,740,462,531],"product_tag":[1025,1090,1032],"class_list":{"0":"post-5747","1":"product","2":"type-product","3":"status-publish","4":"has-post-thumbnail","6":"product_brand-bouquet_garn","7":"product_cat-all","8":"product_cat-asian_cosmetics","9":"product_cat-hand-cream","10":"product_cat-kbeauty","11":"product_cat-skin-care","12":"product_tag-cream","13":"product_tag-fragranced-hand-cream","14":"product_tag-hand-cream","16":"first","17":"instock","18":"taxable","19":"shipping-taxable","20":"purchasable","21":"product-type-simple"},"aioseo_notices":[],"_links":{"self":[{"href":"http:\/\/www.galaxy-i.com\/fr\/wp-json\/wp\/v2\/product\/5747","targetHints":{"allow":["GET"]}}],"collection":[{"href":"http:\/\/www.galaxy-i.com\/fr\/wp-json\/wp\/v2\/product"}],"about":[{"href":"http:\/\/www.galaxy-i.com\/fr\/wp-json\/wp\/v2\/types\/product"}],"version-history":[{"count":1,"href":"http:\/\/www.galaxy-i.com\/fr\/wp-json\/wp\/v2\/product\/5747\/revisions"}],"predecessor-version":[{"id":7404,"href":"http:\/\/www.galaxy-i.com\/fr\/wp-json\/wp\/v2\/product\/5747\/revisions\/7404"}],"wp:featuredmedia":[{"embeddable":true,"href":"http:\/\/www.galaxy-i.com\/fr\/wp-json\/wp\/v2\/media\/5748"}],"wp:attachment":[{"href":"http:\/\/www.galaxy-i.com\/fr\/wp-json\/wp\/v2\/media?parent=5747"}],"wp:term":[{"taxonomy":"product_brand","embeddable":true,"href":"http:\/\/www.galaxy-i.com\/fr\/wp-json\/wp\/v2\/product_brand?post=5747"},{"taxonomy":"product_cat","embeddable":true,"href":"http:\/\/www.galaxy-i.com\/fr\/wp-json\/wp\/v2\/product_cat?post=5747"},{"taxonomy":"product_tag","embeddable":true,"href":"http:\/\/www.galaxy-i.com\/fr\/wp-json\/wp\/v2\/product_tag?post=5747"}],"curies":[{"name":"wp","href":"https:\/\/api.w.org\/{rel}","templated":true}]}}