{"id":5702,"date":"2025-11-27T15:34:52","date_gmt":"2025-11-27T23:34:52","guid":{"rendered":"https:\/\/www.galaxy-i.com\/?post_type=product&#038;p=5702"},"modified":"2026-03-20T01:30:56","modified_gmt":"2026-03-20T08:30:56","slug":"shiseido-fine-today-tsubaki-premium-repair-hair-mask","status":"publish","type":"product","link":"http:\/\/www.galaxy-i.com\/fr\/product\/shiseido-fine-today-tsubaki-premium-repair-hair-mask\/","title":{"rendered":"Masque capillaire r\u00e9parateur premium SHISEIDO Fine Today Tsubaki (180 g)"},"content":{"rendered":"<div data-elementor-type=\"product-post\" data-elementor-id=\"5702\" class=\"elementor elementor-5702\" data-elementor-post-type=\"product\">\n\t\t\t\t<div class=\"wd-negative-gap elementor-element elementor-element-659e775d e-flex e-con-boxed e-con e-parent\" data-id=\"659e775d\" data-element_type=\"container\">\n\t\t\t\t\t<div class=\"e-con-inner\">\n\t\t\t\t<div class=\"elementor-element elementor-element-59d44479 color-scheme-inherit text-left elementor-widget elementor-widget-text-editor\" data-id=\"59d44479\" data-element_type=\"widget\" data-widget_type=\"text-editor.default\">\n\t\t\t\t\t\t\t\t\t<p>SHISEIDO Fine Today Tsubaki Premium Repair Hair Mask est un masque capillaire qui offre de puissants b\u00e9n\u00e9fices r\u00e9parateurs m\u00eame lorsqu'il est rinc\u00e9 imm\u00e9diatement.<\/p>\t\t\t\t\t\t\t\t<\/div>\n\t\t\t\t<div class=\"elementor-element elementor-element-2f1fd97 elementor-widget elementor-widget-heading\" data-id=\"2f1fd97\" data-element_type=\"widget\" data-widget_type=\"heading.default\">\n\t\t\t\t\t<h5 class=\"elementor-heading-title elementor-size-default\">Montant<\/h5>\t\t\t\t<\/div>\n\t\t\t\t<div class=\"elementor-element elementor-element-e75b7f0 elementor-widget elementor-widget-wd_text_block\" data-id=\"e75b7f0\" data-element_type=\"widget\" data-widget_type=\"wd_text_block.default\">\n\t\t\t\t<div class=\"elementor-widget-container\">\n\t\t\t\t\t\t\t<div class=\"wd-text-block reset-last-child text-left\">\n\t\t\t\n\t\t\t<p>180g<\/p>\n\t\t\t\t\t<\/div>\n\t\t\t\t\t\t<\/div>\n\t\t\t\t<\/div>\n\t\t\t\t<div class=\"elementor-element elementor-element-cb1c6f4 elementor-widget elementor-widget-heading\" data-id=\"cb1c6f4\" data-element_type=\"widget\" data-widget_type=\"heading.default\">\n\t\t\t\t\t<h5 class=\"elementor-heading-title elementor-size-default\">Pays d'origine<\/h5>\t\t\t\t<\/div>\n\t\t\t\t<div class=\"elementor-element elementor-element-c499d63 elementor-widget elementor-widget-wd_text_block\" data-id=\"c499d63\" data-element_type=\"widget\" data-widget_type=\"wd_text_block.default\">\n\t\t\t\t<div class=\"elementor-widget-container\">\n\t\t\t\t\t\t\t<div class=\"wd-text-block reset-last-child text-left\">\n\t\t\t\n\t\t\t<p>Japon<\/p>\n\t\t\t\t\t<\/div>\n\t\t\t\t\t\t<\/div>\n\t\t\t\t<\/div>\n\t\t\t\t<div class=\"elementor-element elementor-element-d6336dd elementor-widget elementor-widget-heading\" data-id=\"d6336dd\" data-element_type=\"widget\" data-widget_type=\"heading.default\">\n\t\t\t\t\t<h5 class=\"elementor-heading-title elementor-size-default\">Comment utiliser<\/h5>\t\t\t\t<\/div>\n\t\t\t\t<div class=\"elementor-element elementor-element-6045c46 elementor-widget elementor-widget-wd_text_block\" data-id=\"6045c46\" data-element_type=\"widget\" data-widget_type=\"wd_text_block.default\">\n\t\t\t\t<div class=\"elementor-widget-container\">\n\t\t\t\t\t\t\t<div class=\"wd-text-block reset-last-child text-left\">\n\t\t\t\n\t\t\t<p>Apr\u00e8s le shampooing et le revitalisant, essorez l\u00e9g\u00e8rement vos cheveux avec une serviette, appliquez une ou deux quantit\u00e9s de produit de la taille d'un muscat sur l'ensemble de la chevelure, puis rincez.<br data-start=\"139\" data-end=\"142\" \/>Utilisez-le 1 \u00e0 2 fois par semaine pour un soin intensif, ou quotidiennement selon l'\u00e9tat de vos cheveux et vos pr\u00e9f\u00e9rences.<\/p>\n\t\t\t\t\t<\/div>\n\t\t\t\t\t\t<\/div>\n\t\t\t\t<\/div>\n\t\t\t\t<div class=\"elementor-element elementor-element-959477b elementor-widget elementor-widget-heading\" data-id=\"959477b\" data-element_type=\"widget\" data-widget_type=\"heading.default\">\n\t\t\t\t\t<h5 class=\"elementor-heading-title elementor-size-default\">Ingr\u00e9dients<\/h5>\t\t\t\t<\/div>\n\t\t\t\t<div class=\"elementor-element elementor-element-befb7ee elementor-widget elementor-widget-wd_text_block\" data-id=\"befb7ee\" data-element_type=\"widget\" data-widget_type=\"wd_text_block.default\">\n\t\t\t\t<div class=\"elementor-widget-container\">\n\t\t\t\t\t\t\t<div class=\"wd-text-block reset-last-child text-left\">\n\t\t\t\n\t\t\t<p>Eau, glyc\u00e9rine, dim\u00e9thicone, isopentyldiol, huile de canola hydrog\u00e9n\u00e9e, alcool, chlorure de b\u00e9hentrimonium, alcool st\u00e9arylique, sorbitol, aminopropyl dim\u00e9thicone, hydroxy\u00e9thylur\u00e9e, alkyl (012, 14) oxyhydroxypropyl arginine HD, chlorure de st\u00e9artrimonium, acide lactique, huile de graines de cam\u00e9lia, acide lauroyl glutamique di(phytost\u00e9ryl\/octyldod\u00e9cyl), acide dilauroyl glutamique, lysine sodique, extrait de gel\u00e9e royale, ac\u00e9tyl hyaluronate de sodium, conchioline hydrolys\u00e9e, isopropanol, s\u00e9ttanol, octyldod\u00e9canol, \u00e9thanol, acide citrique, lactate d'ammonium, BO, DPO AMP, amodim\u00e9thicone, PPG-2-d\u00e9ceth-12, tocoph\u00e9rol, ph\u00e9noxy\u00e9thanol, benzoate de sodium, parfum, rouge 227, jaune 4<\/p>\n\t\t\t\t\t<\/div>\n\t\t\t\t\t\t<\/div>\n\t\t\t\t<\/div>\n\t\t\t\t\t<\/div>\n\t\t\t\t<\/div>\n\t\t\t\t<\/div>","protected":false},"excerpt":{"rendered":"<p>SHISEIDO Fine Today Tsubaki Premium Repair Hair Mask est un masque capillaire qui offre de puissants b\u00e9n\u00e9fices r\u00e9parateurs m\u00eame lorsqu'il est rinc\u00e9 imm\u00e9diatement.<\/p>","protected":false},"featured_media":5703,"template":"","meta":[],"product_brand":[699],"product_cat":[651,206,465,697,461],"product_tag":[1030,1085,1031],"class_list":{"0":"post-5702","1":"product","2":"type-product","3":"status-publish","4":"has-post-thumbnail","6":"product_brand-shiseido","7":"product_cat-all","8":"product_cat-asian_cosmetics","9":"product_cat-j_hair","10":"product_cat-hair-care","11":"product_cat-jbeauty","12":"product_tag-hair-mask","13":"product_tag-shiseido-hair-mask","14":"product_tag-tsubaki-hair-mask","16":"first","17":"instock","18":"taxable","19":"shipping-taxable","20":"purchasable","21":"product-type-simple"},"aioseo_notices":[],"_links":{"self":[{"href":"http:\/\/www.galaxy-i.com\/fr\/wp-json\/wp\/v2\/product\/5702","targetHints":{"allow":["GET"]}}],"collection":[{"href":"http:\/\/www.galaxy-i.com\/fr\/wp-json\/wp\/v2\/product"}],"about":[{"href":"http:\/\/www.galaxy-i.com\/fr\/wp-json\/wp\/v2\/types\/product"}],"version-history":[{"count":1,"href":"http:\/\/www.galaxy-i.com\/fr\/wp-json\/wp\/v2\/product\/5702\/revisions"}],"predecessor-version":[{"id":7398,"href":"http:\/\/www.galaxy-i.com\/fr\/wp-json\/wp\/v2\/product\/5702\/revisions\/7398"}],"wp:featuredmedia":[{"embeddable":true,"href":"http:\/\/www.galaxy-i.com\/fr\/wp-json\/wp\/v2\/media\/5703"}],"wp:attachment":[{"href":"http:\/\/www.galaxy-i.com\/fr\/wp-json\/wp\/v2\/media?parent=5702"}],"wp:term":[{"taxonomy":"product_brand","embeddable":true,"href":"http:\/\/www.galaxy-i.com\/fr\/wp-json\/wp\/v2\/product_brand?post=5702"},{"taxonomy":"product_cat","embeddable":true,"href":"http:\/\/www.galaxy-i.com\/fr\/wp-json\/wp\/v2\/product_cat?post=5702"},{"taxonomy":"product_tag","embeddable":true,"href":"http:\/\/www.galaxy-i.com\/fr\/wp-json\/wp\/v2\/product_tag?post=5702"}],"curies":[{"name":"wp","href":"https:\/\/api.w.org\/{rel}","templated":true}]}}