{"id":5698,"date":"2025-11-27T15:14:35","date_gmt":"2025-11-27T23:14:35","guid":{"rendered":"https:\/\/www.galaxy-i.com\/?post_type=product&#038;p=5698"},"modified":"2026-03-20T01:26:54","modified_gmt":"2026-03-20T08:26:54","slug":"flor-de-man-milk-hand-cream","status":"publish","type":"product","link":"http:\/\/www.galaxy-i.com\/fr\/product\/flor-de-man-milk-hand-cream\/","title":{"rendered":"Cr\u00e8me mains au lait FLORC DE MAN (80 ml)"},"content":{"rendered":"<div data-elementor-type=\"product-post\" data-elementor-id=\"5698\" class=\"elementor elementor-5698\" data-elementor-post-type=\"product\">\n\t\t\t\t<div class=\"wd-negative-gap elementor-element elementor-element-659e775d e-flex e-con-boxed e-con e-parent\" data-id=\"659e775d\" data-element_type=\"container\">\n\t\t\t\t\t<div class=\"e-con-inner\">\n\t\t\t\t<div class=\"elementor-element elementor-element-59d44479 color-scheme-inherit text-left elementor-widget elementor-widget-text-editor\" data-id=\"59d44479\" data-element_type=\"widget\" data-widget_type=\"text-editor.default\">\n\t\t\t\t\t\t\t\t\t<p>La cr\u00e8me pour les mains au lait de FLOR DE MAN est une solution hydratante \u00e0 base de lait frais et cr\u00e9meux de Daegwallyeong pour hydrater et adoucir la peau rugueuse.<\/p>\t\t\t\t\t\t\t\t<\/div>\n\t\t\t\t<div class=\"elementor-element elementor-element-a46dd35 elementor-widget elementor-widget-heading\" data-id=\"a46dd35\" data-element_type=\"widget\" data-widget_type=\"heading.default\">\n\t\t\t\t\t<h5 class=\"elementor-heading-title elementor-size-default\">Montant<\/h5>\t\t\t\t<\/div>\n\t\t\t\t<div class=\"elementor-element elementor-element-b1a195e elementor-widget elementor-widget-wd_text_block\" data-id=\"b1a195e\" data-element_type=\"widget\" data-widget_type=\"wd_text_block.default\">\n\t\t\t\t<div class=\"elementor-widget-container\">\n\t\t\t\t\t\t\t<div class=\"wd-text-block reset-last-child text-left\">\n\t\t\t\n\t\t\t<p>80ml<\/p>\n\t\t\t\t\t<\/div>\n\t\t\t\t\t\t<\/div>\n\t\t\t\t<\/div>\n\t\t\t\t<div class=\"elementor-element elementor-element-f98850e elementor-widget elementor-widget-heading\" data-id=\"f98850e\" data-element_type=\"widget\" data-widget_type=\"heading.default\">\n\t\t\t\t\t<h5 class=\"elementor-heading-title elementor-size-default\">Pays d'origine<\/h5>\t\t\t\t<\/div>\n\t\t\t\t<div class=\"elementor-element elementor-element-6e241f7 elementor-widget elementor-widget-wd_text_block\" data-id=\"6e241f7\" data-element_type=\"widget\" data-widget_type=\"wd_text_block.default\">\n\t\t\t\t<div class=\"elementor-widget-container\">\n\t\t\t\t\t\t\t<div class=\"wd-text-block reset-last-child text-left\">\n\t\t\t\n\t\t\t<p>Cor\u00e9e<\/p>\n\t\t\t\t\t<\/div>\n\t\t\t\t\t\t<\/div>\n\t\t\t\t<\/div>\n\t\t\t\t<div class=\"elementor-element elementor-element-60dccf0 elementor-widget elementor-widget-heading\" data-id=\"60dccf0\" data-element_type=\"widget\" data-widget_type=\"heading.default\">\n\t\t\t\t\t<h5 class=\"elementor-heading-title elementor-size-default\">Comment utiliser<\/h5>\t\t\t\t<\/div>\n\t\t\t\t<div class=\"elementor-element elementor-element-847d0fe elementor-widget elementor-widget-wd_text_block\" data-id=\"847d0fe\" data-element_type=\"widget\" data-widget_type=\"wd_text_block.default\">\n\t\t\t\t<div class=\"elementor-widget-container\">\n\t\t\t\t\t\t\t<div class=\"wd-text-block reset-last-child text-left\">\n\t\t\t\n\t\t\t<p data-pm-slice=\"1 1 []\">Appliquez sur les mains et massez doucement.<\/p>\n\t\t\t\t\t<\/div>\n\t\t\t\t\t\t<\/div>\n\t\t\t\t<\/div>\n\t\t\t\t<div class=\"elementor-element elementor-element-31f2eab elementor-widget elementor-widget-heading\" data-id=\"31f2eab\" data-element_type=\"widget\" data-widget_type=\"heading.default\">\n\t\t\t\t\t<h5 class=\"elementor-heading-title elementor-size-default\">Ingr\u00e9dients<\/h5>\t\t\t\t<\/div>\n\t\t\t\t<div class=\"elementor-element elementor-element-37052ff elementor-widget elementor-widget-wd_text_block\" data-id=\"37052ff\" data-element_type=\"widget\" data-widget_type=\"wd_text_block.default\">\n\t\t\t\t<div class=\"elementor-widget-container\">\n\t\t\t\t\t\t\t<div class=\"wd-text-block reset-last-child text-left\">\n\t\t\t\n\t\t\t<p>Eau, beurre de karit\u00e9, glyc\u00e9rine, st\u00e9arate de glyc\u00e9ryle, butyl\u00e8ne glycol, palmitate d'isopropyle, huile d'olive, st\u00e9arate de PEG-100, cyclopentasiloxane, alcool c\u00e9t\u00e9arylique, acide st\u00e9arique, dim\u00e9thicone, tri\u00e9thanolamine, carbom\u00e8re, extrait de prot\u00e9ines de lait, BHT, \u00e9thylhexylglyc\u00e9rine, alanine, EDTA disodique, ph\u00e9noxy\u00e9thanol, caprylyl glycol, parfum.<\/p>\n\t\t\t\t\t<\/div>\n\t\t\t\t\t\t<\/div>\n\t\t\t\t<\/div>\n\t\t\t\t\t<\/div>\n\t\t\t\t<\/div>\n\t\t\t\t<\/div>","protected":false},"excerpt":{"rendered":"<p>La cr\u00e8me pour les mains au lait de FLOR DE MAN est une solution hydratante \u00e0 base de lait frais et cr\u00e9meux de Daegwallyeong pour hydrater et adoucir la peau rugueuse.<\/p>","protected":false},"featured_media":5699,"template":"","meta":[],"product_brand":[712],"product_cat":[651,206,740,462,531],"product_tag":[1025,1032],"class_list":{"0":"post-5698","1":"product","2":"type-product","3":"status-publish","4":"has-post-thumbnail","6":"product_brand-flor-de-man","7":"product_cat-all","8":"product_cat-asian_cosmetics","9":"product_cat-hand-cream","10":"product_cat-kbeauty","11":"product_cat-skin-care","12":"product_tag-cream","13":"product_tag-hand-cream","15":"first","16":"instock","17":"taxable","18":"shipping-taxable","19":"purchasable","20":"product-type-simple"},"aioseo_notices":[],"_links":{"self":[{"href":"http:\/\/www.galaxy-i.com\/fr\/wp-json\/wp\/v2\/product\/5698","targetHints":{"allow":["GET"]}}],"collection":[{"href":"http:\/\/www.galaxy-i.com\/fr\/wp-json\/wp\/v2\/product"}],"about":[{"href":"http:\/\/www.galaxy-i.com\/fr\/wp-json\/wp\/v2\/types\/product"}],"version-history":[{"count":1,"href":"http:\/\/www.galaxy-i.com\/fr\/wp-json\/wp\/v2\/product\/5698\/revisions"}],"predecessor-version":[{"id":7397,"href":"http:\/\/www.galaxy-i.com\/fr\/wp-json\/wp\/v2\/product\/5698\/revisions\/7397"}],"wp:featuredmedia":[{"embeddable":true,"href":"http:\/\/www.galaxy-i.com\/fr\/wp-json\/wp\/v2\/media\/5699"}],"wp:attachment":[{"href":"http:\/\/www.galaxy-i.com\/fr\/wp-json\/wp\/v2\/media?parent=5698"}],"wp:term":[{"taxonomy":"product_brand","embeddable":true,"href":"http:\/\/www.galaxy-i.com\/fr\/wp-json\/wp\/v2\/product_brand?post=5698"},{"taxonomy":"product_cat","embeddable":true,"href":"http:\/\/www.galaxy-i.com\/fr\/wp-json\/wp\/v2\/product_cat?post=5698"},{"taxonomy":"product_tag","embeddable":true,"href":"http:\/\/www.galaxy-i.com\/fr\/wp-json\/wp\/v2\/product_tag?post=5698"}],"curies":[{"name":"wp","href":"https:\/\/api.w.org\/{rel}","templated":true}]}}