{"id":5676,"date":"2025-11-27T12:23:39","date_gmt":"2025-11-27T20:23:39","guid":{"rendered":"https:\/\/www.galaxy-i.com\/?post_type=product&#038;p=5676"},"modified":"2026-03-20T00:59:00","modified_gmt":"2026-03-20T07:59:00","slug":"laneige-water-sleeping-mask","status":"publish","type":"product","link":"http:\/\/www.galaxy-i.com\/fr\/product\/laneige-water-sleeping-mask\/","title":{"rendered":"Masque de nuit hydratant LANEIGE (70 ml)"},"content":{"rendered":"<div data-elementor-type=\"product-post\" data-elementor-id=\"5676\" class=\"elementor elementor-5676\" data-elementor-post-type=\"product\">\n\t\t\t\t<div class=\"wd-negative-gap elementor-element elementor-element-659e775d e-flex e-con-boxed e-con e-parent\" data-id=\"659e775d\" data-element_type=\"container\">\n\t\t\t\t\t<div class=\"e-con-inner\">\n\t\t\t\t<div class=\"elementor-element elementor-element-59d44479 color-scheme-inherit text-left elementor-widget elementor-widget-text-editor\" data-id=\"59d44479\" data-element_type=\"widget\" data-widget_type=\"text-editor.default\">\n\t\t\t\t\t\t\t\t\t<p>LANEIGE Water Sleeping Mask est un masque hydratant pour le visage qui hydrate en profondeur et \u00e9claircit la peau pendant la nuit pour une peau rajeunie et repos\u00e9e le lendemain.<\/p>\t\t\t\t\t\t\t\t<\/div>\n\t\t\t\t<div class=\"elementor-element elementor-element-48582b0 elementor-widget elementor-widget-heading\" data-id=\"48582b0\" data-element_type=\"widget\" data-widget_type=\"heading.default\">\n\t\t\t\t\t<h5 class=\"elementor-heading-title elementor-size-default\">Montant<\/h5>\t\t\t\t<\/div>\n\t\t\t\t<div class=\"elementor-element elementor-element-76569a5 elementor-widget elementor-widget-wd_text_block\" data-id=\"76569a5\" data-element_type=\"widget\" data-widget_type=\"wd_text_block.default\">\n\t\t\t\t<div class=\"elementor-widget-container\">\n\t\t\t\t\t\t\t<div class=\"wd-text-block reset-last-child text-left\">\n\t\t\t\n\t\t\t<p>70ml<\/p>\n\t\t\t\t\t<\/div>\n\t\t\t\t\t\t<\/div>\n\t\t\t\t<\/div>\n\t\t\t\t<div class=\"elementor-element elementor-element-55f682f elementor-widget elementor-widget-heading\" data-id=\"55f682f\" data-element_type=\"widget\" data-widget_type=\"heading.default\">\n\t\t\t\t\t<h5 class=\"elementor-heading-title elementor-size-default\">Pays d'origine<\/h5>\t\t\t\t<\/div>\n\t\t\t\t<div class=\"elementor-element elementor-element-bdbc224 elementor-widget elementor-widget-wd_text_block\" data-id=\"bdbc224\" data-element_type=\"widget\" data-widget_type=\"wd_text_block.default\">\n\t\t\t\t<div class=\"elementor-widget-container\">\n\t\t\t\t\t\t\t<div class=\"wd-text-block reset-last-child text-left\">\n\t\t\t\n\t\t\t<p>Japon<\/p>\n\t\t\t\t\t<\/div>\n\t\t\t\t\t\t<\/div>\n\t\t\t\t<\/div>\n\t\t\t\t<div class=\"elementor-element elementor-element-bb11d8a elementor-widget elementor-widget-heading\" data-id=\"bb11d8a\" data-element_type=\"widget\" data-widget_type=\"heading.default\">\n\t\t\t\t\t<h5 class=\"elementor-heading-title elementor-size-default\">Comment utiliser<\/h5>\t\t\t\t<\/div>\n\t\t\t\t<div class=\"elementor-element elementor-element-e7cfaf7 elementor-widget elementor-widget-wd_text_block\" data-id=\"e7cfaf7\" data-element_type=\"widget\" data-widget_type=\"wd_text_block.default\">\n\t\t\t\t<div class=\"elementor-widget-container\">\n\t\t\t\t\t\t\t<div class=\"wd-text-block reset-last-child text-left\">\n\t\t\t\n\t\t\t<p>Appliquer uniform\u00e9ment sur le visage. Une fois le produit compl\u00e8tement absorb\u00e9, laisser agir toute la nuit. Rincer le matin.<\/p>\n\t\t\t\t\t<\/div>\n\t\t\t\t\t\t<\/div>\n\t\t\t\t<\/div>\n\t\t\t\t<div class=\"elementor-element elementor-element-daaab10 elementor-widget elementor-widget-heading\" data-id=\"daaab10\" data-element_type=\"widget\" data-widget_type=\"heading.default\">\n\t\t\t\t\t<h5 class=\"elementor-heading-title elementor-size-default\">Ingr\u00e9dients<\/h5>\t\t\t\t<\/div>\n\t\t\t\t<div class=\"elementor-element elementor-element-3e04c93 elementor-widget elementor-widget-wd_text_block\" data-id=\"3e04c93\" data-element_type=\"widget\" data-widget_type=\"wd_text_block.default\">\n\t\t\t\t<div class=\"elementor-widget-container\">\n\t\t\t\t\t\t\t<div class=\"wd-text-block reset-last-child text-left\">\n\t\t\t\n\t\t\t<p>Eau, butyl\u00e8ne glycol, glyc\u00e9rine, tr\u00e9halose, m\u00e9thyl trim\u00e9thicone, 1,2-hexanediol, squalane, ph\u00e9nyl trim\u00e9thicone, PCA dim\u00e9thicone, caprylyl m\u00e9thicone, copolym\u00e8re d'acryloyldim\u00e9thyltaurate d'ammonium\/VP, carbom\u00e8re, trom\u00e9thamine, lysat de ferment de Lactobacillus, niacinamide, caprylate de glyc\u00e9ryle, polym\u00e8re crois\u00e9 polym\u00e8re d'acrylates\/acrylate d'alkyle en C10-30, propanediol, \u00e9thylhexylglyc\u00e9rine, extrait de malachite, xylitylglucoside, propyl\u00e8ne glycol, anhydroxylitol, parfum, hyaluronate de sodium, m\u00e9taphosphate de sodium, xylitol, raffinose, huile d'onagre (Oenothera biennis), hyaluronate d'hydroxypropyltrimonium, tryptophane, ferment de Lactobacillus. B\u00eata-glucane, limon\u00e8ne, linalol, copolym\u00e8re d'acrylates\/m\u00e9thacrylate de st\u00e9aryle, extrait de sporocarpe de Tremella fuciformis, acide hyaluronique, trim\u00e9taphosphate de sodium, gomme de xanthane, acide polyglutamique, c\u00e9ramide NP, tocoph\u00e9rol<\/p>\n\t\t\t\t\t<\/div>\n\t\t\t\t\t\t<\/div>\n\t\t\t\t<\/div>\n\t\t\t\t\t<\/div>\n\t\t\t\t<\/div>\n\t\t\t\t<\/div>","protected":false},"excerpt":{"rendered":"<p>LANEIGE Water Sleeping Mask est un masque hydratant pour le visage qui hydrate en profondeur et \u00e9claircit la peau pendant la nuit pour une peau rajeunie et repos\u00e9e le lendemain.<\/p>","protected":false},"featured_media":5678,"template":"","meta":[],"product_brand":[707],"product_cat":[651,206,462,737,476,531],"product_tag":[833,991,1028],"class_list":{"0":"post-5676","1":"product","2":"type-product","3":"status-publish","4":"has-post-thumbnail","6":"product_brand-laneige","7":"product_cat-all","8":"product_cat-asian_cosmetics","9":"product_cat-kbeauty","10":"product_cat-masks","11":"product_cat-skin","12":"product_cat-skin-care","13":"product_tag-laneige-water-sleeping-mask","14":"product_tag-mask","15":"product_tag-sleeping-mask","17":"first","18":"instock","19":"sale","20":"taxable","21":"shipping-taxable","22":"purchasable","23":"product-type-simple"},"aioseo_notices":[],"_links":{"self":[{"href":"http:\/\/www.galaxy-i.com\/fr\/wp-json\/wp\/v2\/product\/5676","targetHints":{"allow":["GET"]}}],"collection":[{"href":"http:\/\/www.galaxy-i.com\/fr\/wp-json\/wp\/v2\/product"}],"about":[{"href":"http:\/\/www.galaxy-i.com\/fr\/wp-json\/wp\/v2\/types\/product"}],"version-history":[{"count":1,"href":"http:\/\/www.galaxy-i.com\/fr\/wp-json\/wp\/v2\/product\/5676\/revisions"}],"predecessor-version":[{"id":7395,"href":"http:\/\/www.galaxy-i.com\/fr\/wp-json\/wp\/v2\/product\/5676\/revisions\/7395"}],"wp:featuredmedia":[{"embeddable":true,"href":"http:\/\/www.galaxy-i.com\/fr\/wp-json\/wp\/v2\/media\/5678"}],"wp:attachment":[{"href":"http:\/\/www.galaxy-i.com\/fr\/wp-json\/wp\/v2\/media?parent=5676"}],"wp:term":[{"taxonomy":"product_brand","embeddable":true,"href":"http:\/\/www.galaxy-i.com\/fr\/wp-json\/wp\/v2\/product_brand?post=5676"},{"taxonomy":"product_cat","embeddable":true,"href":"http:\/\/www.galaxy-i.com\/fr\/wp-json\/wp\/v2\/product_cat?post=5676"},{"taxonomy":"product_tag","embeddable":true,"href":"http:\/\/www.galaxy-i.com\/fr\/wp-json\/wp\/v2\/product_tag?post=5676"}],"curies":[{"name":"wp","href":"https:\/\/api.w.org\/{rel}","templated":true}]}}