{"id":5583,"date":"2025-11-27T01:16:09","date_gmt":"2025-11-27T09:16:09","guid":{"rendered":"https:\/\/www.galaxy-i.com\/?post_type=product&#038;p=5583"},"modified":"2026-04-01T20:32:46","modified_gmt":"2026-04-02T03:32:46","slug":"macherie-hair-oil-ex","status":"publish","type":"product","link":"http:\/\/www.galaxy-i.com\/fr\/product\/macherie-hair-oil-ex\/","title":{"rendered":"SHISEIDO Fine Today MACHERIE Huile capillaire EX (60 ml)"},"content":{"rendered":"<div data-elementor-type=\"product-post\" data-elementor-id=\"5583\" class=\"elementor elementor-5583\" data-elementor-post-type=\"product\">\n\t\t\t\t<div class=\"wd-negative-gap elementor-element elementor-element-659e775d e-flex e-con-boxed e-con e-parent\" data-id=\"659e775d\" data-element_type=\"container\">\n\t\t\t\t\t<div class=\"e-con-inner\">\n\t\t\t\t<div class=\"elementor-element elementor-element-59d44479 color-scheme-inherit text-left elementor-widget elementor-widget-text-editor\" data-id=\"59d44479\" data-element_type=\"widget\" data-widget_type=\"text-editor.default\">\n\t\t\t\t\t\t\t\t\t<p>SHISEIDO Fine Today MACHERIE Hair Oil EX r\u00e9pare et apporte de la brillance jusqu'aux pointes, laissant vos cheveux lisses et soyeux.<\/p>\t\t\t\t\t\t\t\t<\/div>\n\t\t\t\t<div class=\"elementor-element elementor-element-f4a6cf0 elementor-widget elementor-widget-heading\" data-id=\"f4a6cf0\" data-element_type=\"widget\" data-widget_type=\"heading.default\">\n\t\t\t\t\t<h5 class=\"elementor-heading-title elementor-size-default\">Montant<\/h5>\t\t\t\t<\/div>\n\t\t\t\t<div class=\"elementor-element elementor-element-38f6f3b elementor-widget elementor-widget-wd_text_block\" data-id=\"38f6f3b\" data-element_type=\"widget\" data-widget_type=\"wd_text_block.default\">\n\t\t\t\t<div class=\"elementor-widget-container\">\n\t\t\t\t\t\t\t<div class=\"wd-text-block reset-last-child text-left\">\n\t\t\t\n\t\t\t<p>60ml<\/p>\n\t\t\t\t\t<\/div>\n\t\t\t\t\t\t<\/div>\n\t\t\t\t<\/div>\n\t\t\t\t<div class=\"elementor-element elementor-element-40ef2d3 elementor-widget elementor-widget-heading\" data-id=\"40ef2d3\" data-element_type=\"widget\" data-widget_type=\"heading.default\">\n\t\t\t\t\t<h5 class=\"elementor-heading-title elementor-size-default\">Pays d'origine<\/h5>\t\t\t\t<\/div>\n\t\t\t\t<div class=\"elementor-element elementor-element-9bdfaab elementor-widget elementor-widget-wd_text_block\" data-id=\"9bdfaab\" data-element_type=\"widget\" data-widget_type=\"wd_text_block.default\">\n\t\t\t\t<div class=\"elementor-widget-container\">\n\t\t\t\t\t\t\t<div class=\"wd-text-block reset-last-child text-left\">\n\t\t\t\n\t\t\t<p>Japon<\/p>\n\t\t\t\t\t<\/div>\n\t\t\t\t\t\t<\/div>\n\t\t\t\t<\/div>\n\t\t\t\t<div class=\"elementor-element elementor-element-496c1ff elementor-widget elementor-widget-heading\" data-id=\"496c1ff\" data-element_type=\"widget\" data-widget_type=\"heading.default\">\n\t\t\t\t\t<h5 class=\"elementor-heading-title elementor-size-default\">Comment utiliser<\/h5>\t\t\t\t<\/div>\n\t\t\t\t<div class=\"elementor-element elementor-element-83a52ac elementor-widget elementor-widget-wd_text_block\" data-id=\"83a52ac\" data-element_type=\"widget\" data-widget_type=\"wd_text_block.default\">\n\t\t\t\t<div class=\"elementor-widget-container\">\n\t\t\t\t\t\t\t<div class=\"wd-text-block reset-last-child text-left\">\n\t\t\t\n\t\t\t<p>Utilisez ce produit sur cheveux semi-secs ou secs. Vous pouvez aussi l'utiliser apr\u00e8s le brushing.<br data-start=\"674\" data-end=\"677\" \/>Prenez une quantit\u00e9 appropri\u00e9e d'huile dans votre main, \u00e9talez-la bien, puis appliquez-la uniform\u00e9ment sur les cheveux.<\/p>\n\t\t\t\t\t<\/div>\n\t\t\t\t\t\t<\/div>\n\t\t\t\t<\/div>\n\t\t\t\t<div class=\"elementor-element elementor-element-b402af3 elementor-widget elementor-widget-heading\" data-id=\"b402af3\" data-element_type=\"widget\" data-widget_type=\"heading.default\">\n\t\t\t\t\t<h5 class=\"elementor-heading-title elementor-size-default\">Ingr\u00e9dients<\/h5>\t\t\t\t<\/div>\n\t\t\t\t<div class=\"elementor-element elementor-element-89d84a1 elementor-widget elementor-widget-wd_text_block\" data-id=\"89d84a1\" data-element_type=\"widget\" data-widget_type=\"wd_text_block.default\">\n\t\t\t\t<div class=\"elementor-widget-container\">\n\t\t\t\t\t\t\t<div class=\"wd-text-block reset-last-child text-left\">\n\t\t\t\n\t\t\t<p>Isodod\u00e9cane, polyisobut\u00e8ne hydrog\u00e9n\u00e9, myristate d'isopropyle, polysilicone-13, lauryl glutamate di(cholest\u00e9rol\/ocactyldod\u00e9cyle), parfum, tocoph\u00e9rol, prot\u00e9ine de conchioline hydrolys\u00e9e, ac\u00e9tate de tocoph\u00e9ryle, butyl\u00e8ne glycol, eau<\/p>\n\t\t\t\t\t<\/div>\n\t\t\t\t\t\t<\/div>\n\t\t\t\t<\/div>\n\t\t\t\t\t<\/div>\n\t\t\t\t<\/div>\n\t\t\t\t<\/div>","protected":false},"excerpt":{"rendered":"<p>SHISEIDO Fine Today MACHERIE Hair Oil EX r\u00e9pare et apporte de la brillance jusqu'aux pointes, laissant vos cheveux lisses et soyeux.<\/p>","protected":false},"featured_media":5587,"template":"","meta":[],"product_brand":[699],"product_cat":[651,206,465,697,461],"product_tag":[1023,1076,1077],"class_list":{"0":"post-5583","1":"product","2":"type-product","3":"status-publish","4":"has-post-thumbnail","6":"product_brand-shiseido","7":"product_cat-all","8":"product_cat-asian_cosmetics","9":"product_cat-j_hair","10":"product_cat-hair-care","11":"product_cat-jbeauty","12":"product_tag-hair-oil","13":"product_tag-macherie-hair-oil","14":"product_tag-shiseido-hair-oil","16":"first","17":"instock","18":"taxable","19":"shipping-taxable","20":"purchasable","21":"product-type-simple"},"aioseo_notices":[],"_links":{"self":[{"href":"http:\/\/www.galaxy-i.com\/fr\/wp-json\/wp\/v2\/product\/5583","targetHints":{"allow":["GET"]}}],"collection":[{"href":"http:\/\/www.galaxy-i.com\/fr\/wp-json\/wp\/v2\/product"}],"about":[{"href":"http:\/\/www.galaxy-i.com\/fr\/wp-json\/wp\/v2\/types\/product"}],"version-history":[{"count":1,"href":"http:\/\/www.galaxy-i.com\/fr\/wp-json\/wp\/v2\/product\/5583\/revisions"}],"predecessor-version":[{"id":7387,"href":"http:\/\/www.galaxy-i.com\/fr\/wp-json\/wp\/v2\/product\/5583\/revisions\/7387"}],"wp:featuredmedia":[{"embeddable":true,"href":"http:\/\/www.galaxy-i.com\/fr\/wp-json\/wp\/v2\/media\/5587"}],"wp:attachment":[{"href":"http:\/\/www.galaxy-i.com\/fr\/wp-json\/wp\/v2\/media?parent=5583"}],"wp:term":[{"taxonomy":"product_brand","embeddable":true,"href":"http:\/\/www.galaxy-i.com\/fr\/wp-json\/wp\/v2\/product_brand?post=5583"},{"taxonomy":"product_cat","embeddable":true,"href":"http:\/\/www.galaxy-i.com\/fr\/wp-json\/wp\/v2\/product_cat?post=5583"},{"taxonomy":"product_tag","embeddable":true,"href":"http:\/\/www.galaxy-i.com\/fr\/wp-json\/wp\/v2\/product_tag?post=5583"}],"curies":[{"name":"wp","href":"https:\/\/api.w.org\/{rel}","templated":true}]}}