{"id":5542,"date":"2025-11-21T19:52:36","date_gmt":"2025-11-22T03:52:36","guid":{"rendered":"https:\/\/www.galaxy-i.com\/?post_type=product&#038;p=5542"},"modified":"2026-03-20T00:46:14","modified_gmt":"2026-03-20T07:46:14","slug":"kryolan-contour-pencil-905","status":"publish","type":"product","link":"http:\/\/www.galaxy-i.com\/fr\/product\/kryolan-contour-pencil-905\/","title":{"rendered":"Crayon contour Kryolan 905"},"content":{"rendered":"<div data-elementor-type=\"product-post\" data-elementor-id=\"5542\" class=\"elementor elementor-5542\" data-elementor-post-type=\"product\">\n\t\t\t\t<div class=\"wd-negative-gap elementor-element elementor-element-659e775d e-flex e-con-boxed e-con e-parent\" data-id=\"659e775d\" data-element_type=\"container\">\n\t\t\t\t\t<div class=\"e-con-inner\">\n\t\t\t\t<div class=\"elementor-element elementor-element-59d44479 color-scheme-inherit text-left elementor-widget elementor-widget-text-editor\" data-id=\"59d44479\" data-element_type=\"widget\" data-widget_type=\"text-editor.default\">\n\t\t\t\t\t\t\t\t\t<p>Le Kryolan Contour Pencil est un crayon \u00e0 la texture douce pour le contournement du visage et du corps. Sa formulation sp\u00e9ciale rend ce crayon tr\u00e8s durable et permet d'obtenir une forte intensit\u00e9 de couleur. Pour une texture plus douce, r\u00e9chauffer la pointe du crayon avant l'application.<\/p>\t\t\t\t\t\t\t\t<\/div>\n\t\t\t\t<div class=\"elementor-element elementor-element-eb5c37a elementor-widget elementor-widget-heading\" data-id=\"eb5c37a\" data-element_type=\"widget\" data-widget_type=\"heading.default\">\n\t\t\t\t\t<h5 class=\"elementor-heading-title elementor-size-default\">Longueur<\/h5>\t\t\t\t<\/div>\n\t\t\t\t<div class=\"elementor-element elementor-element-07c9ed1 elementor-widget elementor-widget-wd_text_block\" data-id=\"07c9ed1\" data-element_type=\"widget\" data-widget_type=\"wd_text_block.default\">\n\t\t\t\t<div class=\"elementor-widget-container\">\n\t\t\t\t\t\t\t<div class=\"wd-text-block reset-last-child text-left\">\n\t\t\t\n\t\t\t<p><span id=\"product-details-wrapper\"><span id=\"product-details\">17,5 cm<\/span><\/span><\/p>\n\t\t\t\t\t<\/div>\n\t\t\t\t\t\t<\/div>\n\t\t\t\t<\/div>\n\t\t\t\t<div class=\"elementor-element elementor-element-85deb36 elementor-widget elementor-widget-heading\" data-id=\"85deb36\" data-element_type=\"widget\" data-widget_type=\"heading.default\">\n\t\t\t\t\t<h5 class=\"elementor-heading-title elementor-size-default\">Ingr\u00e9dients<\/h5>\t\t\t\t<\/div>\n\t\t\t\t<div class=\"elementor-element elementor-element-141a5b4 elementor-widget elementor-widget-wd_text_block\" data-id=\"141a5b4\" data-element_type=\"widget\" data-widget_type=\"wd_text_block.default\">\n\t\t\t\t<div class=\"elementor-widget-container\">\n\t\t\t\t\t\t\t<div class=\"wd-text-block reset-last-child text-left\">\n\t\t\t\n\t\t\t<p>Triglyc\u00e9rides C10-18, huile de coco hydrog\u00e9n\u00e9e, mica, cire microcristalline (Cera Microcristallina), myristate de myristyle, cire de fruit de Rhus succedanea, alcool b\u00e9h\u00e9nylique, coco-glyc\u00e9rides hydrog\u00e9n\u00e9s, palmitate de c\u00e9tyle, cire de Copernicia cerifera (Copernicia cerifera (carnauba)), huile de ricin hydrog\u00e9n\u00e9e, palmitate de sorbitane, hectorite de st\u00e9aralkonium, carbonate de propyl\u00e8ne, t\u00e9tra-di-t-butyl hydroxyhydrocinnamate de penta\u00e9rythrityle et peut contenir [+\/- dioxyde de titane CI 77891, oxydes de fer CI 77491, CI 77492, CI 77499 (UE seulement\/only: CI 77510, CI 77007, CI 15850, CI 45410]<\/p>\n\t\t\t\t\t<\/div>\n\t\t\t\t\t\t<\/div>\n\t\t\t\t<\/div>\n\t\t\t\t\t<\/div>\n\t\t\t\t<\/div>\n\t\t\t\t<\/div>","protected":false},"excerpt":{"rendered":"<p>Le Kryolan Contour Pencil est un crayon \u00e0 la texture douce pour le contournement du visage et du corps. Sa formulation sp\u00e9ciale rend ce crayon durable et lui conf\u00e8re une forte intensit\u00e9 de couleur.<\/p>","protected":false},"featured_media":5543,"template":"","meta":[],"product_brand":[664],"product_cat":[651,205,474,342],"product_tag":[986,846,1021],"class_list":{"0":"post-5542","1":"product","2":"type-product","3":"status-publish","4":"has-post-thumbnail","6":"product_brand-kryolan","7":"product_cat-all","8":"product_cat-beauty_makeup","9":"product_cat-eyes_brows","10":"product_cat-sfx","11":"product_tag-eyeliner","12":"product_tag-kryolan-contour-pencil-905","13":"product_tag-pencil","15":"first","16":"instock","17":"taxable","18":"shipping-taxable","19":"purchasable","20":"product-type-simple"},"aioseo_notices":[],"_links":{"self":[{"href":"http:\/\/www.galaxy-i.com\/fr\/wp-json\/wp\/v2\/product\/5542","targetHints":{"allow":["GET"]}}],"collection":[{"href":"http:\/\/www.galaxy-i.com\/fr\/wp-json\/wp\/v2\/product"}],"about":[{"href":"http:\/\/www.galaxy-i.com\/fr\/wp-json\/wp\/v2\/types\/product"}],"version-history":[{"count":1,"href":"http:\/\/www.galaxy-i.com\/fr\/wp-json\/wp\/v2\/product\/5542\/revisions"}],"predecessor-version":[{"id":7384,"href":"http:\/\/www.galaxy-i.com\/fr\/wp-json\/wp\/v2\/product\/5542\/revisions\/7384"}],"wp:featuredmedia":[{"embeddable":true,"href":"http:\/\/www.galaxy-i.com\/fr\/wp-json\/wp\/v2\/media\/5543"}],"wp:attachment":[{"href":"http:\/\/www.galaxy-i.com\/fr\/wp-json\/wp\/v2\/media?parent=5542"}],"wp:term":[{"taxonomy":"product_brand","embeddable":true,"href":"http:\/\/www.galaxy-i.com\/fr\/wp-json\/wp\/v2\/product_brand?post=5542"},{"taxonomy":"product_cat","embeddable":true,"href":"http:\/\/www.galaxy-i.com\/fr\/wp-json\/wp\/v2\/product_cat?post=5542"},{"taxonomy":"product_tag","embeddable":true,"href":"http:\/\/www.galaxy-i.com\/fr\/wp-json\/wp\/v2\/product_tag?post=5542"}],"curies":[{"name":"wp","href":"https:\/\/api.w.org\/{rel}","templated":true}]}}