{"id":5517,"date":"2025-11-20T14:43:06","date_gmt":"2025-11-20T22:43:06","guid":{"rendered":"https:\/\/www.galaxy-i.com\/?post_type=product&#038;p=5517"},"modified":"2026-03-20T00:45:41","modified_gmt":"2026-03-20T07:45:41","slug":"kryolan-concealer-circle","status":"publish","type":"product","link":"http:\/\/www.galaxy-i.com\/fr\/product\/kryolan-concealer-circle\/","title":{"rendered":"Correcteur Kryolan Circle (40 g)"},"content":{"rendered":"<div data-elementor-type=\"product-post\" data-elementor-id=\"5517\" class=\"elementor elementor-5517\" data-elementor-post-type=\"product\">\n\t\t\t\t<div class=\"wd-negative-gap elementor-element elementor-element-659e775d e-flex e-con-boxed e-con e-parent\" data-id=\"659e775d\" data-element_type=\"container\">\n\t\t\t\t\t<div class=\"e-con-inner\">\n\t\t\t\t<div class=\"elementor-element elementor-element-59d44479 color-scheme-inherit text-left elementor-widget elementor-widget-text-editor\" data-id=\"59d44479\" data-element_type=\"widget\" data-widget_type=\"text-editor.default\">\n\t\t\t\t\t\t\t\t\t<p>Kryolan Concealer Circle avec six nuances diff\u00e9rentes pour couvrir les petites d\u00e9colorations de la peau. Cet emballage pratique convient parfaitement \u00e0 l'usage professionnel.<\/p>\t\t\t\t\t\t\t\t<\/div>\n\t\t\t\t<div class=\"elementor-element elementor-element-fb7b4f9 elementor-widget elementor-widget-heading\" data-id=\"fb7b4f9\" data-element_type=\"widget\" data-widget_type=\"heading.default\">\n\t\t\t\t\t<h5 class=\"elementor-heading-title elementor-size-default\">Montant<\/h5>\t\t\t\t<\/div>\n\t\t\t\t<div class=\"elementor-element elementor-element-f7a0ea3 elementor-widget elementor-widget-wd_text_block\" data-id=\"f7a0ea3\" data-element_type=\"widget\" data-widget_type=\"wd_text_block.default\">\n\t\t\t\t<div class=\"elementor-widget-container\">\n\t\t\t\t\t\t\t<div class=\"wd-text-block reset-last-child text-left\">\n\t\t\t\n\t\t\t<p>40g<\/p>\n\t\t\t\t\t<\/div>\n\t\t\t\t\t\t<\/div>\n\t\t\t\t<\/div>\n\t\t\t\t<div class=\"elementor-element elementor-element-152182b elementor-widget elementor-widget-heading\" data-id=\"152182b\" data-element_type=\"widget\" data-widget_type=\"heading.default\">\n\t\t\t\t\t<h5 class=\"elementor-heading-title elementor-size-default\">Pays d'origine<\/h5>\t\t\t\t<\/div>\n\t\t\t\t<div class=\"elementor-element elementor-element-0c97b92 elementor-widget elementor-widget-wd_text_block\" data-id=\"0c97b92\" data-element_type=\"widget\" data-widget_type=\"wd_text_block.default\">\n\t\t\t\t<div class=\"elementor-widget-container\">\n\t\t\t\t\t\t\t<div class=\"wd-text-block reset-last-child text-left\">\n\t\t\t\n\t\t\t<p>Allemagne \/ \u00c9tats-Unis<\/p>\n\t\t\t\t\t<\/div>\n\t\t\t\t\t\t<\/div>\n\t\t\t\t<\/div>\n\t\t\t\t<div class=\"elementor-element elementor-element-5bc8695 elementor-widget elementor-widget-heading\" data-id=\"5bc8695\" data-element_type=\"widget\" data-widget_type=\"heading.default\">\n\t\t\t\t\t<h5 class=\"elementor-heading-title elementor-size-default\">Comment utiliser<\/h5>\t\t\t\t<\/div>\n\t\t\t\t<div class=\"elementor-element elementor-element-639c18a elementor-widget elementor-widget-wd_text_block\" data-id=\"639c18a\" data-element_type=\"widget\" data-widget_type=\"wd_text_block.default\">\n\t\t\t\t<div class=\"elementor-widget-container\">\n\t\t\t\t\t\t\t<div class=\"wd-text-block reset-last-child text-left\">\n\t\t\t\n\t\t\t<p>Appliquez en tapant avec un pinceau synth\u00e9tique ou une \u00e9ponge pour une couvrance optimale.<\/p>\n\t\t\t\t\t<\/div>\n\t\t\t\t\t\t<\/div>\n\t\t\t\t<\/div>\n\t\t\t\t<div class=\"elementor-element elementor-element-c39c5d8 elementor-widget elementor-widget-heading\" data-id=\"c39c5d8\" data-element_type=\"widget\" data-widget_type=\"heading.default\">\n\t\t\t\t\t<h5 class=\"elementor-heading-title elementor-size-default\">Ingr\u00e9dients<\/h5>\t\t\t\t<\/div>\n\t\t\t\t<div class=\"elementor-element elementor-element-bd118da elementor-widget elementor-widget-wd_text_block\" data-id=\"bd118da\" data-element_type=\"widget\" data-widget_type=\"wd_text_block.default\">\n\t\t\t\t<div class=\"elementor-widget-container\">\n\t\t\t\t\t\t\t<div class=\"wd-text-block reset-last-child text-left\">\n\t\t\t\n\t\t\t<p>Huile min\u00e9rale (Paraffinum Liquidum), paraffine, polyisobut\u00e8ne hydrog\u00e9n\u00e9, octyldod\u00e9canol, cire de candelilla (Euphorbia Cerifera), palmitate de c\u00e9tyle, tocoph\u00e9rol, cire d'abeille (Cera Alba), myristate de magn\u00e9sium, vaseline, cire de carnauba (Copernicia Cerifera Cera), ol\u00e9th-10, propyl\u00e8ne glycol, BHT, palmitate d'ascorbyle, st\u00e9arate de glyc\u00e9ryle, acide citrique, alcool benzylique et peut contenir\u00a0: [+\/- dioxyde de titane CI 77891, oxydes de fer CI 77491, CI 77492, CI 77499, ultramarines CI 77007, laque jaune 5 CI 19140, carmin CI 75470, laque rouge 7 CI 15850, rouge 36 CI 12085, [Laque jaune 6 CI 15985, Vert oxyde de chrome CI 77288, Vert hydroxyde de chrome CI 77289, Laque rouge 40 CI 16035, Laque jaune 10 CI 47005, Ferrocyanure ferrique CI 77510, Laque bleue 1 CI 42090, Mica]\u00a0; peut contenir du carmin comme colorant<\/p>\n\t\t\t\t\t<\/div>\n\t\t\t\t\t\t<\/div>\n\t\t\t\t<\/div>\n\t\t\t\t\t<\/div>\n\t\t\t\t<\/div>\n\t\t\t\t<\/div>","protected":false},"excerpt":{"rendered":"<p>Kryolan Concealer Circle avec six nuances diff\u00e9rentes pour couvrir les petites d\u00e9colorations de la peau. Cet emballage pratique convient parfaitement aux professionnels.<\/p>","protected":false},"featured_media":5520,"template":"","meta":[],"product_brand":[664],"product_cat":[651,205,473,544,342],"product_tag":[1020,847],"class_list":{"0":"post-5517","1":"product","2":"type-product","3":"status-publish","4":"has-post-thumbnail","6":"product_brand-kryolan","7":"product_cat-all","8":"product_cat-beauty_makeup","9":"product_cat-face","10":"product_cat-foundation","11":"product_cat-sfx","12":"product_tag-concealer","13":"product_tag-kryolan-concealer-circle","14":"pa_color_model-no-2","15":"pa_color_model-usa","17":"first","18":"instock","19":"sale","20":"taxable","21":"shipping-taxable","22":"purchasable","23":"product-type-variable"},"aioseo_notices":[],"_links":{"self":[{"href":"http:\/\/www.galaxy-i.com\/fr\/wp-json\/wp\/v2\/product\/5517","targetHints":{"allow":["GET"]}}],"collection":[{"href":"http:\/\/www.galaxy-i.com\/fr\/wp-json\/wp\/v2\/product"}],"about":[{"href":"http:\/\/www.galaxy-i.com\/fr\/wp-json\/wp\/v2\/types\/product"}],"version-history":[{"count":1,"href":"http:\/\/www.galaxy-i.com\/fr\/wp-json\/wp\/v2\/product\/5517\/revisions"}],"predecessor-version":[{"id":7383,"href":"http:\/\/www.galaxy-i.com\/fr\/wp-json\/wp\/v2\/product\/5517\/revisions\/7383"}],"wp:featuredmedia":[{"embeddable":true,"href":"http:\/\/www.galaxy-i.com\/fr\/wp-json\/wp\/v2\/media\/5520"}],"wp:attachment":[{"href":"http:\/\/www.galaxy-i.com\/fr\/wp-json\/wp\/v2\/media?parent=5517"}],"wp:term":[{"taxonomy":"product_brand","embeddable":true,"href":"http:\/\/www.galaxy-i.com\/fr\/wp-json\/wp\/v2\/product_brand?post=5517"},{"taxonomy":"product_cat","embeddable":true,"href":"http:\/\/www.galaxy-i.com\/fr\/wp-json\/wp\/v2\/product_cat?post=5517"},{"taxonomy":"product_tag","embeddable":true,"href":"http:\/\/www.galaxy-i.com\/fr\/wp-json\/wp\/v2\/product_tag?post=5517"}],"curies":[{"name":"wp","href":"https:\/\/api.w.org\/{rel}","templated":true}]}}