{"id":5509,"date":"2025-11-20T13:59:37","date_gmt":"2025-11-20T21:59:37","guid":{"rendered":"https:\/\/www.galaxy-i.com\/?post_type=product&#038;p=5509"},"modified":"2026-03-20T00:44:50","modified_gmt":"2026-03-20T07:44:50","slug":"kryolan-makeup-mixing-spatula-blending-plate-set","status":"publish","type":"product","link":"http:\/\/www.galaxy-i.com\/fr\/product\/kryolan-makeup-mixing-spatula-blending-plate-set\/","title":{"rendered":"Ensemble spatule et plaque de m\u00e9lange pour maquillage Kryolan"},"content":{"rendered":"<div data-elementor-type=\"product-post\" data-elementor-id=\"5509\" class=\"elementor elementor-5509\" data-elementor-post-type=\"product\">\n\t\t\t\t<div class=\"wd-negative-gap elementor-element elementor-element-659e775d e-flex e-con-boxed e-con e-parent\" data-id=\"659e775d\" data-element_type=\"container\">\n\t\t\t\t\t<div class=\"e-con-inner\">\n\t\t\t\t<div class=\"elementor-element elementor-element-59d44479 color-scheme-inherit text-left elementor-widget elementor-widget-text-editor\" data-id=\"59d44479\" data-element_type=\"widget\" data-widget_type=\"text-editor.default\">\n\t\t\t\t\t\t\t\t\t<p>Le set de spatules et de plaques de m\u00e9lange Kryolan est le set id\u00e9al pour les artistes maquilleurs. La spatule et la plaque de m\u00e9lange en m\u00e9tal sont id\u00e9ales pour m\u00e9langer et pr\u00e9lever de mani\u00e8re hygi\u00e9nique divers produits avant leur application, tels que les fonds de teint, les rouges \u00e0 l\u00e8vres ou autres.<\/p>\t\t\t\t\t\t\t\t<\/div>\n\t\t\t\t<div class=\"elementor-element elementor-element-fd337a0 elementor-widget elementor-widget-heading\" data-id=\"fd337a0\" data-element_type=\"widget\" data-widget_type=\"heading.default\">\n\t\t\t\t\t<h5 class=\"elementor-heading-title elementor-size-default\">Contient<\/h5>\t\t\t\t<\/div>\n\t\t\t\t<div class=\"elementor-element elementor-element-da61c0f elementor-widget elementor-widget-wd_text_block\" data-id=\"da61c0f\" data-element_type=\"widget\" data-widget_type=\"wd_text_block.default\">\n\t\t\t\t<div class=\"elementor-widget-container\">\n\t\t\t\t\t\t\t<div class=\"wd-text-block reset-last-child text-left\">\n\t\t\t\n\t\t\t<ul><li><span id=\"product-details-wrapper\"><span id=\"product-details\">Spatule \u00e0 m\u00e9langer x 1<\/span><\/span><\/li><li><span id=\"product-details-wrapper\"><span id=\"product-details\">Plateau m\u00e9langeur 1<\/span><\/span><\/li><\/ul>\n\t\t\t\t\t<\/div>\n\t\t\t\t\t\t<\/div>\n\t\t\t\t<\/div>\n\t\t\t\t\t<\/div>\n\t\t\t\t<\/div>\n\t\t\t\t<\/div>","protected":false},"excerpt":{"rendered":"<p>Le set Kryolan Makeup Mixing Spatula &amp; Blending Plate est le set id\u00e9al pour les artistes maquilleurs. Spatule de maquillage et plaque d'estompage en m\u00e9tal.<\/p>","protected":false},"featured_media":5510,"template":"","meta":[],"product_brand":[664],"product_cat":[357,651,684,342],"product_tag":[1018,1019],"class_list":{"0":"post-5509","1":"product","2":"type-product","3":"status-publish","4":"has-post-thumbnail","6":"product_brand-kryolan","7":"product_cat-accessories","8":"product_cat-all","9":"product_cat-spatulas-palettes","10":"product_cat-sfx","11":"product_tag-makeup-palette","12":"product_tag-spatula","14":"first","15":"instock","16":"taxable","17":"shipping-taxable","18":"purchasable","19":"product-type-simple"},"aioseo_notices":[],"_links":{"self":[{"href":"http:\/\/www.galaxy-i.com\/fr\/wp-json\/wp\/v2\/product\/5509","targetHints":{"allow":["GET"]}}],"collection":[{"href":"http:\/\/www.galaxy-i.com\/fr\/wp-json\/wp\/v2\/product"}],"about":[{"href":"http:\/\/www.galaxy-i.com\/fr\/wp-json\/wp\/v2\/types\/product"}],"version-history":[{"count":1,"href":"http:\/\/www.galaxy-i.com\/fr\/wp-json\/wp\/v2\/product\/5509\/revisions"}],"predecessor-version":[{"id":7382,"href":"http:\/\/www.galaxy-i.com\/fr\/wp-json\/wp\/v2\/product\/5509\/revisions\/7382"}],"wp:featuredmedia":[{"embeddable":true,"href":"http:\/\/www.galaxy-i.com\/fr\/wp-json\/wp\/v2\/media\/5510"}],"wp:attachment":[{"href":"http:\/\/www.galaxy-i.com\/fr\/wp-json\/wp\/v2\/media?parent=5509"}],"wp:term":[{"taxonomy":"product_brand","embeddable":true,"href":"http:\/\/www.galaxy-i.com\/fr\/wp-json\/wp\/v2\/product_brand?post=5509"},{"taxonomy":"product_cat","embeddable":true,"href":"http:\/\/www.galaxy-i.com\/fr\/wp-json\/wp\/v2\/product_cat?post=5509"},{"taxonomy":"product_tag","embeddable":true,"href":"http:\/\/www.galaxy-i.com\/fr\/wp-json\/wp\/v2\/product_tag?post=5509"}],"curies":[{"name":"wp","href":"https:\/\/api.w.org\/{rel}","templated":true}]}}