{"id":5501,"date":"2025-11-20T04:26:01","date_gmt":"2025-11-20T12:26:01","guid":{"rendered":"https:\/\/www.galaxy-i.com\/?post_type=product&#038;p=5501"},"modified":"2026-03-20T00:44:02","modified_gmt":"2026-03-20T07:44:02","slug":"kryolan-silicone-adhesive-bond","status":"publish","type":"product","link":"http:\/\/www.galaxy-i.com\/fr\/product\/kryolan-silicone-adhesive-bond\/","title":{"rendered":"Colle en silicone Kryolan (30 ml)"},"content":{"rendered":"<div data-elementor-type=\"product-post\" data-elementor-id=\"5501\" class=\"elementor elementor-5501\" data-elementor-post-type=\"product\">\n\t\t\t\t<div class=\"wd-negative-gap elementor-element elementor-element-659e775d e-flex e-con-boxed e-con e-parent\" data-id=\"659e775d\" data-element_type=\"container\">\n\t\t\t\t\t<div class=\"e-con-inner\">\n\t\t\t\t<div class=\"elementor-element elementor-element-59d44479 color-scheme-inherit text-left elementor-widget elementor-widget-text-editor\" data-id=\"59d44479\" data-element_type=\"widget\" data-widget_type=\"text-editor.default\">\n\t\t\t\t\t\t\t\t\t<p>Kryolan Silicone Adhesive Bond est un adh\u00e9sif cutan\u00e9 haute performance \u00e0 base de silicone pour les effets sp\u00e9ciaux lourds.<\/p><p><em><strong>En raison des sp\u00e9cifications du produit, seule la livraison terrestre au Canada est offerte. Les commandes internationales ne seront pas trait\u00e9es et seront annul\u00e9es.<\/strong><\/em><\/p>\t\t\t\t\t\t\t\t<\/div>\n\t\t\t\t<div class=\"elementor-element elementor-element-478785c elementor-widget elementor-widget-heading\" data-id=\"478785c\" data-element_type=\"widget\" data-widget_type=\"heading.default\">\n\t\t\t\t\t<h5 class=\"elementor-heading-title elementor-size-default\">Montant<\/h5>\t\t\t\t<\/div>\n\t\t\t\t<div class=\"elementor-element elementor-element-e78fe4a elementor-widget elementor-widget-wd_text_block\" data-id=\"e78fe4a\" data-element_type=\"widget\" data-widget_type=\"wd_text_block.default\">\n\t\t\t\t<div class=\"elementor-widget-container\">\n\t\t\t\t\t\t\t<div class=\"wd-text-block reset-last-child text-left\">\n\t\t\t\n\t\t\t<p>30ml<\/p>\n\t\t\t\t\t<\/div>\n\t\t\t\t\t\t<\/div>\n\t\t\t\t<\/div>\n\t\t\t\t<div class=\"elementor-element elementor-element-e315514 elementor-widget elementor-widget-heading\" data-id=\"e315514\" data-element_type=\"widget\" data-widget_type=\"heading.default\">\n\t\t\t\t\t<h5 class=\"elementor-heading-title elementor-size-default\">Pays d'origine<\/h5>\t\t\t\t<\/div>\n\t\t\t\t<div class=\"elementor-element elementor-element-3c230b1 elementor-widget elementor-widget-wd_text_block\" data-id=\"3c230b1\" data-element_type=\"widget\" data-widget_type=\"wd_text_block.default\">\n\t\t\t\t<div class=\"elementor-widget-container\">\n\t\t\t\t\t\t\t<div class=\"wd-text-block reset-last-child text-left\">\n\t\t\t\n\t\t\t<p>\u00c9tats-Unis<\/p>\n\t\t\t\t\t<\/div>\n\t\t\t\t\t\t<\/div>\n\t\t\t\t<\/div>\n\t\t\t\t\t<\/div>\n\t\t\t\t<\/div>\n\t\t\t\t<\/div>","protected":false},"excerpt":{"rendered":"<p>Kryolan Silicone Adhesive Bond est un adh\u00e9sif cutan\u00e9 haute performance \u00e0 base de silicone pour les effets sp\u00e9ciaux lourds.<\/p>","protected":false},"featured_media":5502,"template":"","meta":[],"product_brand":[664],"product_cat":[477,651,342],"product_tag":[1017,852],"class_list":{"0":"post-5501","1":"product","2":"type-product","3":"status-publish","4":"has-post-thumbnail","6":"product_brand-kryolan","7":"product_cat-adhesives","8":"product_cat-all","9":"product_cat-sfx","10":"product_tag-adhesive","11":"product_tag-kryolan-silicone-adhesive-bond","13":"first","14":"instock","15":"taxable","16":"shipping-taxable","17":"purchasable","18":"product-type-simple"},"aioseo_notices":[],"_links":{"self":[{"href":"http:\/\/www.galaxy-i.com\/fr\/wp-json\/wp\/v2\/product\/5501","targetHints":{"allow":["GET"]}}],"collection":[{"href":"http:\/\/www.galaxy-i.com\/fr\/wp-json\/wp\/v2\/product"}],"about":[{"href":"http:\/\/www.galaxy-i.com\/fr\/wp-json\/wp\/v2\/types\/product"}],"version-history":[{"count":1,"href":"http:\/\/www.galaxy-i.com\/fr\/wp-json\/wp\/v2\/product\/5501\/revisions"}],"predecessor-version":[{"id":7381,"href":"http:\/\/www.galaxy-i.com\/fr\/wp-json\/wp\/v2\/product\/5501\/revisions\/7381"}],"wp:featuredmedia":[{"embeddable":true,"href":"http:\/\/www.galaxy-i.com\/fr\/wp-json\/wp\/v2\/media\/5502"}],"wp:attachment":[{"href":"http:\/\/www.galaxy-i.com\/fr\/wp-json\/wp\/v2\/media?parent=5501"}],"wp:term":[{"taxonomy":"product_brand","embeddable":true,"href":"http:\/\/www.galaxy-i.com\/fr\/wp-json\/wp\/v2\/product_brand?post=5501"},{"taxonomy":"product_cat","embeddable":true,"href":"http:\/\/www.galaxy-i.com\/fr\/wp-json\/wp\/v2\/product_cat?post=5501"},{"taxonomy":"product_tag","embeddable":true,"href":"http:\/\/www.galaxy-i.com\/fr\/wp-json\/wp\/v2\/product_tag?post=5501"}],"curies":[{"name":"wp","href":"https:\/\/api.w.org\/{rel}","templated":true}]}}