{"id":5460,"date":"2025-11-20T02:12:59","date_gmt":"2025-11-20T10:12:59","guid":{"rendered":"https:\/\/www.galaxy-i.com\/?post_type=product&#038;p=5460"},"modified":"2026-03-20T00:43:19","modified_gmt":"2026-03-20T07:43:19","slug":"kryolan-woundfiller","status":"publish","type":"product","link":"http:\/\/www.galaxy-i.com\/fr\/product\/kryolan-woundfiller\/","title":{"rendered":"Kryolan Woundfiller"},"content":{"rendered":"<div data-elementor-type=\"product-post\" data-elementor-id=\"5460\" class=\"elementor elementor-5460\" data-elementor-post-type=\"product\">\n\t\t\t\t<div class=\"wd-negative-gap elementor-element elementor-element-659e775d e-flex e-con-boxed e-con e-parent\" data-id=\"659e775d\" data-element_type=\"container\">\n\t\t\t\t\t<div class=\"e-con-inner\">\n\t\t\t\t<div class=\"elementor-element elementor-element-59d44479 color-scheme-inherit text-left elementor-widget elementor-widget-text-editor\" data-id=\"59d44479\" data-element_type=\"widget\" data-widget_type=\"text-editor.default\">\n\t\t\t\t\t\t\t\t\t<p>Kryolan Woundfiller est un produit \u00e0 effet sanguin semblable \u00e0 un gel pour la cr\u00e9ation de blessures \u00e0 l'aspect efficace. Woundfiller doit \u00eatre plac\u00e9 \u00e0 l'aide d'une spatule dans la partie inf\u00e9rieure de la cicatrice ou de la blessure cr\u00e9\u00e9e et permet d'obtenir un effet de sang et de sang naturel. La consistance g\u00e9latineuse de Woundfiller donne \u00e0 la blessure un aspect plus r\u00e9el. Woundfiller peut \u00eatre m\u00e9lang\u00e9 avec du gel transparent ou du sang transparent fonc\u00e9 pour accentuer la fra\u00eecheur de la blessure.<\/p><div class=\"color-note col-md-24 col-xs-21 col-xs-offset-outside col-md-offset-2 col-lg-24 col-lg-offset-2\"><p><em>* Les teintes pr\u00e9sent\u00e9es dans le nuancier peuvent ne pas \u00eatre identiques aux teintes originales du produit.<\/em><\/p><p><em><strong>En raison des sp\u00e9cifications du produit, seule la livraison terrestre au Canada est offerte. Les commandes internationales ne seront pas trait\u00e9es et seront annul\u00e9es.<\/strong><\/em><\/p><\/div>\t\t\t\t\t\t\t\t<\/div>\n\t\t\t\t<div class=\"elementor-element elementor-element-30cdbf1 elementor-widget elementor-widget-heading\" data-id=\"30cdbf1\" data-element_type=\"widget\" data-widget_type=\"heading.default\">\n\t\t\t\t\t<h5 class=\"elementor-heading-title elementor-size-default\">Montant<\/h5>\t\t\t\t<\/div>\n\t\t\t\t<div class=\"elementor-element elementor-element-ea0e40b elementor-widget elementor-widget-wd_text_block\" data-id=\"ea0e40b\" data-element_type=\"widget\" data-widget_type=\"wd_text_block.default\">\n\t\t\t\t<div class=\"elementor-widget-container\">\n\t\t\t\t\t\t\t<div class=\"wd-text-block reset-last-child text-left\">\n\t\t\t\n\t\t\t<p>30ml \/ 50ml<\/p>\n\t\t\t\t\t<\/div>\n\t\t\t\t\t\t<\/div>\n\t\t\t\t<\/div>\n\t\t\t\t<div class=\"elementor-element elementor-element-491548a elementor-widget elementor-widget-heading\" data-id=\"491548a\" data-element_type=\"widget\" data-widget_type=\"heading.default\">\n\t\t\t\t\t<h5 class=\"elementor-heading-title elementor-size-default\">Pays d'origine<\/h5>\t\t\t\t<\/div>\n\t\t\t\t<div class=\"elementor-element elementor-element-786db36 elementor-widget elementor-widget-wd_text_block\" data-id=\"786db36\" data-element_type=\"widget\" data-widget_type=\"wd_text_block.default\">\n\t\t\t\t<div class=\"elementor-widget-container\">\n\t\t\t\t\t\t\t<div class=\"wd-text-block reset-last-child text-left\">\n\t\t\t\n\t\t\t<p>Allemagne<\/p>\n\t\t\t\t\t<\/div>\n\t\t\t\t\t\t<\/div>\n\t\t\t\t<\/div>\n\t\t\t\t<div class=\"elementor-element elementor-element-ff7c02b elementor-widget elementor-widget-heading\" data-id=\"ff7c02b\" data-element_type=\"widget\" data-widget_type=\"heading.default\">\n\t\t\t\t\t<h5 class=\"elementor-heading-title elementor-size-default\">Ingr\u00e9dients<\/h5>\t\t\t\t<\/div>\n\t\t\t\t<div class=\"elementor-element elementor-element-f93540d elementor-widget elementor-widget-wd_text_block\" data-id=\"f93540d\" data-element_type=\"widget\" data-widget_type=\"wd_text_block.default\">\n\t\t\t\t<div class=\"elementor-widget-container\">\n\t\t\t\t\t\t\t<div class=\"wd-text-block reset-last-child text-left\">\n\t\t\t\n\t\t\t<p>Aqua (eau), PVP, silice, tri\u00e9thanolamine, t\u00e9trahydroxypropyl\u00e9thyl\u00e8nediamine, carbom\u00e8re, ph\u00e9noxy\u00e9thanol, m\u00e9thylparab\u00e8ne de sodium, m\u00e9thylparab\u00e8ne, \u00e9thylparab\u00e8ne, propylparab\u00e8ne et peut contenir : [+\/- Rouge 40 C 16035, Bleu 1 CI 42090) (UE seulement : CI 16255, CI 14720, CI 42051)<\/p>\n\t\t\t\t\t<\/div>\n\t\t\t\t\t\t<\/div>\n\t\t\t\t<\/div>\n\t\t\t\t\t<\/div>\n\t\t\t\t<\/div>\n\t\t\t\t<\/div>","protected":false},"excerpt":{"rendered":"<p>Kryolan Woundfiller est un produit \u00e0 effet sanguin semblable \u00e0 un gel pour la cr\u00e9ation de blessures d'apparence efficace.<\/p>","protected":false},"featured_media":5464,"template":"","meta":[],"product_brand":[664],"product_cat":[651,480,342],"product_tag":[1012,854],"class_list":{"0":"post-5460","1":"product","2":"type-product","3":"status-publish","4":"has-post-thumbnail","6":"product_brand-kryolan","7":"product_cat-all","8":"product_cat-blood","9":"product_cat-sfx","10":"product_tag-blood","11":"product_tag-kryolan-woundfiller","12":"pa_color_model-dark","13":"pa_color_model-light","15":"first","16":"instock","17":"sale","18":"taxable","19":"shipping-taxable","20":"purchasable","21":"product-type-variable"},"aioseo_notices":[],"_links":{"self":[{"href":"http:\/\/www.galaxy-i.com\/fr\/wp-json\/wp\/v2\/product\/5460","targetHints":{"allow":["GET"]}}],"collection":[{"href":"http:\/\/www.galaxy-i.com\/fr\/wp-json\/wp\/v2\/product"}],"about":[{"href":"http:\/\/www.galaxy-i.com\/fr\/wp-json\/wp\/v2\/types\/product"}],"version-history":[{"count":1,"href":"http:\/\/www.galaxy-i.com\/fr\/wp-json\/wp\/v2\/product\/5460\/revisions"}],"predecessor-version":[{"id":7379,"href":"http:\/\/www.galaxy-i.com\/fr\/wp-json\/wp\/v2\/product\/5460\/revisions\/7379"}],"wp:featuredmedia":[{"embeddable":true,"href":"http:\/\/www.galaxy-i.com\/fr\/wp-json\/wp\/v2\/media\/5464"}],"wp:attachment":[{"href":"http:\/\/www.galaxy-i.com\/fr\/wp-json\/wp\/v2\/media?parent=5460"}],"wp:term":[{"taxonomy":"product_brand","embeddable":true,"href":"http:\/\/www.galaxy-i.com\/fr\/wp-json\/wp\/v2\/product_brand?post=5460"},{"taxonomy":"product_cat","embeddable":true,"href":"http:\/\/www.galaxy-i.com\/fr\/wp-json\/wp\/v2\/product_cat?post=5460"},{"taxonomy":"product_tag","embeddable":true,"href":"http:\/\/www.galaxy-i.com\/fr\/wp-json\/wp\/v2\/product_tag?post=5460"}],"curies":[{"name":"wp","href":"https:\/\/api.w.org\/{rel}","templated":true}]}}