{"id":5397,"date":"2025-11-20T00:27:48","date_gmt":"2025-11-20T08:27:48","guid":{"rendered":"https:\/\/www.galaxy-i.com\/?post_type=product&#038;p=5397"},"modified":"2026-03-20T00:00:21","modified_gmt":"2026-03-20T07:00:21","slug":"kryolan-hd-blood","status":"publish","type":"product","link":"http:\/\/www.galaxy-i.com\/fr\/product\/kryolan-hd-blood\/","title":{"rendered":"Kryolan Sang HD (15 ml)"},"content":{"rendered":"<div data-elementor-type=\"product-post\" data-elementor-id=\"5397\" class=\"elementor elementor-5397\" data-elementor-post-type=\"product\">\n\t\t\t\t<div class=\"wd-negative-gap elementor-element elementor-element-659e775d e-flex e-con-boxed e-con e-parent\" data-id=\"659e775d\" data-element_type=\"container\">\n\t\t\t\t\t<div class=\"e-con-inner\">\n\t\t\t\t<div class=\"elementor-element elementor-element-59d44479 color-scheme-inherit text-left elementor-widget elementor-widget-text-editor\" data-id=\"59d44479\" data-element_type=\"widget\" data-widget_type=\"text-editor.default\">\n\t\t\t\t\t\t\t\t\t<p>Kryolan HD Blood est con\u00e7u en coop\u00e9ration avec les principaux concepteurs d'effets sp\u00e9ciaux de maquillage. HD Blood est l'imitation parfaite du sang humain pour la cam\u00e9ra haute d\u00e9finition. Le trac\u00e9, l'opacit\u00e9 et les gradients de couleur sont optimis\u00e9s pour les cam\u00e9ras sensibles et donnent un effet de sang tr\u00e8s r\u00e9aliste en observation directe. C'est le choix id\u00e9al pour les petites sc\u00e8nes et les simulations de bless\u00e9s. La vitesse d'\u00e9coulement est l\u00e9g\u00e8rement r\u00e9duite pour une meilleure gestion. HD Blood est lavable sur la plupart des tissus et ne tache pas la peau apr\u00e8s un lavage \u00e0 l'eau chaude et au savon. Ne pas utiliser dans la bouche et ne pas avaler.<\/p><div class=\"color-note col-md-24 col-xs-21 col-xs-offset-outside col-md-offset-2 col-lg-24 col-lg-offset-2\"><p><em>* Les teintes pr\u00e9sent\u00e9es dans le nuancier peuvent ne pas \u00eatre identiques aux teintes originales du produit.<\/em><\/p><p><em><strong>En raison des sp\u00e9cifications du produit, seule la livraison terrestre au Canada est offerte. Les commandes internationales ne seront pas trait\u00e9es et seront annul\u00e9es.<\/strong><\/em><\/p><\/div>\t\t\t\t\t\t\t\t<\/div>\n\t\t\t\t<div class=\"elementor-element elementor-element-9d96a59 elementor-widget elementor-widget-heading\" data-id=\"9d96a59\" data-element_type=\"widget\" data-widget_type=\"heading.default\">\n\t\t\t\t\t<h5 class=\"elementor-heading-title elementor-size-default\">Montant<\/h5>\t\t\t\t<\/div>\n\t\t\t\t<div class=\"elementor-element elementor-element-d7b760a elementor-widget elementor-widget-wd_text_block\" data-id=\"d7b760a\" data-element_type=\"widget\" data-widget_type=\"wd_text_block.default\">\n\t\t\t\t<div class=\"elementor-widget-container\">\n\t\t\t\t\t\t\t<div class=\"wd-text-block reset-last-child text-left\">\n\t\t\t\n\t\t\t<p>15ml<\/p>\n\t\t\t\t\t<\/div>\n\t\t\t\t\t\t<\/div>\n\t\t\t\t<\/div>\n\t\t\t\t<div class=\"elementor-element elementor-element-1134000 elementor-widget elementor-widget-heading\" data-id=\"1134000\" data-element_type=\"widget\" data-widget_type=\"heading.default\">\n\t\t\t\t\t<h5 class=\"elementor-heading-title elementor-size-default\">Pays d'origine<\/h5>\t\t\t\t<\/div>\n\t\t\t\t<div class=\"elementor-element elementor-element-4179174 elementor-widget elementor-widget-wd_text_block\" data-id=\"4179174\" data-element_type=\"widget\" data-widget_type=\"wd_text_block.default\">\n\t\t\t\t<div class=\"elementor-widget-container\">\n\t\t\t\t\t\t\t<div class=\"wd-text-block reset-last-child text-left\">\n\t\t\t\n\t\t\t<p>Allemagne<\/p>\n\t\t\t\t\t<\/div>\n\t\t\t\t\t\t<\/div>\n\t\t\t\t<\/div>\n\t\t\t\t<div class=\"elementor-element elementor-element-21f5e53 elementor-widget elementor-widget-heading\" data-id=\"21f5e53\" data-element_type=\"widget\" data-widget_type=\"heading.default\">\n\t\t\t\t\t<h5 class=\"elementor-heading-title elementor-size-default\">Ingr\u00e9dients<\/h5>\t\t\t\t<\/div>\n\t\t\t\t<div class=\"elementor-element elementor-element-fa5da5a elementor-widget elementor-widget-wd_text_block\" data-id=\"fa5da5a\" data-element_type=\"widget\" data-widget_type=\"wd_text_block.default\">\n\t\t\t\t<div class=\"elementor-widget-container\">\n\t\t\t\t\t\t\t<div class=\"wd-text-block reset-last-child text-left\">\n\t\t\t\n\t\t\t<p>Glyc\u00e9rine, Aqua (eau), PVP, saccharose, ph\u00e9noxy\u00e9thanol, huile de ricin hydrog\u00e9n\u00e9e PEG-40, polym\u00e8re crois\u00e9 d'acrylates\/acrylate d'alkyle en C10-30, m\u00e9thylparab\u00e8ne, gomme xanthane, aminom\u00e9thylpropanol, \u00e9thylparab\u00e8ne, propylparab\u00e8ne<br data-start=\"663\" data-end=\"666\" \/>peut contenir : (+\/-) Rouge 40 (CI 16035), Jaune 5 (CI 19140), Bleu 1 (CI 42090), Jaune 6 (CI 15985)<\/p>\n\t\t\t\t\t<\/div>\n\t\t\t\t\t\t<\/div>\n\t\t\t\t<\/div>\n\t\t\t\t\t<\/div>\n\t\t\t\t<\/div>\n\t\t\t\t<\/div>","protected":false},"excerpt":{"rendered":"<p>Kryolan HD Blood est con\u00e7u en coop\u00e9ration avec les principaux concepteurs d'effets sp\u00e9ciaux de maquillage. HD Blood est l'imitation parfaite du sang humain pour les cam\u00e9ras HD.<\/p>","protected":false},"featured_media":5458,"template":"","meta":[],"product_brand":[664],"product_cat":[651,480,342],"product_tag":[1012,1013,861,1014],"class_list":{"0":"post-5397","1":"product","2":"type-product","3":"status-publish","4":"has-post-thumbnail","6":"product_brand-kryolan","7":"product_cat-all","8":"product_cat-blood","9":"product_cat-sfx","10":"product_tag-blood","11":"product_tag-dark-venous","12":"product_tag-kryolan-hd-blood","13":"product_tag-light-arterial","14":"pa_color_model-dark-venous","15":"pa_color_model-light-arterial","17":"first","18":"instock","19":"sale","20":"taxable","21":"shipping-taxable","22":"purchasable","23":"product-type-variable"},"aioseo_notices":[],"_links":{"self":[{"href":"http:\/\/www.galaxy-i.com\/fr\/wp-json\/wp\/v2\/product\/5397","targetHints":{"allow":["GET"]}}],"collection":[{"href":"http:\/\/www.galaxy-i.com\/fr\/wp-json\/wp\/v2\/product"}],"about":[{"href":"http:\/\/www.galaxy-i.com\/fr\/wp-json\/wp\/v2\/types\/product"}],"version-history":[{"count":1,"href":"http:\/\/www.galaxy-i.com\/fr\/wp-json\/wp\/v2\/product\/5397\/revisions"}],"predecessor-version":[{"id":7376,"href":"http:\/\/www.galaxy-i.com\/fr\/wp-json\/wp\/v2\/product\/5397\/revisions\/7376"}],"wp:featuredmedia":[{"embeddable":true,"href":"http:\/\/www.galaxy-i.com\/fr\/wp-json\/wp\/v2\/media\/5458"}],"wp:attachment":[{"href":"http:\/\/www.galaxy-i.com\/fr\/wp-json\/wp\/v2\/media?parent=5397"}],"wp:term":[{"taxonomy":"product_brand","embeddable":true,"href":"http:\/\/www.galaxy-i.com\/fr\/wp-json\/wp\/v2\/product_brand?post=5397"},{"taxonomy":"product_cat","embeddable":true,"href":"http:\/\/www.galaxy-i.com\/fr\/wp-json\/wp\/v2\/product_cat?post=5397"},{"taxonomy":"product_tag","embeddable":true,"href":"http:\/\/www.galaxy-i.com\/fr\/wp-json\/wp\/v2\/product_tag?post=5397"}],"curies":[{"name":"wp","href":"https:\/\/api.w.org\/{rel}","templated":true}]}}