{"id":5288,"date":"2025-11-13T23:46:25","date_gmt":"2025-11-14T07:46:25","guid":{"rendered":"https:\/\/www.galaxy-i.com\/?post_type=product&#038;p=5288"},"modified":"2026-03-19T23:58:34","modified_gmt":"2026-03-20T06:58:34","slug":"handle-grip-nail-scrub-brush","status":"publish","type":"product","link":"http:\/\/www.galaxy-i.com\/fr\/product\/handle-grip-nail-scrub-brush\/","title":{"rendered":"Brosse \u00e0 ongles \u00e0 manche ergonomique"},"content":{"rendered":"<div data-elementor-type=\"product-post\" data-elementor-id=\"5288\" class=\"elementor elementor-5288\" data-elementor-post-type=\"product\">\n\t\t\t\t<div class=\"wd-negative-gap elementor-element elementor-element-659e775d e-flex e-con-boxed e-con e-parent\" data-id=\"659e775d\" data-element_type=\"container\">\n\t\t\t\t\t<div class=\"e-con-inner\">\n\t\t\t\t<div class=\"elementor-element elementor-element-59d44479 color-scheme-inherit text-left elementor-widget elementor-widget-text-editor\" data-id=\"59d44479\" data-element_type=\"widget\" data-widget_type=\"text-editor.default\">\n\t\t\t\t\t\t\t\t\t<p>Brosse \u00e0 ongles \u00e0 poign\u00e9e - Nettoyage des ongles avec poign\u00e9e facile \u00e0 prendre en main et s<span class=\"HwtZe\" lang=\"en\"><span class=\"jCAhz ChMk0b\"><span class=\"ryNqvb\">ynthetic <\/span><\/span><\/span>brosse en plastique.<\/p>\t\t\t\t\t\t\t\t<\/div>\n\t\t\t\t<div class=\"elementor-element elementor-element-407fc16 elementor-widget elementor-widget-heading\" data-id=\"407fc16\" data-element_type=\"widget\" data-widget_type=\"heading.default\">\n\t\t\t\t\t<h5 class=\"elementor-heading-title elementor-size-default\">Taille<\/h5>\t\t\t\t<\/div>\n\t\t\t\t<div class=\"elementor-element elementor-element-88dcb9a elementor-widget elementor-widget-wd_text_block\" data-id=\"88dcb9a\" data-element_type=\"widget\" data-widget_type=\"wd_text_block.default\">\n\t\t\t\t<div class=\"elementor-widget-container\">\n\t\t\t\t\t\t\t<div class=\"wd-text-block reset-last-child text-left\">\n\t\t\t\n\t\t\t<p>6 cm x 2 cm (manche) \/ 4 cm x 1 cm (brosse)<\/p>\n\t\t\t\t\t<\/div>\n\t\t\t\t\t\t<\/div>\n\t\t\t\t<\/div>\n\t\t\t\t\t<\/div>\n\t\t\t\t<\/div>\n\t\t\t\t<\/div>","protected":false},"excerpt":{"rendered":"<p>Brosse \u00e0 ongles \u00e0 poign\u00e9e - Nettoyage des ongles avec une poign\u00e9e facile \u00e0 saisir et une brosse en plastique synth\u00e9tique.<\/p>","protected":false},"featured_media":5298,"template":"","meta":[],"product_brand":[],"product_cat":[357,651,481,653],"product_tag":[1007,1074],"class_list":{"0":"post-5288","1":"product","2":"type-product","3":"status-publish","4":"has-post-thumbnail","6":"product_cat-accessories","7":"product_cat-all","8":"product_cat-brushes","9":"product_cat-nailcare","10":"product_tag-brush","11":"product_tag-nail-scrub-brush","13":"first","14":"instock","15":"sale","16":"taxable","17":"shipping-taxable","18":"purchasable","19":"product-type-simple"},"aioseo_notices":[],"_links":{"self":[{"href":"http:\/\/www.galaxy-i.com\/fr\/wp-json\/wp\/v2\/product\/5288","targetHints":{"allow":["GET"]}}],"collection":[{"href":"http:\/\/www.galaxy-i.com\/fr\/wp-json\/wp\/v2\/product"}],"about":[{"href":"http:\/\/www.galaxy-i.com\/fr\/wp-json\/wp\/v2\/types\/product"}],"version-history":[{"count":1,"href":"http:\/\/www.galaxy-i.com\/fr\/wp-json\/wp\/v2\/product\/5288\/revisions"}],"predecessor-version":[{"id":7373,"href":"http:\/\/www.galaxy-i.com\/fr\/wp-json\/wp\/v2\/product\/5288\/revisions\/7373"}],"wp:featuredmedia":[{"embeddable":true,"href":"http:\/\/www.galaxy-i.com\/fr\/wp-json\/wp\/v2\/media\/5298"}],"wp:attachment":[{"href":"http:\/\/www.galaxy-i.com\/fr\/wp-json\/wp\/v2\/media?parent=5288"}],"wp:term":[{"taxonomy":"product_brand","embeddable":true,"href":"http:\/\/www.galaxy-i.com\/fr\/wp-json\/wp\/v2\/product_brand?post=5288"},{"taxonomy":"product_cat","embeddable":true,"href":"http:\/\/www.galaxy-i.com\/fr\/wp-json\/wp\/v2\/product_cat?post=5288"},{"taxonomy":"product_tag","embeddable":true,"href":"http:\/\/www.galaxy-i.com\/fr\/wp-json\/wp\/v2\/product_tag?post=5288"}],"curies":[{"name":"wp","href":"https:\/\/api.w.org\/{rel}","templated":true}]}}